{"id":2830,"date":"2019-03-11T13:11:57","date_gmt":"2019-03-11T12:11:57","guid":{"rendered":"http:\/\/agora.xtec.cat\/iesesteveterradas\/?page_id=2830"},"modified":"2026-04-16T08:12:12","modified_gmt":"2026-04-16T06:12:12","slug":"cicles-formatius-de-grau-superior-cfgs","status":"publish","type":"page","link":"https:\/\/agora.xtec.cat\/iesesteveterradas\/secretaria\/preinscripcio\/cicles-formatius-de-grau-superior-cfgs\/","title":{"rendered":"Cicles Formatius de Grau Superior (CFGS)"},"content":{"rendered":"<ul style=\"list-style-type: disc;\">\n<li>Publicaci\u00f3 de vacants (setembre)<\/li>\n<li>Llistat d\u2019alumnat adm\u00e8s a la segona assignaci\u00f3<\/li>\n<li>Llistat d\u2019alumnat adm\u00e8s a la primera assignaci\u00f3<\/li>\n<li>Oferta definitiva CFPS<\/li>\n<li>Llistat amb puntuaci\u00f3 definitiva resoltes les reclamacions<\/li>\n<li>Llistat amb puntuaci\u00f3 provisional<\/li>\n<li>Oferta inicial CFPS<\/li>\n<\/ul>\n<h3><strong>Calendari 2026-2027 <a href=\"https:\/\/agora.xtec.cat\/iesesteveterradas\/wp-content\/uploads\/usu855\/CALENDARI-POST-GS-2026-2027.pdf\" target=\"_blank\" rel=\"noopener\"><img loading=\"lazy\" decoding=\"async\" class=\"size-full wp-image-19444 alignright\" src=\"https:\/\/agora.xtec.cat\/iesesteveterradas\/wp-content\/uploads\/usu855\/S_Calendari_petit-e1776166369494.png\" alt=\"\" width=\"70\" height=\"72\" \/><\/a><br \/>\n<\/strong><\/h3>\n<h4><span style=\"color: #000000;\"><strong>Preinscripci\u00f3<\/strong><\/span><\/h4>\n<ul>\n<li>Difusi\u00f3 de l\u2019oferta inicial:\u00a0<strong> 22 de maig de 2026<\/strong><\/li>\n<li><a href=\"http:\/\/educacio.gencat.cat\/ca\/tramits\/tramits-temes\/9418-FP-grau-superior?category=74447ed8-a82c-11e3-a972-000c29052e2c&amp;moda=1\" target=\"_blank\" rel=\"noopener noreferrer\">Presentaci\u00f3 i\/o modificaci\u00f3 de sol\u00b7licituds<\/a>: <strong>del 26 de maig a l&#8217;1 de juny de 2026<\/strong><\/li>\n<li>Presentaci\u00f3 de documentaci\u00f3: <strong>fins al 2 de juny de 2026<br \/>\n<\/strong><\/li>\n<li>Publicaci\u00f3 llista amb puntuaci\u00f3 provisional: <strong>29 de juny de 2026<\/strong><\/li>\n<li>Presentaci\u00f3 de reclamacions: <strong>del 29 de juny al 2 de juliol de 2026 <\/strong>(utilitzant l&#8217;eina electr\u00f2nica)<strong><br \/>\n<\/strong><\/li>\n<li>Sorteig del n\u00famero de desempat: <strong>6 de juliol de 2026, <\/strong>a les 11 hores<\/li>\n<li>Publicaci\u00f3 llista amb puntuaci\u00f3 definitiva, resoltes les reclamacions: <strong>7 de juliol de 2026<br \/>\n<\/strong><\/li>\n<li>Difusi\u00f3 de l\u2019oferta final: <strong>10 de juliol de 2026<\/strong><\/li>\n<\/ul>\n<table style=\"width: 69.7608%; border-collapse: collapse; border-color: #0f1014; background-color: #dde1f1; border-style: solid; height: 582px;\">\n<tbody>\n<tr style=\"border-color: #181818; background-color: #fac090; border-style: solid;\">\n<td style=\"width: 747.717px; height: 68px;\">\n<h3><strong>PRIMERA FASE D&#8217;ASSIGNACI\u00d3 I MATR\u00cdCULA<br \/>\n<\/strong><\/h3>\n<\/td>\n<td style=\"width: 212.283px; height: 68px;\">\n<h3 style=\"text-align: center;\"><strong>DATES<\/strong><\/h3>\n<\/td>\n<\/tr>\n<tr style=\"border-color: #181814; background-color: #dde1f1; border-style: solid;\">\n<td style=\"width: 747.717px; height: 34px;\">Publicaci\u00f3 llista <strong>primera assignaci\u00f3<\/strong><\/td>\n<td style=\"width: 212.283px; text-align: center; height: 34px;\"><strong>10 de juliol de 2026<\/strong><\/td>\n<\/tr>\n<tr style=\"border-color: #181818; background-color: #dde1f1; border-style: solid;\">\n<td style=\"width: 747.717px; height: 50px;\">Per\u00edode de <strong>confirmaci\u00f3<\/strong> de matr\u00edcula alumnat (online) <sup>1<\/sup><\/td>\n<td style=\"width: 212.283px; text-align: center; height: 50px;\"><strong>del 10 al 14 de juliol de 2026<\/strong><\/td>\n<\/tr>\n<tr style=\"border-color: #181818; background-color: #dde1f1; border-style: solid;\">\n<td style=\"width: 747.717px; height: 50px;\">Per\u00edode de matr\u00edcula <strong>primera assignaci\u00f3<\/strong> amb acceptaci\u00f3 de la pla\u00e7a<\/td>\n<td style=\"width: 212.283px; text-align: center; height: 50px;\"><strong>del 10 al 16 de juliol de 2026<\/strong><\/td>\n<\/tr>\n<tr style=\"border-color: #181818; background-color: #fac090; border-style: solid;\">\n<td style=\"width: 747.717px; height: 68px;\">\n<h3><strong>SEGONA FASE D&#8217;ASSIGNACI\u00d3 I MATR\u00cdCULA<\/strong><\/h3>\n<\/td>\n<td style=\"width: 212.283px; text-align: center; height: 68px;\">\n<h3><strong>DATES<\/strong><\/h3>\n<\/td>\n<\/tr>\n<tr style=\"border-color: #181818; background-color: #dde1f1; border-style: solid;\">\n<td style=\"width: 747.717px; height: 34px;\">Publicaci\u00f3 llista <strong>segona assignaci\u00f3<\/strong><\/td>\n<td style=\"width: 212.283px; text-align: center; height: 34px;\"><strong>24 de juliol de 2026<\/strong><\/td>\n<\/tr>\n<tr style=\"border-color: #181817; background-color: #dde1f1; border-style: solid;\">\n<td style=\"width: 747.717px; height: 38px;\">Per\u00edode de <strong>confirmaci\u00f3<\/strong> de matr\u00edcula alumnat (online) <sup>2<\/sup><\/td>\n<td style=\"width: 212.283px; text-align: center; height: 38px;\"><strong>del 24 al 28 de juliol de 2026<\/strong><\/td>\n<\/tr>\n<tr style=\"border-color: #181818; background-color: #dde1f1; border-style: solid;\">\n<td style=\"width: 747.717px; height: 50px;\">Per\u00edode de matr\u00edcula <strong>segona assignaci\u00f3<\/strong> amb acceptaci\u00f3 de la pla\u00e7a<\/td>\n<td style=\"width: 212.283px; text-align: center; height: 50px;\"><strong>del 24 al 29 de juliol i de l\u20191 al 3 de setembre de 2026<br \/>\n<\/strong><\/td>\n<\/tr>\n<\/tbody>\n<\/table>\n<ul>\n<li><sup>1<\/sup> Les persones que hagin obtingut una pla\u00e7a coincident amb la primera petici\u00f3 de la seva sol\u00b7licitud podran <strong>Acceptar<\/strong> (amb el comprom\u00eds de matricular-se al centre)\u00a0 o <strong>Renunciar<\/strong> (implica quedar excl\u00f2s\/a del proc\u00e9s de preinscripci\u00f3). Les persones que han obtingut una pla\u00e7a diferent a la primera petici\u00f3, podran <strong>Acceptar<\/strong> o <strong>Renunciar<\/strong> a la pla\u00e7a, o <strong>b\u00e9 indicar que volen participar al segon proc\u00e9s<\/strong> d\u2019assignaci\u00f3 de places per tal de millorar la seva assignaci\u00f3 (garanteix la pla\u00e7a assignada en aquesta primera fase d\u2019assignaci\u00f3).<\/li>\n<li><sup>2<\/sup> \u00c9s podr\u00e0\u00a0<strong>Acceptar<\/strong> (amb el comprom\u00eds de matricular-se al centre) o <strong>Renunciar<\/strong> (implica quedar excl\u00f2s\/a del proc\u00e9s de preinscripci\u00f3).<\/li>\n<\/ul>\n<h3><strong>Documentaci\u00f3<\/strong><\/h3>\n<ul>\n<li>Documentaci\u00f3 preinscripci\u00f3 CFGS: La documentaci\u00f3 que calgui presentar s\u2019ha d\u2019adjuntar, escanejada o fotografiada, en la sol\u00b7licitud de preinscripci\u00f3.<\/li>\n<li>Documentaci\u00f3 matr\u00edcula CFGS:\u00a0 Si has estat adm\u00e8s\/a rebr\u00e0s un email del centre amb totes les instruccions per realitzar la matr\u00edcula.<\/li>\n<li><a href=\"https:\/\/preinscripcio.gencat.cat\/ca\/estudis\/fp-grau-superior\/informat\/consulta-notes-tall\/index.html\" target=\"_blank\" rel=\"noopener\">Consulta nota de tall curs passat<\/a><\/li>\n<\/ul>\n<h3><strong>Oferta Cicles formatius de Grau Superior<\/strong><\/h3>\n<p><img loading=\"lazy\" decoding=\"async\" class=\"size-full wp-image-17443 alignnone\" src=\"https:\/\/agora.xtec.cat\/iesesteveterradas\/wp-content\/uploads\/usu855\/Oferta_CFPS.png\" alt=\"\" width=\"770\" height=\"415\" srcset=\"https:\/\/agora.xtec.cat\/iesesteveterradas\/wp-content\/uploads\/usu855\/Oferta_CFPS.png 770w, https:\/\/agora.xtec.cat\/iesesteveterradas\/wp-content\/uploads\/usu855\/Oferta_CFPS-300x162.png 300w, https:\/\/agora.xtec.cat\/iesesteveterradas\/wp-content\/uploads\/usu855\/Oferta_CFPS-768x414.png 768w\" sizes=\"auto, (max-width: 770px) 100vw, 770px\" \/><\/p>\n<p>&nbsp;<\/p>\n<h3><strong>Com fer la preinscripci\u00f3?<\/strong><\/h3>\n<ul>\n<li style=\"list-style-type: none;\">\n<ul>\n<li style=\"list-style-type: none;\">\n<ul>\n<li>La preinscripci\u00f3 s\u2019ha de fer per Internet a l\u2019adre\u00e7a: <a href=\"https:\/\/preinscripcio.gencat.cat\/ca\/estudis\/fp-grau-superior\/inici\/\" target=\"_blank\" rel=\"noopener noreferrer\"><strong><em>www.preinscripcio.gencat.cat<\/em><\/strong><\/a><\/li>\n<li>El <strong>codi<\/strong> del nostre Institut \u00e9s: <strong>08016781<\/strong><\/li>\n<\/ul>\n<\/li>\n<\/ul>\n<\/li>\n<\/ul>\n<p><strong>Com es tramita la sol\u00b7licitud?<\/strong><\/p>\n<p>La sol\u00b7licitud de preinscripci\u00f3 es pot presentar de dues maneres:<\/p>\n<ul>\n<li style=\"list-style-type: none;\">\n<ul>\n<li style=\"list-style-type: none;\">\n<ul>\n<li>Sol\u00b7licitud electr\u00f2nica<\/li>\n<li>Sol\u00b7licitud amb suport inform\u00e0tic<\/li>\n<\/ul>\n<\/li>\n<\/ul>\n<\/li>\n<\/ul>\n<p><strong>Qui pot fer una sol\u00b7licitud electr\u00f2nica?<\/strong><\/p>\n<ul>\n<li style=\"list-style-type: none;\">\n<ul>\n<li style=\"list-style-type: none;\">\n<ul>\n<li>Alumnat amb identificaci\u00f3 electr\u00f2nica (<strong>l\u2019idCAT M\u00f2bil<\/strong>, DNI electr\u00f2nic o altres certificats digitals).<\/li>\n<\/ul>\n<\/li>\n<\/ul>\n<\/li>\n<\/ul>\n<p><strong>Qui pot fer una sol\u00b7licitud amb suport inform\u00e0tic?<\/strong><\/p>\n<ul>\n<li style=\"list-style-type: none;\">\n<ul>\n<li style=\"list-style-type: none;\">\n<ul>\n<li>Alumnat sense cap sistema d&#8217;identificaci\u00f3 electr\u00f2nica.<\/li>\n<\/ul>\n<\/li>\n<\/ul>\n<\/li>\n<\/ul>\n<p><em>\u00a0<\/em><\/p>\n<p><em>M\u00e9s informaci\u00f3 i inscripci\u00f3 a la web del <a href=\"https:\/\/preinscripcio.gencat.cat\/ca\/estudis\/fp-grau-superior\/inici\/\" target=\"_blank\" rel=\"noopener noreferrer\">Departament d&#8217;Educaci\u00f3 i Formaci\u00f3 Professional<\/a><\/em><\/p>\n","protected":false},"excerpt":{"rendered":"<ul style=\"list-style-type: disc;\">\n<li>Publicaci\u00f3 de vacants (setembre)<\/li>\n<li>Llistat d\u2019alumnat adm\u00e8s a la segona assignaci\u00f3<\/li>\n<li>Llistat d\u2019alumnat adm\u00e8s a la primera assignaci\u00f3<\/li>\n<li>Oferta definitiva CFPS<\/li>\n<li>Llistat amb puntuaci\u00f3 definitiva resoltes les reclamacions<\/li>\n<li>Llistat amb puntuaci\u00f3 provisional<\/li>\n<li>Oferta inicial CFPS<\/li>\n<\/ul>\n<p>Calendari 2026-2027 <a href=\"https:\/\/agora.xtec.cat\/iesesteveterradas\/wp-content\/uploads\/usu855\/CALENDARI-POST-GS-2026-2027.pdf\" target=\"_blank\" rel=\"noopener\"><\/a><\/p>\n<p>Preinscripci\u00f3<\/p>\n<ul>\n<li>Difusi\u00f3 de l\u2019oferta inicial:\u00a0 22 de maig de 2026<\/li>\n<li><a href=\"http:\/\/educacio.gencat.cat\/ca\/tramits\/tramits-temes\/9418-FP-grau-superior?category=74447ed8-a82c-11e3-a972-000c29052e2c&amp;moda=1\"&hellip;  <a href=\"https:\/\/agora.xtec.cat\/iesesteveterradas\/secretaria\/preinscripcio\/cicles-formatius-de-grau-superior-cfgs\/\" title=\"Read Cicles Formatius de Grau Superior (CFGS)\">Llegeix m\u00e9s\u00bb<\/a><br \/>\n","protected":false},"author":6,"featured_media":0,"parent":552,"menu_order":424,"comment_status":"closed","ping_status":"closed","template":"page-templates\/side-menu.php","meta":{"_bbp_topic_count":0,"_bbp_reply_count":0,"_bbp_total_topic_count":0,"_bbp_total_reply_count":0,"_bbp_voice_count":0,"_bbp_anonymous_reply_count":0,"_bbp_topic_count_hidden":0,"_bbp_reply_count_hidden":0,"_bbp_forum_subforum_count":0,"footnotes":""},"class_list":["post-2830","page","type-page","status-publish","hentry"],"post_mailing_queue_ids":[],"_links":{"self":[{"href":"https:\/\/agora.xtec.cat\/iesesteveterradas\/wp-json\/wp\/v2\/pages\/2830","targetHints":{"allow":["GET"]}}],"collection":[{"href":"https:\/\/agora.xtec.cat\/iesesteveterradas\/wp-json\/wp\/v2\/pages"}],"about":[{"href":"https:\/\/agora.xtec.cat\/iesesteveterradas\/wp-json\/wp\/v2\/types\/page"}],"author":[{"embeddable":true,"href":"https:\/\/agora.xtec.cat\/iesesteveterradas\/wp-json\/wp\/v2\/users\/6"}],"replies":[{"embeddable":true,"href":"https:\/\/agora.xtec.cat\/iesesteveterradas\/wp-json\/wp\/v2\/comments?post=2830"}],"version-history":[{"count":8,"href":"https:\/\/agora.xtec.cat\/iesesteveterradas\/wp-json\/wp\/v2\/pages\/2830\/revisions"}],"predecessor-version":[{"id":19487,"href":"https:\/\/agora.xtec.cat\/iesesteveterradas\/wp-json\/wp\/v2\/pages\/2830\/revisions\/19487"}],"up":[{"embeddable":true,"href":"https:\/\/agora.xtec.cat\/iesesteveterradas\/wp-json\/wp\/v2\/pages\/552"}],"wp:attachment":[{"href":"https:\/\/agora.xtec.cat\/iesesteveterradas\/wp-json\/wp\/v2\/media?parent=2830"}],"curies":[{"name":"wp","href":"https:\/\/api.w.org\/{rel}","templated":true}]}}