{"id":2790,"date":"2019-03-09T00:09:36","date_gmt":"2019-03-08T23:09:36","guid":{"rendered":"http:\/\/agora.xtec.cat\/iesesteveterradas\/?page_id=2790"},"modified":"2025-10-02T08:36:28","modified_gmt":"2025-10-02T06:36:28","slug":"convalidacions","status":"publish","type":"page","link":"https:\/\/agora.xtec.cat\/iesesteveterradas\/secretaria\/convalidacions\/","title":{"rendered":"Convalidacions"},"content":{"rendered":"<ul>\n<li>Totes les convalidacions s&#8217;han de sol\u00b7licitar de l&#8217;1 al 31 d&#8217;octubre (el\/la tutor\/a us informar\u00e0).<\/li>\n<li>Hi ha dos tipus de convalidacions, les directes que resolt el centre i les singulars que resolt el Departament d&#8217;Educaci\u00f3 i Formaci\u00f3 Professional.<\/li>\n<li>Fer una sol\u00b7licitud per a cada tipus de convalidaci\u00f3 (<em><strong>directa<\/strong> o <strong>singular<\/strong><\/em>)<\/li>\n<li>S&#8217;ha de lliurar la sol\u00b7licitud i adjuntar la documentaci\u00f3 seg\u00fcent:<\/li>\n<\/ul>\n<p><img loading=\"lazy\" decoding=\"async\" class=\"size-full wp-image-14378 alignnone\" src=\"https:\/\/agora.xtec.cat\/iesesteveterradas\/wp-content\/uploads\/usu855\/S_Documentacio_CONVALIDACIONS.png\" alt=\"\" width=\"565\" height=\"364\" srcset=\"https:\/\/agora.xtec.cat\/iesesteveterradas\/wp-content\/uploads\/usu855\/S_Documentacio_CONVALIDACIONS.png 565w, https:\/\/agora.xtec.cat\/iesesteveterradas\/wp-content\/uploads\/usu855\/S_Documentacio_CONVALIDACIONS-300x193.png 300w\" sizes=\"auto, (max-width: 565px) 100vw, 565px\" \/><\/p>\n<ul>\n<li style=\"text-align: justify;\">Un cop resolta la convalidaci\u00f3 el\/la tutor\/a lliurar\u00e0 a l\u2019alumne\/a la resoluci\u00f3 que certifica que la convalidaci\u00f3 ha estat atorgada.<\/li>\n<li>L\u2019alumnat ha d\u2019informar d&#8217;aquesta convalidaci\u00f3 al professorat del m\u00f2dul\/UF\/cr\u00e8dit.<\/li>\n<li>Es pot renunciar a la convalidaci\u00f3 <strong>sempre i quan aquesta no s&#8217;hagi incl\u00f2s en cap acta d&#8217;avaluaci\u00f3<\/strong> i cal fer-ho per escrit a la secretaria,<\/li>\n<\/ul>\n<p>&nbsp;<\/p>\n<ul>\n<li><span style=\"color: #000000;\"><a href=\"https:\/\/agora.xtec.cat\/iesesteveterradas\/wp-content\/uploads\/usu855\/S_SOL_convalidacio-directa_nou-pla.pdf\" target=\"_blank\" rel=\"noopener\"><em><strong>Sol\u00b7licitud convalidaci\u00f3 directa<\/strong><\/em><\/a><em><br \/>\n<\/em><\/span><\/li>\n<li><span style=\"color: #000000;\"><a href=\"https:\/\/agora.xtec.cat\/iesesteveterradas\/wp-content\/uploads\/usu855\/S_SOL_convalidacio-singular_nou-pla.pdf\" target=\"_blank\" rel=\"noopener\"><em><strong>Sol\u00b7licitud convalidaci\u00f3 singular<\/strong><\/em><\/a><\/span><\/li>\n<\/ul>\n<p>&nbsp;<\/p>\n<p><span style=\"color: #000000;\">A continuaci\u00f3 detallem les convalidacions m\u00e9s freq\u00fcents, per altres convalidacions entre cicles consulteu a la Secretaria del centre.<\/span><\/p>\n<ul>\n<li><span style=\"color: #000000;\"><a href=\"https:\/\/agora.xtec.cat\/iesesteveterradas\/wp-content\/uploads\/usu855\/S_CONV_LOE-nou-pla_web.pdf\" target=\"_blank\" rel=\"noopener\"><strong>Convalidacions freq\u00fcents NOU Pla d&#8217;estudis LOE<\/strong><\/a><br \/>\n<\/span><\/li>\n<\/ul>\n<p>&nbsp;<\/p>\n","protected":false},"excerpt":{"rendered":"<ul>\n<li>Totes les convalidacions s&#8217;han de sol\u00b7licitar de l&#8217;1 al 31 d&#8217;octubre (el\/la tutor\/a us informar\u00e0).<\/li>\n<li>Hi ha dos tipus de convalidacions, les directes que resolt el centre i les singulars que resolt el Departament d&#8217;Educaci\u00f3 i Formaci\u00f3 Professional.<\/li>\n<li>Fer una sol\u00b7licitud per a cada tipus de convalidaci\u00f3&hellip;  <a href=\"https:\/\/agora.xtec.cat\/iesesteveterradas\/secretaria\/convalidacions\/\" title=\"Read Convalidacions\">Llegeix m\u00e9s\u00bb<\/a><br \/>\n","protected":false},"author":6,"featured_media":0,"parent":81,"menu_order":440,"comment_status":"closed","ping_status":"closed","template":"page-templates\/side-menu.php","meta":{"_bbp_topic_count":0,"_bbp_reply_count":0,"_bbp_total_topic_count":0,"_bbp_total_reply_count":0,"_bbp_voice_count":0,"_bbp_anonymous_reply_count":0,"_bbp_topic_count_hidden":0,"_bbp_reply_count_hidden":0,"_bbp_forum_subforum_count":0,"footnotes":""},"class_list":["post-2790","page","type-page","status-publish","hentry"],"post_mailing_queue_ids":[],"_links":{"self":[{"href":"https:\/\/agora.xtec.cat\/iesesteveterradas\/wp-json\/wp\/v2\/pages\/2790","targetHints":{"allow":["GET"]}}],"collection":[{"href":"https:\/\/agora.xtec.cat\/iesesteveterradas\/wp-json\/wp\/v2\/pages"}],"about":[{"href":"https:\/\/agora.xtec.cat\/iesesteveterradas\/wp-json\/wp\/v2\/types\/page"}],"author":[{"embeddable":true,"href":"https:\/\/agora.xtec.cat\/iesesteveterradas\/wp-json\/wp\/v2\/users\/6"}],"replies":[{"embeddable":true,"href":"https:\/\/agora.xtec.cat\/iesesteveterradas\/wp-json\/wp\/v2\/comments?post=2790"}],"version-history":[{"count":7,"href":"https:\/\/agora.xtec.cat\/iesesteveterradas\/wp-json\/wp\/v2\/pages\/2790\/revisions"}],"predecessor-version":[{"id":18469,"href":"https:\/\/agora.xtec.cat\/iesesteveterradas\/wp-json\/wp\/v2\/pages\/2790\/revisions\/18469"}],"up":[{"embeddable":true,"href":"https:\/\/agora.xtec.cat\/iesesteveterradas\/wp-json\/wp\/v2\/pages\/81"}],"wp:attachment":[{"href":"https:\/\/agora.xtec.cat\/iesesteveterradas\/wp-json\/wp\/v2\/media?parent=2790"}],"curies":[{"name":"wp","href":"https:\/\/api.w.org\/{rel}","templated":true}]}}