{"id":2782,"date":"2019-03-08T21:44:06","date_gmt":"2019-03-08T20:44:06","guid":{"rendered":"http:\/\/agora.xtec.cat\/iesesteveterradas\/?page_id=2782"},"modified":"2026-04-14T13:42:57","modified_gmt":"2026-04-14T11:42:57","slug":"proves-dacces","status":"publish","type":"page","link":"https:\/\/agora.xtec.cat\/iesesteveterradas\/secretaria\/proves-dacces\/","title":{"rendered":"Proves d&#8217;acc\u00e9s als cicles formatius"},"content":{"rendered":"<p>Al nostre centre nom\u00e9s es fan les <strong>Proves d&#8217;acc\u00e9s a grau superior<\/strong>.<\/p>\n<h3><strong>Proves d&#8217;acc\u00e9s a grau mitj\u00e0<\/strong><\/h3>\n<p style=\"text-align: justify;\">El Departament d&#8217;Educaci\u00f3 convoca la prova d&#8217;acc\u00e9s a cicles formatius de grau mitj\u00e0 per a les persones que no tenen el t\u00edtol de graduat en educaci\u00f3 secund\u00e0ria obligat\u00f2ria (o un altre d&#8217;equivalent a efectes d&#8217;acc\u00e9s a aquests ensenyaments).<\/p>\n<p><em><strong>Inscripci\u00f3: del 17 al 30 de mar\u00e7 de 2026<br \/>\n<\/strong><\/em><\/p>\n<p><em>M\u00e9s informaci\u00f3 i tr\u00e0mit a la web del <a href=\"https:\/\/triaeducativa.gencat.cat\/ca\/proves\/proves-acces\/fp\/fp-gm\/\" target=\"_blank\" rel=\"noopener\">Departament d&#8217;Educaci\u00f3 i Formaci\u00f3 Professional<\/a><\/em><\/p>\n<h3><strong>Proves d&#8217;acc\u00e9s a grau superior<\/strong><\/h3>\n<p style=\"text-align: justify;\">El Departament d&#8217;Educaci\u00f3 convoca la prova d&#8217;acc\u00e9s a cicles formatius de grau superior per a les persones que hi volen accedir per\u00f2 no tenen el t\u00edtol de t\u00e8cnic o el t\u00edtol de batxillerat (o equivalent a efectes d&#8217;acc\u00e9s).<\/p>\n<p><em><strong>Inscripci\u00f3: <a href=\"https:\/\/tramits.gencat.cat\/ca\/tramits\/tramits-temes\/prova-formacio-professional-gs\" target=\"_blank\" rel=\"noopener\">del 17 al 30 de mar\u00e7 de 2026<\/a><\/strong><\/em><\/p>\n<h4><span style=\"color: #000000;\"><strong>Calendari convocat\u00f2ria 2026\u00a0 <a href=\"https:\/\/agora.xtec.cat\/iesesteveterradas\/wp-content\/uploads\/usu855\/CALENDARI-PA-GS-2026.pdf\" target=\"_blank\" rel=\"noopener\"><img loading=\"lazy\" decoding=\"async\" class=\"size-full wp-image-19444 alignright\" src=\"https:\/\/agora.xtec.cat\/iesesteveterradas\/wp-content\/uploads\/usu855\/S_Calendari_petit-e1776166369494.png\" alt=\"\" width=\"70\" height=\"72\" \/><\/a><br \/>\n<\/strong><\/span><\/h4>\n<table style=\"height: 532px; width: 52.3442%; border-style: double; border-color: #000000;\">\n<tbody>\n<tr style=\"height: 49px; background-color: #dde1f1; border-color: #000000;\">\n<td style=\"width: 64.1994%; height: 49px;\"><a href=\"https:\/\/aplicacions.gestioeducativa.gencat.cat\/pls\/apex\/f?p=2012015:1:::::G_TRAMIT,G_AGRUPACIO:CGS,CFPS\" target=\"_blank\" rel=\"noopener noreferrer\"><strong>INSCRIPCI\u00d3 A LES PROVES<\/strong><\/a> nom\u00e9s per INTERNET a la web del Departament d&#8217;Educaci\u00f3<\/td>\n<td style=\"width: 43.5364%; height: 49px; text-align: center;\">17 al 30 de mar\u00e7<\/td>\n<\/tr>\n<tr style=\"height: 37px;\">\n<td style=\"width: 64.1994%; height: 37px;\">Data l\u00edmit del pagament de la taxa<\/td>\n<td style=\"width: 43.5364%; text-align: center; height: 37px;\">fins al 31 de mar\u00e7 (22h)<\/td>\n<\/tr>\n<tr style=\"border-color: #000000; background-color: #dde1f1;\">\n<td style=\"width: 64.1994%; height: 49px;\"><a href=\"https:\/\/triaeducativa.gencat.cat\/ca\/proves\/proves-acces\/fp\/fp-gs\/admesos-exclosos\/\" target=\"_blank\" rel=\"noopener noreferrer\"><strong>Llista provisional de persones admeses i excloses i exempcions<\/strong><\/a><\/td>\n<td style=\"width: 43.5364%; height: 49px; text-align: center;\">23 d&#8217;abril<\/td>\n<\/tr>\n<tr style=\"height: 33px;\">\n<td style=\"width: 64.1994%; height: 33px;\">Reclamacions a la llista provisional d&#8217;admissi\u00f3 i exclusi\u00f3<\/td>\n<td style=\"width: 43.5364%; height: 33px; text-align: center;\">24 d&#8217;abril al 8 de maig<\/td>\n<\/tr>\n<tr style=\"height: 33px; border-color: #000000; background-color: #dde1f1;\">\n<td style=\"width: 64.1994%; height: 10px;\">PRESENTACI\u00d3 DE DOCUMENTACI\u00d3<\/td>\n<td style=\"width: 43.5364%; text-align: center; height: 10px;\">24 d&#8217;abril al 8 de maig<\/td>\n<\/tr>\n<tr style=\"height: 33px;\">\n<td style=\"width: 64.1994%; height: 33px;\">Publicaci\u00f3 llistes definitives<\/td>\n<td style=\"width: 43.5364%; height: 33px; text-align: center;\">15 de maig<\/td>\n<\/tr>\n<tr style=\"height: 33px; border-color: #000000; background-color: #dde1f1;\">\n<td style=\"width: 64.1994%; height: 33px;\">REALITZACI\u00d3 de la <strong>PART COMUNA<\/strong> DE LA PROVA<\/td>\n<td style=\"width: 43.5364%; height: 33px; text-align: center;\">20 de maig &#8211; 16:00 hores <strong>Presentaci\u00f3 al centre 15:30 hores<\/strong><\/td>\n<\/tr>\n<tr style=\"height: 33px;\">\n<td style=\"width: 64.1994%; height: 33px;\">REALITZACI\u00d3 de la <strong>PART ESPEC\u00cdFICA<\/strong> DE LA PROVA<\/td>\n<td style=\"width: 43.5364%; height: 33px; text-align: center;\">21 de maig &#8211; 16:00 hores <strong>Presentaci\u00f3 al centre 15:30 hores<\/strong><\/td>\n<\/tr>\n<tr style=\"height: 33px; border-color: #000000; background-color: #dde1f1;\">\n<td style=\"width: 64.1994%; height: 33px;\">Sol\u00b7licitud d&#8217;admissi\u00f3 convocat\u00f2ria d&#8217;incid\u00e8ncies<\/td>\n<td style=\"width: 43.5364%; height: 33px; text-align: center;\">fins al 22 de maig (12h)<\/td>\n<\/tr>\n<tr style=\"height: 33px;\">\n<td style=\"width: 64.1994%; height: 10px; text-align: left;\">Convocat\u00f2ria d&#8217;incid\u00e8ncies <strong>PART COMUNA<\/strong><\/p>\n<p>Convocat\u00f2ria d&#8217;incid\u00e8ncies <strong>PART ESPEC\u00cdFICA<\/strong><\/td>\n<td style=\"width: 43.5364%; height: 10px; text-align: center;\">28 de maig<\/td>\n<\/tr>\n<tr style=\"height: 33px; border-color: #000000; background-color: #dde1f1;\">\n<td style=\"width: 64.1994%; height: 33px;\"><a href=\"https:\/\/triaeducativa.gencat.cat\/ca\/proves\/proves-acces\/fp\/fp-gs\/qualificacions\/\" target=\"_blank\" rel=\"noopener noreferrer\"><strong>PUBLICACI\u00d3 DE QUALIFICACIONS PROVISIONALS<\/strong><\/a><\/td>\n<td style=\"width: 43.5364%; height: 33px; text-align: center;\">10 de juny<\/td>\n<\/tr>\n<tr style=\"height: 33px;\">\n<td style=\"width: 64.1994%; height: 33px;\">RECLAMACIONS QUALIFICACIONS<\/td>\n<td style=\"width: 43.5364%; text-align: center; height: 33px;\">11 al 15 de juny<\/td>\n<\/tr>\n<tr style=\"height: 49px; border-color: #000000; background-color: #dde1f1;\">\n<td style=\"width: 64.1994%; height: 49px;\">PUBLICACI\u00d3 <a href=\"https:\/\/triaeducativa.gencat.cat\/ca\/proves\/proves-acces\/fp\/fp-gs\/qualificacions\/\" target=\"_blank\" rel=\"noopener noreferrer\"><strong>QUALIFICACIONS DEFINITIVES<\/strong><\/a><\/td>\n<td style=\"width: 43.5364%; text-align: center; height: 49px;\">18 de juny<\/td>\n<\/tr>\n<tr style=\"height: 49px;\">\n<td style=\"width: 64.1994%; height: 49px;\">LLIURAMENT DE CERTIFICATS (prova completa)<\/td>\n<td style=\"width: 43.5364%; text-align: center; height: 49px;\">19 de juny<\/td>\n<\/tr>\n<tr style=\"height: 48px;\">\n<td style=\"width: 64.1994%; height: 48px; background-color: #dde1f1;\">LLIURAMENT DE CERTIFICATS (aprovats de la part comuna o b\u00e9 de la part espec\u00edfica)<\/td>\n<td style=\"width: 43.5364%; height: 48px; background-color: #dde1f1; text-align: center;\">1 de juliol<\/td>\n<\/tr>\n<\/tbody>\n<\/table>\n<p>&nbsp;<\/p>\n<p><em>M\u00e9s informaci\u00f3 i tr\u00e0mit a la web del <a href=\"https:\/\/triaeducativa.gencat.cat\/ca\/proves\/proves-acces\/fp\/fp-gs\/\" target=\"_blank\" rel=\"noopener noreferrer\">Departament d&#8217;Educaci\u00f3 i Formaci\u00f3 Professional<\/a><\/em><\/p>\n","protected":false},"excerpt":{"rendered":"<p>Al nostre centre nom\u00e9s es fan les Proves d&#8217;acc\u00e9s a grau superior.<br \/>\nProves d&#8217;acc\u00e9s a grau mitj\u00e0<br \/>\nEl Departament d&#8217;Educaci\u00f3 convoca la prova d&#8217;acc\u00e9s a cicles formatius de grau mitj\u00e0 per a les persones que no tenen el t\u00edtol de graduat en educaci\u00f3 secund\u00e0ria obligat\u00f2ria (o un&hellip;  <a href=\"https:\/\/agora.xtec.cat\/iesesteveterradas\/secretaria\/proves-dacces\/\" title=\"Read Proves d&#8217;acc\u00e9s als cicles formatius\">Llegeix m\u00e9s\u00bb<\/a><\/p>\n","protected":false},"author":6,"featured_media":0,"parent":81,"menu_order":450,"comment_status":"closed","ping_status":"closed","template":"page-templates\/side-menu.php","meta":{"_bbp_topic_count":0,"_bbp_reply_count":0,"_bbp_total_topic_count":0,"_bbp_total_reply_count":0,"_bbp_voice_count":0,"_bbp_anonymous_reply_count":0,"_bbp_topic_count_hidden":0,"_bbp_reply_count_hidden":0,"_bbp_forum_subforum_count":0,"footnotes":""},"class_list":["post-2782","page","type-page","status-publish","hentry"],"post_mailing_queue_ids":[],"_links":{"self":[{"href":"https:\/\/agora.xtec.cat\/iesesteveterradas\/wp-json\/wp\/v2\/pages\/2782","targetHints":{"allow":["GET"]}}],"collection":[{"href":"https:\/\/agora.xtec.cat\/iesesteveterradas\/wp-json\/wp\/v2\/pages"}],"about":[{"href":"https:\/\/agora.xtec.cat\/iesesteveterradas\/wp-json\/wp\/v2\/types\/page"}],"author":[{"embeddable":true,"href":"https:\/\/agora.xtec.cat\/iesesteveterradas\/wp-json\/wp\/v2\/users\/6"}],"replies":[{"embeddable":true,"href":"https:\/\/agora.xtec.cat\/iesesteveterradas\/wp-json\/wp\/v2\/comments?post=2782"}],"version-history":[{"count":6,"href":"https:\/\/agora.xtec.cat\/iesesteveterradas\/wp-json\/wp\/v2\/pages\/2782\/revisions"}],"predecessor-version":[{"id":19468,"href":"https:\/\/agora.xtec.cat\/iesesteveterradas\/wp-json\/wp\/v2\/pages\/2782\/revisions\/19468"}],"up":[{"embeddable":true,"href":"https:\/\/agora.xtec.cat\/iesesteveterradas\/wp-json\/wp\/v2\/pages\/81"}],"wp:attachment":[{"href":"https:\/\/agora.xtec.cat\/iesesteveterradas\/wp-json\/wp\/v2\/media?parent=2782"}],"curies":[{"name":"wp","href":"https:\/\/api.w.org\/{rel}","templated":true}]}}