{"id":2772,"date":"2019-03-08T20:38:41","date_gmt":"2019-03-08T19:38:41","guid":{"rendered":"http:\/\/agora.xtec.cat\/iesesteveterradas\/?page_id=2772"},"modified":"2025-05-15T13:05:33","modified_gmt":"2025-05-15T11:05:33","slug":"tramits","status":"publish","type":"page","link":"https:\/\/agora.xtec.cat\/iesesteveterradas\/secretaria\/tramits\/","title":{"rendered":"Sol\u00b7licitud de certificats"},"content":{"rendered":"<h3><strong>Certificats<\/strong><\/h3>\n<ul>\n<li style=\"text-align: justify;\">Podeu sol\u00b7licitar un certificat accedint al <em>formulari (hi ha una incid\u00e8ncia al formulari que s&#8217;est\u00e0 revisant, per sol\u00b7licitar un certificat has d&#8217;enviar una correu a8016781@xtec.cat\u00a0 indicant nom, cognoms, DNI i tipus de certificat que necessites).<\/em><\/li>\n<li style=\"text-align: justify;\">El centre us avisar\u00e0 al vostre email quan podeu recollir el certificat a la Secretaria, presentant el DNI\/NIE\/Passaport acreditat en la sol\u00b7licitud.<\/li>\n<li style=\"text-align: justify;\">Si no podeu venir personalment, heu d\u2019omplir una <a href=\"https:\/\/agora.xtec.cat\/iesesteveterradas\/wp-content\/uploads\/usu855\/S_AUTORITZACIO_documentacio_F.pdf\" target=\"_blank\" rel=\"noopener\"><em>autoritzaci\u00f3<\/em><\/a>, signar-la i adjuntar fotoc\u00f2pia del vostre DNI\/NIE\/Passaport.\u00a0 La persona autoritzada ha de presentar el seu document d&#8217;identitat.<\/li>\n<\/ul>\n<h3 style=\"text-align: justify;\"><strong>Certificat nivell de catal\u00e0<br \/>\n<\/strong><\/h3>\n<ul>\n<li style=\"text-align: justify;\">Els centres p\u00fablics d\u2019Educaci\u00f3 Secund\u00e0ria de Catalunya poden expedir certificats d\u2019equival\u00e8ncia del nivell de Catal\u00e0 a l\u2019alumnat que ho sol\u00b7liciti i acompleixi les condicions establertes per la normativa <a class=\"FW_titBullet2 FW_sLinkVermellNegreta\" href=\"http:\/\/dogc.gencat.cat\/ca\/pdogc_canals_interns\/pdogc_resultats_fitxa\/?action=fitxa&amp;documentId=519344\" target=\"_blank\" rel=\"noopener\">(ORDRE VCP\/233\/2010, de 12 d&#8217;abril, de modificaci\u00f3 de l&#8217;Ordre VCP\/491\/2009, de 12 de novembre, per la qual es refonen i s&#8217;actualitzen els t\u00edtols, diplomes i certificats equivalents als certificats de coneixements de catal\u00e0 de la Secretaria de Pol\u00edtica Ling\u00fc\u00edstica (DOGC n\u00fam. 5511, de 23.11.2009). <span class=\"dogc-color\">(DOGC\u00a0 n\u00fam.\u00a0 5610 \u00a0publicat el \u00a019\/04\/2010)<\/span><\/a><\/li>\n<li>Ho poden demanar les persones nascudes a partir de l&#8217;any 1972 que volen obtenir aquest reconeixement i l&#8217;itinerari educatiu de les quals s&#8217;hagi portat a terme \u00edntegrament a Catalunya o, parcialment, a d&#8217;altres territoris on el catal\u00e0 hi fos llengua curricular i avaluable, de manera <strong>que\u00a0s&#8217;hagi acabat obtenint la titulaci\u00f3 al sistema educatiu de Catalunya<\/strong>. Aix\u00ed doncs, la primera promoci\u00f3 escolar que t\u00e9 dret a demanar aquest reconeixement \u00e9s la que va comen\u00e7ar el primer any de l&#8217;educaci\u00f3 general b\u00e0sica (EGB) el curs 1978-1979, a partir del qual l&#8217;ensenyament del catal\u00e0 va ser oficial al sistema educatiu de Catalunya, tal com s&#8217;estableix al <a title=\"Reial Decret 2092\/1978, de 23 de juny\" href=\"https:\/\/www.boe.es\/buscar\/doc.php?id=BOE-A-1978-22729\" target=\"_blank\" rel=\"noopener\">Reial decret 2092\/1978, de 23 de juny<\/a>.<\/li>\n<li style=\"text-align: justify;\">La persona interessada ha d\u2019emplenar\u00a0la <a href=\"https:\/\/agora.xtec.cat\/iesesteveterradas\/wp-content\/uploads\/usu855\/Sol\u00b7licitud-equival\u00e8ncia-nivell-B2-C1.pdf\"><em>sol\u00b7licitud<\/em><\/a> i portar-la a la Secretaria amb la seg\u00fcent documentaci\u00f3 per comprovar el compliment dels requisits:<\/li>\n<\/ul>\n<p><img loading=\"lazy\" decoding=\"async\" class=\"alignleft wp-image-11283 size-full\" src=\"https:\/\/agora.xtec.cat\/iesesteveterradas\/wp-content\/uploads\/usu855\/S_Taula-catala-B-1.jpg\" alt=\"\" width=\"768\" height=\"347\" srcset=\"https:\/\/agora.xtec.cat\/iesesteveterradas\/wp-content\/uploads\/usu855\/S_Taula-catala-B-1.jpg 768w, https:\/\/agora.xtec.cat\/iesesteveterradas\/wp-content\/uploads\/usu855\/S_Taula-catala-B-1-300x136.jpg 300w\" sizes=\"auto, (max-width: 768px) 100vw, 768px\" \/><\/p>\n<p>&nbsp;<\/p>\n<p>&nbsp;<\/p>\n<p>&nbsp;<\/p>\n<p>&nbsp;<\/p>\n<p>&nbsp;<\/p>\n<p>&nbsp;<\/p>\n<p>&nbsp;<\/p>\n<p>&nbsp;<\/p>\n<p><img loading=\"lazy\" decoding=\"async\" class=\"alignleft wp-image-11284 size-full\" src=\"https:\/\/agora.xtec.cat\/iesesteveterradas\/wp-content\/uploads\/usu855\/S_Taula-catala-C.jpg\" alt=\"\" width=\"767\" height=\"665\" srcset=\"https:\/\/agora.xtec.cat\/iesesteveterradas\/wp-content\/uploads\/usu855\/S_Taula-catala-C.jpg 767w, https:\/\/agora.xtec.cat\/iesesteveterradas\/wp-content\/uploads\/usu855\/S_Taula-catala-C-300x260.jpg 300w\" sizes=\"auto, (max-width: 767px) 100vw, 767px\" \/><\/p>\n<p>&nbsp;<\/p>\n<p>&nbsp;<\/p>\n<p>&nbsp;<\/p>\n<p>&nbsp;<\/p>\n<p>&nbsp;<\/p>\n<p>&nbsp;<\/p>\n<p>&nbsp;<\/p>\n<p>&nbsp;<\/p>\n<p>&nbsp;<\/p>\n<p>&nbsp;<\/p>\n<p>&nbsp;<\/p>\n<p>&nbsp;<\/p>\n<p>&nbsp;<\/p>\n<p>&nbsp;<\/p>\n<p>&nbsp;<\/p>\n<p><sub><em>(*)<a href=\"https:\/\/agora.xtec.cat\/iesesteveterradas\/wp-content\/uploads\/usu855\/S_Acreditatiu-catala_model.pdf\" target=\"_blank\" rel=\"noopener\"><strong>Certificat acreditatiu<\/strong><\/a> d\u2019haver estat escolaritzat a Catalunya sense haver tingut exempci\u00f3 de catal\u00e0 i on consti els anys escolaritzats i la mat\u00e8ria de llengua catalana aprovada.<\/em><\/sub><\/p>\n<ul>\n<li>Per als casos que no es corresponguin amb els sup\u00f2sits esmentats, les persones interessades han de tramitar la sol\u00b7licitud del certificat d\u2019equival\u00e8ncia del nivell de Catal\u00e0 a la web del <a title=\"Departament d'Educaci\u00f3\" href=\"https:\/\/web.gencat.cat\/ca\/tramits\/tramits-temes\/22046-reconeixement-b2-c1-catala?category=742b7874-a82c-11e3-a972-000c29052e2c\" target=\"_blank\" rel=\"noopener\"><em>Departament d\u2019Educaci\u00f3 i Formaci\u00f3 Professional<\/em><\/a><\/li>\n<\/ul>\n","protected":false},"excerpt":{"rendered":"<p>Certificats<\/p>\n<ul>\n<li style=\"text-align: justify;\">Podeu sol\u00b7licitar un certificat accedint al formulari (hi ha una incid\u00e8ncia al formulari que s&#8217;est\u00e0 revisant, per sol\u00b7licitar un certificat has d&#8217;enviar una correu a8016781@xtec.cat\u00a0 indicant nom, cognoms, DNI i tipus de certificat que necessites).<\/li>\n<li style=\"text-align: justify;\">El centre us avisar\u00e0 al vostre email&hellip;  <a href=\"https:\/\/agora.xtec.cat\/iesesteveterradas\/secretaria\/tramits\/\" title=\"Read Sol\u00b7licitud de certificats\">Llegeix m\u00e9s\u00bb<\/a><br \/>\n","protected":false},"author":6,"featured_media":0,"parent":81,"menu_order":420,"comment_status":"closed","ping_status":"closed","template":"page-templates\/side-menu.php","meta":{"_bbp_topic_count":0,"_bbp_reply_count":0,"_bbp_total_topic_count":0,"_bbp_total_reply_count":0,"_bbp_voice_count":0,"_bbp_anonymous_reply_count":0,"_bbp_topic_count_hidden":0,"_bbp_reply_count_hidden":0,"_bbp_forum_subforum_count":0,"footnotes":""},"class_list":["post-2772","page","type-page","status-publish","hentry"],"post_mailing_queue_ids":[],"_links":{"self":[{"href":"https:\/\/agora.xtec.cat\/iesesteveterradas\/wp-json\/wp\/v2\/pages\/2772","targetHints":{"allow":["GET"]}}],"collection":[{"href":"https:\/\/agora.xtec.cat\/iesesteveterradas\/wp-json\/wp\/v2\/pages"}],"about":[{"href":"https:\/\/agora.xtec.cat\/iesesteveterradas\/wp-json\/wp\/v2\/types\/page"}],"author":[{"embeddable":true,"href":"https:\/\/agora.xtec.cat\/iesesteveterradas\/wp-json\/wp\/v2\/users\/6"}],"replies":[{"embeddable":true,"href":"https:\/\/agora.xtec.cat\/iesesteveterradas\/wp-json\/wp\/v2\/comments?post=2772"}],"version-history":[{"count":7,"href":"https:\/\/agora.xtec.cat\/iesesteveterradas\/wp-json\/wp\/v2\/pages\/2772\/revisions"}],"predecessor-version":[{"id":17769,"href":"https:\/\/agora.xtec.cat\/iesesteveterradas\/wp-json\/wp\/v2\/pages\/2772\/revisions\/17769"}],"up":[{"embeddable":true,"href":"https:\/\/agora.xtec.cat\/iesesteveterradas\/wp-json\/wp\/v2\/pages\/81"}],"wp:attachment":[{"href":"https:\/\/agora.xtec.cat\/iesesteveterradas\/wp-json\/wp\/v2\/media?parent=2772"}],"curies":[{"name":"wp","href":"https:\/\/api.w.org\/{rel}","templated":true}]}}