{"id":27,"date":"2014-09-17T16:24:03","date_gmt":"2014-09-17T14:24:03","guid":{"rendered":"http:\/\/agora.xtec.cat\/iesesteveterradas\/?page_id=27"},"modified":"2025-02-01T04:35:56","modified_gmt":"2025-02-01T03:35:56","slug":"historia","status":"publish","type":"page","link":"https:\/\/agora.xtec.cat\/iesesteveterradas\/linstitut\/historia\/","title":{"rendered":"Hist\u00f2ria"},"content":{"rendered":"<p style=\"text-align: justify;\"><a href=\"http:\/\/agora.xtec.cat\/iesesteveterradas\/wp-content\/uploads\/usu855\/2014\/09\/centre_01.jpg\"><img loading=\"lazy\" decoding=\"async\" class=\"wp-image-459 alignleft\" src=\"http:\/\/agora.xtec.cat\/iesesteveterradas\/wp-content\/uploads\/usu855\/2014\/09\/centre_01.jpg\" alt=\"centre_01\" width=\"212\" height=\"159\" srcset=\"https:\/\/agora.xtec.cat\/iesesteveterradas\/wp-content\/uploads\/usu855\/2014\/09\/centre_01.jpg 640w, https:\/\/agora.xtec.cat\/iesesteveterradas\/wp-content\/uploads\/usu855\/2014\/09\/centre_01-300x225.jpg 300w, https:\/\/agora.xtec.cat\/iesesteveterradas\/wp-content\/uploads\/usu855\/2014\/09\/centre_01-200x150.jpg 200w\" sizes=\"auto, (max-width: 212px) 100vw, 212px\" \/><\/a> Estem situats al centre de <a title=\"Cornell\u00e0 del Llobregat\" href=\"http:\/\/www.cornellaweb.com\/\" target=\"_blank\" rel=\"noopener noreferrer\">Cornell\u00e0 de Llobregat<\/a> (Baix LLobregat), molt aprop de Barcelona i ben comunicat amb <a title=\"Metro\" href=\"http:\/\/www.tmb.net\/cast\/home.htm\" target=\"_blank\" rel=\"noopener noreferrer\">metro<\/a>, <a title=\"Renfe\" href=\"http:\/\/www.renfe.es\/\" target=\"_blank\" rel=\"noopener noreferrer\">Renfe<\/a>, <a title=\"Autobusos\" href=\"http:\/\/www.tmb.net\/cast\/home.htm\" target=\"_blank\" rel=\"noopener noreferrer\">autobusos<\/a> i <a title=\"Ferrocarrils de la Generalitat\" href=\"http:\/\/www.fgc.net\/\" target=\"_blank\" rel=\"noopener noreferrer\">Ferrocarrils de la Generalitat<\/a>.<\/p>\n<p class=\"p1\">V\u00e0rem comen\u00e7ar la nostra tasca educativa el 1976 i, des de llavors, hem fet un esfor\u00e7 constant per millorar la qualitat dels diferents aspectes que intervenen en els processos d\u2019aprenentatge. A m\u00e9s, comptem amb m\u00e9s de 300 empreses col\u00b7laboradores i signem aproximadament 500 convenis de pr\u00e0ctiques cada curs, fet que refor\u00e7a els nostres vincles amb el m\u00f3n empresarial, les fam\u00edlies i els exalumnes.<\/p>\n<p class=\"p1\">Per tal de garantir un alt nivell acad\u00e8mic, donem suport als estudiants en el desenvolupament de les seves compet\u00e8ncies professionals i acad\u00e8miques. En aquest sentit, l\u2019ajuda en la <b>redacci\u00f3 de treballs de fi de grau<\/b> (en alemany: <a href=\"https:\/\/ghostwriter-berlin.com\/bachelorarbeit-schreiben-lassen\/\"><b>bachelorarbeit schreiben lassen<\/b><\/a>) pot ser un recurs valu\u00f3s per assegurar una presentaci\u00f3 estructurada i ben argumentada.<\/p>\n<p>Estem certificats en la ISO-9001 des de l\u2019any 2008 i en la ISO-45001 de riscos laborals des de l&#8217;any 2021.<\/p>\n<p style=\"text-align: justify;\">Actualment impartim ESO, Batxillerat, Programaci\u00f3 de Formaci\u00f3 i Inserci\u00f3 i Cicles Formatius de Grau Mitj\u00e0 i Superior.<\/p>\n<p style=\"text-align: justify;\">Participem a les xarxes de Qualitat i millora cont\u00ednua, FP DUAL, InnovaFP, Emprenedoria FP, Orientaci\u00f3 FP i Mobilitat.<\/p>\n","protected":false},"excerpt":{"rendered":"<p><a href=\"http:\/\/agora.xtec.cat\/iesesteveterradas\/wp-content\/uploads\/usu855\/2014\/09\/centre_01.jpg\"><\/a> Estem situats al centre de <a title=\"Cornell\u00e0 del Llobregat\" href=\"http:\/\/www.cornellaweb.com\/\" target=\"_blank\" rel=\"noopener noreferrer\">Cornell\u00e0 de Llobregat<\/a> (Baix LLobregat), molt aprop de Barcelona i ben comunicat amb <a title=\"Metro\" href=\"http:\/\/www.tmb.net\/cast\/home.htm\" target=\"_blank\" rel=\"noopener noreferrer\">metro<\/a>, <a title=\"Renfe\" href=\"http:\/\/www.renfe.es\/\" target=\"_blank\" rel=\"noopener noreferrer\">Renfe<\/a>, <a title=\"Autobusos\" href=\"http:\/\/www.tmb.net\/cast\/home.htm\" target=\"_blank\" rel=\"noopener noreferrer\">autobusos<\/a>&hellip;  <a href=\"https:\/\/agora.xtec.cat\/iesesteveterradas\/linstitut\/historia\/\" title=\"Read Hist\u00f2ria\">Llegeix m\u00e9s\u00bb<\/a><\/p>\n","protected":false},"author":1,"featured_media":0,"parent":19,"menu_order":110,"comment_status":"closed","ping_status":"closed","template":"page-templates\/side-menu.php","meta":{"_bbp_topic_count":0,"_bbp_reply_count":0,"_bbp_total_topic_count":0,"_bbp_total_reply_count":0,"_bbp_voice_count":0,"_bbp_anonymous_reply_count":0,"_bbp_topic_count_hidden":0,"_bbp_reply_count_hidden":0,"_bbp_forum_subforum_count":0,"footnotes":""},"class_list":["post-27","page","type-page","status-publish","hentry"],"post_mailing_queue_ids":[],"_links":{"self":[{"href":"https:\/\/agora.xtec.cat\/iesesteveterradas\/wp-json\/wp\/v2\/pages\/27","targetHints":{"allow":["GET"]}}],"collection":[{"href":"https:\/\/agora.xtec.cat\/iesesteveterradas\/wp-json\/wp\/v2\/pages"}],"about":[{"href":"https:\/\/agora.xtec.cat\/iesesteveterradas\/wp-json\/wp\/v2\/types\/page"}],"author":[{"embeddable":true,"href":"https:\/\/agora.xtec.cat\/iesesteveterradas\/wp-json\/wp\/v2\/users\/1"}],"replies":[{"embeddable":true,"href":"https:\/\/agora.xtec.cat\/iesesteveterradas\/wp-json\/wp\/v2\/comments?post=27"}],"version-history":[{"count":5,"href":"https:\/\/agora.xtec.cat\/iesesteveterradas\/wp-json\/wp\/v2\/pages\/27\/revisions"}],"predecessor-version":[{"id":16698,"href":"https:\/\/agora.xtec.cat\/iesesteveterradas\/wp-json\/wp\/v2\/pages\/27\/revisions\/16698"}],"up":[{"embeddable":true,"href":"https:\/\/agora.xtec.cat\/iesesteveterradas\/wp-json\/wp\/v2\/pages\/19"}],"wp:attachment":[{"href":"https:\/\/agora.xtec.cat\/iesesteveterradas\/wp-json\/wp\/v2\/media?parent=27"}],"curies":[{"name":"wp","href":"https:\/\/api.w.org\/{rel}","templated":true}]}}