{"id":2317,"date":"2019-02-15T16:28:37","date_gmt":"2019-02-15T15:28:37","guid":{"rendered":"http:\/\/agora.xtec.cat\/iesesteveterradas\/?page_id=2317"},"modified":"2025-10-16T11:47:51","modified_gmt":"2025-10-16T09:47:51","slug":"contacte-per-fct","status":"publish","type":"page","link":"https:\/\/agora.xtec.cat\/iesesteveterradas\/serveis-2\/escola-empresa-2\/contacte-per-fct\/","title":{"rendered":"Contacte per FCT"},"content":{"rendered":"<h3><\/h3>\n<h3>LLISTAT DE TUTORS I TUTORES DE DUAL general i DUAL intensiva<\/h3>\n<table style=\"height: 236px; width: 92.5215%;\">\n<tbody>\n<tr style=\"height: 50px;\">\n<td style=\"width: 981.333px; text-align: center; height: 50px;\" colspan=\"3\">\n<h5>Cicle Formatiu de Grau Mitj\u00e0<\/h5>\n<\/td>\n<\/tr>\n<tr style=\"height: 31px;\">\n<td style=\"height: 31px; width: 399.111px; text-align: center;\"><strong>Grup<\/strong><\/td>\n<td style=\"height: 31px; width: 236.444px; text-align: center;\"><strong>Tutor\/a<\/strong><\/td>\n<td style=\"height: 31px; width: 342.222px; text-align: center;\"><strong>Correu<\/strong><\/td>\n<\/tr>\n<tr style=\"height: 31px;\">\n<td style=\"height: 31px; width: 399.111px;\">GESTI\u00d3 ADMINISTRATIVA (AG10)<\/td>\n<td style=\"height: 31px; width: 236.444px;\">Anna Garcia \/ C\u00e9sar Herrero<\/td>\n<td style=\"height: 31px; width: 342.222px;\">agarc150<span class=\"\">@iesesteveterradas.ca<\/span>t \/ cherrer7<span class=\"\">@iesesteveterradas.ca<\/span>t<\/td>\n<\/tr>\n<tr style=\"height: 31px;\">\n<td style=\"height: 31px; width: 399.111px;\">MECANITZACI\u00d3 (FM20)<\/td>\n<td style=\"height: 31px; width: 236.444px;\">Ramiro Alonso Fern\u00e1ndez<\/td>\n<td style=\"height: 31px; width: 342.222px;\">ralons28@iesesteveterradas.cat<\/td>\n<\/tr>\n<tr style=\"height: 31px;\">\n<td style=\"height: 31px; width: 399.111px;\">MANTENIMENT ELECTROMEC\u00c0NIC (IM10)<\/td>\n<td style=\"height: 31px; width: 236.444px;\">Susana Quintano<\/td>\n<td style=\"height: 31px; width: 342.222px;\">squinta5@iesesteveterradas.cat<\/td>\n<\/tr>\n<tr style=\"height: 31px;\">\n<td style=\"height: 31px; width: 399.111px;\">ELECTROMEC\u00c0NICA DE VEHICLES AUTOM\u00d2BILS (TM10)<\/td>\n<td style=\"height: 31px; width: 236.444px;\">Adri\u00e1n Barroso \/ Jordi Gamero<\/td>\n<td style=\"height: 31px; width: 342.222px;\">abarro4@iesesteveterradas.cat \/ jgamero1@iesesteveterradas.cat<\/td>\n<\/tr>\n<tr style=\"height: 31px;\">\n<td style=\"height: 31px; width: 399.111px;\">SISTEMES MICROINFORM\u00c0TICS I XARXES (IC10)<\/td>\n<td style=\"height: 31px; width: 236.444px;\">Josep M. Sales \/ David Espeja\/ Sara Moratalla \/ Pere Comellas<\/td>\n<td style=\"height: 31px; width: 342.222px;\">jsales8@iesesteveterradas.cat \/\u00a0 despeja@iesesteveterradas.cat \/ smoratalla.provi@iesesteveterradas.cat \/ pcomella@iesesteveterradas.cat<\/td>\n<\/tr>\n<\/tbody>\n<\/table>\n<table style=\"height: 266px;\">\n<tbody>\n<tr style=\"height: 49px;\">\n<td style=\"width: 982.4px; text-align: center; height: 49px;\" colspan=\"3\">\n<h5>Cicle Formatiu de Grau Superior<\/h5>\n<\/td>\n<\/tr>\n<tr style=\"height: 31px;\">\n<td style=\"height: 31px; width: 400px; text-align: center;\"><strong>Grup<\/strong><\/td>\n<td style=\"height: 31px; width: 236px; text-align: center;\"><strong>Tutor\/a<\/strong><\/td>\n<td style=\"height: 31px; width: 343.2px; text-align: center;\"><strong>Correu<\/strong><\/td>\n<\/tr>\n<tr style=\"height: 31px;\">\n<td style=\"height: 31px; width: 400px;\">ASSIST\u00c8NCIA A LA DIRECCI\u00d3 (AGA0)<\/td>\n<td style=\"height: 31px; width: 236px;\">David Ramos<\/td>\n<td style=\"height: 31px; width: 343.2px;\">dramos12@iesesteveterradas.cat<\/td>\n<\/tr>\n<tr style=\"height: 31px;\">\n<td style=\"height: 31px; width: 400px;\">ADMINISTRACI\u00d3 I FINANCES (AGB0)<\/td>\n<td style=\"height: 31px; width: 236px;\">Salvador Fosalba \/ Adela Belda<\/td>\n<td style=\"height: 31px; width: 343.2px;\">sfosalba@iesesteveterradas.cat \/ abelda6@iesesteveterradas.cat<\/td>\n<\/tr>\n<tr style=\"height: 31px;\">\n<td style=\"height: 31px; width: 400px;\">GESTI\u00d3 DE L&#8217;AIGUA (EAD0)<\/td>\n<td style=\"height: 31px; width: 236px;\">Ana Manj\u00f3n<\/td>\n<td style=\"height: 31px; width: 343.2px;\">amajon@iesesteveterradas.cat<\/td>\n<\/tr>\n<tr style=\"height: 31px;\">\n<td style=\"height: 31px; width: 400px;\">PROGRAMACI\u00d3 DE LA PRODUCCI\u00d3. EN FABRICACI\u00d3 MEC\u00c0NICA (FMB0)<\/td>\n<td style=\"height: 31px; width: 236px;\">Enrique Rojas<\/td>\n<td style=\"height: 31px; width: 343.2px;\">erojas1@iesesteveterradas.cat<\/td>\n<\/tr>\n<tr style=\"height: 31px;\">\n<td style=\"height: 31px; width: 400px;\">MECATR\u00d2NICA INDUSTRIAL (IMC0)<\/td>\n<td style=\"height: 31px; width: 236px;\">Irene Molina \/ Carlos Mart\u00ednez<\/td>\n<td style=\"height: 31px; width: 343.2px;\">imolina8@iesesteveterradas.cat \/ cmart103@iesesteveterradas.cat<\/td>\n<\/tr>\n<tr>\n<td style=\"width: 400px;\">DESENVOLUPAMENT D&#8217;APLICACIONS MULTIPLATAFORMA (ICB0)<\/td>\n<td style=\"width: 236px;\">Jordi Pal\u00e0<\/td>\n<td style=\"width: 343.2px;\">jpala4<span class=\"\">@iesesteveterradas<\/span>.cat<\/td>\n<\/tr>\n<tr>\n<td style=\"width: 400px;\">DESENVOLUPAMENT D&#8217;APLICACIONS WEB (ICC0)<\/td>\n<td style=\"width: 236px;\">Leandro Zabala<\/td>\n<td style=\"width: 343.2px;\">lzabala@iesesteveterradas.cat<\/td>\n<\/tr>\n<tr>\n<td style=\"width: 400px;\">ADMINISTRACI\u00d3 DE SISTEMES INFORM\u00c0TICS EN XARXA, PERFIL PROFESSIONAL<br \/>\nCIBERSEGURETAT (ICA1)<\/td>\n<td style=\"width: 236px;\">Santi Lozano<\/td>\n<td style=\"width: 343.2px;\">slozan12@iesesteveterradas.cat<\/td>\n<\/tr>\n<tr>\n<td style=\"width: 400px;\">Automoci\u00f3 (TMA0)<\/td>\n<td style=\"width: 236px;\">Fran Castilla<\/td>\n<td style=\"width: 343.2px;\">fcasti10@iesesteveterradas.cat<\/td>\n<\/tr>\n<\/tbody>\n<\/table>\n<table style=\"height: 103px;\">\n<tbody>\n<tr style=\"height: 49px;\">\n<td style=\"width: 984px; text-align: center; height: 10px;\" colspan=\"3\">\n<h5>Programes de formaci\u00f3 i inserci\u00f3<\/h5>\n<\/td>\n<\/tr>\n<tr style=\"height: 31px;\">\n<td style=\"height: 31px; width: 400px; text-align: center;\"><strong>Grup<\/strong><\/td>\n<td style=\"height: 31px; width: 235.556px; text-align: center;\"><strong>Tutor\/a<\/strong><\/td>\n<td style=\"height: 31px; width: 344.889px; text-align: center;\"><strong>Correu<\/strong><\/td>\n<\/tr>\n<tr style=\"height: 31px;\">\n<td style=\"height: 31px; width: 400px;\">Auxiliar de jardineria: Vivers i jardins.<\/td>\n<td style=\"height: 31px; width: 235.556px;\">David Formiga<\/td>\n<td style=\"height: 31px; width: 344.889px;\">dformiga@iesesteveterradas.cat<\/td>\n<\/tr>\n<tr style=\"height: 31px;\">\n<td style=\"height: 31px; width: 400px;\">Auxiliar en muntatges d\u2019instal.lacions el\u00e8ctriques i d\u2019aigua i gas.<\/td>\n<td style=\"height: 31px; width: 235.556px;\">Ignacio Garcia<\/td>\n<td style=\"height: 31px; width: 344.889px;\">igarci12@iesesteveterradas.cat<\/td>\n<\/tr>\n<\/tbody>\n<\/table>\n<h3><a href=\"https:\/\/forms.gle\/a4EpkXDw7xQjn5Fj9\">Sol\u00b7licitud col\u00b7laboraci\u00f3 pr\u00e0ctiques FCT &#8211; DUAL<\/a><\/h3>\n<h3>Contacte general: empreses@iesesteveterradas.cat<\/h3>\n","protected":false},"excerpt":{"rendered":"<p>LLISTAT DE TUTORS I TUTORES DE DUAL general i DUAL intensiva<\/p>\n<p>Cicle Formatiu de Grau Mitj\u00e0<\/p>\n<p>Grup<br \/>\nTutor\/a<br \/>\nCorreu<\/p>\n<p>GESTI\u00d3 ADMINISTRATIVA (AG10)<br \/>\nAnna Garcia \/ C\u00e9sar Herrero<br \/>\nagarc150@iesesteveterradas.cat \/ cherrer7@iesesteveterradas.cat<\/p>\n<p>MECANITZACI\u00d3 (FM20)<br \/>\nRamiro Alonso Fern\u00e1ndez<br \/>\nralons28@iesesteveterradas.cat<\/p>\n<p>MANTENIMENT ELECTROMEC\u00c0NIC (IM10)<br \/>\nSusana Quintano<br \/>\nsquinta5@iesesteveterradas.cat<\/p>\n<p>ELECTROMEC\u00c0NICA DE VEHICLES AUTOM\u00d2BILS (TM10)<br \/>\nAdri\u00e1n Barroso \/ Jordi Gamero<br \/>\nabarro4@iesesteveterradas.cat \/ jgamero1@iesesteveterradas.cat<\/p>\n<p>SISTEMES MICROINFORM\u00c0TICS I XARXES (IC10)<br \/>\nJosep M. Sales&hellip;  <a href=\"https:\/\/agora.xtec.cat\/iesesteveterradas\/serveis-2\/escola-empresa-2\/contacte-per-fct\/\" title=\"Read Contacte per FCT\">Llegeix m\u00e9s\u00bb<\/a><\/p>\n","protected":false},"author":1,"featured_media":0,"parent":992,"menu_order":0,"comment_status":"closed","ping_status":"closed","template":"","meta":{"_bbp_topic_count":0,"_bbp_reply_count":0,"_bbp_total_topic_count":0,"_bbp_total_reply_count":0,"_bbp_voice_count":0,"_bbp_anonymous_reply_count":0,"_bbp_topic_count_hidden":0,"_bbp_reply_count_hidden":0,"_bbp_forum_subforum_count":0,"footnotes":""},"class_list":["post-2317","page","type-page","status-publish","hentry"],"post_mailing_queue_ids":[],"_links":{"self":[{"href":"https:\/\/agora.xtec.cat\/iesesteveterradas\/wp-json\/wp\/v2\/pages\/2317","targetHints":{"allow":["GET"]}}],"collection":[{"href":"https:\/\/agora.xtec.cat\/iesesteveterradas\/wp-json\/wp\/v2\/pages"}],"about":[{"href":"https:\/\/agora.xtec.cat\/iesesteveterradas\/wp-json\/wp\/v2\/types\/page"}],"author":[{"embeddable":true,"href":"https:\/\/agora.xtec.cat\/iesesteveterradas\/wp-json\/wp\/v2\/users\/1"}],"replies":[{"embeddable":true,"href":"https:\/\/agora.xtec.cat\/iesesteveterradas\/wp-json\/wp\/v2\/comments?post=2317"}],"version-history":[{"count":8,"href":"https:\/\/agora.xtec.cat\/iesesteveterradas\/wp-json\/wp\/v2\/pages\/2317\/revisions"}],"predecessor-version":[{"id":18584,"href":"https:\/\/agora.xtec.cat\/iesesteveterradas\/wp-json\/wp\/v2\/pages\/2317\/revisions\/18584"}],"up":[{"embeddable":true,"href":"https:\/\/agora.xtec.cat\/iesesteveterradas\/wp-json\/wp\/v2\/pages\/992"}],"wp:attachment":[{"href":"https:\/\/agora.xtec.cat\/iesesteveterradas\/wp-json\/wp\/v2\/media?parent=2317"}],"curies":[{"name":"wp","href":"https:\/\/api.w.org\/{rel}","templated":true}]}}