{"id":2316,"date":"2019-02-15T16:28:37","date_gmt":"2019-02-15T15:28:37","guid":{"rendered":"http:\/\/agora.xtec.cat\/iesesteveterradas\/?page_id=2316"},"modified":"2025-04-28T10:26:39","modified_gmt":"2025-04-28T08:26:39","slug":"dinteres-per-lalumnat","status":"publish","type":"page","link":"https:\/\/agora.xtec.cat\/iesesteveterradas\/serveis-2\/escola-empresa-2\/dinteres-per-lalumnat\/","title":{"rendered":"D&#8217;inter\u00e8s per l&#8217;alumnat"},"content":{"rendered":"<ul>\n<li><a href=\"https:\/\/agora.xtec.cat\/iesesteveterradas\/wp-content\/uploads\/usu855\/IMP_116_full_incidencies_fct_07_rev-2019-12-10.docx\">Full d&#8217;incid\u00e8ncies:<\/a> Full per a informar d&#8217;una incid\u00e8ncia o gestions DUAL general i\/o estades DUAL intensiva. En el cas que vulguin retardar l&#8217;inici de les pr\u00e0ctiques, que t&#8217;informin que no compleixes de moment els requisits m\u00ednims per a fer pr\u00e0ctiques, si vols donar-te de baixa de l&#8217;empresa o l&#8217;empresa per q\u00fcestions alienes vol donar de baixa les pr\u00e0ctiques, aix\u00ed com, altres, has de gestionar aquest document amb el teu tutor o tutora.<\/li>\n<li><a href=\"https:\/\/agora.xtec.cat\/iesesteveterradas\/wp-content\/uploads\/usu855\/horari-especial-2019-10-17.docx\">Horari especial:<\/a> En el cas que les pr\u00e0ctiques a l&#8217;empresa seleccionada hagin de ser un horari diferent de l&#8217;estipulat el tutor o tutora et demanar\u00e0 gestionar aquest document.<\/li>\n<li><a href=\"https:\/\/agora.xtec.cat\/iesesteveterradas\/wp-content\/uploads\/usu855\/A150.pdf\">Petici\u00f3 d&#8217;exempci\u00f3:<\/a> En el cas que tinguis experi\u00e8ncia laboral es pot optar a algun reconeixement i reduir el per\u00edode de pr\u00e0ctiques, aquest cas \u00fanicament \u00e9s aplicable a pr\u00e0ctiques DUAL general i antiga FCT, a les pr\u00e0ctiques en estada DUAL intensiva no es permet fer cap exempci\u00f3. Informa&#8217;t amb el teu tutor o tutora de les condicions.<\/li>\n<li><a href=\"https:\/\/agora.xtec.cat\/iesesteveterradas\/wp-content\/uploads\/usu855\/model-certificat-empresa-2019-10-17.docx\">Model de certificat d&#8217;empresa:<\/a> En el cas que optis a una exempci\u00f3 una de les documentacions a adjuntar \u00e9s un certificat d&#8217;empresa descrivint les tasques desenvolupades durant la relaci\u00f3 laboral. Normalment, l&#8217;empresa t\u00e9 el seu propi document, per\u00f2 en el cas que no aqu\u00ed us deixem una plantilla.<\/li>\n<\/ul>\n","protected":false},"excerpt":{"rendered":"<ul>\n<li><a href=\"https:\/\/agora.xtec.cat\/iesesteveterradas\/wp-content\/uploads\/usu855\/IMP_116_full_incidencies_fct_07_rev-2019-12-10.docx\">Full d&#8217;incid\u00e8ncies:<\/a> Full per a informar d&#8217;una incid\u00e8ncia o gestions DUAL general i\/o estades DUAL intensiva. En el cas que vulguin retardar l&#8217;inici de les pr\u00e0ctiques, que t&#8217;informin que no compleixes de moment els requisits m\u00ednims per a fer pr\u00e0ctiques, si vols donar-te de&hellip;  <a href=\"https:\/\/agora.xtec.cat\/iesesteveterradas\/serveis-2\/escola-empresa-2\/dinteres-per-lalumnat\/\" title=\"Read D&#8217;inter\u00e8s per l&#8217;alumnat\">Llegeix m\u00e9s\u00bb<\/a><br \/>\n","protected":false},"author":1,"featured_media":0,"parent":992,"menu_order":0,"comment_status":"closed","ping_status":"closed","template":"","meta":{"_bbp_topic_count":0,"_bbp_reply_count":0,"_bbp_total_topic_count":0,"_bbp_total_reply_count":0,"_bbp_voice_count":0,"_bbp_anonymous_reply_count":0,"_bbp_topic_count_hidden":0,"_bbp_reply_count_hidden":0,"_bbp_forum_subforum_count":0,"footnotes":""},"class_list":["post-2316","page","type-page","status-publish","hentry"],"post_mailing_queue_ids":[],"_links":{"self":[{"href":"https:\/\/agora.xtec.cat\/iesesteveterradas\/wp-json\/wp\/v2\/pages\/2316","targetHints":{"allow":["GET"]}}],"collection":[{"href":"https:\/\/agora.xtec.cat\/iesesteveterradas\/wp-json\/wp\/v2\/pages"}],"about":[{"href":"https:\/\/agora.xtec.cat\/iesesteveterradas\/wp-json\/wp\/v2\/types\/page"}],"author":[{"embeddable":true,"href":"https:\/\/agora.xtec.cat\/iesesteveterradas\/wp-json\/wp\/v2\/users\/1"}],"replies":[{"embeddable":true,"href":"https:\/\/agora.xtec.cat\/iesesteveterradas\/wp-json\/wp\/v2\/comments?post=2316"}],"version-history":[{"count":5,"href":"https:\/\/agora.xtec.cat\/iesesteveterradas\/wp-json\/wp\/v2\/pages\/2316\/revisions"}],"predecessor-version":[{"id":17615,"href":"https:\/\/agora.xtec.cat\/iesesteveterradas\/wp-json\/wp\/v2\/pages\/2316\/revisions\/17615"}],"up":[{"embeddable":true,"href":"https:\/\/agora.xtec.cat\/iesesteveterradas\/wp-json\/wp\/v2\/pages\/992"}],"wp:attachment":[{"href":"https:\/\/agora.xtec.cat\/iesesteveterradas\/wp-json\/wp\/v2\/media?parent=2316"}],"curies":[{"name":"wp","href":"https:\/\/api.w.org\/{rel}","templated":true}]}}