{"id":2315,"date":"2019-02-15T16:28:36","date_gmt":"2019-02-15T15:28:36","guid":{"rendered":"http:\/\/agora.xtec.cat\/iesesteveterradas\/?page_id=2315"},"modified":"2025-04-28T10:29:33","modified_gmt":"2025-04-28T08:29:33","slug":"dinteres-per-les-empreses","status":"publish","type":"page","link":"https:\/\/agora.xtec.cat\/iesesteveterradas\/serveis-2\/escola-empresa-2\/dinteres-per-les-empreses\/","title":{"rendered":"D&#8217;inter\u00e8s per les Empreses"},"content":{"rendered":"<h2>Informaci\u00f3 assegurances en el desenvolupament de la DUAL general (antiga FCT) en les pr\u00e0ctiques a les empreses<\/h2>\n<p>Els\/les alumnes menors de 28 anys estan coberts per l\u2019asseguran\u00e7a escolar en el improbable cas que pateixin algun accident mentre estan realitzant les pr\u00e0ctiques a les vostres instal\u00b7lacions i tamb\u00e9 en els accidents in itinere.<\/p>\n<p>Els\/les alumnes majors de 28 anys no estan coberts per l\u2019asseguran\u00e7a escolar, per\u00f2 han contractat una p\u00f2lissa d\u2019asseguran\u00e7a privada amb Mapfre.<\/p>\n<p>Davant qualsevol circumst\u00e0ncia on l\u2019alumne\/a requereixi atenci\u00f3 m\u00e8dica, caldr\u00e0 que porteu l\u2019alumne a un centre sanitari p\u00fablic (CAP o hospitals p\u00fablics; <a href=\"http:\/\/www.gencat.cat\/catsalut\">enlla\u00e7<\/a>), o b\u00e9 a un dels centres sanitaris concertats segons el llistat que us facilitar\u00e0 la persona tutora del nostre Institut. Tanmateix us informar\u00e0 si l\u2019alumne que acolliu es troba en alguna altra circumst\u00e0ncia espec\u00edfica respecte a l\u2019asseguran\u00e7a.<\/p>\n<p>Recordeu que en cas que porteu l\u2019alumne\/a a un centre sanitari diferent dels que us hagi informat la tutora, caldr\u00e0 abonar la prestaci\u00f3 rebuda<\/p>\n<p>En qualsevol cas, aviseu a la tutora per tal que trameti la documentaci\u00f3 corresponent.<\/p>\n<p>Moltes gr\u00e0cies per la vostra col\u2022laboraci\u00f3.<\/p>\n<h2>Plans d&#8217;activitats<\/h2>\n<h3>Administratiu<\/h3>\n<ul>\n<li><a href=\"https:\/\/agora.xtec.cat\/iesesteveterradas\/wp-content\/uploads\/usu855\/Administracio\u0301-i-Finances.pdf\">Administraci\u00f3 i finances<\/a><\/li>\n<li><a href=\"https:\/\/agora.xtec.cat\/iesesteveterradas\/wp-content\/uploads\/usu855\/Assiste\u0300ncia-a-la-Direccio\u0301.pdf\">Asist\u00e8ncia a la direcci\u00f3<\/a><\/li>\n<li><a href=\"https:\/\/agora.xtec.cat\/iesesteveterradas\/wp-content\/uploads\/usu855\/Gestio\u0301-Administrativa.pdf\">Gesti\u00f3 administrativa<\/a><\/li>\n<\/ul>\n<h3>Automoci\u00f3<\/h3>\n<ul>\n<li><a href=\"https:\/\/agora.xtec.cat\/iesesteveterradas\/wp-content\/uploads\/usu855\/Electromeca\u0300nica-de-Vehicles-Automo\u0300bils.pdf\">Electromec\u00e0nica de vehicles autom\u00f2bils<\/a><\/li>\n<\/ul>\n<h3>Fabricaci\u00f3 mec\u00e0nica i manteniment<\/h3>\n<ul>\n<li><a href=\"https:\/\/agora.xtec.cat\/iesesteveterradas\/wp-content\/uploads\/usu855\/Manteniment-Electromeca\u0300nic.pdf\">Manteniment electromec\u00e0nic<\/a><\/li>\n<li><a href=\"https:\/\/agora.xtec.cat\/iesesteveterradas\/wp-content\/uploads\/usu855\/Mecanitzacio\u0301.pdf\">Mecanitzaci\u00f3<\/a><\/li>\n<li><a href=\"https:\/\/agora.xtec.cat\/iesesteveterradas\/wp-content\/uploads\/usu855\/Mecatro\u0300nica-Industrial.pdf\">Mecatr\u00f2nica industrial<\/a><\/li>\n<li><a href=\"https:\/\/agora.xtec.cat\/iesesteveterradas\/wp-content\/uploads\/usu855\/Prog.-de-la-Prod.-en-Fabricacio\u0301-Meca\u0300nica.pdf\">Prog. de la prod. en fabricaci\u00f3 mec\u00e0nica<\/a><\/li>\n<\/ul>\n<h3>Inform\u00e0tica<\/h3>\n<ul>\n<li><a href=\"https:\/\/agora.xtec.cat\/iesesteveterradas\/wp-content\/uploads\/usu855\/Administracio\u0301-de-Sistemes-Informa\u0300tics-en-Xarxa-Ciberseguretat.pdf\">Administraci\u00f3 de sistemes inform\u00e0tics en xarxa, ciberseguretat<\/a><\/li>\n<li><a href=\"https:\/\/agora.xtec.cat\/iesesteveterradas\/wp-content\/uploads\/usu855\/Desenvolupament-dAplicacions-Multiplataforma.pdf\">Desenvolupament d&#8217;aplicacions multiplataforma<\/a><\/li>\n<li><a href=\"https:\/\/agora.xtec.cat\/iesesteveterradas\/wp-content\/uploads\/usu855\/Desenvolupament-dAplicacions-Web.pdf\">Desenvolupament d&#8217;aplicacions web<\/a><\/li>\n<li><a href=\"https:\/\/agora.xtec.cat\/iesesteveterradas\/wp-content\/uploads\/usu855\/Desenvolupament-de-Sistemes-Informa\u0300tics-en-Xarxa.pdf\">Desenvolupament de sistemes inform\u00e0tics en xarxa<\/a><\/li>\n<li><a href=\"https:\/\/agora.xtec.cat\/iesesteveterradas\/wp-content\/uploads\/usu855\/Sistemes-Microinforma\u0300tics-i-Xarxes.pdf\">Sistemes Microinform\u00e0tics i xarxes<\/a><\/li>\n<\/ul>\n<p>&nbsp;<\/p>\n","protected":false},"excerpt":{"rendered":"<p>Informaci\u00f3 assegurances en el desenvolupament de la DUAL general (antiga FCT) en les pr\u00e0ctiques a les empreses<br \/>\nEls\/les alumnes menors de 28 anys estan coberts per l\u2019asseguran\u00e7a escolar en el improbable cas que pateixin algun accident mentre estan realitzant les pr\u00e0ctiques a les vostres instal\u00b7lacions i&hellip;  <a href=\"https:\/\/agora.xtec.cat\/iesesteveterradas\/serveis-2\/escola-empresa-2\/dinteres-per-les-empreses\/\" title=\"Read D&#8217;inter\u00e8s per les Empreses\">Llegeix m\u00e9s\u00bb<\/a><\/p>\n","protected":false},"author":1,"featured_media":0,"parent":992,"menu_order":0,"comment_status":"closed","ping_status":"closed","template":"","meta":{"_bbp_topic_count":0,"_bbp_reply_count":0,"_bbp_total_topic_count":0,"_bbp_total_reply_count":0,"_bbp_voice_count":0,"_bbp_anonymous_reply_count":0,"_bbp_topic_count_hidden":0,"_bbp_reply_count_hidden":0,"_bbp_forum_subforum_count":0,"footnotes":""},"class_list":["post-2315","page","type-page","status-publish","hentry"],"post_mailing_queue_ids":[],"_links":{"self":[{"href":"https:\/\/agora.xtec.cat\/iesesteveterradas\/wp-json\/wp\/v2\/pages\/2315","targetHints":{"allow":["GET"]}}],"collection":[{"href":"https:\/\/agora.xtec.cat\/iesesteveterradas\/wp-json\/wp\/v2\/pages"}],"about":[{"href":"https:\/\/agora.xtec.cat\/iesesteveterradas\/wp-json\/wp\/v2\/types\/page"}],"author":[{"embeddable":true,"href":"https:\/\/agora.xtec.cat\/iesesteveterradas\/wp-json\/wp\/v2\/users\/1"}],"replies":[{"embeddable":true,"href":"https:\/\/agora.xtec.cat\/iesesteveterradas\/wp-json\/wp\/v2\/comments?post=2315"}],"version-history":[{"count":7,"href":"https:\/\/agora.xtec.cat\/iesesteveterradas\/wp-json\/wp\/v2\/pages\/2315\/revisions"}],"predecessor-version":[{"id":17618,"href":"https:\/\/agora.xtec.cat\/iesesteveterradas\/wp-json\/wp\/v2\/pages\/2315\/revisions\/17618"}],"up":[{"embeddable":true,"href":"https:\/\/agora.xtec.cat\/iesesteveterradas\/wp-json\/wp\/v2\/pages\/992"}],"wp:attachment":[{"href":"https:\/\/agora.xtec.cat\/iesesteveterradas\/wp-json\/wp\/v2\/media?parent=2315"}],"curies":[{"name":"wp","href":"https:\/\/api.w.org\/{rel}","templated":true}]}}