{"id":1988,"date":"2019-01-08T17:34:40","date_gmt":"2019-01-08T16:34:40","guid":{"rendered":"http:\/\/agora.xtec.cat\/iesesteveterradas\/?page_id=1988"},"modified":"2026-04-15T09:31:39","modified_gmt":"2026-04-15T07:31:39","slug":"processos","status":"publish","type":"page","link":"https:\/\/agora.xtec.cat\/iesesteveterradas\/serveis-2\/qualitat\/processos\/","title":{"rendered":"Processos"},"content":{"rendered":"<table style=\"width: 104.893%; height: 1590px;\" border=\"1\" width=\"800\" align=\"left\">\n<tbody>\n<tr style=\"height: 33px;\" bgcolor=\"#afacc4\">\n<td class=\"normal\" style=\"width: 68.6321%; height: 33px; text-align: center;\"><strong>Nom proc\u00e9s<\/strong><\/td>\n<td class=\"normal\" style=\"width: 9.55189%; height: 33px; text-align: center;\"><strong>Revisi\u00f3<\/strong><\/td>\n<td class=\"normal\" style=\"width: 20.8726%; height: 33px; text-align: center;\"><strong>Responsable<\/strong><\/td>\n<\/tr>\n<tr style=\"height: 48px;\" bgcolor=\"#afacc4\">\n<td class=\"normal\" style=\"width: 68.6321%; height: 48px;\"><a href=\"https:\/\/drive.google.com\/file\/d\/1W9aBmos3f_t1nBKXUXJYgnrkNbU_fFYM\/view?usp=sharing\"><strong>Mapa <\/strong><strong>de processos<\/strong><\/a><\/td>\n<td class=\"normal\" style=\"width: 9.55189%; height: 48px; text-align: center;\">\n<div><strong>05<\/strong><\/div>\n<\/td>\n<td class=\"normal\" style=\"width: 20.8726%; height: 48px; text-align: center;\"><strong>Coordinador\/a Qualitat<\/strong><\/td>\n<\/tr>\n<tr style=\"height: 33px;\" bgcolor=\"#afacc4\">\n<td class=\"normal\" style=\"width: 68.6321%; height: 33px;\"><a href=\"https:\/\/agora.xtec.cat\/iesesteveterradas\/wp-content\/uploads\/usu855\/PRC_ET_01_Planificacio-estrategica_V02-1.pdf\"><strong>Proc\u00e9s_01_Planificaci\u00f3 estrat\u00e8gica<\/strong><\/a><\/td>\n<td class=\"normal\" style=\"width: 9.55189%; height: 33px; text-align: center;\">\n<div><strong>02<\/strong><\/div>\n<\/td>\n<td class=\"normal\" style=\"width: 20.8726%; height: 33px; text-align: center;\"><strong>Director\/a<\/strong><\/td>\n<\/tr>\n<tr style=\"height: 48px;\" bgcolor=\"#afacc4\">\n<td class=\"normal\" style=\"width: 68.6321%; height: 56px;\"><a href=\"https:\/\/drive.google.com\/file\/d\/1_GGOfjRmWWmOiiiUffuqULHfql9ZSg0b\/view?usp=drive_link\"><strong>Proc\u00e9s_02_Organitzaci\u00f3 i planificaci\u00f3 del centre<\/strong><\/a><\/td>\n<td class=\"normal\" style=\"width: 9.55189%; height: 56px; text-align: center;\">\n<div><strong>02<\/strong><\/div>\n<\/td>\n<td class=\"normal\" style=\"width: 20.8726%; height: 56px; text-align: center;\"><strong>Cap d&#8217;estudis ESO\/Batx i FP<\/strong><\/td>\n<\/tr>\n<tr style=\"height: 33px;\" bgcolor=\"#afacc4\">\n<td class=\"normal\" style=\"width: 68.6321%; height: 33px;\"><strong><a href=\"https:\/\/agora.xtec.cat\/iesesteveterradas\/wp-content\/uploads\/usu855\/PRC_ET_03_Gesti\u00f3-del-recursos-econ\u00f2mics-i-materials_V01.pdf\">Proc\u00e9s_03_Gesti\u00f3 del recursos econ\u00f2mics i materials<\/a><\/strong><\/td>\n<td class=\"normal\" style=\"width: 9.55189%; height: 33px; text-align: center;\">\n<div><strong>01<\/strong><\/div>\n<\/td>\n<td class=\"normal\" style=\"width: 20.8726%; height: 33px; text-align: center;\"><strong>Administrador\/a<\/strong><\/td>\n<\/tr>\n<tr style=\"height: 33px;\" bgcolor=\"#afacc4\">\n<td class=\"normal\" style=\"width: 68.6321%; height: 33px;\"><strong><a href=\"https:\/\/agora.xtec.cat\/iesesteveterradas\/wp-content\/uploads\/usu855\/PRC_ET_04_Gesti\u00f3-de-la-comunicaci\u00f3_V01.pdf\">Proc\u00e9s_04_Gesti\u00f3 de la comunicaci\u00f3<\/a><\/strong><\/td>\n<td class=\"normal\" style=\"width: 9.55189%; height: 33px; text-align: center;\">\n<div><strong>01<\/strong><\/div>\n<\/td>\n<td class=\"normal\" style=\"width: 20.8726%; height: 33px; text-align: center;\"><strong>Director\/a<\/strong><\/td>\n<\/tr>\n<tr style=\"height: 33px;\" bgcolor=\"#afacc4\">\n<td class=\"normal\" style=\"width: 68.6321%; height: 33px;\"><a href=\"https:\/\/agora.xtec.cat\/iesesteveterradas\/wp-content\/uploads\/usu855\/PRC_ET_05_Gestio-del-Sistema-de-Gestio-Integrat_V03.pdf\"><strong>Proc\u00e9s_05_Gesti\u00f3 del SGI<\/strong><\/a><\/td>\n<td class=\"normal\" style=\"width: 9.55189%; height: 33px; text-align: center;\"><strong>03<\/strong><\/td>\n<td class=\"normal\" style=\"width: 20.8726%; height: 33px; text-align: center;\"><strong>Coordinador\/a qualitat<\/strong><\/td>\n<\/tr>\n<tr style=\"height: 48px;\" bgcolor=\"#afacc4\">\n<td class=\"normal\" style=\"width: 68.6321%; height: 48px;\"><strong><a href=\"https:\/\/agora.xtec.cat\/iesesteveterradas\/wp-content\/uploads\/usu855\/PRC_ET_06_Gestio-de-la-Innovacio_V01.pptx.pdf\">Proc\u00e9s_06_Gesti\u00f3 de la Innovaci\u00f3<\/a><\/strong><\/td>\n<td class=\"normal\" style=\"width: 9.55189%; height: 48px; text-align: center;\">\n<div><strong>01<\/strong><\/div>\n<\/td>\n<td class=\"normal\" style=\"width: 20.8726%; height: 48px; text-align: center;\"><strong>Cap d&#8217;estudis FP<\/strong><\/td>\n<\/tr>\n<tr style=\"height: 33px;\" bgcolor=\"#afacc4\">\n<td class=\"normal\" style=\"width: 68.6321%; height: 33px;\"><a href=\"https:\/\/agora.xtec.cat\/iesesteveterradas\/wp-content\/uploads\/usu855\/PRC_ET_07_Gestio-i-planificacio-de-la-preinscripcio-i-matricula_V01.pptx-1.pdf\"><strong>Proc\u00e9s_07_Gesti\u00f3 i planificaci\u00f3 de la preinscripci\u00f3 i matr\u00edcula<\/strong><\/a><\/td>\n<td class=\"normal\" style=\"width: 9.55189%; height: 33px; text-align: center;\">\n<div><strong>01<\/strong><\/div>\n<\/td>\n<td class=\"normal\" style=\"width: 20.8726%; height: 33px; text-align: center;\"><strong>Secretari\/a<\/strong><\/td>\n<\/tr>\n<tr style=\"height: 33px;\" bgcolor=\"#afacc4\">\n<td class=\"normal\" style=\"width: 68.6321%; height: 33px;\"><a href=\"https:\/\/agora.xtec.cat\/iesesteveterradas\/wp-content\/uploads\/usu855\/PRC_ET_08_Ensenyament_Aprenentatge_ESO_Batx_V01-1.pdf\"><strong>Proc\u00e9s_08_Ensenyament_Aprenentatge_ESO_Batx<\/strong><\/a><\/td>\n<td class=\"normal\" style=\"width: 9.55189%; height: 33px; text-align: center;\">\n<div><strong>01<\/strong><\/div>\n<\/td>\n<td class=\"normal\" style=\"width: 20.8726%; height: 33px; text-align: center;\"><strong>Coordinador\/a pedag\u00f2gic\/a<\/strong><\/td>\n<\/tr>\n<tr style=\"height: 33px;\" bgcolor=\"#afacc4\">\n<td class=\"normal\" style=\"width: 68.6321%; height: 33px;\"><strong><a href=\"https:\/\/agora.xtec.cat\/iesesteveterradas\/wp-content\/uploads\/usu855\/PRC_ET_09_Assessorament-Psicopedagogic-i-Orientacio_V02.pptx.pdf\">Proc\u00e9s_09_Assessorament Psicopedag\u00f2gic i Orientaci\u00f3<\/a><\/strong><\/td>\n<td class=\"normal\" style=\"width: 9.55189%; height: 33px; text-align: center;\">\n<div><strong>02<\/strong><\/div>\n<\/td>\n<td class=\"normal\" style=\"width: 20.8726%; height: 33px; text-align: center;\"><strong>Coordinador\/a pedag\u00f2gic\/a<\/strong><\/td>\n<\/tr>\n<tr style=\"height: 33px;\" bgcolor=\"#afacc4\">\n<td class=\"normal\" style=\"width: 68.6321%; height: 33px;\"><strong><a href=\"https:\/\/agora.xtec.cat\/iesesteveterradas\/wp-content\/uploads\/usu855\/PRC_ET_10_Ensenyament-Aprenentatge-FP_V01.pdf\">Proc\u00e9s_10_Ensenyament Aprenentatge FP<\/a><\/strong><\/td>\n<td class=\"normal\" style=\"width: 9.55189%; height: 33px; text-align: center;\">\n<div><strong>01<\/strong><\/div>\n<\/td>\n<td class=\"normal\" style=\"width: 20.8726%; height: 33px; text-align: center;\"><strong>Sots director\/a FP<\/strong><\/td>\n<\/tr>\n<tr style=\"height: 33px;\" bgcolor=\"#afacc4\">\n<td class=\"normal\" style=\"width: 68.6321%; height: 33px;\"><strong><a href=\"https:\/\/agora.xtec.cat\/iesesteveterradas\/wp-content\/uploads\/usu855\/PRC_ET_11_Gesti\u00f3-de-la-mobilitat-internacional_v02.pdf\">Proc\u00e9s_11_Gesti\u00f3 de la mobilitat internacional<\/a><\/strong><\/td>\n<td class=\"normal\" style=\"width: 9.55189%; height: 33px; text-align: center;\">\n<div><strong>02<\/strong><\/div>\n<\/td>\n<td class=\"normal\" style=\"width: 20.8726%; height: 33px; text-align: center;\"><strong>Director\/a<\/strong><\/td>\n<\/tr>\n<tr style=\"height: 33px;\" bgcolor=\"#afacc4\">\n<td class=\"normal\" style=\"width: 68.6321%; height: 33px;\"><strong><a href=\"https:\/\/agora.xtec.cat\/iesesteveterradas\/wp-content\/uploads\/usu855\/PRC_ET_12_Gestio-de-la-FCT_DUAL_V01.pptx.pdf\">Proce\u0301s_12_Gesti\u00f3 de les FCT_DUAL<\/a><\/strong><\/td>\n<td class=\"normal\" style=\"width: 9.55189%; height: 33px; text-align: center;\">\n<div><strong>01<\/strong><\/div>\n<\/td>\n<td class=\"normal\" style=\"width: 20.8726%; height: 33px; text-align: center;\"><strong>Sots director\/a FP<\/strong><\/td>\n<\/tr>\n<tr style=\"height: 33px;\" bgcolor=\"#afacc4\">\n<td class=\"normal\" style=\"width: 68.6321%; height: 33px;\"><a href=\"https:\/\/drive.google.com\/file\/d\/1eNC0BHNYm5O4kAvTVVIqhvYVTrVjn32G\/view?usp=sharing\"><strong>Proc\u00e9s_13_Gesti\u00f3 infraestructures<\/strong><\/a><\/td>\n<td class=\"normal\" style=\"width: 9.55189%; height: 33px; text-align: center;\">\n<div><strong>05<\/strong><\/div>\n<\/td>\n<td class=\"normal\" style=\"width: 20.8726%; height: 33px; text-align: center;\"><strong>Administrador\/a<\/strong><\/td>\n<\/tr>\n<tr style=\"height: 33px;\" bgcolor=\"#afacc4\">\n<td class=\"normal\" style=\"width: 68.6321%; height: 33px;\"><a href=\"https:\/\/drive.google.com\/file\/d\/1GNlI9KQzhKlncfyEjozQSbmSOaWYnXmJ\/view?usp=sharing\"><strong>Proc\u00e9s_14_Serveis a empreses i entitats<\/strong><\/a><\/td>\n<td class=\"normal\" style=\"width: 9.55189%; height: 33px; text-align: center;\">\n<div><strong>01<\/strong><\/div>\n<\/td>\n<td class=\"normal\" style=\"width: 20.8726%; height: 33px; text-align: center;\"><strong>Cap d&#8217;estudis FP<\/strong><\/td>\n<\/tr>\n<tr style=\"height: 48px;\" bgcolor=\"#afacc4\">\n<td class=\"normal\" style=\"width: 68.6321%; height: 48px;\"><a href=\"https:\/\/drive.google.com\/file\/d\/17twinXaVoWTiDiLbIzaWjwO0WznfDDxL\/view?usp=sharing\"><strong>Proc\u00e9s_15_Gesti\u00f3 acad\u00e8mica, administrativa i arxiu<\/strong><\/a><\/td>\n<td class=\"normal\" style=\"width: 9.55189%; height: 48px; text-align: center;\">\n<div><strong>04<\/strong><\/div>\n<\/td>\n<td class=\"normal\" style=\"width: 20.8726%; height: 48px; text-align: center;\"><strong>Secretari\/a<\/strong><\/td>\n<\/tr>\n<tr style=\"height: 33px;\" bgcolor=\"#afacc4\">\n<td class=\"normal\" style=\"width: 68.6321%; height: 33px;\"><a href=\"https:\/\/drive.google.com\/file\/d\/1TfkK_uqB_h2X7ngnebyWmqu89h0O38Fu\/view?usp=sharing\">Proc\u00e9s_16_Gesti\u00f3 de l&#8217;equip hum\u00e0<\/a><\/td>\n<td class=\"normal\" style=\"width: 9.55189%; height: 33px; text-align: center;\">\n<div><strong>03<\/strong><\/div>\n<\/td>\n<td class=\"normal\" style=\"width: 20.8726%; height: 33px; text-align: center;\"><strong>Director\/a<\/strong><\/td>\n<\/tr>\n<tr style=\"height: 48px;\" bgcolor=\"#afacc4\">\n<td class=\"normal\" style=\"width: 68.6321%; height: 48px;\"><a href=\"https:\/\/drive.google.com\/file\/d\/1JUOAHnN_NtzgJHRAtYuLCLqjr5T664u_\/view?usp=sharing\"><strong>Proc\u00e9s_17_Gesti\u00f3 de la prevenci\u00f3 de riscos<\/strong><\/a><\/td>\n<td class=\"normal\" style=\"width: 9.55189%; height: 48px; text-align: center;\">\n<div><strong>01<\/strong><\/div>\n<\/td>\n<td class=\"normal\" style=\"width: 20.8726%; height: 48px; text-align: center;\"><strong>Director\/a<\/strong><\/td>\n<\/tr>\n<tr style=\"height: 48px;\" bgcolor=\"#afacc4\">\n<td class=\"normal\" style=\"width: 68.6321%; height: 48px;\"><a href=\"https:\/\/drive.google.com\/file\/d\/15jczkvBz9KxCgzCfqC5eBjmjs7PAovwC\/view?usp=sharing\"><strong>Proc\u00e9s_18_Gesti\u00f3 medioambiental<\/strong><\/a><\/td>\n<td class=\"normal\" style=\"width: 9.55189%; height: 48px; text-align: center;\">\n<div><strong>00<\/strong><\/div>\n<\/td>\n<td class=\"normal\" style=\"width: 20.8726%; height: 48px; text-align: center;\"><strong>Coordinador\/a qualitat<\/strong><\/td>\n<\/tr>\n<tr style=\"height: 48px;\" bgcolor=\"#afacc4\">\n<td class=\"normal Estilo1 Estilo2\" style=\"width: 68.6321%; height: 48px;\">\n<div><strong><a href=\"https:\/\/agora.xtec.cat\/iesesteveterradas\/wp-content\/uploads\/usu855\/manual_indicadors_processos_2014_15_Marv-13.pdf\" target=\"_blank\" rel=\"noopener noreferrer\">Manual de resultats de processos 14-15 <\/a><\/strong><\/div>\n<\/td>\n<td class=\"normal Estilo1 Estilo2\" style=\"width: 9.55189%; height: 48px; text-align: center;\">\n<div><strong>13<\/strong><\/div>\n<\/td>\n<td class=\"normal Estilo1 Estilo2\" style=\"width: 20.8726%; height: 48px; text-align: center;\"><strong>Coordinador\/a Qualitat<\/strong><\/td>\n<\/tr>\n<tr style=\"height: 48px;\" bgcolor=\"#afacc4\">\n<td class=\"normal Estilo1 Estilo2\" style=\"width: 68.6321%; height: 48px;\">\n<div><strong><a href=\"https:\/\/agora.xtec.cat\/iesesteveterradas\/wp-content\/uploads\/usu855\/manual_indicadors_processos_2015_16-v-15.pdf\" target=\"_blank\" rel=\"noopener noreferrer\">Manual de resultats de processos 15-16 <\/a><\/strong><\/div>\n<\/td>\n<td class=\"normal Estilo1 Estilo2\" style=\"width: 9.55189%; height: 48px; text-align: center;\">\n<div><strong>15<\/strong><\/div>\n<\/td>\n<td class=\"normal Estilo1 Estilo2\" style=\"width: 20.8726%; height: 48px; text-align: center;\"><strong>Coordinador\/a Qualitat<\/strong><\/td>\n<\/tr>\n<tr style=\"height: 48px;\" bgcolor=\"#afacc4\">\n<td class=\"normal Estilo1 Estilo2\" style=\"width: 68.6321%; height: 48px;\">\n<div><strong><a href=\"https:\/\/agora.xtec.cat\/iesesteveterradas\/wp-content\/uploads\/usu855\/manual_indicadors_processos_2016-17.pdf\" target=\"_blank\" rel=\"noopener noreferrer\">Manual de resultats de processos 16-17 <\/a><\/strong><\/div>\n<\/td>\n<td class=\"normal Estilo1 Estilo2\" style=\"width: 9.55189%; height: 48px; text-align: center;\">\n<div><strong>16<\/strong><\/div>\n<\/td>\n<td class=\"normal Estilo1 Estilo2\" style=\"width: 20.8726%; height: 48px; text-align: center;\"><strong>Coordinador\/a Qualitat<\/strong><\/td>\n<\/tr>\n<tr style=\"height: 48px;\" bgcolor=\"#afacc4\">\n<td class=\"normal Estilo1 Estilo2\" style=\"width: 68.6321%; height: 48px;\">\n<div><strong><a href=\"https:\/\/agora.xtec.cat\/iesesteveterradas\/wp-content\/uploads\/usu855\/manual_indicadors_processos_2017-18_WEB.pdf\">Manual de resultats de processos 17-18<\/a><\/strong><\/div>\n<\/td>\n<td class=\"normal Estilo1 Estilo2\" style=\"width: 9.55189%; height: 48px; text-align: center;\">\n<div><strong>17<\/strong><\/div>\n<\/td>\n<td class=\"normal Estilo1 Estilo2\" style=\"width: 20.8726%; height: 48px; text-align: center;\"><strong>Coordinador\/a Qualitat<\/strong><\/td>\n<\/tr>\n<tr style=\"height: 45px;\">\n<td style=\"width: 68.6321%; height: 45px;\"><strong><a href=\"https:\/\/agora.xtec.cat\/iesesteveterradas\/wp-content\/uploads\/usu855\/manual_indicadors_processos_2018-19._ok_web.pdf\">Manual indicadors processos 2018-19<\/a><\/strong><\/td>\n<td style=\"width: 9.55189%; text-align: center; height: 45px;\">\n<div><strong>18<\/strong><\/div>\n<\/td>\n<td style=\"width: 20.8726%; text-align: center; height: 45px;\"><strong>Coordinador\/a Qualitat<\/strong><\/td>\n<\/tr>\n<tr style=\"height: 49px;\">\n<td style=\"width: 68.6321%; height: 49px;\"><strong><a href=\"https:\/\/agora.xtec.cat\/iesesteveterradas\/wp-content\/uploads\/usu855\/Manual_indicadors_processos_2019-20.pdf\">Manual indicadors processos 2019-20<\/a><\/strong><\/td>\n<td style=\"width: 9.55189%; text-align: center; height: 49px;\">\n<div><strong>19<\/strong><\/div>\n<\/td>\n<td style=\"width: 20.8726%; text-align: center; height: 49px;\"><strong>Coordinador\/a Qualitat<\/strong><\/td>\n<\/tr>\n<tr style=\"height: 49px;\">\n<td style=\"width: 68.6321%; height: 49px;\"><strong><a href=\"https:\/\/agora.xtec.cat\/iesesteveterradas\/wp-content\/uploads\/usu855\/Manual_indicadors_processos_2020-21.pdf\">Manual_indicadors_processos_2020-21<\/a><\/strong><\/td>\n<td style=\"width: 9.55189%; text-align: center; height: 49px;\">\n<div><strong>20<\/strong><\/div>\n<\/td>\n<td style=\"width: 20.8726%; text-align: center; height: 49px;\"><strong>Coordinador\/a Qualitat<\/strong><\/td>\n<\/tr>\n<tr style=\"height: 32px;\">\n<td style=\"width: 68.6321%; height: 32px;\"><strong><a href=\"https:\/\/agora.xtec.cat\/iesesteveterradas\/wp-content\/uploads\/usu855\/Manual_indicadors_processos_2021-22.pdf\">Manual indicadors processos 2021-22<\/a><\/strong><\/td>\n<td style=\"width: 9.55189%; text-align: center; height: 32px;\">\n<div><strong>21<\/strong><\/div>\n<\/td>\n<td style=\"width: 20.8726%; text-align: center; height: 32px;\"><strong>Coordinaci\u00f3 SGI<\/strong><\/td>\n<\/tr>\n<tr style=\"height: 32px;\">\n<td style=\"width: 68.6321%; height: 32px;\"><strong><a href=\"https:\/\/agora.xtec.cat\/iesesteveterradas\/wp-content\/uploads\/usu855\/Manual_indicadors_processos_2022-23.xlsx-Hoja1.pdf\">Manual indicadors processos 2022-2023<\/a><\/strong><\/td>\n<td style=\"width: 9.55189%; text-align: center; height: 32px;\">\n<div><strong>22<\/strong><\/div>\n<\/td>\n<td style=\"width: 20.8726%; text-align: center; height: 32px;\"><strong>Coordinaci\u00f3 SGI<\/strong><\/td>\n<\/tr>\n<tr style=\"height: 48px;\" bgcolor=\"#afacc4\">\n<td class=\"normal Estilo1 Estilo2\" style=\"width: 68.6321%; height: 33px;\"><strong><a href=\"https:\/\/agora.xtec.cat\/iesesteveterradas\/wp-content\/uploads\/usu855\/Manual_indicadors_processos_2023-24.xlsx-Hoja1.pdf\">Manual indicadors processos 2023-2024<\/a><\/strong><\/td>\n<td class=\"normal Estilo1 Estilo2\" style=\"width: 9.55189%; height: 33px; text-align: center;\"><strong>23<\/strong><\/td>\n<td class=\"normal Estilo1 Estilo2\" style=\"width: 20.8726%; height: 33px; text-align: center;\"><strong>Coordinaci\u00f3 SGI<\/strong><\/td>\n<\/tr>\n<tr style=\"height: 33px;\" bgcolor=\"#afacc4\">\n<td class=\"normal Estilo1 Estilo2\" style=\"width: 68.6321%; height: 33px;\"><a href=\"https:\/\/drive.google.com\/file\/d\/1Qgo5JD-4mj8eKPCdla4xCoQed0t59sV0\/view?usp=sharing\"><strong>Manual indicadors processos 2024-2025<\/strong><\/a><\/td>\n<td class=\"normal Estilo1 Estilo2\" style=\"width: 9.55189%; height: 33px; text-align: center;\"><strong>24<\/strong><\/td>\n<td class=\"normal Estilo1 Estilo2\" style=\"width: 20.8726%; height: 33px; text-align: center;\"><strong>Coordinaci\u00f3 SGI<\/strong><\/td>\n<\/tr>\n<\/tbody>\n<\/table>\n","protected":false},"excerpt":{"rendered":"<p>Nom proc\u00e9s<br \/>\nRevisi\u00f3<br \/>\nResponsable<\/p>\n<p><a href=\"https:\/\/drive.google.com\/file\/d\/1W9aBmos3f_t1nBKXUXJYgnrkNbU_fFYM\/view?usp=sharing\">Mapa de processos<\/a><\/p>\n<p>05<\/p>\n<p>Coordinador\/a Qualitat<\/p>\n<p><a href=\"https:\/\/agora.xtec.cat\/iesesteveterradas\/wp-content\/uploads\/usu855\/PRC_ET_01_Planificacio-estrategica_V02-1.pdf\">Proc\u00e9s_01_Planificaci\u00f3 estrat\u00e8gica<\/a><\/p>\n<p>02<\/p>\n<p>Director\/a<\/p>\n<p><a href=\"https:\/\/drive.google.com\/file\/d\/1_GGOfjRmWWmOiiiUffuqULHfql9ZSg0b\/view?usp=drive_link\">Proc\u00e9s_02_Organitzaci\u00f3 i planificaci\u00f3 del centre<\/a><\/p>\n<p>02<\/p>\n<p>Cap d&#8217;estudis ESO\/Batx i FP<\/p>\n<p><a href=\"https:\/\/agora.xtec.cat\/iesesteveterradas\/wp-content\/uploads\/usu855\/PRC_ET_03_Gesti\u00f3-del-recursos-econ\u00f2mics-i-materials_V01.pdf\">Proc\u00e9s_03_Gesti\u00f3 del recursos econ\u00f2mics i materials<\/a><\/p>\n<p>01<\/p>\n<p>Administrador\/a<\/p>\n<p><a href=\"https:\/\/agora.xtec.cat\/iesesteveterradas\/wp-content\/uploads\/usu855\/PRC_ET_04_Gesti\u00f3-de-la-comunicaci\u00f3_V01.pdf\">Proc\u00e9s_04_Gesti\u00f3 de la comunicaci\u00f3<\/a><\/p>\n<p>01<\/p>\n<p>Director\/a<\/p>\n<p><a href=\"https:\/\/agora.xtec.cat\/iesesteveterradas\/wp-content\/uploads\/usu855\/PRC_ET_05_Gestio-del-Sistema-de-Gestio-Integrat_V03.pdf\">Proc\u00e9s_05_Gesti\u00f3 del SGI<\/a><br \/>\n03<br \/>\nCoordinador\/a qualitat<\/p>\n<p><a href=\"https:\/\/agora.xtec.cat\/iesesteveterradas\/wp-content\/uploads\/usu855\/PRC_ET_06_Gestio-de-la-Innovacio_V01.pptx.pdf\">Proc\u00e9s_06_Gesti\u00f3 de la Innovaci\u00f3<\/a><\/p>\n<p>01<\/p>\n<p>Cap d&#8217;estudis FP<\/p>\n<p><a href=\"https:\/\/agora.xtec.cat\/iesesteveterradas\/wp-content\/uploads\/usu855\/PRC_ET_07_Gestio-i-planificacio-de-la-preinscripcio-i-matricula_V01.pptx-1.pdf\">Proc\u00e9s_07_Gesti\u00f3 i planificaci\u00f3 de la preinscripci\u00f3 i matr\u00edcula<\/a><\/p>\n<p>01<\/p>\n<p>Secretari\/a<\/p>\n<p><a&hellip;  <a href=\"https:\/\/agora.xtec.cat\/iesesteveterradas\/serveis-2\/qualitat\/processos\/\" title=\"Read Processos\">Llegeix m\u00e9s\u00bb<\/a><\/p>\n","protected":false},"author":1,"featured_media":0,"parent":1784,"menu_order":0,"comment_status":"closed","ping_status":"closed","template":"page-templates\/side-menu.php","meta":{"_bbp_topic_count":0,"_bbp_reply_count":0,"_bbp_total_topic_count":0,"_bbp_total_reply_count":0,"_bbp_voice_count":0,"_bbp_anonymous_reply_count":0,"_bbp_topic_count_hidden":0,"_bbp_reply_count_hidden":0,"_bbp_forum_subforum_count":0,"footnotes":""},"class_list":["post-1988","page","type-page","status-publish","hentry"],"post_mailing_queue_ids":[],"_links":{"self":[{"href":"https:\/\/agora.xtec.cat\/iesesteveterradas\/wp-json\/wp\/v2\/pages\/1988","targetHints":{"allow":["GET"]}}],"collection":[{"href":"https:\/\/agora.xtec.cat\/iesesteveterradas\/wp-json\/wp\/v2\/pages"}],"about":[{"href":"https:\/\/agora.xtec.cat\/iesesteveterradas\/wp-json\/wp\/v2\/types\/page"}],"author":[{"embeddable":true,"href":"https:\/\/agora.xtec.cat\/iesesteveterradas\/wp-json\/wp\/v2\/users\/1"}],"replies":[{"embeddable":true,"href":"https:\/\/agora.xtec.cat\/iesesteveterradas\/wp-json\/wp\/v2\/comments?post=1988"}],"version-history":[{"count":8,"href":"https:\/\/agora.xtec.cat\/iesesteveterradas\/wp-json\/wp\/v2\/pages\/1988\/revisions"}],"predecessor-version":[{"id":19472,"href":"https:\/\/agora.xtec.cat\/iesesteveterradas\/wp-json\/wp\/v2\/pages\/1988\/revisions\/19472"}],"up":[{"embeddable":true,"href":"https:\/\/agora.xtec.cat\/iesesteveterradas\/wp-json\/wp\/v2\/pages\/1784"}],"wp:attachment":[{"href":"https:\/\/agora.xtec.cat\/iesesteveterradas\/wp-json\/wp\/v2\/media?parent=1988"}],"curies":[{"name":"wp","href":"https:\/\/api.w.org\/{rel}","templated":true}]}}