{"id":1987,"date":"2019-01-08T17:34:40","date_gmt":"2019-01-08T16:34:40","guid":{"rendered":"http:\/\/agora.xtec.cat\/iesesteveterradas\/?page_id=1987"},"modified":"2026-04-15T11:17:35","modified_gmt":"2026-04-15T09:17:35","slug":"procediments","status":"publish","type":"page","link":"https:\/\/agora.xtec.cat\/iesesteveterradas\/serveis-2\/qualitat\/procediments\/","title":{"rendered":"Procediments"},"content":{"rendered":"<table style=\"border-collapse: collapse; width: 100%; height: 954px;\">\n<tbody>\n<tr style=\"height: 32px;\">\n<td style=\"width: 20.68%; height: 32px; background-color: #bdb9b9; border-color: #000000;\"><strong>Codi procediment<\/strong><\/td>\n<td style=\"width: 65.6529%; height: 32px; background-color: #bdb9b9; border-color: #000000;\"><strong>Nom<\/strong><\/td>\n<td style=\"width: 5.3071%; height: 32px; background-color: #bdb9b9; border-color: #000000;\"><strong>Versi\u00f3<\/strong><\/td>\n<td style=\"width: 8.36%; height: 32px; background-color: #bdb9b9; border-color: #000000;\"><strong>Data<\/strong><\/td>\n<\/tr>\n<tr style=\"height: 33px;\">\n<td class=\"normal\" style=\"width: 20.68%; height: 33px; border-color: #000000;\">PRD_ET_01<\/td>\n<td class=\"normal\" style=\"width: 65.6529%; height: 33px; border-color: #000000;\"><a href=\"https:\/\/agora.xtec.cat\/iesesteveterradas\/wp-content\/uploads\/usu855\/PR_ET_01_Procediment_Elaboracio_pressupost_V00.pdf\">Procediment d&#8217;elaboraci\u00f3 del pressupost<\/a><\/td>\n<td style=\"width: 5.3071%; height: 33px; border-color: #000000;\">00<\/td>\n<td style=\"width: 8.36%; height: 33px; border-color: #000000;\">09\/03\/20<\/td>\n<\/tr>\n<tr style=\"height: 33px;\">\n<td class=\"normal\" style=\"width: 20.68%; height: 33px; border-color: #000000;\">PRD_ET_02<\/td>\n<td class=\"normal\" style=\"width: 65.6529%; height: 33px; border-color: #000000;\"><a href=\"https:\/\/agora.xtec.cat\/iesesteveterradas\/wp-content\/uploads\/usu855\/PR_ET_02_Procediment_Control_gesti\u00f3_Economica_V00.pdf\">Gesti\u00f3 i control econ\u00f2mics<\/a><\/td>\n<td style=\"width: 5.3071%; height: 33px; border-color: #000000;\">00<\/td>\n<td style=\"width: 8.36%; height: 33px; border-color: #000000;\">09\/03\/20<\/td>\n<\/tr>\n<tr style=\"height: 33px;\">\n<td class=\"normal\" style=\"width: 20.68%; height: 33px; border-color: #000000;\">PRD_ET_03<\/td>\n<td class=\"normal\" style=\"width: 65.6529%; height: 33px; border-color: #000000;\"><a href=\"https:\/\/drive.google.com\/file\/d\/1koJVvYU2B5jdhY_BoJsqyBkXXoVpY-Dh\/view?usp=sharing\">Compres<\/a><\/td>\n<td style=\"width: 5.3071%; height: 33px; border-color: #000000;\">01<\/td>\n<td style=\"width: 8.36%; height: 33px; border-color: #000000;\">17\/02\/25<\/td>\n<\/tr>\n<tr style=\"height: 33px;\">\n<td class=\"normal\" style=\"width: 20.68%; height: 33px; border-color: #000000;\">PRD_ET_04<\/td>\n<td class=\"normal\" style=\"width: 65.6529%; height: 33px; border-color: #000000;\"><a href=\"https:\/\/agora.xtec.cat\/iesesteveterradas\/wp-content\/uploads\/usu855\/PRD_ET_04_Procediment_Homologacio-ProveidorsV02.docx.pdf\">Homologaci\u00f3 de prove\u00efdors<\/a><\/td>\n<td style=\"width: 5.3071%; height: 33px; border-color: #000000;\">02<\/td>\n<td style=\"width: 8.36%; height: 33px; border-color: #000000;\">17\/07\/22<\/td>\n<\/tr>\n<tr style=\"height: 33px;\">\n<td class=\"normal\" style=\"width: 20.68%; height: 33px; border-color: #000000;\">PRD_ET_05<\/td>\n<td class=\"normal\" style=\"width: 65.6529%; height: 33px; border-color: #000000;\"><a href=\"https:\/\/drive.google.com\/file\/d\/1WP0VqzMPc3HpY9w3MiI9Z26QVbntBjYQ\/view?usp=drive_link\">Procediment de control de la documentaci\u00f3<\/a><\/td>\n<td style=\"width: 5.3071%; height: 33px; border-color: #000000;\">02<\/td>\n<td style=\"width: 8.36%; height: 33px; border-color: #000000;\">11\/11\/25<\/td>\n<\/tr>\n<tr style=\"height: 33px;\">\n<td class=\"normal\" style=\"width: 20.68%; height: 33px; border-color: #000000;\">PRD_ET_06<\/td>\n<td class=\"normal\" style=\"width: 65.6529%; height: 33px; border-color: #000000;\"><a href=\"https:\/\/agora.xtec.cat\/iesesteveterradas\/wp-content\/uploads\/usu855\/PRD_ET_06_Gestio-NC-I-OM_V01.pdf\">Gesti\u00f3 de les NC i OM<\/a><\/td>\n<td style=\"width: 5.3071%; height: 33px; border-color: #000000;\">01<\/td>\n<td style=\"width: 8.36%; height: 33px; border-color: #000000;\">07\/03\/22<\/td>\n<\/tr>\n<tr style=\"height: 33px;\">\n<td class=\"normal\" style=\"width: 20.68%; height: 33px; border-color: #000000;\">PRD_ET_07<\/td>\n<td class=\"normal\" style=\"width: 65.6529%; height: 33px; border-color: #000000;\"><a href=\"https:\/\/agora.xtec.cat\/iesesteveterradas\/wp-content\/uploads\/usu855\/PRD_ET_07_Gesti\u00f3DeQueixesiReclamacions_V00.pdf\">Gesti\u00f3 de queixes i reclamacions<\/a><\/td>\n<td style=\"width: 5.3071%; height: 33px; border-color: #000000;\">00<\/td>\n<td style=\"width: 8.36%; height: 33px; border-color: #000000;\">02\/03\/20<\/td>\n<\/tr>\n<tr style=\"height: 33px;\">\n<td class=\"normal\" style=\"width: 20.68%; height: 33px; border-color: #000000;\">PRD_ET_08<\/td>\n<td class=\"normal\" style=\"width: 65.6529%; height: 33px; border-color: #000000;\"><a href=\"https:\/\/agora.xtec.cat\/iesesteveterradas\/wp-content\/uploads\/usu855\/PRD_ET_08_AuditoriaInterna_V01.pdf\">Auditoria interna<\/a><\/td>\n<td style=\"width: 5.3071%; height: 33px; border-color: #000000;\">01<\/td>\n<td style=\"width: 8.36%; height: 33px; border-color: #000000;\">07\/03\/22<\/td>\n<\/tr>\n<tr style=\"height: 33px;\">\n<td class=\"normal\" style=\"width: 20.68%; height: 33px; border-color: #000000;\">PRD_ET_09<\/td>\n<td class=\"normal\" style=\"width: 65.6529%; height: 33px; border-color: #000000;\"><a href=\"https:\/\/agora.xtec.cat\/iesesteveterradas\/wp-content\/uploads\/usu855\/PRD_ET_09_Revisi\u00f3xDirecci\u00f3_V00.pdf\">Revisi\u00f3 per la Direcci\u00f3<\/a><\/td>\n<td style=\"width: 5.3071%; height: 33px; border-color: #000000;\">00<\/td>\n<td style=\"width: 8.36%; height: 33px; border-color: #000000;\">02\/03\/20<\/td>\n<\/tr>\n<tr style=\"height: 33px;\">\n<td class=\"normal\" style=\"width: 20.68%; height: 33px; border-color: #000000;\">PRD_ET_10<\/td>\n<td class=\"normal\" style=\"width: 65.6529%; height: 33px; border-color: #000000;\"><a href=\"https:\/\/agora.xtec.cat\/iesesteveterradas\/wp-content\/uploads\/usu855\/PRD_ET_10_Gesti\u00f3deRiscos_V00.pdf\">Gesti\u00f3 de riscos<\/a><\/td>\n<td style=\"width: 5.3071%; border-color: #000000; height: 33px;\">00<\/td>\n<td style=\"width: 8.36%; border-color: #000000; height: 33px;\">02\/03\/20<\/td>\n<\/tr>\n<tr style=\"height: 33px;\">\n<td class=\"normal\" style=\"width: 20.68%; height: 33px; border-color: #000000;\">PRD_ET_11<\/td>\n<td class=\"normal\" style=\"width: 65.6529%; height: 33px; border-color: #000000;\"><a href=\"https:\/\/drive.google.com\/file\/d\/1rX4oSwuklKL2C9IyehB3H7x4Cf4RD7c7\/view?usp=sharing\">Preinscripci\u00f3 i matr\u00edcula<\/a><\/td>\n<td style=\"width: 5.3071%; border-color: #000000; height: 33px;\">01<\/td>\n<td style=\"width: 8.36%; border-color: #000000; height: 33px;\">17\/02\/25<\/td>\n<\/tr>\n<tr style=\"height: 33px;\">\n<td class=\"normal\" style=\"width: 20.68%; height: 33px; border-color: #000000;\">PRD_ET_12<\/td>\n<td class=\"normal\" style=\"width: 65.6529%; height: 33px; border-color: #000000;\"><a href=\"https:\/\/agora.xtec.cat\/iesesteveterradas\/wp-content\/uploads\/usu855\/PRD_ET_12_Gesti\u00f3-mobilitat-internacional_v00.pdf\">Gesti\u00f3 de la mobilitat internacional<\/a><\/td>\n<td style=\"width: 5.3071%; border-color: #000000; height: 33px;\">00<\/td>\n<td style=\"width: 8.36%; border-color: #000000; height: 33px;\">09\/03\/20<\/td>\n<\/tr>\n<tr style=\"height: 33px;\">\n<td class=\"normal\" style=\"width: 20.68%; height: 33px; border-color: #000000;\">PRD_ET_13<\/td>\n<td class=\"normal\" style=\"width: 65.6529%; height: 33px; border-color: #000000;\"><a href=\"https:\/\/agora.xtec.cat\/iesesteveterradas\/wp-content\/uploads\/usu855\/PRD_ET_13_SARE_V00.pdf\">Procediment d&#8217;assessorament i reconeixement<\/a><\/td>\n<td style=\"width: 5.3071%; border-color: #000000; height: 33px;\">00<\/td>\n<td style=\"width: 8.36%; border-color: #000000; height: 33px;\">02\/03\/20<\/td>\n<\/tr>\n<tr style=\"height: 33px;\">\n<td class=\"normal\" style=\"width: 20.68%; height: 33px; border-color: #000000;\">PRD_ET_14<\/td>\n<td class=\"normal\" style=\"width: 65.6529%; height: 33px; border-color: #000000;\"><a href=\"https:\/\/agora.xtec.cat\/iesesteveterradas\/wp-content\/uploads\/usu855\/PRD_ET_14_Gesti\u00f3_residusV00.pdf\">Gesti\u00f3 de residus<\/a><\/td>\n<td style=\"width: 5.3071%; border-color: #000000; height: 33px;\">00<\/td>\n<td style=\"width: 8.36%; border-color: #000000; height: 33px;\">09\/03\/20<\/td>\n<\/tr>\n<tr style=\"height: 33px;\">\n<td class=\"normal\" style=\"width: 20.68%; height: 33px; border-color: #000000;\">PRD_ET_15<\/td>\n<td class=\"normal\" style=\"width: 65.6529%; height: 33px; border-color: #000000;\"><a href=\"https:\/\/agora.xtec.cat\/iesesteveterradas\/wp-content\/uploads\/usu855\/PRD_ET_15_Procediment_Gesti\u00f3_manteniment_inform\u00e0ticV00.pdf\">Gesti\u00f3 del manteniment inform\u00e0tic<\/a><\/td>\n<td style=\"width: 5.3071%; border-color: #000000; height: 33px;\">00<\/td>\n<td style=\"width: 8.36%; border-color: #000000; height: 33px;\">09\/03\/20<\/td>\n<\/tr>\n<tr style=\"height: 33px;\">\n<td class=\"normal\" style=\"width: 20.68%; height: 33px; border-color: #000000;\">PRD_ET_16<\/td>\n<td class=\"normal\" style=\"width: 65.6529%; height: 33px; border-color: #000000;\"><a href=\"https:\/\/agora.xtec.cat\/iesesteveterradas\/wp-content\/uploads\/usu855\/PRD_ET_16_Emmagatzematge-de-productes-qu\u00edmics_V00.pdf\">Emmagatzematge de productes qu\u00edmics<\/a><\/td>\n<td style=\"width: 5.3071%; border-color: #000000; height: 33px;\">00<\/td>\n<td style=\"width: 8.36%; border-color: #000000; height: 33px;\">09\/03\/20<\/td>\n<\/tr>\n<tr style=\"height: 33px;\">\n<td class=\"normal\" style=\"width: 20.68%; height: 33px; border-color: #000000;\">PRD_ET_17<\/td>\n<td class=\"normal\" style=\"width: 65.6529%; height: 33px; border-color: #000000;\"><a href=\"https:\/\/drive.google.com\/file\/d\/1t8KfS11oyEnU4ycZlpqWjteyCEujLqCP\/view?usp=sharing\">Formaci\u00f3 i serveis a demanda<\/a><\/td>\n<td style=\"width: 5.3071%; border-color: #000000; height: 33px;\">01<\/td>\n<td style=\"width: 8.36%; border-color: #000000; height: 33px;\">27\/01\/25<\/td>\n<\/tr>\n<tr style=\"height: 33px;\">\n<td class=\"normal\" style=\"width: 20.68%; height: 33px; border-color: #000000;\">PRD_ET_18<\/td>\n<td class=\"normal\" style=\"width: 65.6529%; height: 33px; border-color: #000000;\"><a href=\"https:\/\/agora.xtec.cat\/iesesteveterradas\/wp-content\/uploads\/usu855\/PRD_ET_18_Gesti\u00f3-i-notificaci\u00f3-dincid\u00e8ncies-a-laplicaci\u00f3-de-la-LOPD_V00.pdf\">Gesti\u00f3 i notificaci\u00f3 d&#8217;incid\u00e8ncies a l&#8217;aplicaci\u00f3 de la LOPD<\/a><\/td>\n<td style=\"width: 5.3071%; border-color: #000000; height: 33px;\">00<\/td>\n<td style=\"width: 8.36%; border-color: #000000; height: 33px;\">02\/03\/20<\/td>\n<\/tr>\n<tr style=\"height: 33px;\">\n<td class=\"normal\" style=\"width: 20.68%; height: 33px; border-color: #000000;\">PRD_ET_19<\/td>\n<td class=\"normal\" style=\"width: 65.6529%; height: 33px; border-color: #000000;\"><a href=\"https:\/\/agora.xtec.cat\/iesesteveterradas\/wp-content\/uploads\/usu855\/PRD_ET_19_Tramitaci\u00f3-de-t\u00edtols-i-certificats_00.pdf\">Tramitaci\u00f3 de t\u00edtols i certificats<\/a><\/td>\n<td style=\"width: 5.3071%; border-color: #000000; height: 33px;\">00<\/td>\n<td style=\"width: 8.36%; border-color: #000000; height: 33px;\">02\/03\/20<\/td>\n<\/tr>\n<tr style=\"height: 33px;\">\n<td class=\"normal\" style=\"width: 20.68%; height: 33px; border-color: #000000;\">PRD_ET_20<\/td>\n<td class=\"normal\" style=\"width: 65.6529%; height: 33px; border-color: #000000;\"><a href=\"https:\/\/agora.xtec.cat\/iesesteveterradas\/wp-content\/uploads\/usu855\/PRD_ET_20_Control-dassistencia-personal-de-lInstitut_V01.pdf\">Control d&#8217;assist\u00e8ncia del personal de l&#8217;Institut<\/a><\/td>\n<td style=\"width: 5.3071%; border-color: #000000; height: 33px;\">01<\/td>\n<td style=\"width: 8.36%; border-color: #000000; height: 33px;\">03\/02\/25<\/td>\n<\/tr>\n<tr style=\"height: 33px;\">\n<td class=\"normal\" style=\"width: 20.68%; height: 33px; border-color: #000000;\">PRD_ET_21<\/td>\n<td class=\"normal\" style=\"width: 65.6529%; height: 33px; border-color: #000000;\"><a href=\"https:\/\/agora.xtec.cat\/iesesteveterradas\/wp-content\/uploads\/usu855\/PRD_ET_21_Detecci\u00f3-necessitats-de-formaci\u00f3-professorat_V00.pdf\">Detecci\u00f3 de les necessitats de formaci\u00f3 del professorat<\/a><\/td>\n<td style=\"width: 5.3071%; border-color: #000000; height: 33px;\">00<\/td>\n<td style=\"width: 8.36%; border-color: #000000; height: 33px;\">02\/03\/20<\/td>\n<\/tr>\n<tr style=\"height: 33px;\">\n<td class=\"normal\" style=\"width: 20.68%; height: 33px; border-color: #000000;\">PRD_ET_22<\/td>\n<td class=\"normal\" style=\"width: 65.6529%; height: 33px; border-color: #000000;\"><a href=\"https:\/\/agora.xtec.cat\/iesesteveterradas\/wp-content\/uploads\/usu855\/PRD_ET_22_Elaboraci\u00f3-dhoraris_V00.pdf\">Elaboraci\u00f3 d&#8217;horaris<\/a><\/td>\n<td style=\"width: 5.3071%; border-color: #000000; height: 33px;\">00<\/td>\n<td style=\"width: 8.36%; border-color: #000000; height: 33px;\">02\/03\/20<\/td>\n<\/tr>\n<tr style=\"height: 33px;\">\n<td class=\"normal\" style=\"width: 20.68%; height: 33px; border-color: #000000;\">PRD_ET_23<\/td>\n<td class=\"normal\" style=\"width: 65.6529%; height: 33px; border-color: #000000;\"><a href=\"https:\/\/agora.xtec.cat\/iesesteveterradas\/wp-content\/uploads\/usu855\/PRD_ET_23_Identificaci\u00f3_avaluaci\u00f3_riscos_laborals_V00.pdf\">Identificaci\u00f3 i avaluaci\u00f3 de riscos laborals<\/a><\/td>\n<td style=\"width: 5.3071%; border-color: #000000; height: 33px;\">00<\/td>\n<td style=\"width: 8.36%; border-color: #000000; height: 33px;\">02\/03\/20<\/td>\n<\/tr>\n<tr style=\"height: 33px;\">\n<td class=\"normal\" style=\"width: 20.68%; height: 33px; border-color: #000000;\">PRD_ET_24<\/td>\n<td class=\"normal\" style=\"width: 65.6529%; height: 33px; border-color: #000000;\"><a href=\"https:\/\/drive.google.com\/file\/d\/1e-gswgRZBPgzYTlLNk9ub6zWI0Jplsja\/view?usp=sharing\">Procediment d&#8217;emerg\u00e8ncies m\u00e8diques<\/a><\/td>\n<td style=\"width: 5.3071%; border-color: #000000; height: 33px;\">02<\/td>\n<td style=\"width: 8.36%; border-color: #000000; height: 33px;\">17\/02\/25<\/td>\n<\/tr>\n<tr style=\"height: 33px;\">\n<td class=\"normal\" style=\"width: 20.68%; height: 33px; border-color: #000000;\">PRD_ET_25<\/td>\n<td class=\"normal\" style=\"width: 65.6529%; height: 33px; border-color: #000000;\"><a href=\"https:\/\/agora.xtec.cat\/iesesteveterradas\/wp-content\/uploads\/usu855\/PRD_ET_25_Procediment_absencies_professorat_i_PAS_01.pdf\">Procediment d&#8217;abs\u00e8ncies del professorat i el PAS<\/a><\/td>\n<td style=\"width: 5.3071%; border-color: #000000; height: 33px;\">01<\/td>\n<td style=\"width: 8.36%; border-color: #000000; height: 33px;\">18\/03\/24<\/td>\n<\/tr>\n<tr style=\"height: 33px;\">\n<td class=\"normal\" style=\"width: 20.68%; height: 33px; border-color: #000000;\">PRD_ET_26<\/td>\n<td class=\"normal\" style=\"width: 65.6529%; height: 33px; border-color: #000000;\"><a href=\"https:\/\/drive.google.com\/file\/d\/1LE36X3dJB3QDzZPepsG6AkcuZwi15MYc\/view?usp=drive_link\">Procediment d&#8217;identificaci\u00f3 i avaluaci\u00f3 d&#8217;aspecte i impactes ambientals<\/a><\/td>\n<td style=\"width: 5.3071%; border-color: #000000; height: 33px;\">03<\/td>\n<td style=\"width: 8.36%; border-color: #000000; height: 33px;\">19\/05\/25<\/td>\n<\/tr>\n<tr style=\"height: 32px;\">\n<td style=\"width: 20.68%; border-color: #000000; height: 32px;\">PRD_ET_27<\/td>\n<td style=\"width: 65.6529%; border-color: #000000; height: 32px;\"><a href=\"https:\/\/drive.google.com\/file\/d\/1XMFR6iF-iQlWSZNSXPbQ4GSOilSUX4QJ\/view?usp=sharing\">Procediment d&#8217;actuaci\u00f3 davant d&#8217;una emerg\u00e8ncia ambiental i clim\u00e0tiques<\/a><\/td>\n<td style=\"width: 5.3071%; border-color: #000000; height: 32px;\">01<\/td>\n<td style=\"width: 8.36%; border-color: #000000; height: 32px;\">10\/07\/25<\/td>\n<\/tr>\n<tr style=\"height: 32px;\">\n<td style=\"width: 20.68%; border-color: #000000; height: 32px;\">PRD_ET_28<\/td>\n<td style=\"width: 65.6529%; border-color: #000000; height: 32px;\"><a href=\"https:\/\/agora.xtec.cat\/iesesteveterradas\/wp-content\/uploads\/usu855\/PRD_ET_27_Procediment-dactuacio-davant-duna-emergencia-ambiental.docx.pdf\">Procediment de gesti\u00f3 del CAE<\/a><\/td>\n<td style=\"width: 5.3071%; border-color: #000000; height: 32px;\">00<\/td>\n<td style=\"width: 8.36%; border-color: #000000; height: 32px;\">31\/05\/23<\/td>\n<\/tr>\n<\/tbody>\n<\/table>\n","protected":false},"excerpt":{"rendered":"<p>Codi procediment<br \/>\nNom<br \/>\nVersi\u00f3<br \/>\nData<\/p>\n<p>PRD_ET_01<br \/>\n<a href=\"https:\/\/agora.xtec.cat\/iesesteveterradas\/wp-content\/uploads\/usu855\/PR_ET_01_Procediment_Elaboracio_pressupost_V00.pdf\">Procediment d&#8217;elaboraci\u00f3 del pressupost<\/a><br \/>\n00<br \/>\n09\/03\/20<\/p>\n<p>PRD_ET_02<br \/>\n<a href=\"https:\/\/agora.xtec.cat\/iesesteveterradas\/wp-content\/uploads\/usu855\/PR_ET_02_Procediment_Control_gesti\u00f3_Economica_V00.pdf\">Gesti\u00f3 i control econ\u00f2mics<\/a><br \/>\n00<br \/>\n09\/03\/20<\/p>\n<p>PRD_ET_03<br \/>\n<a href=\"https:\/\/drive.google.com\/file\/d\/1koJVvYU2B5jdhY_BoJsqyBkXXoVpY-Dh\/view?usp=sharing\">Compres<\/a><br \/>\n01<br \/>\n17\/02\/25<\/p>\n<p>PRD_ET_04<br \/>\n<a href=\"https:\/\/agora.xtec.cat\/iesesteveterradas\/wp-content\/uploads\/usu855\/PRD_ET_04_Procediment_Homologacio-ProveidorsV02.docx.pdf\">Homologaci\u00f3 de prove\u00efdors<\/a><br \/>\n02<br \/>\n17\/07\/22<\/p>\n<p>PRD_ET_05<br \/>\n<a href=\"https:\/\/drive.google.com\/file\/d\/1WP0VqzMPc3HpY9w3MiI9Z26QVbntBjYQ\/view?usp=drive_link\">Procediment de control de la documentaci\u00f3<\/a><br \/>\n02<br \/>\n11\/11\/25<\/p>\n<p>PRD_ET_06<br \/>\n<a href=\"https:\/\/agora.xtec.cat\/iesesteveterradas\/wp-content\/uploads\/usu855\/PRD_ET_06_Gestio-NC-I-OM_V01.pdf\">Gesti\u00f3 de les NC i OM<\/a><br \/>\n01<br \/>\n07\/03\/22<\/p>\n<p>PRD_ET_07<br \/>\n<a href=\"https:\/\/agora.xtec.cat\/iesesteveterradas\/wp-content\/uploads\/usu855\/PRD_ET_07_Gesti\u00f3DeQueixesiReclamacions_V00.pdf\">Gesti\u00f3 de queixes i reclamacions<\/a><br \/>\n00<br \/>\n02\/03\/20<\/p>\n<p>PRD_ET_08<br \/>\n<a href=\"https:\/\/agora.xtec.cat\/iesesteveterradas\/wp-content\/uploads\/usu855\/PRD_ET_08_AuditoriaInterna_V01.pdf\">Auditoria interna<\/a><br \/>\n01<br \/>\n07\/03\/22<\/p>\n<p>PRD_ET_09<br \/>\n<a href=\"https:\/\/agora.xtec.cat\/iesesteveterradas\/wp-content\/uploads\/usu855\/PRD_ET_09_Revisi\u00f3xDirecci\u00f3_V00.pdf\">Revisi\u00f3 per la Direcci\u00f3<\/a><br \/>\n00<br \/>\n02\/03\/20<\/p>\n<p>PRD_ET_10<br \/>\n<a href=\"https:\/\/agora.xtec.cat\/iesesteveterradas\/wp-content\/uploads\/usu855\/PRD_ET_10_Gesti\u00f3deRiscos_V00.pdf\">Gesti\u00f3 de riscos<\/a><br \/>\n00<br \/>\n02\/03\/20<\/p>\n<p>PRD_ET_11<br \/>\n<a href=\"https:\/\/drive.google.com\/file\/d\/1rX4oSwuklKL2C9IyehB3H7x4Cf4RD7c7\/view?usp=sharing\">Preinscripci\u00f3 i matr\u00edcula<\/a><br \/>\n01<br \/>\n17\/02\/25<\/p>\n<p>PRD_ET_12<br \/>\n<a href=\"https:\/\/agora.xtec.cat\/iesesteveterradas\/wp-content\/uploads\/usu855\/PRD_ET_12_Gesti\u00f3-mobilitat-internacional_v00.pdf\">Gesti\u00f3 de&hellip;  <a href=\"https:\/\/agora.xtec.cat\/iesesteveterradas\/serveis-2\/qualitat\/procediments\/\" title=\"Read Procediments\">Llegeix m\u00e9s\u00bb<\/a><\/p>\n","protected":false},"author":1,"featured_media":0,"parent":1784,"menu_order":0,"comment_status":"closed","ping_status":"closed","template":"page-templates\/side-menu.php","meta":{"_bbp_topic_count":0,"_bbp_reply_count":0,"_bbp_total_topic_count":0,"_bbp_total_reply_count":0,"_bbp_voice_count":0,"_bbp_anonymous_reply_count":0,"_bbp_topic_count_hidden":0,"_bbp_reply_count_hidden":0,"_bbp_forum_subforum_count":0,"footnotes":""},"class_list":["post-1987","page","type-page","status-publish","hentry"],"post_mailing_queue_ids":[],"_links":{"self":[{"href":"https:\/\/agora.xtec.cat\/iesesteveterradas\/wp-json\/wp\/v2\/pages\/1987","targetHints":{"allow":["GET"]}}],"collection":[{"href":"https:\/\/agora.xtec.cat\/iesesteveterradas\/wp-json\/wp\/v2\/pages"}],"about":[{"href":"https:\/\/agora.xtec.cat\/iesesteveterradas\/wp-json\/wp\/v2\/types\/page"}],"author":[{"embeddable":true,"href":"https:\/\/agora.xtec.cat\/iesesteveterradas\/wp-json\/wp\/v2\/users\/1"}],"replies":[{"embeddable":true,"href":"https:\/\/agora.xtec.cat\/iesesteveterradas\/wp-json\/wp\/v2\/comments?post=1987"}],"version-history":[{"count":8,"href":"https:\/\/agora.xtec.cat\/iesesteveterradas\/wp-json\/wp\/v2\/pages\/1987\/revisions"}],"predecessor-version":[{"id":19477,"href":"https:\/\/agora.xtec.cat\/iesesteveterradas\/wp-json\/wp\/v2\/pages\/1987\/revisions\/19477"}],"up":[{"embeddable":true,"href":"https:\/\/agora.xtec.cat\/iesesteveterradas\/wp-json\/wp\/v2\/pages\/1784"}],"wp:attachment":[{"href":"https:\/\/agora.xtec.cat\/iesesteveterradas\/wp-json\/wp\/v2\/media?parent=1987"}],"curies":[{"name":"wp","href":"https:\/\/api.w.org\/{rel}","templated":true}]}}