{"id":19,"date":"2014-09-17T14:56:56","date_gmt":"2014-09-17T12:56:56","guid":{"rendered":"http:\/\/agora.xtec.cat\/iesesteveterradas\/?page_id=19"},"modified":"2025-01-20T18:02:33","modified_gmt":"2025-01-20T17:02:33","slug":"linstitut","status":"publish","type":"page","link":"https:\/\/agora.xtec.cat\/iesesteveterradas\/linstitut\/","title":{"rendered":"L&#8217;Institut"},"content":{"rendered":"<p style=\"text-align: justify;\">Som un centre de secund\u00e0ria situat al centre de <a title=\"Cornell\u00e0 del Llobregat\" href=\"http:\/\/www.cornellaweb.com\/\" target=\"_blank\" rel=\"noopener noreferrer\">Cornell\u00e0 de Llobregat<\/a> (Baix LLobregat), molt aprop de Barcelona i ben comunicat amb <a title=\"Metro\" href=\"http:\/\/www.tmb.net\/cast\/home.htm\" target=\"_blank\" rel=\"noopener noreferrer\">metro<\/a>, <a title=\"Renfe\" href=\"http:\/\/www.renfe.es\/\" target=\"_blank\" rel=\"noopener noreferrer\">Renfe<\/a>, <a title=\"Autobusos\" href=\"http:\/\/www.tmb.net\/cast\/home.htm\" target=\"_blank\" rel=\"noopener noreferrer\">autobusos<\/a> i <a title=\"Ferrocarrils de la Generalitat\" href=\"http:\/\/www.fgc.net\/\" target=\"_blank\" rel=\"noopener noreferrer\">Ferrocarrils de la Generalitat<\/a>.<\/p>\n<p style=\"text-align: justify;\">V\u00e0rem comen\u00e7ar la nostra tasca educativa al 1975 i des de llavors hem fet un esfor\u00e7 per a millorar cont\u00ednuament la qualitat de les diferents vessants que intervenen en els processos d&#8217;aprenentatge.<\/p>\n<p style=\"text-align: justify;\">El fet de tenir m\u00e9s de 300 empreses col.laboradores, 1800 convenis de pr\u00e0ctiques realitzats fins ara, aix\u00ed com a les relacions que matenim amb empresaris, mares i pares d&#8217;alumnes i ex-alumnat; ens autoritzen a fer una valoraci\u00f3 positiva del treball fet fins ara.<\/p>\n<p>Estem certificats en la ISO-9001 des de l\u2019any 2008, en la ISO-45001 des de l\u2019any 2021 i en la ISO-14001 des de l\u2019any 2023<\/p>\n<p style=\"text-align: justify;\">Si fas un recorregut per aquesta p\u00e0gina web, trobareu informaci\u00f3 detallada de les nostres instal\u00b7lacions, de les modalitats de batxillerats, dels curr\u00edculums de l&#8217;ESO que impartim i dels continguts que s&#8217;imparteixen a la Formaci\u00f3 Professional (Cicle Formatius i Programa de Formaci\u00f3 i Inserci\u00f3 i cursos d\u2019especialitzaci\u00f3).<\/p>\n<p style=\"text-align: justify;\">Participem a les xarxes de Qualitat i millora cont\u00ednua (Qualitat, Riscos i Medi Ambient), FP FCT i DUAL, InnovaFP, Emprenedoria, Assessorament a empreses\/EMPRENFP FP, Activa FP, IntegraFP, EmpresaFP, FuturaFP, Orientaci\u00f3 acad\u00e8mica i assessorament FP, Mobilitat Internacional, Assessorament i Reconeixement, ACTIC.<\/p>\n<p style=\"text-align: justify;\"><strong>MISSI\u00d3<\/strong><\/p>\n<p style=\"text-align: justify;\">La missi\u00f3 fonamental de l\u2019Institut Esteve Terradas i Illa \u00e9s formar, orientar i acreditar el nostre alumnat d\u2019acord amb els objectius i finalitats desplegats en les lleis educatives i la identitat pr\u00f2pia de l\u2019Institut, per tal que assoleixin els coneixements, les habilitats, les actituds, els valors socials i de sostenibilitat i de prevenci\u00f3 de riscos, aix\u00ed com les capacitats que facilitaran el seu desenvolupament integral com a individus en la societat al llarg de la seva vida. La sensibilitzaci\u00f3 envers els impactes ambientals derivats de les activitats que es duen a terme en el centre per part de totes les parts interessades \u00e9s un aspecte fonamental per tal d\u2019arribar a un grau de sostenibilitat desitjable.<\/p>\n<p style=\"text-align: justify;\">Com a centre educatiu, tenim una gran responsabilitat social, i per tant la nostra missi\u00f3 \u00e9s tamb\u00e9 donar el millor servei a la resta de grups d\u2019inter\u00e8s: Departament d\u2019Educaci\u00f3, fam\u00edlies, empreses, instituts i escoles, Departament d\u2019Acci\u00f3 Clim\u00e0tica, Alimentaci\u00f3 i Agenda Rural, fundacions i entitats amb qu\u00e8 col\u00b7laborem.<\/p>\n<p style=\"text-align: justify;\"><strong>VISI\u00d3<\/strong><\/p>\n<p>L\u2019Institut Esteve Terradas vol ser un centre excel\u00b7lent en tots els \u00e0mbits i arribar a ser un campus de refer\u00e8ncia a Cornell\u00e0 i al Baix Llobregat, que:<\/p>\n<ul>\n<li>proporcioni al nostre alumnat una formaci\u00f3 de qualitat d\u2019acord amb els principis d&#8217;excel\u00b7l\u00e8ncia i equitat.<\/li>\n<li style=\"text-align: justify;\">satisfaci les expectatives de les fam\u00edlies envers l\u2019educaci\u00f3 dels seus\/seves fills i filles.<\/li>\n<li style=\"text-align: justify;\">sigui obert i actiu davant dels nous reptes i innovacions emergents en la societat.<\/li>\n<li style=\"text-align: justify;\">doni el millor servei a les empreses, fundacions i entitats amb les quals col\u00b7laborem.<\/li>\n<li style=\"text-align: justify;\">assessori, orienti i acrediti treballadors\/es en actiu.<\/li>\n<li style=\"text-align: justify;\">faci\u00fas social dels seus espais per atendre necessitats que sorgeixin a l\u2019\u00e0rea d\u2019influ\u00e8ncia.<\/li>\n<li style=\"text-align: justify;\">mantingui un sistema de gesti\u00f3 integrat de refer\u00e8ncia segons les normes ISO9001:2015, ISO14001:2015 i la ISO 45001:2018.<\/li>\n<\/ul>\n<p style=\"text-align: justify;\"><strong>VALORS<\/strong><\/p>\n<p style=\"text-align: justify;\">L\u2019Institut Esteve Terradas es defineix com catal\u00e0, laic, integrador, respectu\u00f3s amb totes les cultures i ideologies, coeducador, responsable socialment, respectu\u00f3s amb el medi ambient, democr\u00e0tic i obert al canvi i al progr\u00e9s. A m\u00e9s, est\u00e0 implicat en la millora de la qualitat dels ensenyaments i serveis que proporciona a l\u2019alumnat i a tots els grups d\u2019inter\u00e8s, aix\u00ed com en l\u2019an\u00e0lisi dels impactes ambientals derivats de les seves activitats per tal de poder minimitzar-los o eliminar-los, i sempre valorant la import\u00e0ncia del treball segons les normatives de seguretat i salut en el treball.<\/p>\n<p style=\"text-align: justify;\">Tot aix\u00f2 es treballa des de diferents \u00e0mbits: Des dels propis curr\u00edculums, des de la tutoria, des del servei de mediaci\u00f3, des del projecte de coeducaci\u00f3, des del servei comunitari, mitjan\u00e7ant l\u2019aula d\u2019acollida, les SIEI (Suport Integral a l\u2019Escola Inclusiva), des de les diferents coordinacions i des del propi exemple de les persones<\/p>\n<hr \/>\n<p class=\"contentheading\" style=\"text-align: justify;\">Esteve Terradas (Barcelona, 1883 &#8211; Madrid, 1950): Enlla\u00e7os d&#8217;Inter\u00e9s<\/p>\n<ul style=\"text-align: justify;\">\n<li><a href=\"http:\/\/es.wikipedia.org\/wiki\/Esteban_Terradas\" target=\"_blank\" rel=\"noopener noreferrer\">Esteban Terradas: Wikipedia<\/a><\/li>\n<li><a href=\"http:\/\/www.salleurl.edu\/CeCAD\/terradas\/index.htm\" target=\"_blank\" rel=\"noopener noreferrer\">Esteban Terradas, una vida entregada a la ciencia y a la tecnolog\u00eda<\/a><\/li>\n<li><a href=\"http:\/\/www.prbb.org\/quark\/31\/default.htm\" target=\"_blank\" rel=\"noopener noreferrer\">Esteve Terradas y su \u00e9poca<\/a><\/li>\n<\/ul>\n<p style=\"color: #444444; text-align: justify;\">\n","protected":false},"excerpt":{"rendered":"<p>Som un centre de secund\u00e0ria situat al centre de <a title=\"Cornell\u00e0 del Llobregat\" href=\"http:\/\/www.cornellaweb.com\/\" target=\"_blank\" rel=\"noopener noreferrer\">Cornell\u00e0 de Llobregat<\/a> (Baix LLobregat), molt aprop de Barcelona i ben comunicat amb <a title=\"Metro\" href=\"http:\/\/www.tmb.net\/cast\/home.htm\" target=\"_blank\" rel=\"noopener noreferrer\">metro<\/a>, <a title=\"Renfe\" href=\"http:\/\/www.renfe.es\/\" target=\"_blank\" rel=\"noopener noreferrer\">Renfe<\/a>, <a title=\"Autobusos\" href=\"http:\/\/www.tmb.net\/cast\/home.htm\" target=\"_blank\"&hellip;  <a href=\"https:\/\/agora.xtec.cat\/iesesteveterradas\/linstitut\/\" title=\"Read L&#8217;Institut\">Llegeix m\u00e9s\u00bb<\/a><\/p>\n","protected":false},"author":1,"featured_media":0,"parent":0,"menu_order":100,"comment_status":"closed","ping_status":"closed","template":"page-templates\/side-menu.php","meta":{"_bbp_topic_count":0,"_bbp_reply_count":0,"_bbp_total_topic_count":0,"_bbp_total_reply_count":0,"_bbp_voice_count":0,"_bbp_anonymous_reply_count":0,"_bbp_topic_count_hidden":0,"_bbp_reply_count_hidden":0,"_bbp_forum_subforum_count":0,"footnotes":""},"class_list":["post-19","page","type-page","status-publish","hentry"],"post_mailing_queue_ids":[],"_links":{"self":[{"href":"https:\/\/agora.xtec.cat\/iesesteveterradas\/wp-json\/wp\/v2\/pages\/19","targetHints":{"allow":["GET"]}}],"collection":[{"href":"https:\/\/agora.xtec.cat\/iesesteveterradas\/wp-json\/wp\/v2\/pages"}],"about":[{"href":"https:\/\/agora.xtec.cat\/iesesteveterradas\/wp-json\/wp\/v2\/types\/page"}],"author":[{"embeddable":true,"href":"https:\/\/agora.xtec.cat\/iesesteveterradas\/wp-json\/wp\/v2\/users\/1"}],"replies":[{"embeddable":true,"href":"https:\/\/agora.xtec.cat\/iesesteveterradas\/wp-json\/wp\/v2\/comments?post=19"}],"version-history":[{"count":5,"href":"https:\/\/agora.xtec.cat\/iesesteveterradas\/wp-json\/wp\/v2\/pages\/19\/revisions"}],"predecessor-version":[{"id":16525,"href":"https:\/\/agora.xtec.cat\/iesesteveterradas\/wp-json\/wp\/v2\/pages\/19\/revisions\/16525"}],"wp:attachment":[{"href":"https:\/\/agora.xtec.cat\/iesesteveterradas\/wp-json\/wp\/v2\/media?parent=19"}],"curies":[{"name":"wp","href":"https:\/\/api.w.org\/{rel}","templated":true}]}}