{"id":18612,"date":"2025-10-17T10:31:20","date_gmt":"2025-10-17T08:31:20","guid":{"rendered":"https:\/\/agora.xtec.cat\/iesesteveterradas\/?page_id=18612"},"modified":"2025-10-28T10:44:13","modified_gmt":"2025-10-28T09:44:13","slug":"complecio-destudis","status":"publish","type":"page","link":"https:\/\/agora.xtec.cat\/iesesteveterradas\/departaments\/complecio-destudis\/","title":{"rendered":"Compleci\u00f3 d&#8217;estudis"},"content":{"rendered":"<table style=\"height: 252px; width: 91.9385%; border-collapse: collapse; background-color: #97a5a8;\">\n<tbody>\n<tr style=\"height: 252px;\">\n<td style=\"width: 100%; height: 252px;\">\n<h4 style=\"text-align: left;\"><span style=\"color: #000000;\"><strong>Informaci\u00f3 important per l&#8217;alumnat en compleci\u00f3 per Fam\u00edlies professionals:<\/strong><\/span><\/h4>\n<ul>\n<li style=\"text-align: left;\">\n<h5 style=\"text-align: left;\"><span style=\"color: #000000;\"><strong><a style=\"color: #000000;\" href=\"https:\/\/agora.xtec.cat\/iesesteveterradas\/departaments\/administracio-dempreses\/complecio-estudis\/\">Administraci\u00f3 d&#8217;empreses<\/a><\/strong><\/span><\/h5>\n<\/li>\n<li style=\"text-align: left;\">\n<h5><span style=\"color: #000000;\"><strong><a style=\"color: #000000;\" href=\"https:\/\/agora.xtec.cat\/iesesteveterradas\/departaments\/departaments-fp\/energia-i-aigua\/complecio-destudis\/\">Energia i Aigua<\/a><\/strong><\/span><\/h5>\n<\/li>\n<li style=\"text-align: left;\">\n<h5><span style=\"color: #000000;\"><strong><a style=\"color: #000000;\" href=\"https:\/\/agora.xtec.cat\/iesesteveterradas\/departaments\/departaments-fp\/fabricacio-mecanica\/complecio-destudis\/\">Fabricaci\u00f3 mec\u00e0nica<\/a><\/strong><\/span><\/h5>\n<\/li>\n<li style=\"text-align: left;\">\n<h5><span style=\"color: #000000;\"><strong><a style=\"color: #000000;\" href=\"https:\/\/agora.xtec.cat\/iesesteveterradas\/departaments\/departaments-fp\/informatica\/complecio-destudis\/\">Inform\u00e0tica<\/a><\/strong><\/span><\/h5>\n<\/li>\n<li style=\"text-align: left;\">\n<h5 style=\"text-align: left;\"><span style=\"color: #000000;\"><strong><a style=\"color: #000000;\" href=\"https:\/\/agora.xtec.cat\/iesesteveterradas\/departaments\/departaments-fp\/manteniment-industrial\/complecio-destudis\/\">Manteniment industrial<\/a><\/strong><\/span><\/h5>\n<\/li>\n<li>\n<h5 style=\"text-align: left;\"><span style=\"color: #000000;\"><strong><a style=\"color: #000000;\" href=\"https:\/\/agora.xtec.cat\/iesesteveterradas\/departaments\/departaments-fp\/automocio\/complecio-destudis\/\">Transport i manteniment de vehicles<\/a><\/strong><\/span><\/h5>\n<\/li>\n<\/ul>\n<\/td>\n<\/tr>\n<\/tbody>\n<\/table>\n<h2><a href=\"https:\/\/portaldogc.gencat.cat\/utilsEADOP\/PDF\/9417\/2089256.pdf\"><span style=\"text-decoration: underline;\"><strong>Matr\u00edcula alumnat en compleci\u00f3 estudis<\/strong><\/span><\/a><\/h2>\n<ol>\n<li><strong><span style=\"color: #000000;\">Inscripci\u00f3<\/span><\/strong><\/li>\n<\/ol>\n<p><span style=\"color: #000000;\">La inscripci\u00f3 a les proves d&#8217;avaluaci\u00f3 s&#8217;ha de dur a terme:<\/span><\/p>\n<p><span style=\"color: #000000;\">a) De l&#8217;1 al 15 d&#8217;octubre. Permet participar en les convocat\u00f2ries de novembre i d&#8217;abril. L&#8217;alumnat ha de confirmar, amb l&#8217;antelaci\u00f3 i forma que determini cada centre, l&#8217;assist\u00e8ncia o la ren\u00fancia a la segona convocat\u00f2ria.<\/span><\/p>\n<p><span style=\"color: #000000;\">b) De l&#8217;1 al 15 de mar\u00e7. Permet participar en la convocat\u00f2ria d&#8217;abril.<\/span><\/p>\n<p><strong><span style=\"color: #000000;\">2. Convocat\u00f2ries<\/span><\/strong><\/p>\n<p><span style=\"color: #000000;\">Les proves d&#8217;avaluaci\u00f3 s&#8217;han de dur a terme:<\/span><\/p>\n<p><span style=\"color: #000000;\">a) Per a la convocat\u00f2ria de novembre, entre l&#8217;1 i el 30 de novembre.<\/span><\/p>\n<p><span style=\"color: #000000;\">b) Per a la convocat\u00f2ria d&#8217;abril, entre l&#8217;1 i el 30 d&#8217;abril.<\/span><\/p>\n<p><em>A data d&#8217;avui encara no tenim informaci\u00f3 referent al proc\u00e9s de la matr\u00edcula. 9 de setembre de 2025.<\/em><\/p>\n<h4><strong><span style=\"color: #000080;\">IMPORTANT COMPLECI\u00d3 D&#8217;ESTUDIS<\/span>: <span style=\"color: #000000;\">Aquell alumnat que <span style=\"color: #000080;\">nom\u00e9s hagi de fer les FCT<\/span>\u00a0 ja pot formalitzar la matr\u00edcula si encara no ho ha fet (9\/09\/2025)<\/span><\/strong><\/h4>\n<div style=\"overflow: hidden; height: 1px; width: 1px; float: right;\">\n<table style=\"border-collapse: collapse; width: 100%; height: 150px;\">\n<tbody>\n<tr>\n<td style=\"width: 50%;\"><a href=\"https:\/\/agora.xtec.cat\/iesesteveterradas\/pagines-dinici\/pagina-dinici-buida\/attachment\/jpo_2025\/\" rel=\"attachment wp-att-16599\"><img loading=\"lazy\" decoding=\"async\" class=\"alignleft size-full wp-image-16599\" src=\"https:\/\/agora.xtec.cat\/iesesteveterradas\/wp-content\/uploads\/usu855\/JPO_2025.png\" alt=\"\" width=\"904\" height=\"563\" srcset=\"https:\/\/agora.xtec.cat\/iesesteveterradas\/wp-content\/uploads\/usu855\/JPO_2025.png 904w, https:\/\/agora.xtec.cat\/iesesteveterradas\/wp-content\/uploads\/usu855\/JPO_2025-300x187.png 300w, https:\/\/agora.xtec.cat\/iesesteveterradas\/wp-content\/uploads\/usu855\/JPO_2025-768x478.png 768w\" sizes=\"auto, (max-width: 904px) 100vw, 904px\" \/><\/a><\/td>\n<td style=\"width: 50%;\"><\/td>\n<\/tr>\n<tr>\n<td style=\"width: 50%;\"><\/td>\n<td style=\"width: 50%;\"><\/td>\n<\/tr>\n<tr>\n<td style=\"width: 50%;\"><\/td>\n<td style=\"width: 50%;\"><\/td>\n<\/tr>\n<tr>\n<td style=\"width: 50%;\"><\/td>\n<td style=\"width: 50%;\"><\/td>\n<\/tr>\n<tr>\n<td style=\"width: 50%;\"><\/td>\n<td style=\"width: 50%;\"><\/td>\n<\/tr>\n<tr>\n<td style=\"width: 50%;\"><\/td>\n<td style=\"width: 50%;\"><\/td>\n<\/tr>\n<\/tbody>\n<\/table>\n<\/div>\n<p>&nbsp;<\/p>\n","protected":false},"excerpt":{"rendered":"<p>Informaci\u00f3 important per l&#8217;alumnat en compleci\u00f3 per Fam\u00edlies professionals:<\/p>\n<ul>\n<li style=\"text-align: left;\">\n<a style=\"color: #000000;\" href=\"https:\/\/agora.xtec.cat\/iesesteveterradas\/departaments\/administracio-dempreses\/complecio-estudis\/\">Administraci\u00f3 d&#8217;empreses<\/a>\n<\/li>\n<li style=\"text-align: left;\">\n<a style=\"color: #000000;\" href=\"https:\/\/agora.xtec.cat\/iesesteveterradas\/departaments\/departaments-fp\/energia-i-aigua\/complecio-destudis\/\">Energia i Aigua<\/a>\n<\/li>\n<li style=\"text-align: left;\">\n<a style=\"color: #000000;\" href=\"https:\/\/agora.xtec.cat\/iesesteveterradas\/departaments\/departaments-fp\/fabricacio-mecanica\/complecio-destudis\/\">Fabricaci\u00f3 mec\u00e0nica<\/a>\n<\/li>\n<li style=\"text-align: left;\">\n<a style=\"color: #000000;\" href=\"https:\/\/agora.xtec.cat\/iesesteveterradas\/departaments\/departaments-fp\/informatica\/complecio-destudis\/\">Inform\u00e0tica<\/a>\n<\/li>\n<li style=\"text-align: left;\">\n<a style=\"color: #000000;\" href=\"https:\/\/agora.xtec.cat\/iesesteveterradas\/departaments\/departaments-fp\/manteniment-industrial\/complecio-destudis\/\">Manteniment industrial<\/a>\n<\/li>\n<li>\n<a style=\"color: #000000;\" href=\"https:\/\/agora.xtec.cat\/iesesteveterradas\/departaments\/departaments-fp\/automocio\/complecio-destudis\/\">Transport i manteniment de&hellip;  <a href=\"https:\/\/agora.xtec.cat\/iesesteveterradas\/departaments\/complecio-destudis\/\" title=\"Read Compleci\u00f3 d&#8217;estudis\">Llegeix m\u00e9s\u00bb<\/a><\/p>\n","protected":false},"author":45,"featured_media":0,"parent":8727,"menu_order":1,"comment_status":"closed","ping_status":"closed","template":"page-templates\/side-menu.php","meta":{"_bbp_topic_count":0,"_bbp_reply_count":0,"_bbp_total_topic_count":0,"_bbp_total_reply_count":0,"_bbp_voice_count":0,"_bbp_anonymous_reply_count":0,"_bbp_topic_count_hidden":0,"_bbp_reply_count_hidden":0,"_bbp_forum_subforum_count":0,"footnotes":""},"class_list":["post-18612","page","type-page","status-publish","hentry"],"post_mailing_queue_ids":[],"_links":{"self":[{"href":"https:\/\/agora.xtec.cat\/iesesteveterradas\/wp-json\/wp\/v2\/pages\/18612","targetHints":{"allow":["GET"]}}],"collection":[{"href":"https:\/\/agora.xtec.cat\/iesesteveterradas\/wp-json\/wp\/v2\/pages"}],"about":[{"href":"https:\/\/agora.xtec.cat\/iesesteveterradas\/wp-json\/wp\/v2\/types\/page"}],"author":[{"embeddable":true,"href":"https:\/\/agora.xtec.cat\/iesesteveterradas\/wp-json\/wp\/v2\/users\/45"}],"replies":[{"embeddable":true,"href":"https:\/\/agora.xtec.cat\/iesesteveterradas\/wp-json\/wp\/v2\/comments?post=18612"}],"version-history":[{"count":2,"href":"https:\/\/agora.xtec.cat\/iesesteveterradas\/wp-json\/wp\/v2\/pages\/18612\/revisions"}],"predecessor-version":[{"id":18704,"href":"https:\/\/agora.xtec.cat\/iesesteveterradas\/wp-json\/wp\/v2\/pages\/18612\/revisions\/18704"}],"up":[{"embeddable":true,"href":"https:\/\/agora.xtec.cat\/iesesteveterradas\/wp-json\/wp\/v2\/pages\/8727"}],"wp:attachment":[{"href":"https:\/\/agora.xtec.cat\/iesesteveterradas\/wp-json\/wp\/v2\/media?parent=18612"}],"curies":[{"name":"wp","href":"https:\/\/api.w.org\/{rel}","templated":true}]}}