{"id":18610,"date":"2025-10-17T09:50:38","date_gmt":"2025-10-17T07:50:38","guid":{"rendered":"https:\/\/agora.xtec.cat\/iesesteveterradas\/?page_id=18610"},"modified":"2025-10-17T09:50:38","modified_gmt":"2025-10-17T07:50:38","slug":"the-ieti-show","status":"publish","type":"page","link":"https:\/\/agora.xtec.cat\/iesesteveterradas\/projectes-2\/the-ieti-show\/","title":{"rendered":"The IETI Show"},"content":{"rendered":"<p><strong>L\u2019Esteve Terradas torna a innovar amb for\u00e7a aquest curs 21\/22.<\/strong><\/p>\n<p>Despr\u00e9s d\u2019esdevenir el primer centre de Catalunya en disposar d\u2019una beguda energ\u00e8tica, ara\u00a0<strong>es converteix en el primer centre de Catalunya en tenir un canal de Stream<\/strong>,\u00a0<strong>gr\u00e0cies al suport del Ministeri d\u2019Educaci\u00f3, amb el programa\u00a0<em>Aules d\u2019Emprenedoria<\/em><\/strong>. Actualment el canal emet les proves via Youtube, per\u00f2 en breu (gener) saltar\u00e0 a la plataforma Twich.<\/p>\n<p>Enlla\u00e7:\u00a0<a href=\"https:\/\/www.youtube.com\/watch?v=iqPeD15g0wg\">https:\/\/www.youtube.com\/watch?v=iqPeD15g0wg<\/a><\/p>\n<p><strong>I qu\u00e8 \u00e9s Twitch? \u00c9s la xarxa social de moda.<\/strong>\u00a0Impulsat pel confinament pand\u00e8mic \u2013 entre altres motius \u2013 Twitch ha passat de ser un espai reservat a amants dels videojocs a esdevenir la plataforma de refer\u00e8ncia de joves \u2013i no tan joves\u2013 d\u2019arreu del m\u00f3n que cerquen el dinamisme, la frescor i la interacci\u00f3 dels continguts audiovisuals en\u00a0<em>streaming<\/em>\u00a0(reproducci\u00f3 en directe a trav\u00e9s de la xarxa). En concret, el 35% de les persones entre 16 i 24 anys l\u2019han usat habitualment el darrer any.<\/p>\n<p>Aquest \u00fas intensiu situa Twitch com\u00a0<strong>una canal de comunicaci\u00f3 de refer\u00e8ncia.<\/strong>\u00a0De fet, el boom d\u2019aquesta plataforma a casa nostra ha estat liderada per l\u2019<em>streamer<\/em>\u00a0(persona que emet en directe a trav\u00e9s d\u2019aquesta xarxa) Ibai Llanos, un basc establert des de fa anys a Catalunya que a hores d\u2019ara ja no necessita presentaci\u00f3 entre el p\u00fablic de masses.<\/p>\n<p><img loading=\"lazy\" decoding=\"async\" class=\"alignnone wp-image-11001\" src=\"https:\/\/agora.xtec.cat\/iesesteveterradas\/wp-content\/uploads\/usu855\/Logo.jpg\" sizes=\"auto, (max-width: 245px) 100vw, 245px\" srcset=\"https:\/\/agora.xtec.cat\/iesesteveterradas\/wp-content\/uploads\/usu855\/Logo.jpg 567w, https:\/\/agora.xtec.cat\/iesesteveterradas\/wp-content\/uploads\/usu855\/Logo-238x300.jpg 238w\" alt=\"\" width=\"245\" height=\"309\" \/>\u00a0<img loading=\"lazy\" decoding=\"async\" class=\"alignnone wp-image-10999\" src=\"https:\/\/agora.xtec.cat\/iesesteveterradas\/wp-content\/uploads\/usu855\/t1-1024x968.jpg\" sizes=\"auto, (max-width: 328px) 100vw, 328px\" srcset=\"https:\/\/agora.xtec.cat\/iesesteveterradas\/wp-content\/uploads\/usu855\/t1-1024x968.jpg 1024w, https:\/\/agora.xtec.cat\/iesesteveterradas\/wp-content\/uploads\/usu855\/t1-300x284.jpg 300w, https:\/\/agora.xtec.cat\/iesesteveterradas\/wp-content\/uploads\/usu855\/t1-768x726.jpg 768w, https:\/\/agora.xtec.cat\/iesesteveterradas\/wp-content\/uploads\/usu855\/t1-1536x1452.jpg 1536w, https:\/\/agora.xtec.cat\/iesesteveterradas\/wp-content\/uploads\/usu855\/t1-2048x1937.jpg 2048w\" alt=\"\" width=\"328\" height=\"310\" \/>\u00a0\u00a0<img loading=\"lazy\" decoding=\"async\" class=\"alignnone wp-image-11000\" src=\"https:\/\/agora.xtec.cat\/iesesteveterradas\/wp-content\/uploads\/usu855\/T2-1024x899.jpg\" sizes=\"auto, (max-width: 347px) 100vw, 347px\" srcset=\"https:\/\/agora.xtec.cat\/iesesteveterradas\/wp-content\/uploads\/usu855\/T2-1024x899.jpg 1024w, https:\/\/agora.xtec.cat\/iesesteveterradas\/wp-content\/uploads\/usu855\/T2-300x263.jpg 300w, https:\/\/agora.xtec.cat\/iesesteveterradas\/wp-content\/uploads\/usu855\/T2-768x674.jpg 768w, https:\/\/agora.xtec.cat\/iesesteveterradas\/wp-content\/uploads\/usu855\/T2-1536x1349.jpg 1536w, https:\/\/agora.xtec.cat\/iesesteveterradas\/wp-content\/uploads\/usu855\/T2-2048x1798.jpg 2048w\" alt=\"\" width=\"347\" height=\"305\" \/><\/p>\n","protected":false},"excerpt":{"rendered":"<p>L\u2019Esteve Terradas torna a innovar amb for\u00e7a aquest curs 21\/22.<br \/>\nDespr\u00e9s d\u2019esdevenir el primer centre de Catalunya en disposar d\u2019una beguda energ\u00e8tica, ara\u00a0es converteix en el primer centre de Catalunya en tenir un canal de Stream,\u00a0gr\u00e0cies al suport del Ministeri d\u2019Educaci\u00f3, amb el programa\u00a0Aules d\u2019Emprenedoria. Actualment&hellip;  <a href=\"https:\/\/agora.xtec.cat\/iesesteveterradas\/projectes-2\/the-ieti-show\/\" title=\"Read The IETI Show\">Llegeix m\u00e9s\u00bb<\/a><\/p>\n","protected":false},"author":45,"featured_media":0,"parent":8626,"menu_order":0,"comment_status":"closed","ping_status":"closed","template":"page-templates\/side-menu.php","meta":{"_bbp_topic_count":0,"_bbp_reply_count":0,"_bbp_total_topic_count":0,"_bbp_total_reply_count":0,"_bbp_voice_count":0,"_bbp_anonymous_reply_count":0,"_bbp_topic_count_hidden":0,"_bbp_reply_count_hidden":0,"_bbp_forum_subforum_count":0,"footnotes":""},"class_list":["post-18610","page","type-page","status-publish","hentry"],"post_mailing_queue_ids":[],"_links":{"self":[{"href":"https:\/\/agora.xtec.cat\/iesesteveterradas\/wp-json\/wp\/v2\/pages\/18610","targetHints":{"allow":["GET"]}}],"collection":[{"href":"https:\/\/agora.xtec.cat\/iesesteveterradas\/wp-json\/wp\/v2\/pages"}],"about":[{"href":"https:\/\/agora.xtec.cat\/iesesteveterradas\/wp-json\/wp\/v2\/types\/page"}],"author":[{"embeddable":true,"href":"https:\/\/agora.xtec.cat\/iesesteveterradas\/wp-json\/wp\/v2\/users\/45"}],"replies":[{"embeddable":true,"href":"https:\/\/agora.xtec.cat\/iesesteveterradas\/wp-json\/wp\/v2\/comments?post=18610"}],"version-history":[{"count":1,"href":"https:\/\/agora.xtec.cat\/iesesteveterradas\/wp-json\/wp\/v2\/pages\/18610\/revisions"}],"predecessor-version":[{"id":18611,"href":"https:\/\/agora.xtec.cat\/iesesteveterradas\/wp-json\/wp\/v2\/pages\/18610\/revisions\/18611"}],"up":[{"embeddable":true,"href":"https:\/\/agora.xtec.cat\/iesesteveterradas\/wp-json\/wp\/v2\/pages\/8626"}],"wp:attachment":[{"href":"https:\/\/agora.xtec.cat\/iesesteveterradas\/wp-json\/wp\/v2\/media?parent=18610"}],"curies":[{"name":"wp","href":"https:\/\/api.w.org\/{rel}","templated":true}]}}