{"id":18608,"date":"2025-10-17T09:48:55","date_gmt":"2025-10-17T07:48:55","guid":{"rendered":"https:\/\/agora.xtec.cat\/iesesteveterradas\/?page_id=18608"},"modified":"2025-10-17T09:48:55","modified_gmt":"2025-10-17T07:48:55","slug":"lynx","status":"publish","type":"page","link":"https:\/\/agora.xtec.cat\/iesesteveterradas\/projectes-2\/lynx\/","title":{"rendered":"LYNX"},"content":{"rendered":"<p>El passat dijous 17 de mar\u00e7 es va celebrar el gran tast de la beguda isot\u00f2nica LYNX, la marca de lleure del projecte intercicles del curs 21\/22 que en breu ser\u00e0 llan\u00e7ada al mercat.<\/p>\n<p>En aquest esdeveniment, on hi van participar m\u00e9s de 150 persones entre alumnat i professorat, l\u2019equip hum\u00e0 del projecte va registrar totes les opinions expressades amb l\u2019objectiu d\u2019acabar de perfilar la recepta i, tamb\u00e9, la presentaci\u00f3 final del producte. Amb m\u00e9s de 200 prototips lliurats en els darrers dies, de ben segur les modificacions que s\u2019implementaran seran positives per convertir la beguda en un altre\u00a0<em>Best Seller<\/em>\u00a0com la Dynamic del curs passat.<\/p>\n<p>Moltes gr\u00e0cies a totes les persones que van participar de manera activa i, recordar-vos, que a banda de la beguda isot\u00f2nica la marca comptar\u00e0 amb altres productes innovadors que en breu seran presentats. Ens esperen dos mesos, abril i maig, plens de sorpreses i emocions.<\/p>\n<p><img loading=\"lazy\" decoding=\"async\" class=\"alignnone wp-image-11493\" src=\"https:\/\/agora.xtec.cat\/iesesteveterradas\/wp-content\/uploads\/usu855\/1-8-1024x766.jpg\" sizes=\"auto, (max-width: 500px) 100vw, 500px\" srcset=\"https:\/\/agora.xtec.cat\/iesesteveterradas\/wp-content\/uploads\/usu855\/1-8-1024x766.jpg 1024w, https:\/\/agora.xtec.cat\/iesesteveterradas\/wp-content\/uploads\/usu855\/1-8-300x224.jpg 300w, https:\/\/agora.xtec.cat\/iesesteveterradas\/wp-content\/uploads\/usu855\/1-8-768x575.jpg 768w, https:\/\/agora.xtec.cat\/iesesteveterradas\/wp-content\/uploads\/usu855\/1-8-1536x1149.jpg 1536w, https:\/\/agora.xtec.cat\/iesesteveterradas\/wp-content\/uploads\/usu855\/1-8-200x150.jpg 200w, https:\/\/agora.xtec.cat\/iesesteveterradas\/wp-content\/uploads\/usu855\/1-8.jpg 2048w\" alt=\"\" width=\"500\" height=\"374\" \/>\u00a0<img loading=\"lazy\" decoding=\"async\" class=\"alignnone wp-image-11494\" src=\"https:\/\/agora.xtec.cat\/iesesteveterradas\/wp-content\/uploads\/usu855\/2-7.jpg\" sizes=\"auto, (max-width: 381px) 100vw, 381px\" srcset=\"https:\/\/agora.xtec.cat\/iesesteveterradas\/wp-content\/uploads\/usu855\/2-7.jpg 668w, https:\/\/agora.xtec.cat\/iesesteveterradas\/wp-content\/uploads\/usu855\/2-7-300x294.jpg 300w\" alt=\"\" width=\"381\" height=\"373\" \/><\/p>\n","protected":false},"excerpt":{"rendered":"<p>El passat dijous 17 de mar\u00e7 es va celebrar el gran tast de la beguda isot\u00f2nica LYNX, la marca de lleure del projecte intercicles del curs 21\/22 que en breu ser\u00e0 llan\u00e7ada al mercat.<br \/>\nEn aquest esdeveniment, on hi van participar m\u00e9s de 150 persones entre&hellip;  <a href=\"https:\/\/agora.xtec.cat\/iesesteveterradas\/projectes-2\/lynx\/\" title=\"Read LYNX\">Llegeix m\u00e9s\u00bb<\/a><\/p>\n","protected":false},"author":45,"featured_media":0,"parent":8626,"menu_order":0,"comment_status":"closed","ping_status":"closed","template":"page-templates\/side-menu.php","meta":{"_bbp_topic_count":0,"_bbp_reply_count":0,"_bbp_total_topic_count":0,"_bbp_total_reply_count":0,"_bbp_voice_count":0,"_bbp_anonymous_reply_count":0,"_bbp_topic_count_hidden":0,"_bbp_reply_count_hidden":0,"_bbp_forum_subforum_count":0,"footnotes":""},"class_list":["post-18608","page","type-page","status-publish","hentry"],"post_mailing_queue_ids":[],"_links":{"self":[{"href":"https:\/\/agora.xtec.cat\/iesesteveterradas\/wp-json\/wp\/v2\/pages\/18608","targetHints":{"allow":["GET"]}}],"collection":[{"href":"https:\/\/agora.xtec.cat\/iesesteveterradas\/wp-json\/wp\/v2\/pages"}],"about":[{"href":"https:\/\/agora.xtec.cat\/iesesteveterradas\/wp-json\/wp\/v2\/types\/page"}],"author":[{"embeddable":true,"href":"https:\/\/agora.xtec.cat\/iesesteveterradas\/wp-json\/wp\/v2\/users\/45"}],"replies":[{"embeddable":true,"href":"https:\/\/agora.xtec.cat\/iesesteveterradas\/wp-json\/wp\/v2\/comments?post=18608"}],"version-history":[{"count":1,"href":"https:\/\/agora.xtec.cat\/iesesteveterradas\/wp-json\/wp\/v2\/pages\/18608\/revisions"}],"predecessor-version":[{"id":18609,"href":"https:\/\/agora.xtec.cat\/iesesteveterradas\/wp-json\/wp\/v2\/pages\/18608\/revisions\/18609"}],"up":[{"embeddable":true,"href":"https:\/\/agora.xtec.cat\/iesesteveterradas\/wp-json\/wp\/v2\/pages\/8626"}],"wp:attachment":[{"href":"https:\/\/agora.xtec.cat\/iesesteveterradas\/wp-json\/wp\/v2\/media?parent=18608"}],"curies":[{"name":"wp","href":"https:\/\/api.w.org\/{rel}","templated":true}]}}