{"id":18606,"date":"2025-10-17T09:39:50","date_gmt":"2025-10-17T07:39:50","guid":{"rendered":"https:\/\/agora.xtec.cat\/iesesteveterradas\/?page_id=18606"},"modified":"2025-10-17T09:45:48","modified_gmt":"2025-10-17T07:45:48","slug":"potenciem-cornella","status":"publish","type":"page","link":"https:\/\/agora.xtec.cat\/iesesteveterradas\/projectes-2\/potenciem-cornella\/","title":{"rendered":"Potenciem Cornell\u00e0"},"content":{"rendered":"<p>Els tres grups de Grau Superior de la fam\u00edlia d\u2019administratiu de l\u2019Esteve Terradas, impulsors del projecte Potenciem Cornell\u00e0, han visitat al llarg del mes de febrer els m\u00e9s de 400 comer\u00e7os locals de la ciutat que actualment estan adherits a la targeta moneder \u201cCompra a prop Cornell\u00e0\u201d. El motiu que els ha dut a prendre aquesta decisi\u00f3 ha estat que l\u2019Ajuntament considera que aquests comer\u00e7os compleixen els requisits de locals i s\u00f3n potencials destinataris de les pol\u00edtiques d\u2019ajuts al comer\u00e7 per part de l\u2019Administraci\u00f3.<\/p>\n<table>\n<tbody>\n<tr>\n<td>&nbsp;<\/p>\n<figure class=\"figure wp-caption alignleft\"><img loading=\"lazy\" decoding=\"async\" class=\" wp-image-13275\" src=\"https:\/\/agora.xtec.cat\/iesesteveterradas\/wp-content\/uploads\/usu855\/Fr_RXkLWAAA3L3e-768x1024.jpg\" sizes=\"auto, (max-width: 306px) 100vw, 306px\" srcset=\"https:\/\/agora.xtec.cat\/iesesteveterradas\/wp-content\/uploads\/usu855\/Fr_RXkLWAAA3L3e-768x1024.jpg 768w, https:\/\/agora.xtec.cat\/iesesteveterradas\/wp-content\/uploads\/usu855\/Fr_RXkLWAAA3L3e-225x300.jpg 225w, https:\/\/agora.xtec.cat\/iesesteveterradas\/wp-content\/uploads\/usu855\/Fr_RXkLWAAA3L3e-1152x1536.jpg 1152w, https:\/\/agora.xtec.cat\/iesesteveterradas\/wp-content\/uploads\/usu855\/Fr_RXkLWAAA3L3e-1536x2048.jpg 1536w, https:\/\/agora.xtec.cat\/iesesteveterradas\/wp-content\/uploads\/usu855\/Fr_RXkLWAAA3L3e-scaled.jpg 1920w\" alt=\"\" width=\"306\" height=\"408\" \/><figcaption class=\"wp-caption-text\"><em>Cruz Iberic &amp; Co Xarcuteria \u00e9s un dels 143 comer\u00e7os locals que acceptarien la moneda local de Cornell\u00e0.<\/em><\/figcaption><\/figure>\n<\/td>\n<\/tr>\n<\/tbody>\n<\/table>\n<p>L\u2019alumnat s\u2019ha pogut entrevistar amb 210 d\u2019aquests 400 comer\u00e7os. Durant la trobada els han explicat en qu\u00e8 consisteix el projecte que estan duent a terme aquest curs, els beneficis que comportaria la creaci\u00f3 d\u2019una moneda local per part de l\u2019Ajuntament, i han recollit una s\u00e8rie de dades amb les quals poden continuar treballant per millorar el prototipatge i definici\u00f3 de la idea.<\/p>\n<p>Les dades m\u00e9s rellevants han estat les seg\u00fcents:<\/p>\n<table>\n<tbody>\n<tr>\n<td><img loading=\"lazy\" decoding=\"async\" class=\"alignnone size-large wp-image-13271\" src=\"https:\/\/agora.xtec.cat\/iesesteveterradas\/wp-content\/uploads\/usu855\/2-1024x1024.png\" sizes=\"auto, (max-width: 1024px) 100vw, 1024px\" srcset=\"https:\/\/agora.xtec.cat\/iesesteveterradas\/wp-content\/uploads\/usu855\/2-1024x1024.png 1024w, https:\/\/agora.xtec.cat\/iesesteveterradas\/wp-content\/uploads\/usu855\/2-300x300.png 300w, https:\/\/agora.xtec.cat\/iesesteveterradas\/wp-content\/uploads\/usu855\/2-150x150.png 150w, https:\/\/agora.xtec.cat\/iesesteveterradas\/wp-content\/uploads\/usu855\/2-768x768.png 768w, https:\/\/agora.xtec.cat\/iesesteveterradas\/wp-content\/uploads\/usu855\/2.png 1080w\" alt=\"\" width=\"1024\" height=\"1024\" \/><\/td>\n<td><img loading=\"lazy\" decoding=\"async\" class=\"alignnone size-large wp-image-13272\" src=\"https:\/\/agora.xtec.cat\/iesesteveterradas\/wp-content\/uploads\/usu855\/3-1024x1024.png\" sizes=\"auto, (max-width: 1024px) 100vw, 1024px\" srcset=\"https:\/\/agora.xtec.cat\/iesesteveterradas\/wp-content\/uploads\/usu855\/3-1024x1024.png 1024w, https:\/\/agora.xtec.cat\/iesesteveterradas\/wp-content\/uploads\/usu855\/3-300x300.png 300w, https:\/\/agora.xtec.cat\/iesesteveterradas\/wp-content\/uploads\/usu855\/3-150x150.png 150w, https:\/\/agora.xtec.cat\/iesesteveterradas\/wp-content\/uploads\/usu855\/3-768x768.png 768w, https:\/\/agora.xtec.cat\/iesesteveterradas\/wp-content\/uploads\/usu855\/3.png 1080w\" alt=\"\" width=\"1024\" height=\"1024\" \/><\/td>\n<\/tr>\n<tr>\n<td><img loading=\"lazy\" decoding=\"async\" class=\"alignnone size-large wp-image-13273\" src=\"https:\/\/agora.xtec.cat\/iesesteveterradas\/wp-content\/uploads\/usu855\/4-1-1024x1024.png\" sizes=\"auto, (max-width: 1024px) 100vw, 1024px\" srcset=\"https:\/\/agora.xtec.cat\/iesesteveterradas\/wp-content\/uploads\/usu855\/4-1-1024x1024.png 1024w, https:\/\/agora.xtec.cat\/iesesteveterradas\/wp-content\/uploads\/usu855\/4-1-300x300.png 300w, https:\/\/agora.xtec.cat\/iesesteveterradas\/wp-content\/uploads\/usu855\/4-1-150x150.png 150w, https:\/\/agora.xtec.cat\/iesesteveterradas\/wp-content\/uploads\/usu855\/4-1-768x768.png 768w, https:\/\/agora.xtec.cat\/iesesteveterradas\/wp-content\/uploads\/usu855\/4-1.png 1080w\" alt=\"\" width=\"1024\" height=\"1024\" \/><\/td>\n<td><img loading=\"lazy\" decoding=\"async\" class=\"alignnone size-large wp-image-13274\" src=\"https:\/\/agora.xtec.cat\/iesesteveterradas\/wp-content\/uploads\/usu855\/5-1024x1024.png\" sizes=\"auto, (max-width: 1024px) 100vw, 1024px\" srcset=\"https:\/\/agora.xtec.cat\/iesesteveterradas\/wp-content\/uploads\/usu855\/5-1024x1024.png 1024w, https:\/\/agora.xtec.cat\/iesesteveterradas\/wp-content\/uploads\/usu855\/5-300x300.png 300w, https:\/\/agora.xtec.cat\/iesesteveterradas\/wp-content\/uploads\/usu855\/5-150x150.png 150w, https:\/\/agora.xtec.cat\/iesesteveterradas\/wp-content\/uploads\/usu855\/5-768x768.png 768w, https:\/\/agora.xtec.cat\/iesesteveterradas\/wp-content\/uploads\/usu855\/5.png 1080w\" alt=\"\" width=\"1024\" height=\"1024\" \/><\/td>\n<\/tr>\n<\/tbody>\n<\/table>\n<p>\u00bfQuin \u00e9s el repte al qual volen donar soluci\u00f3?\u00a0 Amb l\u2019augment de poder de les grans multinacionals dedicades al comer\u00e7 electr\u00f2nic i la tend\u00e8ncia del consumidor a comprar cada cop m\u00e9s per internet, sumat a la recent crisi generada per la situaci\u00f3 de pand\u00e8mia de covid-19, i l\u2019augment de la inflaci\u00f3 i els tipus d\u2019inter\u00e8s actuals, la situaci\u00f3 del comer\u00e7 local \u00e9s molt delicada. Les perspectives de futur no semblen gaire positives, i la tend\u00e8ncia no \u00e9s esperan\u00e7adora. No obstant aix\u00f2, el model de ciutats intel\u00b7ligents, l\u2019imaginari de la ciutat del futur, cerca retrobar-se amb el consum sostenible i de proximitat, reduir el transport, les importacions i la petjada ecol\u00f2gica, i aix\u00f2 es podr\u00e0 aconseguir mantenint una xarxa s\u00f2lida de comer\u00e7os locals, de barri. A m\u00e9s, aquests comer\u00e7os generen llocs de feina, permeten teixir relacions socials dintre de la comunitat, aporten seguretat als carrers comercials\u2026 En definitiva, s\u00f3n molts els beneficis i el valor que aporten al barri, i \u00e9s per aix\u00f2 que l\u2019alumnat ha posat els comer\u00e7os al centre del seu projecte.<\/p>\n","protected":false},"excerpt":{"rendered":"<p>Els tres grups de Grau Superior de la fam\u00edlia d\u2019administratiu de l\u2019Esteve Terradas, impulsors del projecte Potenciem Cornell\u00e0, han visitat al llarg del mes de febrer els m\u00e9s de 400 comer\u00e7os locals de la ciutat que actualment estan adherits a la targeta moneder \u201cCompra a&hellip;  <a href=\"https:\/\/agora.xtec.cat\/iesesteveterradas\/projectes-2\/potenciem-cornella\/\" title=\"Read Potenciem Cornell\u00e0\">Llegeix m\u00e9s\u00bb<\/a><\/p>\n","protected":false},"author":45,"featured_media":0,"parent":8626,"menu_order":0,"comment_status":"closed","ping_status":"closed","template":"page-templates\/side-menu.php","meta":{"_bbp_topic_count":0,"_bbp_reply_count":0,"_bbp_total_topic_count":0,"_bbp_total_reply_count":0,"_bbp_voice_count":0,"_bbp_anonymous_reply_count":0,"_bbp_topic_count_hidden":0,"_bbp_reply_count_hidden":0,"_bbp_forum_subforum_count":0,"footnotes":""},"class_list":["post-18606","page","type-page","status-publish","hentry"],"post_mailing_queue_ids":[],"_links":{"self":[{"href":"https:\/\/agora.xtec.cat\/iesesteveterradas\/wp-json\/wp\/v2\/pages\/18606","targetHints":{"allow":["GET"]}}],"collection":[{"href":"https:\/\/agora.xtec.cat\/iesesteveterradas\/wp-json\/wp\/v2\/pages"}],"about":[{"href":"https:\/\/agora.xtec.cat\/iesesteveterradas\/wp-json\/wp\/v2\/types\/page"}],"author":[{"embeddable":true,"href":"https:\/\/agora.xtec.cat\/iesesteveterradas\/wp-json\/wp\/v2\/users\/45"}],"replies":[{"embeddable":true,"href":"https:\/\/agora.xtec.cat\/iesesteveterradas\/wp-json\/wp\/v2\/comments?post=18606"}],"version-history":[{"count":1,"href":"https:\/\/agora.xtec.cat\/iesesteveterradas\/wp-json\/wp\/v2\/pages\/18606\/revisions"}],"predecessor-version":[{"id":18607,"href":"https:\/\/agora.xtec.cat\/iesesteveterradas\/wp-json\/wp\/v2\/pages\/18606\/revisions\/18607"}],"up":[{"embeddable":true,"href":"https:\/\/agora.xtec.cat\/iesesteveterradas\/wp-json\/wp\/v2\/pages\/8626"}],"wp:attachment":[{"href":"https:\/\/agora.xtec.cat\/iesesteveterradas\/wp-json\/wp\/v2\/media?parent=18606"}],"curies":[{"name":"wp","href":"https:\/\/api.w.org\/{rel}","templated":true}]}}