{"id":18602,"date":"2025-10-17T09:30:09","date_gmt":"2025-10-17T07:30:09","guid":{"rendered":"https:\/\/agora.xtec.cat\/iesesteveterradas\/?page_id=18602"},"modified":"2025-10-17T09:30:09","modified_gmt":"2025-10-17T07:30:09","slug":"vr-salut","status":"publish","type":"page","link":"https:\/\/agora.xtec.cat\/iesesteveterradas\/projectes-2\/vr-salut\/","title":{"rendered":"VR Salut"},"content":{"rendered":"<p style=\"text-align: justify;\"><img loading=\"lazy\" decoding=\"async\" class=\"wp-image-11041 alignleft\" src=\"https:\/\/agora.xtec.cat\/iesesteveterradas\/wp-content\/uploads\/usu855\/imatge-1-1024x576.png\" alt=\"\" width=\"459\" height=\"257\" srcset=\"https:\/\/agora.xtec.cat\/iesesteveterradas\/wp-content\/uploads\/usu855\/imatge-1-1024x576.png 1024w, https:\/\/agora.xtec.cat\/iesesteveterradas\/wp-content\/uploads\/usu855\/imatge-1-300x169.png 300w, https:\/\/agora.xtec.cat\/iesesteveterradas\/wp-content\/uploads\/usu855\/imatge-1-768x432.png 768w, https:\/\/agora.xtec.cat\/iesesteveterradas\/wp-content\/uploads\/usu855\/imatge-1.png 1535w\" sizes=\"auto, (max-width: 459px) 100vw, 459px\" \/>L&#8217;Institut\u00a0Esteve\u00a0<span class=\"hiddenSpellError\">Terradas<\/span>\u00a0i Illa ha guanyat una subvenci\u00f3 per a projectes\u00a0d&#8217;innovaci\u00f3\u00a0del\u00a0<span class=\"hiddenSpellError\">Ministerio<\/span>\u00a0<span class=\"hiddenGrammarError\">de Educaci\u00f3n<\/span>\u00a0<span class=\"hiddenGrammarError\">y<\/span>\u00a0FP. El projecte es diu\u00a0<strong><span class=\"hiddenSpellError\">VR<\/span>\u00a0Salut<\/strong>, estan implicats 3 centres educatius de diferents comunitats aut\u00f2nomes, una empresa de Lleida i una\u00a0Universitat. El projecte est\u00e0 liderat pel departament d&#8217;inform\u00e0tica de l&#8217;Esteve\u00a0<span class=\"hiddenSpellError\">Terradas<\/span>\u00a0i consisteix en el desenvolupament d&#8217;eines immersives 3D amb ulleres de realitat virtual (<span class=\"hiddenSpellError\">VR<\/span>) per a aplicacions sanit\u00e0ries, en particular per a la formaci\u00f3 d&#8217;auxiliars d&#8217;infermeria entorn la higiene postural. El projecte durar\u00e0\u00a0<span class=\"hiddenGreenError\">2<\/span>\u00a0anys i implicar\u00e0 els alumnes de diversos cicles formatius del nostre centre.<\/p>\n","protected":false},"excerpt":{"rendered":"<p>L&#8217;Institut\u00a0Esteve\u00a0Terradas\u00a0i Illa ha guanyat una subvenci\u00f3 per a projectes\u00a0d&#8217;innovaci\u00f3\u00a0del\u00a0Ministerio\u00a0de Educaci\u00f3n\u00a0y\u00a0FP. El projecte es diu\u00a0VR\u00a0Salut, estan implicats 3 centres educatius de diferents comunitats aut\u00f2nomes, una empresa de Lleida i una\u00a0Universitat. El projecte est\u00e0 liderat pel departament d&#8217;inform\u00e0tica de l&#8217;Esteve\u00a0Terradas\u00a0i consisteix en el desenvolupament d&#8217;eines immersives 3D&hellip;  <a href=\"https:\/\/agora.xtec.cat\/iesesteveterradas\/projectes-2\/vr-salut\/\" title=\"Read VR Salut\">Llegeix m\u00e9s\u00bb<\/a><\/p>\n","protected":false},"author":45,"featured_media":0,"parent":8626,"menu_order":0,"comment_status":"closed","ping_status":"closed","template":"page-templates\/side-menu.php","meta":{"_bbp_topic_count":0,"_bbp_reply_count":0,"_bbp_total_topic_count":0,"_bbp_total_reply_count":0,"_bbp_voice_count":0,"_bbp_anonymous_reply_count":0,"_bbp_topic_count_hidden":0,"_bbp_reply_count_hidden":0,"_bbp_forum_subforum_count":0,"footnotes":""},"class_list":["post-18602","page","type-page","status-publish","hentry"],"post_mailing_queue_ids":[],"_links":{"self":[{"href":"https:\/\/agora.xtec.cat\/iesesteveterradas\/wp-json\/wp\/v2\/pages\/18602","targetHints":{"allow":["GET"]}}],"collection":[{"href":"https:\/\/agora.xtec.cat\/iesesteveterradas\/wp-json\/wp\/v2\/pages"}],"about":[{"href":"https:\/\/agora.xtec.cat\/iesesteveterradas\/wp-json\/wp\/v2\/types\/page"}],"author":[{"embeddable":true,"href":"https:\/\/agora.xtec.cat\/iesesteveterradas\/wp-json\/wp\/v2\/users\/45"}],"replies":[{"embeddable":true,"href":"https:\/\/agora.xtec.cat\/iesesteveterradas\/wp-json\/wp\/v2\/comments?post=18602"}],"version-history":[{"count":1,"href":"https:\/\/agora.xtec.cat\/iesesteveterradas\/wp-json\/wp\/v2\/pages\/18602\/revisions"}],"predecessor-version":[{"id":18603,"href":"https:\/\/agora.xtec.cat\/iesesteveterradas\/wp-json\/wp\/v2\/pages\/18602\/revisions\/18603"}],"up":[{"embeddable":true,"href":"https:\/\/agora.xtec.cat\/iesesteveterradas\/wp-json\/wp\/v2\/pages\/8626"}],"wp:attachment":[{"href":"https:\/\/agora.xtec.cat\/iesesteveterradas\/wp-json\/wp\/v2\/media?parent=18602"}],"curies":[{"name":"wp","href":"https:\/\/api.w.org\/{rel}","templated":true}]}}