{"id":18600,"date":"2025-10-17T09:22:45","date_gmt":"2025-10-17T07:22:45","guid":{"rendered":"https:\/\/agora.xtec.cat\/iesesteveterradas\/?page_id=18600"},"modified":"2025-10-17T09:22:45","modified_gmt":"2025-10-17T07:22:45","slug":"club-vr","status":"publish","type":"page","link":"https:\/\/agora.xtec.cat\/iesesteveterradas\/projectes-2\/club-vr\/","title":{"rendered":"CLUB VR"},"content":{"rendered":"<div>\n<p>L&#8217;any 2021 l&#8217;Institut Esteve Terradas i Illa engega el Club de Realitat Virtual.<\/p>\n<p>En espais polivalents 100&#215;100 adaptats, els mateixos alumnes gestionen, proven i experimenten amb la realitat virtual (VR) amb ulleres 3D. Ells mateixos ho fan tot. Encara tenim pocs medis, per\u00f2 es una de les activitats amb m\u00e9s \u00e8xit de l&#8217;Institut tal com es pot veure en el v\u00eddeo.<\/p>\n<p>Gaudeixen\u00a0d&#8217;experi\u00e8ncia\u00a0<wbr \/>immersiva 3D i proven la tecnologia realitat virtual. Utilitzen jocs i algun programari creat per l&#8217;alumnat m\u00e9s avan\u00e7at de CFGS.<\/p>\n<p>Malgrat que els que m\u00e9s s&#8217;apunten s\u00f3n els alumnes CFGM SMX, volem expandir el club i que sigui una plataforma per la formaci\u00f3 de programadors per projectes de realitat virtual.<\/p>\n<\/div>\n<div><\/div>\n<div>\n<div style=\"width: 352px;\" class=\"wp-video\"><!--[if lt IE 9]><script>document.createElement('video');<\/script><![endif]-->\n<video class=\"wp-video-shortcode\" id=\"video-18600-1\" width=\"352\" height=\"640\" preload=\"metadata\" controls=\"controls\"><source type=\"video\/mp4\" src=\"https:\/\/agora.xtec.cat\/iesesteveterradas\/wp-content\/uploads\/usu855\/VID-20221102-WA0008.mp4?_=1\" \/><a href=\"https:\/\/agora.xtec.cat\/iesesteveterradas\/wp-content\/uploads\/usu855\/VID-20221102-WA0008.mp4\">https:\/\/agora.xtec.cat\/iesesteveterradas\/wp-content\/uploads\/usu855\/VID-20221102-WA0008.mp4<\/a><\/video><\/div>\n<\/div>\n","protected":false},"excerpt":{"rendered":"<p>L&#8217;any 2021 l&#8217;Institut Esteve Terradas i Illa engega el Club de Realitat Virtual.<br \/>\nEn espais polivalents 100&#215;100 adaptats, els mateixos alumnes gestionen, proven i experimenten amb la realitat virtual (VR) amb ulleres 3D. Ells mateixos ho fan tot. Encara tenim pocs medis, per\u00f2 es una de&hellip;  <a href=\"https:\/\/agora.xtec.cat\/iesesteveterradas\/projectes-2\/club-vr\/\" title=\"Read CLUB VR\">Llegeix m\u00e9s\u00bb<\/a><\/p>\n","protected":false},"author":45,"featured_media":0,"parent":8626,"menu_order":0,"comment_status":"closed","ping_status":"closed","template":"page-templates\/side-menu.php","meta":{"_bbp_topic_count":0,"_bbp_reply_count":0,"_bbp_total_topic_count":0,"_bbp_total_reply_count":0,"_bbp_voice_count":0,"_bbp_anonymous_reply_count":0,"_bbp_topic_count_hidden":0,"_bbp_reply_count_hidden":0,"_bbp_forum_subforum_count":0,"footnotes":""},"class_list":["post-18600","page","type-page","status-publish","hentry"],"post_mailing_queue_ids":[],"_links":{"self":[{"href":"https:\/\/agora.xtec.cat\/iesesteveterradas\/wp-json\/wp\/v2\/pages\/18600","targetHints":{"allow":["GET"]}}],"collection":[{"href":"https:\/\/agora.xtec.cat\/iesesteveterradas\/wp-json\/wp\/v2\/pages"}],"about":[{"href":"https:\/\/agora.xtec.cat\/iesesteveterradas\/wp-json\/wp\/v2\/types\/page"}],"author":[{"embeddable":true,"href":"https:\/\/agora.xtec.cat\/iesesteveterradas\/wp-json\/wp\/v2\/users\/45"}],"replies":[{"embeddable":true,"href":"https:\/\/agora.xtec.cat\/iesesteveterradas\/wp-json\/wp\/v2\/comments?post=18600"}],"version-history":[{"count":1,"href":"https:\/\/agora.xtec.cat\/iesesteveterradas\/wp-json\/wp\/v2\/pages\/18600\/revisions"}],"predecessor-version":[{"id":18601,"href":"https:\/\/agora.xtec.cat\/iesesteveterradas\/wp-json\/wp\/v2\/pages\/18600\/revisions\/18601"}],"up":[{"embeddable":true,"href":"https:\/\/agora.xtec.cat\/iesesteveterradas\/wp-json\/wp\/v2\/pages\/8626"}],"wp:attachment":[{"href":"https:\/\/agora.xtec.cat\/iesesteveterradas\/wp-json\/wp\/v2\/media?parent=18600"}],"curies":[{"name":"wp","href":"https:\/\/api.w.org\/{rel}","templated":true}]}}