{"id":18251,"date":"2025-09-22T08:56:09","date_gmt":"2025-09-22T06:56:09","guid":{"rendered":"https:\/\/agora.xtec.cat\/iesesteveterradas\/?page_id=18251"},"modified":"2025-10-06T08:15:56","modified_gmt":"2025-10-06T06:15:56","slug":"complecio-estudis","status":"publish","type":"page","link":"https:\/\/agora.xtec.cat\/iesesteveterradas\/departaments\/departaments-fp\/administracio-dempreses\/complecio-estudis\/","title":{"rendered":"Compleci\u00f3 estudis"},"content":{"rendered":"<p>A continuaci\u00f3 podeu consultar les programacions de compleci\u00f3 dels diferents m\u00f2duls, per a cada un dels 3 cicles d&#8217;Administraci\u00f3 d&#8217;Empreses que impartim. Contacteu amb el docent corresponent (indicat dins del document) per a que us pugui ampliar la informaci\u00f3.<\/p>\n<p><strong>CFGM GESTI\u00d3 ADMINISTRATIVA:<\/strong><\/p>\n<table width=\"604\">\n<thead>\n<tr>\n<td width=\"378\"><strong>M\u00f2duls professionals<\/strong><\/td>\n<td width=\"227\"><strong>Programaci\u00f3 compleci\u00f3<\/strong><\/td>\n<\/tr>\n<\/thead>\n<tbody>\n<tr>\n<td width=\"378\">MP1 Comunicaci\u00f3 empresarial i atenci\u00f3 al client<\/td>\n<td width=\"227\"><a href=\"https:\/\/agora.xtec.cat\/iesesteveterradas\/wp-content\/uploads\/usu855\/ADM1_ADM3_MP01_Comunicacio-empresarial-i-atencio-al-client_Complecio.docx\">MP01<\/a><\/td>\n<\/tr>\n<tr>\n<td width=\"378\">MP2 Operacions administratives de compravenda<\/td>\n<td width=\"227\"><a href=\"https:\/\/agora.xtec.cat\/iesesteveterradas\/wp-content\/uploads\/usu855\/ADM1_ADM3_MP02_Operacions-administratives-de-compravenda_Complecio.docx\">MP02<\/a><\/td>\n<\/tr>\n<tr>\n<td width=\"378\">MP3 Operacions administratives de recursos humans<\/td>\n<td width=\"227\"><a href=\"https:\/\/agora.xtec.cat\/iesesteveterradas\/wp-content\/uploads\/usu855\/ADM1_ADM3_ADM2_ADM4_MP03_Operacions-administratives-de-RRHH_COMPLECIO-2.docx\">MP03<\/a><\/td>\n<\/tr>\n<tr>\n<td width=\"378\">MP4 Operacions auxiliars de gesti\u00f3 de tresoreria<\/td>\n<td width=\"227\"><a href=\"https:\/\/agora.xtec.cat\/iesesteveterradas\/wp-content\/uploads\/usu855\/ADM1_ADM3_MP04_Operacions-auxiliars-gestio-tresoreria.docx\">MP04<\/a><\/td>\n<\/tr>\n<tr>\n<td width=\"378\">MP5 T\u00e8cnica comptable<\/td>\n<td width=\"227\"><a href=\"https:\/\/agora.xtec.cat\/iesesteveterradas\/wp-content\/uploads\/usu855\/ADM1_ADM3_MP05_Tecnica-comptable.docx\">MP05<\/a><\/td>\n<\/tr>\n<tr>\n<td width=\"378\">MP6 Tractament de la documentaci\u00f3 comptable<\/td>\n<td width=\"227\"><a href=\"https:\/\/agora.xtec.cat\/iesesteveterradas\/wp-content\/uploads\/usu855\/ADM2_ADM4_MP06_Tractament_de_la_documentacio_comptable_COMPLECIO.docx\">MP06<\/a><\/td>\n<\/tr>\n<tr>\n<td width=\"378\">MP7 Tractament inform\u00e0tic de la informaci\u00f3<\/td>\n<td width=\"227\"><a href=\"https:\/\/agora.xtec.cat\/iesesteveterradas\/wp-content\/uploads\/usu855\/ADM1_3_2_4_MP07_Tractament-informatic-de-la-informacio_COMPLECIO.docx\">MP07<\/a><\/td>\n<\/tr>\n<tr>\n<td width=\"378\">MP8 Angl\u00e8s<\/td>\n<td width=\"227\"><a href=\"https:\/\/agora.xtec.cat\/iesesteveterradas\/wp-content\/uploads\/usu855\/MP11_ANGLES_COMPLECIO.docx\">MP08<\/a><\/td>\n<\/tr>\n<tr>\n<td width=\"378\">MP9 Empresa i Administraci\u00f3<\/td>\n<td width=\"227\"><a href=\"https:\/\/agora.xtec.cat\/iesesteveterradas\/wp-content\/uploads\/usu855\/ADM2_ADM4_MP09_Empresa-i-Administracio_COMPLECIO.docx\">MP09<\/a><\/td>\n<\/tr>\n<tr>\n<td width=\"378\">MP10 Empresa a l\u2019aula<\/td>\n<td width=\"227\"><a href=\"https:\/\/agora.xtec.cat\/iesesteveterradas\/wp-content\/uploads\/usu855\/ADM2-4_MP10_Empresa-a-laula_COMPLECIO-1.docx\">MP10<\/a><\/td>\n<\/tr>\n<tr>\n<td width=\"378\">MP11 Formaci\u00f3 i orientaci\u00f3 laboral<\/td>\n<td width=\"227\"><a href=\"https:\/\/agora.xtec.cat\/iesesteveterradas\/wp-content\/uploads\/usu855\/INSTRUCCIONS-COMPLECIO-FOL_TOTS-ELS-CICLES-GM-I-GS.docx\">FOL<\/a><\/td>\n<\/tr>\n<\/tbody>\n<\/table>\n<p><strong>CFGS ADMINISTRACI\u00d3 I FINANCES:<\/strong><\/p>\n<table width=\"604\">\n<thead>\n<tr>\n<td width=\"368\"><strong>M\u00f2duls professionals<\/strong><\/td>\n<td width=\"236\"><strong>Programaci\u00f3 compleci\u00f3<\/strong><\/td>\n<\/tr>\n<\/thead>\n<tbody>\n<tr>\n<td width=\"368\">MP1 Comunicaci\u00f3 i atenci\u00f3 al client<\/td>\n<td width=\"236\"><a href=\"https:\/\/agora.xtec.cat\/iesesteveterradas\/wp-content\/uploads\/usu855\/GRUP_MP01_COMUNICACIO_COMPLECIO-1.docx\">MP01<\/a><\/td>\n<\/tr>\n<tr>\n<td width=\"368\">MP2 Gesti\u00f3 de la documentaci\u00f3 jur\u00eddica i empresarial<\/td>\n<td width=\"236\"><a href=\"https:\/\/agora.xtec.cat\/iesesteveterradas\/wp-content\/uploads\/usu855\/ADS1ADS3_MP2_-Gestio-de-la-Documentacio-Juridica_COMPLECIO-1.docx\">MP02<\/a><\/td>\n<\/tr>\n<tr>\n<td width=\"368\">MP3 Proc\u00e9s integral de l\u2019activitat comercial<\/td>\n<td width=\"236\"><a href=\"https:\/\/agora.xtec.cat\/iesesteveterradas\/wp-content\/uploads\/usu855\/ADS1ADS3_MP3_-Proces-Integral-de-lActivitat-Comercial_COMPLECIO.docx\">MP03<\/a><\/td>\n<\/tr>\n<tr>\n<td width=\"368\">MP4 Recursos humans i responsabilitat corporativa<\/td>\n<td width=\"236\"><a href=\"https:\/\/agora.xtec.cat\/iesesteveterradas\/wp-content\/uploads\/usu855\/ADS1ADS3_MP4_-Recursos-humans-i-Responsabilitat-Social-Corporativa_COMPLECIO-2.docx\">MP04<\/a><\/td>\n<\/tr>\n<tr>\n<td width=\"368\">MP5 Ofim\u00e0tica i proc\u00e9s de la informaci\u00f3<\/td>\n<td width=\"236\"><a href=\"https:\/\/agora.xtec.cat\/iesesteveterradas\/wp-content\/uploads\/usu855\/ADS1_ADS3_MP5_Ofimatica-i-proces-de-la-informacio_COMPLECIO.docx\">MP05<\/a><\/td>\n<\/tr>\n<tr>\n<td width=\"368\">MP6 Angl\u00e8s<\/td>\n<td width=\"236\"><a href=\"https:\/\/agora.xtec.cat\/iesesteveterradas\/wp-content\/uploads\/usu855\/MP11_ANGLES_COMPLECIO.docx\">MP06<\/a><\/td>\n<\/tr>\n<tr>\n<td width=\"368\">MP7 Gesti\u00f3 de recursos humans<\/td>\n<td width=\"236\"><a href=\"https:\/\/agora.xtec.cat\/iesesteveterradas\/wp-content\/uploads\/usu855\/ADS1ADS3_MP7_-Gestio-de-Recursos-humans_COMPLECIO-2.docx\">MP07<\/a><\/td>\n<\/tr>\n<tr>\n<td width=\"368\">MP8 Gesti\u00f3 financera<\/td>\n<td width=\"236\"><a href=\"https:\/\/agora.xtec.cat\/iesesteveterradas\/wp-content\/uploads\/usu855\/ADS2-MP08_Gestio-financera_COMPLECIO-1.docx\">MP08<\/a><\/td>\n<\/tr>\n<tr>\n<td width=\"368\">MP9 Comptabilitat i Fiscalitat<\/td>\n<td width=\"236\"><a href=\"https:\/\/agora.xtec.cat\/iesesteveterradas\/wp-content\/uploads\/usu855\/ADS2-4_MP09_Comptabilitat-i-Fiscalitat_COMPLECIO.docx\">MP09<\/a><\/td>\n<\/tr>\n<tr>\n<td width=\"368\">MP10 Gesti\u00f3 log\u00edstica i comercial<\/td>\n<td width=\"236\"><a href=\"https:\/\/agora.xtec.cat\/iesesteveterradas\/wp-content\/uploads\/usu855\/ADS2-4_MP10-15_Gestio-logistica-i-comercial-i-Logistica-simulada_COMPLECIO.docx\">MP10<\/a><\/td>\n<\/tr>\n<tr>\n<td width=\"368\">MP11 Simulaci\u00f3 empresarial<\/td>\n<td width=\"236\"><a href=\"https:\/\/agora.xtec.cat\/iesesteveterradas\/wp-content\/uploads\/usu855\/ADS2-4_MP11_Simulacio-empresarial_COMPLECIO.docx\">MP11<\/a><\/td>\n<\/tr>\n<tr>\n<td width=\"368\">MP12 Formaci\u00f3 i orientaci\u00f3 laboral<\/td>\n<td width=\"236\"><a href=\"https:\/\/agora.xtec.cat\/iesesteveterradas\/wp-content\/uploads\/usu855\/INSTRUCCIONS-COMPLECIO-FOL_TOTS-ELS-CICLES-GM-I-GS.docx\">FOL<\/a><\/td>\n<\/tr>\n<tr>\n<td width=\"368\">MP13 Projecte d&#8217;administraci\u00f3 i finances<\/td>\n<td width=\"236\"><a href=\"https:\/\/agora.xtec.cat\/iesesteveterradas\/wp-content\/uploads\/usu855\/ADS2-4_MP13_Projecte-Empresarial_COMPLECIO.docx\">MP13<\/a><\/td>\n<\/tr>\n<tr>\n<td width=\"368\"><\/td>\n<td width=\"236\"><\/td>\n<\/tr>\n<\/tbody>\n<\/table>\n<p><strong>CFGS ASSIST\u00c8NCIA A LA DIRECCI\u00d3:<\/strong><\/p>\n<table style=\"width: 606px;\" width=\"614\">\n<thead>\n<tr>\n<td style=\"width: 369px;\" width=\"368\"><strong>M\u00f2duls professionals<\/strong><\/td>\n<td style=\"width: 237px;\" width=\"236\"><strong>Programaci\u00f3 compleci\u00f3<\/strong><\/td>\n<\/tr>\n<\/thead>\n<tbody>\n<tr>\n<td style=\"width: 369px;\" width=\"368\">MP1 Comunicaci\u00f3 i atenci\u00f3 al client<\/td>\n<td style=\"width: 237px;\" width=\"236\"><a href=\"https:\/\/agora.xtec.cat\/iesesteveterradas\/wp-content\/uploads\/usu855\/GRUP_MP01_COMUNICACIO_COMPLECIO-1.docx\">MP01<\/a><\/td>\n<\/tr>\n<tr>\n<td style=\"width: 369px;\" width=\"368\">MP2 Gesti\u00f3 de la documentaci\u00f3 jur\u00eddica i empresarial<\/td>\n<td style=\"width: 237px;\" width=\"236\"><a href=\"https:\/\/agora.xtec.cat\/iesesteveterradas\/wp-content\/uploads\/usu855\/ADS1ADS3_MP2_-Gestio-de-la-Documentacio-Juridica_COMPLECIO-1.docx\">MP02<\/a><\/td>\n<\/tr>\n<tr>\n<td style=\"width: 369px;\" width=\"368\">MP3 Proc\u00e9s integral de l\u2019activitat comercial<\/td>\n<td style=\"width: 237px;\" width=\"236\"><a href=\"https:\/\/agora.xtec.cat\/iesesteveterradas\/wp-content\/uploads\/usu855\/ADS1ADS3_MP3_-Proces-Integral-de-lActivitat-Comercial_COMPLECIO.docx\">MP03<\/a><\/td>\n<\/tr>\n<tr>\n<td style=\"width: 369px;\" width=\"368\">MP4 Recursos humans i responsabilitat corporativa<\/td>\n<td style=\"width: 237px;\" width=\"236\"><a href=\"https:\/\/agora.xtec.cat\/iesesteveterradas\/wp-content\/uploads\/usu855\/DAS1_MP4_-Recursos-humans-i-Responsabilitat-Social-Corporativa_COMPLECIO-1-1.docx\">MP04<\/a><\/td>\n<\/tr>\n<tr>\n<td style=\"width: 369px;\" width=\"368\">MP5 Ofim\u00e0tica i proc\u00e9s de la informaci\u00f3<\/td>\n<td style=\"width: 237px;\" width=\"236\"><a href=\"https:\/\/agora.xtec.cat\/iesesteveterradas\/wp-content\/uploads\/usu855\/DAS1_MP5_Ofimatica-i-proces-de-la-informacio_COMPLECIO.docx\">MP05<\/a><\/td>\n<\/tr>\n<tr>\n<td style=\"width: 369px;\" width=\"368\">MP6 Angl\u00e8s<\/td>\n<td style=\"width: 237px;\" width=\"236\"><a href=\"https:\/\/agora.xtec.cat\/iesesteveterradas\/wp-content\/uploads\/usu855\/MP11_ANGLES_COMPLECIO.docx\">MP06<\/a><\/td>\n<\/tr>\n<tr>\n<td style=\"width: 369px;\" width=\"368\">MP7 Segona llengua estrangera<\/td>\n<td style=\"width: 237px;\" width=\"236\">Contactar amb <a href=\"mailto:lvives6@iesesteveterradas.cat\">lvives6@iesesteveterradas.cat<\/a><\/td>\n<\/tr>\n<tr>\n<td style=\"width: 369px;\" width=\"368\">MP8 Protocol Empresarial<\/td>\n<td style=\"width: 237px;\" width=\"236\"><a href=\"https:\/\/agora.xtec.cat\/iesesteveterradas\/wp-content\/uploads\/usu855\/DAS1_MP8_-Protocol-Empresarial_COMPLECIO-1.docx\">MP08<\/a><\/td>\n<\/tr>\n<tr>\n<td style=\"width: 369px;\" width=\"368\">MP9 Organitzaci\u00f3 d\u2019esdeveniments empresarials<\/td>\n<td style=\"width: 237px;\" width=\"236\"><a href=\"https:\/\/agora.xtec.cat\/iesesteveterradas\/wp-content\/uploads\/usu855\/DAS1_MP9_Organitzacio-desdeveniments.docx\">MP09<\/a><\/td>\n<\/tr>\n<tr>\n<td style=\"width: 369px;\" width=\"368\">MP10 Gesti\u00f3 avan\u00e7ada de la informaci\u00f3<\/td>\n<td style=\"width: 237px;\" width=\"236\"><a href=\"https:\/\/agora.xtec.cat\/iesesteveterradas\/wp-content\/uploads\/usu855\/DAS2_MP10_Gestio-avancada-de-la-informacio_COMPLECIO.docx\">MP10<\/a><\/td>\n<\/tr>\n<tr>\n<td style=\"width: 369px;\" width=\"368\">MP11 Formaci\u00f3 i orientaci\u00f3 laboral.<\/td>\n<td style=\"width: 237px;\" width=\"236\"><a href=\"https:\/\/agora.xtec.cat\/iesesteveterradas\/wp-content\/uploads\/usu855\/INSTRUCCIONS-COMPLECIO-FOL_TOTS-ELS-CICLES-GM-I-GS.docx\">FOL<\/a><\/td>\n<\/tr>\n<tr>\n<td style=\"width: 369px;\" width=\"368\">MP12 Projecte d\u2019assist\u00e8ncia a la direcci\u00f3<\/td>\n<td style=\"width: 237px;\" width=\"236\"><a href=\"https:\/\/agora.xtec.cat\/iesesteveterradas\/wp-content\/uploads\/usu855\/ADS2-4_MP13_Projecte-Empresarial_COMPLECIO.docx\">MP12<\/a><\/td>\n<\/tr>\n<tr>\n<td style=\"width: 369px;\" width=\"368\"><\/td>\n<td style=\"width: 237px;\" width=\"236\"><\/td>\n<\/tr>\n<tr>\n<td style=\"width: 369px;\" width=\"368\"><\/td>\n<td style=\"width: 237px;\" width=\"236\"><\/td>\n<\/tr>\n<\/tbody>\n<\/table>\n<p>Per a m\u00e9s informaci\u00f3, us podeu possar en contacte amb el Cap de Departament (<strong>ggarci20@iesesteveterradas.cat<\/strong>).<\/p>\n","protected":false},"excerpt":{"rendered":"<p>A continuaci\u00f3 podeu consultar les programacions de compleci\u00f3 dels diferents m\u00f2duls, per a cada un dels 3 cicles d&#8217;Administraci\u00f3 d&#8217;Empreses que impartim. Contacteu amb el docent corresponent (indicat dins del document) per a que us pugui ampliar la informaci\u00f3.<br \/>\nCFGM GESTI\u00d3 ADMINISTRATIVA:<\/p>\n<p>M\u00f2duls professionals<br \/>\nProgramaci\u00f3 compleci\u00f3<\/p>\n<p>MP1 Comunicaci\u00f3 empresarial&hellip;  <a href=\"https:\/\/agora.xtec.cat\/iesesteveterradas\/departaments\/departaments-fp\/administracio-dempreses\/complecio-estudis\/\" title=\"Read Compleci\u00f3 estudis\">Llegeix m\u00e9s\u00bb<\/a><\/p>\n","protected":false},"author":45,"featured_media":0,"parent":990,"menu_order":0,"comment_status":"closed","ping_status":"closed","template":"page-templates\/side-menu.php","meta":{"_bbp_topic_count":0,"_bbp_reply_count":0,"_bbp_total_topic_count":0,"_bbp_total_reply_count":0,"_bbp_voice_count":0,"_bbp_anonymous_reply_count":0,"_bbp_topic_count_hidden":0,"_bbp_reply_count_hidden":0,"_bbp_forum_subforum_count":0,"footnotes":""},"class_list":["post-18251","page","type-page","status-publish","hentry"],"post_mailing_queue_ids":[],"_links":{"self":[{"href":"https:\/\/agora.xtec.cat\/iesesteveterradas\/wp-json\/wp\/v2\/pages\/18251","targetHints":{"allow":["GET"]}}],"collection":[{"href":"https:\/\/agora.xtec.cat\/iesesteveterradas\/wp-json\/wp\/v2\/pages"}],"about":[{"href":"https:\/\/agora.xtec.cat\/iesesteveterradas\/wp-json\/wp\/v2\/types\/page"}],"author":[{"embeddable":true,"href":"https:\/\/agora.xtec.cat\/iesesteveterradas\/wp-json\/wp\/v2\/users\/45"}],"replies":[{"embeddable":true,"href":"https:\/\/agora.xtec.cat\/iesesteveterradas\/wp-json\/wp\/v2\/comments?post=18251"}],"version-history":[{"count":6,"href":"https:\/\/agora.xtec.cat\/iesesteveterradas\/wp-json\/wp\/v2\/pages\/18251\/revisions"}],"predecessor-version":[{"id":18523,"href":"https:\/\/agora.xtec.cat\/iesesteveterradas\/wp-json\/wp\/v2\/pages\/18251\/revisions\/18523"}],"up":[{"embeddable":true,"href":"https:\/\/agora.xtec.cat\/iesesteveterradas\/wp-json\/wp\/v2\/pages\/990"}],"wp:attachment":[{"href":"https:\/\/agora.xtec.cat\/iesesteveterradas\/wp-json\/wp\/v2\/media?parent=18251"}],"curies":[{"name":"wp","href":"https:\/\/api.w.org\/{rel}","templated":true}]}}