{"id":1786,"date":"2018-12-17T17:12:55","date_gmt":"2018-12-17T16:12:55","guid":{"rendered":"http:\/\/agora.xtec.cat\/iesesteveterradas\/?page_id=1786"},"modified":"2026-02-09T11:53:21","modified_gmt":"2026-02-09T10:53:21","slug":"medi-ambient","status":"publish","type":"page","link":"https:\/\/agora.xtec.cat\/iesesteveterradas\/serveis-2\/qualitat\/medi-ambient\/","title":{"rendered":"Medi Ambient"},"content":{"rendered":"<div id=\"ja-container\" class=\"wrap ja-l1\">\n<div class=\"main clearfix\">\n<div id=\"ja-mainbody\">\n<div id=\"ja-main\">\n<div class=\"inner clearfix\">\n<div id=\"ja-contentwrap\" class=\"clearfix \">\n<div id=\"ja-content\" class=\"column\">\n<div id=\"ja-current-content\" class=\"column\">\n<div id=\"ja-content-main\" class=\"ja-content-main clearfix\">\n<div class=\"item-page clearfix\">\n<h2 class=\"header2 pd-15 pd-30\"><a href=\"https:\/\/mediambient.gencat.cat\/ca\/05_ambits_dactuacio\/educacio_i_sostenibilitat\/educacio_per_a_la_sostenibilitat\/escoles_verdes\" target=\"_blank\" rel=\"noopener\">Programa escoles verdes<\/a><\/h2>\n<p>El nostre institut sempre ha mirat per ser un centre sostenible i preocupat pel medi ambient. \u00c9s per aix\u00f2 que al 2009 es va iniciar com a nou membre de la <strong>Xarxa d\u2019Escoles Verdes<\/strong> de Catalunya.<\/p>\n<p>Aix\u00f2 va implicar una s\u00e8rie de canvis en el funcionament i en la planificaci\u00f3 de centre. Uns canvis cap a positiu, cap a millorar la nostra implicaci\u00f3 amb el medi ambient. Vam substituir el paper blanc del centre per paper reciclat, es van instal\u00b7lar plaques solar, es van regular els cabals de les aixetes, entre d\u2019altres, i poc a poc i any rere any s\u2019han anat fent altres millores com la digitalitzaci\u00f3 de tota la documentaci\u00f3 per tal de reduir el consum de paper i la implantaci\u00f3 de sensors que ens ajudaran a regular el consum de gasoil.<\/p>\n<p>Tot aix\u00f2 i m\u00e9s s\u2019ha continuat fent per mantenir la ins\u00edgnia d\u2019<strong>escola verda<\/strong>, per\u00f2 no tant sols el centre s\u2019hi ha implicat sin\u00f3 que la comunitat educativa tamb\u00e9. S\u2019han fet campanyes per conscienciar a tota la comunitat de la import\u00e0ncia que t\u00e9 reciclar, reduir el consum de paper i aigua, d\u2019utilitzar els contenidors correctament, etc.<\/p>\n<p>El nostre centre tamb\u00e9 forma part de <strong>la Xarxa d&#8217;Escoles per la Sostenibilitat de Catalunya (XESC)<\/strong> , una xarxa que neix de la uni\u00f3 de les escoles verdes i de les entitats locals per promoure programes de sostenibilitat.<\/p>\n<p>Com a escola verda i membre de la XESC hem anat adaptant poc a poc el centre i conscienciant a la comunitat educativa de la import\u00e0ncia que tenen tots aquests canvis, per\u00f2 no ens aturem. Cada any anem implantant nous reptes i anem conscienciant als nouvinguts.<\/p>\n<p>Concretament l&#8217;Esteve Terradas forma part de la Xarxa d&#8217;Escoles per la Sostenibilitat de Cornell\u00e0 (XESCO) participant-hi activament.<\/p>\n<p><img loading=\"lazy\" decoding=\"async\" class=\"alignnone\" src=\"https:\/\/www.cornella.cat\/ca\/media\/cornella-natura\/octubre19-6847.jpg\/@@images\/55aace28-7e77-4a82-8406-f7eefda341b8.jpeg\" alt=\"Octubre'19-6847.JPG\" width=\"600\" height=\"400\" \/><\/p>\n<p>En el seg\u00fcent v\u00eddeo, que es va realitzar en la celebraci\u00f3 dels 10 anys, podeu veure quins projectes es realitzen en els centres escolars i quins realitzem a l&#8217;institut (minut 10) en col\u00b7laboraci\u00f3 amb la XESCO.<\/p>\n<p><iframe loading=\"lazy\" title=\"10 anys de la Xesco\" width=\"500\" height=\"281\" src=\"https:\/\/www.youtube.com\/embed\/L9PDWGrWOaw?feature=oembed\" frameborder=\"0\" allow=\"accelerometer; autoplay; clipboard-write; encrypted-media; gyroscope; picture-in-picture; web-share\" referrerpolicy=\"strict-origin-when-cross-origin\" allowfullscreen><\/iframe><\/p>\n<p>Entre tots farem un centre millor i un mon millor!!<\/p>\n<p><a href=\"http:\/\/mediambient.gencat.cat\/ca\/05_ambits_dactuacio\/educacio_i_sostenibilitat\/educacio_per_a_la_sostenibilitat\/xesc\/\"><img decoding=\"async\" src=\"http:\/\/www.esteveterradas.cat\/images\/stories\/noticies\/Centre\/Coordinacio Medi Ambient\/mediambient.jpg\" alt=\"\" \/><\/a><a href=\"http:\/\/mediambient.gencat.cat\/ca\/05_ambits_dactuacio\/educacio_i_sostenibilitat\/educacio_per_a_la_sostenibilitat\/escoles_verdes\/\"><img decoding=\"async\" src=\"http:\/\/www.esteveterradas.cat\/images\/stories\/noticies\/Centre\/Coordinacio Medi Ambient\/mediambient2.png\" alt=\"\" \/><\/a><\/p>\n<\/div>\n<\/div>\n<\/div>\n<\/div>\n<\/div>\n<\/div>\n<\/div>\n<div id=\"ja-left\" class=\"column sidebar\">\n<div class=\"ja-colswrap clearfix ja-l1\">\n<div id=\"ja-left1\" class=\"ja-col column\">\n<div class=\"ja-copyright\"><\/div>\n<\/div>\n<\/div>\n<\/div>\n<\/div>\n<\/div>\n<\/div>\n","protected":false},"excerpt":{"rendered":"<p><a href=\"https:\/\/mediambient.gencat.cat\/ca\/05_ambits_dactuacio\/educacio_i_sostenibilitat\/educacio_per_a_la_sostenibilitat\/escoles_verdes\" target=\"_blank\" rel=\"noopener\">Programa escoles verdes<\/a><br \/>\nEl nostre institut sempre ha mirat per ser un centre sostenible i preocupat pel medi ambient. \u00c9s per aix\u00f2 que al 2009 es va iniciar com a nou membre de la Xarxa d\u2019Escoles Verdes de Catalunya.<br \/>\nAix\u00f2 va implicar una s\u00e8rie&hellip;  <a href=\"https:\/\/agora.xtec.cat\/iesesteveterradas\/serveis-2\/qualitat\/medi-ambient\/\" title=\"Read Medi Ambient\">Llegeix m\u00e9s\u00bb<\/a><\/p>\n","protected":false},"author":1,"featured_media":0,"parent":1784,"menu_order":0,"comment_status":"closed","ping_status":"closed","template":"page-templates\/side-menu.php","meta":{"_bbp_topic_count":0,"_bbp_reply_count":0,"_bbp_total_topic_count":0,"_bbp_total_reply_count":0,"_bbp_voice_count":0,"_bbp_anonymous_reply_count":0,"_bbp_topic_count_hidden":0,"_bbp_reply_count_hidden":0,"_bbp_forum_subforum_count":0,"footnotes":""},"class_list":["post-1786","page","type-page","status-publish","hentry"],"post_mailing_queue_ids":[],"_links":{"self":[{"href":"https:\/\/agora.xtec.cat\/iesesteveterradas\/wp-json\/wp\/v2\/pages\/1786","targetHints":{"allow":["GET"]}}],"collection":[{"href":"https:\/\/agora.xtec.cat\/iesesteveterradas\/wp-json\/wp\/v2\/pages"}],"about":[{"href":"https:\/\/agora.xtec.cat\/iesesteveterradas\/wp-json\/wp\/v2\/types\/page"}],"author":[{"embeddable":true,"href":"https:\/\/agora.xtec.cat\/iesesteveterradas\/wp-json\/wp\/v2\/users\/1"}],"replies":[{"embeddable":true,"href":"https:\/\/agora.xtec.cat\/iesesteveterradas\/wp-json\/wp\/v2\/comments?post=1786"}],"version-history":[{"count":3,"href":"https:\/\/agora.xtec.cat\/iesesteveterradas\/wp-json\/wp\/v2\/pages\/1786\/revisions"}],"predecessor-version":[{"id":12426,"href":"https:\/\/agora.xtec.cat\/iesesteveterradas\/wp-json\/wp\/v2\/pages\/1786\/revisions\/12426"}],"up":[{"embeddable":true,"href":"https:\/\/agora.xtec.cat\/iesesteveterradas\/wp-json\/wp\/v2\/pages\/1784"}],"wp:attachment":[{"href":"https:\/\/agora.xtec.cat\/iesesteveterradas\/wp-json\/wp\/v2\/media?parent=1786"}],"curies":[{"name":"wp","href":"https:\/\/api.w.org\/{rel}","templated":true}]}}