{"id":1783,"date":"2018-12-17T17:12:55","date_gmt":"2018-12-17T16:12:55","guid":{"rendered":"http:\/\/agora.xtec.cat\/iesesteveterradas\/?page_id=1783"},"modified":"2026-01-12T12:16:20","modified_gmt":"2026-01-12T11:16:20","slug":"internacional","status":"publish","type":"page","link":"https:\/\/agora.xtec.cat\/iesesteveterradas\/serveis-2\/internacional\/","title":{"rendered":"Internacional"},"content":{"rendered":"<h3>Publicaci\u00f3 Beques Erasmus professorat<\/h3>\n<p>Aqu\u00ed teniu la resoluci\u00f3 de l<a href=\"https:\/\/agora.xtec.cat\/iesesteveterradas\/wp-content\/uploads\/usu855\/Resolucio-beques-professorat-2025-26.pdf\">&#8216;adjudicaci\u00f3<\/a> de Beques per al professorat. Enhorabona!<\/p>\n<h3>Coordinaci\u00f3 de mobilitat<\/h3>\n<p>L&#8217;Institut <em>Esteve Terradas i Illa<\/em>, aposta per les <strong>activitats internacionals<\/strong> (tant de l&#8217;alumnat com del professorat).<br \/>\nL&#8217;objectiu \u00e9s millorar la qualitat dels nostres ensenyaments i les compet\u00e8ncies ling\u00fc\u00edstica.<\/p>\n<p>Aquestes activitats estan gestionades per l<em>a coordinaci\u00f3 d&#8217;Internacionals<\/em>.<br \/>\nPer contactar, podeu adre\u00e7ar-vos al correu electr\u00f2nic: <a style=\"font-family: inherit; font-size: 1em;\" href=\"mailto:internacional@iesesteveterradas.cat\"><span style=\"color: #0000ff;\"><strong>internacional@iesesteveterradas.cat<\/strong><\/span><\/a><\/p>\n<h4><strong>Horari d&#8217;atenci\u00f3:<\/strong><\/h4>\n<p>Dimarts de 10:00 fins a les 12:30h.<\/p>\n<p><strong>Tel. 00 34 933775602<\/strong><\/p>\n<p>&nbsp;<\/p>\n<h4><strong>POLICY_STATEMENT_ECHE<\/strong><\/h4>\n<h4><strong>ERASMUS+ CHARTER<\/strong><\/h4>\n<h4><a href=\"https:\/\/agora.xtec.cat\/iesesteveterradas\/wp-content\/uploads\/usu855\/Erasmus-Charter-for-Higher-Education.pdf\">ET_Policy_statement_ECHE_2021-2027<\/a><\/h4>\n<p><a href=\"https:\/\/agora.xtec.cat\/iesesteveterradas\/wp-content\/uploads\/usu855\/Erasmus-Charter-for-Higher-Education.pdf\"><img loading=\"lazy\" decoding=\"async\" class=\"alignnone size-large wp-image-8671\" src=\"https:\/\/agora.xtec.cat\/iesesteveterradas\/wp-content\/uploads\/usu855\/CARTA_ECHE_2021_27-721x1024.png\" alt=\"\" width=\"721\" height=\"1024\" srcset=\"https:\/\/agora.xtec.cat\/iesesteveterradas\/wp-content\/uploads\/usu855\/CARTA_ECHE_2021_27-721x1024.png 721w, https:\/\/agora.xtec.cat\/iesesteveterradas\/wp-content\/uploads\/usu855\/CARTA_ECHE_2021_27-211x300.png 211w, https:\/\/agora.xtec.cat\/iesesteveterradas\/wp-content\/uploads\/usu855\/CARTA_ECHE_2021_27-768x1090.png 768w, https:\/\/agora.xtec.cat\/iesesteveterradas\/wp-content\/uploads\/usu855\/CARTA_ECHE_2021_27.png 1550w\" sizes=\"auto, (max-width: 721px) 100vw, 721px\" \/><\/a><\/p>\n<h4><\/h4>\n<p>&nbsp;<\/p>\n<p>&nbsp;<\/p>\n<h5><a href=\"https:\/\/agora.xtec.cat\/iesesteveterradas\/wp-content\/uploads\/usu855\/ET_Policy_statement_ECHE_2014-2020_web.pdf\">ET_Policy_statement_ECHE_20Erasmus Charter for Higher Education14-2020_<\/a><\/h5>\n<p><strong>ERASMUS+ CHARTER<\/strong><\/p>\n<p><a href=\"https:\/\/agora.xtec.cat\/iesesteveterradas\/wp-content\/uploads\/usu855\/carta_ECHE_english.pdf\"><img loading=\"lazy\" decoding=\"async\" class=\"alignnone size-large wp-image-3904\" src=\"https:\/\/agora.xtec.cat\/iesesteveterradas\/wp-content\/uploads\/usu855\/carta_ECHE_thumb-1024x724.jpg\" alt=\"Carta ECHE\" width=\"1024\" height=\"724\" srcset=\"https:\/\/agora.xtec.cat\/iesesteveterradas\/wp-content\/uploads\/usu855\/carta_ECHE_thumb.jpg 1024w, https:\/\/agora.xtec.cat\/iesesteveterradas\/wp-content\/uploads\/usu855\/carta_ECHE_thumb-300x212.jpg 300w, https:\/\/agora.xtec.cat\/iesesteveterradas\/wp-content\/uploads\/usu855\/carta_ECHE_thumb-768x543.jpg 768w\" sizes=\"auto, (max-width: 1024px) 100vw, 1024px\" \/><\/a><\/p>\n","protected":false},"excerpt":{"rendered":"<p>Publicaci\u00f3 Beques Erasmus professorat<br \/>\nAqu\u00ed teniu la resoluci\u00f3 de l<a href=\"https:\/\/agora.xtec.cat\/iesesteveterradas\/wp-content\/uploads\/usu855\/Resolucio-beques-professorat-2025-26.pdf\">&#8216;adjudicaci\u00f3<\/a> de Beques per al professorat. Enhorabona!<br \/>\nCoordinaci\u00f3 de mobilitat<br \/>\nL&#8217;Institut Esteve Terradas i Illa, aposta per les activitats internacionals (tant de l&#8217;alumnat com del professorat).<br \/>\nL&#8217;objectiu \u00e9s millorar la qualitat dels nostres ensenyaments i les compet\u00e8ncies ling\u00fc\u00edstica.<br \/>\nAquestes activitats&hellip;  <a href=\"https:\/\/agora.xtec.cat\/iesesteveterradas\/serveis-2\/internacional\/\" title=\"Read Internacional\">Llegeix m\u00e9s\u00bb<\/a><\/p>\n","protected":false},"author":1,"featured_media":0,"parent":8658,"menu_order":0,"comment_status":"closed","ping_status":"closed","template":"page-templates\/side-menu.php","meta":{"_bbp_topic_count":0,"_bbp_reply_count":0,"_bbp_total_topic_count":0,"_bbp_total_reply_count":0,"_bbp_voice_count":0,"_bbp_anonymous_reply_count":0,"_bbp_topic_count_hidden":0,"_bbp_reply_count_hidden":0,"_bbp_forum_subforum_count":0,"footnotes":""},"class_list":["post-1783","page","type-page","status-publish","hentry"],"post_mailing_queue_ids":[],"_links":{"self":[{"href":"https:\/\/agora.xtec.cat\/iesesteveterradas\/wp-json\/wp\/v2\/pages\/1783","targetHints":{"allow":["GET"]}}],"collection":[{"href":"https:\/\/agora.xtec.cat\/iesesteveterradas\/wp-json\/wp\/v2\/pages"}],"about":[{"href":"https:\/\/agora.xtec.cat\/iesesteveterradas\/wp-json\/wp\/v2\/types\/page"}],"author":[{"embeddable":true,"href":"https:\/\/agora.xtec.cat\/iesesteveterradas\/wp-json\/wp\/v2\/users\/1"}],"replies":[{"embeddable":true,"href":"https:\/\/agora.xtec.cat\/iesesteveterradas\/wp-json\/wp\/v2\/comments?post=1783"}],"version-history":[{"count":7,"href":"https:\/\/agora.xtec.cat\/iesesteveterradas\/wp-json\/wp\/v2\/pages\/1783\/revisions"}],"predecessor-version":[{"id":18958,"href":"https:\/\/agora.xtec.cat\/iesesteveterradas\/wp-json\/wp\/v2\/pages\/1783\/revisions\/18958"}],"up":[{"embeddable":true,"href":"https:\/\/agora.xtec.cat\/iesesteveterradas\/wp-json\/wp\/v2\/pages\/8658"}],"wp:attachment":[{"href":"https:\/\/agora.xtec.cat\/iesesteveterradas\/wp-json\/wp\/v2\/media?parent=1783"}],"curies":[{"name":"wp","href":"https:\/\/api.w.org\/{rel}","templated":true}]}}