{"id":1782,"date":"2018-12-17T17:12:55","date_gmt":"2018-12-17T16:12:55","guid":{"rendered":"http:\/\/agora.xtec.cat\/iesesteveterradas\/?page_id=1782"},"modified":"2025-09-05T10:58:21","modified_gmt":"2025-09-05T08:58:21","slug":"coinf","status":"publish","type":"page","link":"https:\/\/agora.xtec.cat\/iesesteveterradas\/coinf\/","title":{"rendered":"Inform\u00e0tica"},"content":{"rendered":"<div>\n<table style=\"height: 128px; border-style: solid; width: 69.2194%;\" border=\"0\" width=\"551\" cellspacing=\"0\" cellpadding=\"4\">\n<tbody>\n<tr style=\"height: 128px;\">\n<td style=\"width: 288px; height: 128px;\" valign=\"bottom\"><img loading=\"lazy\" decoding=\"async\" class=\"alignnone size-full wp-image-18175\" src=\"https:\/\/agora.xtec.cat\/iesesteveterradas\/wp-content\/uploads\/usu855\/coinf-logo.png\" alt=\"\" width=\"253\" height=\"121\" \/><\/td>\n<td style=\"width: 541px; height: 128px;\" colspan=\"2\" valign=\"middle\">\n<div>\n<h2 style=\"text-align: center;\"><strong>Coordinaci\u00f3 Inform\u00e0tica<\/strong><\/h2>\n<div style=\"text-align: center;\"><\/div>\n<\/div>\n<\/td>\n<\/tr>\n<\/tbody>\n<\/table>\n<table style=\"width: 322px;\" border=\"0\" cellspacing=\"0\" cellpadding=\"4\">\n<tbody>\n<tr valign=\"top\">\n<td style=\"width: 322px;\" width=\"322\">\n<div><strong><img loading=\"lazy\" decoding=\"async\" class=\"alignnone  wp-image-8299\" src=\"https:\/\/agora.xtec.cat\/iesesteveterradas\/wp-content\/uploads\/usu855\/simbol_blau1_petit.jpg\" alt=\"\" width=\"31\" height=\"31\" srcset=\"https:\/\/agora.xtec.cat\/iesesteveterradas\/wp-content\/uploads\/usu855\/simbol_blau1_petit.jpg 591w, https:\/\/agora.xtec.cat\/iesesteveterradas\/wp-content\/uploads\/usu855\/simbol_blau1_petit-150x150.jpg 150w, https:\/\/agora.xtec.cat\/iesesteveterradas\/wp-content\/uploads\/usu855\/simbol_blau1_petit-300x300.jpg 300w\" sizes=\"auto, (max-width: 31px) 100vw, 31px\" \/> <\/strong><strong>Esteve Terradas i Illa<\/strong><\/div>\n<\/td>\n<\/tr>\n<\/tbody>\n<\/table>\n<table style=\"width: 828px; height: 1187px;\" border=\"0\" cellspacing=\"0\" cellpadding=\"4\">\n<tbody>\n<tr style=\"height: 1187px;\">\n<td style=\"width: 367.05px; height: 1187px;\" valign=\"top\">\n<div>\n<p><img loading=\"lazy\" decoding=\"async\" class=\"alignnone  wp-image-18176\" src=\"https:\/\/agora.xtec.cat\/iesesteveterradas\/wp-content\/uploads\/usu855\/ChatGPT-Image-5-de-set.-del-2025-10_54_20.png\" alt=\"\" width=\"130\" height=\"130\" srcset=\"https:\/\/agora.xtec.cat\/iesesteveterradas\/wp-content\/uploads\/usu855\/ChatGPT-Image-5-de-set.-del-2025-10_54_20.png 1024w, https:\/\/agora.xtec.cat\/iesesteveterradas\/wp-content\/uploads\/usu855\/ChatGPT-Image-5-de-set.-del-2025-10_54_20-300x300.png 300w, https:\/\/agora.xtec.cat\/iesesteveterradas\/wp-content\/uploads\/usu855\/ChatGPT-Image-5-de-set.-del-2025-10_54_20-150x150.png 150w, https:\/\/agora.xtec.cat\/iesesteveterradas\/wp-content\/uploads\/usu855\/ChatGPT-Image-5-de-set.-del-2025-10_54_20-768x768.png 768w\" sizes=\"auto, (max-width: 130px) 100vw, 130px\" \/><\/p>\n<\/div>\n<table cellpadding=\"4\">\n<tbody>\n<tr>\n<td><strong>El vot, si pot ser, telem\u00e0tic!<\/strong><\/p>\n<p><strong>gr\u00e0cies <\/strong><strong>!!! <\/strong><\/td>\n<\/tr>\n<\/tbody>\n<\/table>\n<p><span style=\"text-decoration: underline;\"><strong>Horari Coordinaci\u00f3 Inform\u00e0tica<\/strong><\/span><\/p>\n<ul>\n<li>Alumn@t en pr\u00e0ctiques:\n<ul>\n<li><strong>No tenim<br \/>\n<\/strong><\/li>\n<\/ul>\n<\/li>\n<li>T\u00e8cnic extern (preventiu):\n<ul>\n<li><b>Pendent<\/b><\/li>\n<\/ul>\n<\/li>\n<li>Antoni Bagur:\n<ul>\n<li><strong>Matins i dimecres tarda<\/strong><\/li>\n<\/ul>\n<\/li>\n<li>Isaac Or\u00fas:\n<ul>\n<li><strong>Horari de tarda<\/strong><\/li>\n<\/ul>\n<\/li>\n<\/ul>\n<p><sup>(horari detallat\u00a0al document impr\u00e8s a la sala de professorat)<\/sup><\/p>\n<p>&nbsp;<\/p>\n<p>&nbsp;<\/p>\n<p style=\"text-align: justify;\"><strong>Les incid\u00e8ncies es resolen enviant un correu al email d&#8217;incid\u00e8ncies i es resolen per ordre d&#8217;arribada.<\/strong><\/p>\n<p><strong>\u00a0<\/strong><\/p>\n<p>&nbsp;<\/p>\n<p>&nbsp;<\/p>\n<p>&nbsp;<\/td>\n<td style=\"width: 458.95px; height: 1187px;\" valign=\"top\">\n<table style=\"background-color: #e1eff5; width: 92.1579%; height: 561px;\" border=\"0\" cellspacing=\"3\" cellpadding=\"4\">\n<tbody>\n<tr style=\"background-color: #b4c6e7;\">\n<td style=\"width: 100%; height: 386px;\">Envia les incid\u00e8ncies inform\u00e0tiques a l&#8217;adre\u00e7a:<\/p>\n<p><img loading=\"lazy\" decoding=\"async\" class=\"alignnone size-full wp-image-18167\" src=\"https:\/\/agora.xtec.cat\/iesesteveterradas\/wp-content\/uploads\/usu855\/coinf.png\" alt=\"\" width=\"272\" height=\"34\" \/><\/p>\n<p><strong>Gr\u00e0cies. Les atendrem el m\u00e9s aviat possible<\/strong><\/td>\n<\/tr>\n<tr style=\"height: 248px;\" bgcolor=\"#eeeeee\">\n<td style=\"width: 100%; height: 14px;\" bgcolor=\"#ffffff\" height=\"30\"><img loading=\"lazy\" decoding=\"async\" class=\"alignnone wp-image-18174 size-large\" src=\"https:\/\/agora.xtec.cat\/iesesteveterradas\/wp-content\/uploads\/usu855\/IMG_7806-1-scaled-e1757062244228-768x1024.jpeg\" alt=\"\" width=\"768\" height=\"1024\" srcset=\"https:\/\/agora.xtec.cat\/iesesteveterradas\/wp-content\/uploads\/usu855\/IMG_7806-1-scaled-e1757062244228-768x1024.jpeg 768w, https:\/\/agora.xtec.cat\/iesesteveterradas\/wp-content\/uploads\/usu855\/IMG_7806-1-scaled-e1757062244228-225x300.jpeg 225w, https:\/\/agora.xtec.cat\/iesesteveterradas\/wp-content\/uploads\/usu855\/IMG_7806-1-scaled-e1757062244228-1152x1536.jpeg 1152w, https:\/\/agora.xtec.cat\/iesesteveterradas\/wp-content\/uploads\/usu855\/IMG_7806-1-scaled-e1757062244228-1536x2048.jpeg 1536w, https:\/\/agora.xtec.cat\/iesesteveterradas\/wp-content\/uploads\/usu855\/IMG_7806-1-scaled-e1757062244228.jpeg 1920w\" sizes=\"auto, (max-width: 768px) 100vw, 768px\" \/><\/td>\n<\/tr>\n<tr style=\"background-color: #b4c6e7;\">\n<td style=\"width: 100%; height: 33px;\"><strong>Links<\/strong><\/td>\n<\/tr>\n<tr style=\"height: 33px;\" bgcolor=\"#eeeeee\">\n<td style=\"width: 100%; height: 33px;\" bgcolor=\"#ffffff\" height=\"30\">\n<div><a href=\"http:\/\/www.owasp.org\" target=\"_blank\" rel=\"noopener noreferrer\"><strong>Seguretat<\/strong><\/a><\/div>\n<\/td>\n<\/tr>\n<tr style=\"height: 33px;\" bgcolor=\"#eeeeee\">\n<td style=\"width: 100%; height: 33px;\" bgcolor=\"#ffffff\" height=\"30\">\n<div><a href=\"http:\/\/www.catnix.net\/ca\/speedtest\/\" target=\"_blank\" rel=\"noopener noreferrer\"><strong>Test de velocitat<\/strong><\/a><\/div>\n<\/td>\n<\/tr>\n<tr style=\"height: 33px;\" bgcolor=\"#eeeeee\">\n<td style=\"width: 100%; height: 28px;\" bgcolor=\"#ffffff\"><a href=\"https:\/\/accounts.google.com\/signin\/v2\/identifier?continue=http%3A%2F%2Fmail.google.com%2Fa%2Fiesesteveterradas.cat%2F&amp;ltmpl=default&amp;hd=iesesteveterradas.cat&amp;service=mail&amp;sacu=1&amp;rip=1&amp;flowName=GlifWebSignIn&amp;flowEntry=ServiceLogin\" target=\"_blank\" rel=\"noopener noreferrer\"><strong>Acc\u00e9s correu del centre<\/strong><\/a><\/td>\n<\/tr>\n<tr style=\"height: 48px;\" bgcolor=\"#eeeeee\">\n<td style=\"width: 100%; height: 34px;\" bgcolor=\"#ffffff\"><a href=\"http:\/\/ateneu.xtec.cat\/wikiform\/wikiexport\/cursos\/index\" target=\"_blank\" rel=\"noopener noreferrer\"><strong>Materials de formaci\u00f3<\/strong><\/a><br \/>\nMaterials de la SGTI<\/td>\n<\/tr>\n<\/tbody>\n<\/table>\n<div>\n<table style=\"height: 386px;\" border=\"0\" cellspacing=\"3\" cellpadding=\"4\">\n<tbody>\n<tr style=\"background-color: #b4c6e7;\">\n<td style=\"height: 33px;\">\n<div><strong>Suport T\u00e8cnic<\/strong><\/div>\n<\/td>\n<\/tr>\n<tr style=\"height: 64px;\" bgcolor=\"#eeeeee\">\n<td style=\"height: 64px;\" bgcolor=\"#ffffff\">\n<div><a href=\"http:\/\/xtec.gencat.cat\/ca\/at_usuari\/gestio\/ajuda-serveis-telematics\/\" target=\"_blank\" rel=\"noopener noreferrer\"><strong>Recursos WEB a\u00a0la XTEC<\/strong><\/a><\/div>\n<div>P\u00e0gina de la XTEC on d\u00f3na suport a les noves tecnologies i serveis G Suite<\/div>\n<\/td>\n<\/tr>\n<tr style=\"height: 95px;\" bgcolor=\"#eeeeee\">\n<td style=\"height: 95px;\" bgcolor=\"#ffffff\">\n<div><a href=\"http:\/\/www.educat1x1.cat\/\" target=\"_blank\" rel=\"noopener noreferrer\"><strong>Xarxa eduCAT 2.0<\/strong><\/a><\/div>\n<div><a href=\"http:\/\/imae.wikispaces.com\/P1x1-Proc-Connectar+Windows+a+WiFi+EduCat\" target=\"_blank\" rel=\"noopener noreferrer\"><strong>Connectar-se al wifi 1&#215;1<\/strong><\/a><\/div>\n<div><\/div>\n<div>Webs on expliquen temes relacionats amb el 1&#215;1 i com connectar-se a la xarxa sense fils<\/div>\n<\/td>\n<\/tr>\n<tr style=\"height: 33px;\">\n<td style=\"height: 33px;\"><strong><a href=\"https:\/\/aplicacions.gestioeducativa.gencat.cat\/pls\/apex\/f?p=GUX_PUB:41:0:\" target=\"_blank\" rel=\"noopener noreferrer\"><strong>Alta correu xtec o recuperaci\u00f3 contrasenya<\/strong><\/a><br \/>\n<\/strong><a href=\"https:\/\/aplicacions.gestioeducativa.gencat.cat\/pls\/apex\/f?p=GUX_PUB:99\" target=\"_blank\" rel=\"noopener noreferrer\"><strong>Canvi contrasenya xtec<\/strong><\/a><\/td>\n<\/tr>\n<tr style=\"height: 64px;\" bgcolor=\"#eeeeee\">\n<td style=\"height: 64px;\" bgcolor=\"#ffffff\">\n<div><strong><a href=\"http:\/\/www.xtec.cat\/eduroam\/\" target=\"_blank\" rel=\"noopener noreferrer\"><strong>Projecte Eduroam<\/strong><\/a><\/strong><\/div>\n<div>Acc\u00e9s a Internet amb\u00a0el compte de correu de l&#8217;xtec.<\/div>\n<div><\/div>\n<div><a href=\"http:\/\/xtec.gencat.cat\/ca\/at_usuari\/gestio\/activacioeduroam\/\" target=\"_blank\" rel=\"noopener noreferrer\"><strong>Activaci\u00f3 xarxa Eduroam<\/strong><\/a><\/div>\n<\/td>\n<\/tr>\n<tr style=\"height: 64px;\" bgcolor=\"#eeeeee\">\n<td style=\"height: 64px;\" bgcolor=\"#ffffff\">\n<div><a href=\"http:\/\/xtec.gencat.cat\/ca\/at_usuari\/suport\/einessuport\/\" target=\"_blank\" rel=\"noopener noreferrer\"><strong>Programari<\/strong><\/a><\/div>\n<div>Software b\u00e0sic per al treball a Internet recomanats per la XTEC.<\/div>\n<\/td>\n<\/tr>\n<\/tbody>\n<\/table>\n<\/div>\n<\/td>\n<\/tr>\n<\/tbody>\n<\/table>\n<p>&nbsp;<\/p>\n<\/div>\n","protected":false},"excerpt":{"rendered":"<p>Coordinaci\u00f3 Inform\u00e0tica<\/p>\n<p> Esteve Terradas i Illa<\/p>\n<p>El vot, si pot ser, telem\u00e0tic!<br \/>\ngr\u00e0cies !!! <\/p>\n<p>Horari Coordinaci\u00f3 Inform\u00e0tica<\/p>\n<ul>\n<li>Alumn@t en pr\u00e0ctiques:\n<ul>\n<li>No tenim\n<\/li>\n<\/ul>\n<\/li>\n<li>T\u00e8cnic extern (preventiu):\n<ul>\n<li>Pendent<\/li>\n<\/ul>\n<\/li>\n<li>Antoni Bagur:\n<ul>\n<li>Matins i dimecres tarda<\/li>\n<\/ul>\n<\/li>\n<li>Isaac Or\u00fas:\n<ul>\n<li>Horari de tarda<\/li>\n<\/ul>\n<\/li>\n<\/ul>\n<p>(horari detallat\u00a0al document impr\u00e8s a la sala de professorat)<br \/>\n&nbsp;<br \/>\n&nbsp;<br \/>\nLes incid\u00e8ncies es resolen enviant un correu al email d&#8217;incid\u00e8ncies i&hellip;  <a href=\"https:\/\/agora.xtec.cat\/iesesteveterradas\/coinf\/\" title=\"Read Inform\u00e0tica\">Llegeix m\u00e9s\u00bb<\/a><\/p>\n","protected":false},"author":1,"featured_media":0,"parent":0,"menu_order":0,"comment_status":"closed","ping_status":"closed","template":"page-templates\/side-menu.php","meta":{"_bbp_topic_count":0,"_bbp_reply_count":0,"_bbp_total_topic_count":0,"_bbp_total_reply_count":0,"_bbp_voice_count":0,"_bbp_anonymous_reply_count":0,"_bbp_topic_count_hidden":0,"_bbp_reply_count_hidden":0,"_bbp_forum_subforum_count":0,"footnotes":""},"class_list":["post-1782","page","type-page","status-publish","hentry"],"post_mailing_queue_ids":[],"_links":{"self":[{"href":"https:\/\/agora.xtec.cat\/iesesteveterradas\/wp-json\/wp\/v2\/pages\/1782","targetHints":{"allow":["GET"]}}],"collection":[{"href":"https:\/\/agora.xtec.cat\/iesesteveterradas\/wp-json\/wp\/v2\/pages"}],"about":[{"href":"https:\/\/agora.xtec.cat\/iesesteveterradas\/wp-json\/wp\/v2\/types\/page"}],"author":[{"embeddable":true,"href":"https:\/\/agora.xtec.cat\/iesesteveterradas\/wp-json\/wp\/v2\/users\/1"}],"replies":[{"embeddable":true,"href":"https:\/\/agora.xtec.cat\/iesesteveterradas\/wp-json\/wp\/v2\/comments?post=1782"}],"version-history":[{"count":6,"href":"https:\/\/agora.xtec.cat\/iesesteveterradas\/wp-json\/wp\/v2\/pages\/1782\/revisions"}],"predecessor-version":[{"id":18177,"href":"https:\/\/agora.xtec.cat\/iesesteveterradas\/wp-json\/wp\/v2\/pages\/1782\/revisions\/18177"}],"wp:attachment":[{"href":"https:\/\/agora.xtec.cat\/iesesteveterradas\/wp-json\/wp\/v2\/media?parent=1782"}],"curies":[{"name":"wp","href":"https:\/\/api.w.org\/{rel}","templated":true}]}}