{"id":1778,"date":"2018-12-17T17:12:54","date_gmt":"2018-12-17T16:12:54","guid":{"rendered":"http:\/\/agora.xtec.cat\/iesesteveterradas\/?page_id=1778"},"modified":"2025-10-17T08:51:12","modified_gmt":"2025-10-17T06:51:12","slug":"extraescolars","status":"publish","type":"page","link":"https:\/\/agora.xtec.cat\/iesesteveterradas\/families\/extraescolars\/","title":{"rendered":"Extraescolars"},"content":{"rendered":"<p><img loading=\"lazy\" decoding=\"async\" class=\"wp-image-18588 alignleft\" src=\"https:\/\/agora.xtec.cat\/iesesteveterradas\/wp-content\/uploads\/usu855\/0d8ff803-85f0-44c4-8043-c57e54a89633-1024x683.png\" alt=\"\" width=\"217\" height=\"145\" srcset=\"https:\/\/agora.xtec.cat\/iesesteveterradas\/wp-content\/uploads\/usu855\/0d8ff803-85f0-44c4-8043-c57e54a89633-1024x683.png 1024w, https:\/\/agora.xtec.cat\/iesesteveterradas\/wp-content\/uploads\/usu855\/0d8ff803-85f0-44c4-8043-c57e54a89633-300x200.png 300w, https:\/\/agora.xtec.cat\/iesesteveterradas\/wp-content\/uploads\/usu855\/0d8ff803-85f0-44c4-8043-c57e54a89633-768x512.png 768w, https:\/\/agora.xtec.cat\/iesesteveterradas\/wp-content\/uploads\/usu855\/0d8ff803-85f0-44c4-8043-c57e54a89633.png 1536w\" sizes=\"auto, (max-width: 217px) 100vw, 217px\" \/><\/p>\n<p>Des del Departament d&#8217;Extraescolars pretenem fer ress\u00f2 de tots els esdeveniments que la societat celebra, especialment aquells que promouen valors de la <strong>pau<\/strong>, la <strong>conviv\u00e8ncia<\/strong>, el <strong>respecte<\/strong>, i l&#8217;aprenentatge dels <strong>valors <\/strong>de <strong>l&#8217;esfor\u00e7 i el treball.<\/strong><\/p>\n<p>Volem fomentar la celebraci\u00f3 de les nostres tradicions: la Castanyada, el Carnestoltes, i el Dia de Sant Jordi, amb concursos, activitats i sortides a la natura. Tamb\u00e9 celebrem setmanes culturals: Setmana de la ci\u00e8ncia, la Setmana del Carnet de la Biblioteca, Setmana de la Pau, Setmana del Drets Humans.<\/p>\n<p>Tamb\u00e9 col.laborem en l&#8217;organitzaci\u00f3 de trobades musicals amb les fam\u00edlies com el ja tradicional Sopar de Nadal i el Concert de Primavera.<\/p>\n<p>Durant el curs els alumnes participen en xerrades, vesprades po\u00e8tiques. concursos, campanyes solid\u00e0ries i trobades amb altres escoles.<\/p>\n","protected":false},"excerpt":{"rendered":"<p>Des del Departament d&#8217;Extraescolars pretenem fer ress\u00f2 de tots els esdeveniments que la societat celebra, especialment aquells que promouen valors de la pau, la conviv\u00e8ncia, el respecte, i l&#8217;aprenentatge dels valors de l&#8217;esfor\u00e7 i el treball.<br \/>\nVolem fomentar la celebraci\u00f3 de les nostres tradicions: la Castanyada,&hellip;  <a href=\"https:\/\/agora.xtec.cat\/iesesteveterradas\/families\/extraescolars\/\" title=\"Read Extraescolars\">Llegeix m\u00e9s\u00bb<\/a><\/p>\n","protected":false},"author":1,"featured_media":0,"parent":18585,"menu_order":0,"comment_status":"closed","ping_status":"closed","template":"page-templates\/side-menu.php","meta":{"_bbp_topic_count":0,"_bbp_reply_count":0,"_bbp_total_topic_count":0,"_bbp_total_reply_count":0,"_bbp_voice_count":0,"_bbp_anonymous_reply_count":0,"_bbp_topic_count_hidden":0,"_bbp_reply_count_hidden":0,"_bbp_forum_subforum_count":0,"footnotes":""},"class_list":["post-1778","page","type-page","status-publish","hentry"],"post_mailing_queue_ids":[],"_links":{"self":[{"href":"https:\/\/agora.xtec.cat\/iesesteveterradas\/wp-json\/wp\/v2\/pages\/1778","targetHints":{"allow":["GET"]}}],"collection":[{"href":"https:\/\/agora.xtec.cat\/iesesteveterradas\/wp-json\/wp\/v2\/pages"}],"about":[{"href":"https:\/\/agora.xtec.cat\/iesesteveterradas\/wp-json\/wp\/v2\/types\/page"}],"author":[{"embeddable":true,"href":"https:\/\/agora.xtec.cat\/iesesteveterradas\/wp-json\/wp\/v2\/users\/1"}],"replies":[{"embeddable":true,"href":"https:\/\/agora.xtec.cat\/iesesteveterradas\/wp-json\/wp\/v2\/comments?post=1778"}],"version-history":[{"count":4,"href":"https:\/\/agora.xtec.cat\/iesesteveterradas\/wp-json\/wp\/v2\/pages\/1778\/revisions"}],"predecessor-version":[{"id":18589,"href":"https:\/\/agora.xtec.cat\/iesesteveterradas\/wp-json\/wp\/v2\/pages\/1778\/revisions\/18589"}],"up":[{"embeddable":true,"href":"https:\/\/agora.xtec.cat\/iesesteveterradas\/wp-json\/wp\/v2\/pages\/18585"}],"wp:attachment":[{"href":"https:\/\/agora.xtec.cat\/iesesteveterradas\/wp-json\/wp\/v2\/media?parent=1778"}],"curies":[{"name":"wp","href":"https:\/\/api.w.org\/{rel}","templated":true}]}}