{"id":1777,"date":"2018-12-17T17:12:54","date_gmt":"2018-12-17T16:12:54","guid":{"rendered":"http:\/\/agora.xtec.cat\/iesesteveterradas\/?page_id=1777"},"modified":"2025-10-16T08:30:26","modified_gmt":"2025-10-16T06:30:26","slug":"coeducacio","status":"publish","type":"page","link":"https:\/\/agora.xtec.cat\/iesesteveterradas\/serveis-2\/coeducacio\/","title":{"rendered":"Coeducaci\u00f3"},"content":{"rendered":"<p>La Coeducaci\u00f3 \u00e9s un <strong>m\u00e8tode educatiu<\/strong> que parteix del principi de la igualtat entre els sexes. Es tracta d\u2019<strong>educar en la igualtat des de la difer\u00e8ncia<\/strong>. Significa educar conjuntament nois i noies, per\u00f2 no es limita a \u201cagrupar\u201c nois i noies a les aules. Considera que les aportacions fetes per dones i homes s\u00f3n imprescindibles per interpretar i con\u00e8ixer el m\u00f3n.<\/p>\n<p><img decoding=\"async\" src=\"http:\/\/esteveterradas.cat\/images\/stories\/departaments\/coeducacio\/xaji0.jpg\" alt=\"coeducacio\" \/><\/p>\n<p>No s\u2019ha de deixar fora de l\u2019\u00e0mbit acad\u00e8mic tot all\u00f2 que t\u00e9 a veure amb el m\u00f3n i el saber de les dones. L\u2019escola coeducativa incideix no tan sols en les aules sin\u00f3 tamb\u00e9 en l&#8217;organitzaci\u00f3 i gesti\u00f3 del sistema educatiu i dels centres escolars, en la relaci\u00f3 i interacci\u00f3 entre l\u2019alumnat i el professorat, aix\u00ed com en els curr\u00edculums, llenguatge, unitats d\u2019aprenentatge, materials, llibres&#8230;<\/p>\n<p>A l&#8217;IES Esteve Terradas tenim un <strong>projecte de coeducaci\u00f3 des de l&#8217;any 2007<\/strong>. Els objectius d&#8217;aquest projecte s\u00f3n:<\/p>\n<ul>\n<li>Fomentar la pres\u00e8ncia i la visibilitat de les dones en els curr\u00edculums<\/li>\n<li>Prevenir les viol\u00e8ncies contra les dones<\/li>\n<li>Fomentar l\u2019\u00fas de llenguatges no sexistes<\/li>\n<li>Desmitificar els estereotips de g\u00e8nere en l\u2019orientaci\u00f3 professional<\/li>\n<li>Proporcionar informaci\u00f3 sobre sexualitats, afectivitats i reproducci\u00f3<\/li>\n<li>Afavorir la paritat en els diversos estaments de la comunitat educativa<\/li>\n<\/ul>\n<p><img decoding=\"async\" src=\"http:\/\/esteveterradas.cat\/images\/stories\/departaments\/coeducacio\/coeduca1.jpg\" alt=\"coeducaci\u00f3\" \/><\/p>\n","protected":false},"excerpt":{"rendered":"<p>La Coeducaci\u00f3 \u00e9s un m\u00e8tode educatiu que parteix del principi de la igualtat entre els sexes. Es tracta d\u2019educar en la igualtat des de la difer\u00e8ncia. Significa educar conjuntament nois i noies, per\u00f2 no es limita a \u201cagrupar\u201c nois i noies a les aules. Considera&hellip;  <a href=\"https:\/\/agora.xtec.cat\/iesesteveterradas\/serveis-2\/coeducacio\/\" title=\"Read Coeducaci\u00f3\">Llegeix m\u00e9s\u00bb<\/a><\/p>\n","protected":false},"author":1,"featured_media":0,"parent":8658,"menu_order":0,"comment_status":"closed","ping_status":"closed","template":"page-templates\/side-menu.php","meta":{"_bbp_topic_count":0,"_bbp_reply_count":0,"_bbp_total_topic_count":0,"_bbp_total_reply_count":0,"_bbp_voice_count":0,"_bbp_anonymous_reply_count":0,"_bbp_topic_count_hidden":0,"_bbp_reply_count_hidden":0,"_bbp_forum_subforum_count":0,"footnotes":""},"class_list":["post-1777","page","type-page","status-publish","hentry"],"post_mailing_queue_ids":[],"_links":{"self":[{"href":"https:\/\/agora.xtec.cat\/iesesteveterradas\/wp-json\/wp\/v2\/pages\/1777","targetHints":{"allow":["GET"]}}],"collection":[{"href":"https:\/\/agora.xtec.cat\/iesesteveterradas\/wp-json\/wp\/v2\/pages"}],"about":[{"href":"https:\/\/agora.xtec.cat\/iesesteveterradas\/wp-json\/wp\/v2\/types\/page"}],"author":[{"embeddable":true,"href":"https:\/\/agora.xtec.cat\/iesesteveterradas\/wp-json\/wp\/v2\/users\/1"}],"replies":[{"embeddable":true,"href":"https:\/\/agora.xtec.cat\/iesesteveterradas\/wp-json\/wp\/v2\/comments?post=1777"}],"version-history":[{"count":3,"href":"https:\/\/agora.xtec.cat\/iesesteveterradas\/wp-json\/wp\/v2\/pages\/1777\/revisions"}],"predecessor-version":[{"id":2459,"href":"https:\/\/agora.xtec.cat\/iesesteveterradas\/wp-json\/wp\/v2\/pages\/1777\/revisions\/2459"}],"up":[{"embeddable":true,"href":"https:\/\/agora.xtec.cat\/iesesteveterradas\/wp-json\/wp\/v2\/pages\/8658"}],"wp:attachment":[{"href":"https:\/\/agora.xtec.cat\/iesesteveterradas\/wp-json\/wp\/v2\/media?parent=1777"}],"curies":[{"name":"wp","href":"https:\/\/api.w.org\/{rel}","templated":true}]}}