{"id":17764,"date":"2025-05-15T13:00:49","date_gmt":"2025-05-15T11:00:49","guid":{"rendered":"https:\/\/agora.xtec.cat\/iesesteveterradas\/?page_id=17764"},"modified":"2026-02-02T12:11:26","modified_gmt":"2026-02-02T11:11:26","slug":"sollicitud-de-titols","status":"publish","type":"page","link":"https:\/\/agora.xtec.cat\/iesesteveterradas\/secretaria\/sollicitud-de-titols\/","title":{"rendered":"Sol\u00b7licitud de t\u00edtol acad\u00e8mic"},"content":{"rendered":"<h3>TAULA RESUM<\/h3>\n<table style=\"border-collapse: collapse; width: 100%; height: 305px;\">\n<tbody>\n<tr style=\"height: 32px;\">\n<td style=\"width: 25%; height: 17px;\"><strong>ESTUDI<\/strong><\/td>\n<td style=\"width: 25%; height: 17px;\"><strong>FINALITZACI\u00d3 abans del curs 2016\/2017<\/strong><\/td>\n<td style=\"width: 25%; height: 17px;\"><strong>FINALITZACI\u00d3 a partir del curs 2016\/2017<\/strong><\/td>\n<\/tr>\n<tr style=\"height: 32px;\">\n<td style=\"width: 25%; height: 32px;\"><strong>ESO (primera sol\u00b7licitud)<\/strong><\/td>\n<td style=\"width: 25%; height: 32px;\">No has de fer cap tr\u00e0mit, el centre ho sol\u00b7licita d&#8217;ofici<\/td>\n<td style=\"width: 25%; height: 32px;\">No has de fer cap tr\u00e0mit, el centre ho sol\u00b7licita d&#8217;ofici<\/td>\n<\/tr>\n<tr style=\"height: 32px;\">\n<td style=\"width: 25%; height: 32px;\"><strong>ESO (duplicat)<\/strong><\/td>\n<td style=\"width: 25%; height: 32px;\">Presencialment al centre<\/td>\n<td style=\"width: 25%; height: 32px;\">Online<\/td>\n<\/tr>\n<tr style=\"height: 32px;\">\n<td style=\"width: 25%; height: 32px;\"><strong>BATXILLERAT (primera petici\u00f3)<\/strong><\/td>\n<td style=\"width: 25%; height: 32px;\">Presencialment al centre<\/td>\n<td style=\"width: 25%; height: 32px;\">Online<\/td>\n<\/tr>\n<tr style=\"height: 32px;\">\n<td style=\"width: 25%; height: 32px;\"><strong>BATXILLERAT (duplicat)<\/strong><\/td>\n<td style=\"width: 25%; height: 32px;\">Presencialment al centre<\/td>\n<td style=\"width: 25%; height: 32px;\">Online<\/td>\n<\/tr>\n<tr style=\"height: 32px;\">\n<td style=\"width: 25%; height: 32px;\"><strong>CICLES FORMATIUS DE GRAU MITJ\u00c0 (primera sol\u00b7licitud)<\/strong><\/td>\n<td style=\"width: 25%; height: 32px;\">Presencialment al centre<\/td>\n<td style=\"width: 25%; height: 32px;\">Online<\/td>\n<\/tr>\n<tr style=\"height: 32px;\">\n<td style=\"width: 25%; height: 32px;\"><strong>CICLES FORMATIUS DE GRAU MITJ\u00c0 (duplicat)<\/strong><\/td>\n<td style=\"width: 25%; height: 32px;\">Presencialment al centre<\/td>\n<td style=\"width: 25%; height: 32px;\">Online<\/td>\n<\/tr>\n<tr style=\"height: 32px;\">\n<td style=\"width: 25%; height: 32px;\"><strong>CICLES FORMATIUS DE GRAU SUPERIOR (primera sol\u00b7licitud)<\/strong><\/td>\n<td style=\"width: 25%; height: 32px;\">Presencialment al centre<\/td>\n<td style=\"width: 25%; height: 32px;\">Online<\/td>\n<\/tr>\n<tr style=\"height: 32px;\">\n<td style=\"width: 25%; height: 32px;\"><strong>CICLES FORMATIUS DE GRAU SUPERIOR (duplicat)<\/strong><\/td>\n<td style=\"width: 25%; height: 32px;\">Presencialment al centre<\/td>\n<td style=\"width: 25%; height: 32px;\">Online<\/td>\n<\/tr>\n<tr style=\"height: 32px;\">\n<td style=\"width: 25%; height: 32px;\"><strong>CURSOS D&#8217;ESPECIALITZACI\u00d3<\/strong><\/td>\n<td style=\"width: 25%; height: 32px;\">&#8212;&#8212;&#8212;&#8212;&#8212;&#8212;&#8212;&#8212;&#8212;&#8212;-<\/td>\n<td style=\"width: 25%; height: 32px;\">Online<\/td>\n<\/tr>\n<\/tbody>\n<\/table>\n<h3><strong>ESO<\/strong><\/h3>\n<ul>\n<li>La sol\u00b7licitud del t\u00edtol es fa d&#8217;ofici per part del centre.<\/li>\n<li>L&#8217;alumnat pot passar a recollir el resguard a partir del mes de juliol.<\/li>\n<li>Un cop arribi el t\u00edtol al centre s&#8217;enviar\u00e0 una carta postal per venir a recollir-lo.<\/li>\n<li>Si has perdut el t\u00edtol i el que vols \u00e9s un duplicat has de fer el tr\u00e0mit <em><a href=\"https:\/\/accesvalidat.gestioeducativa.gencat.cat\/wayf\/wayf-IDP-IDP.html?entityID=https%3A%2F%2Faccesvalidat.gestioeducativa.gencat.cat%2Fords&amp;return=https%3A%2F%2Faccesvalidat.gestioeducativa.gencat.cat%2FShibboleth.sso%2FLogin%3FSAMLDS%3D1%26target%3Dss%253Amem%253A5536c952df288e5d1ffb1a9cfbd18eb19fe7a7c2e698da39372d880cb1dfd3dd\" target=\"_blank\" rel=\"noopener\">online<\/a><\/em> (requereix eina d&#8217;identificaci\u00f3 digital).<\/li>\n<li><a href=\"https:\/\/agora.xtec.cat\/iesesteveterradas\/wp-content\/uploads\/usu855\/S_Guia_sol_titols_alumnat.pdf\" target=\"_blank\" rel=\"noopener\"><em>Guia pas a pas per sol\u00b7licitar un t\u00edtol online<\/em><\/a><\/li>\n<\/ul>\n<h3>Batxillerat<\/h3>\n<ul>\n<li>Si has finalitzat abans del curs 2016\/2017 la sol\u00b7licitud del t\u00edtol es fa presencialment al centre, a partir d&#8217;aquest curs acad\u00e8mic es fa <a href=\"https:\/\/accesvalidat.gestioeducativa.gencat.cat\/wayf\/wayf-IDP-IDP.html?entityID=https%3A%2F%2Faccesvalidat.gestioeducativa.gencat.cat%2Fords&amp;return=https%3A%2F%2Faccesvalidat.gestioeducativa.gencat.cat%2FShibboleth.sso%2FLogin%3FSAMLDS%3D1%26target%3Dss%253Amem%253A5536c952df288e5d1ffb1a9cfbd18eb19fe7a7c2e698da39372d880cb1dfd3dd\" target=\"_blank\" rel=\"noopener\"><em>online<\/em><\/a> (requereix eina d&#8217;identificaci\u00f3 digital).<\/li>\n<li>Un cop arribi el t\u00edtol al centre s&#8217;enviar\u00e0 una carta postal per venir a recollir-lo.<\/li>\n<li>Si has perdut el t\u00edtol i el que vols \u00e9s un duplicat, tamb\u00e9 depenent de l&#8217;any de finalitzaci\u00f3, es fa presencialment o <em><a href=\"https:\/\/accesvalidat.gestioeducativa.gencat.cat\/wayf\/wayf-IDP-IDP.html?entityID=https%3A%2F%2Faccesvalidat.gestioeducativa.gencat.cat%2Fords&amp;return=https%3A%2F%2Faccesvalidat.gestioeducativa.gencat.cat%2FShibboleth.sso%2FLogin%3FSAMLDS%3D1%26target%3Dss%253Amem%253A5536c952df288e5d1ffb1a9cfbd18eb19fe7a7c2e698da39372d880cb1dfd3dd\" target=\"_blank\" rel=\"noopener\">online<\/a><\/em> (requereix eina d&#8217;identificaci\u00f3 digital).<\/li>\n<li><a href=\"https:\/\/agora.xtec.cat\/iesesteveterradas\/wp-content\/uploads\/usu855\/S_Guia_sol_titols_alumnat.pdf\" target=\"_blank\" rel=\"noopener\"><em>Guia pas a pas per sol\u00b7licitar un t\u00edtol online<\/em><\/a><\/li>\n<\/ul>\n<h3>Cicles formatius de grau mitj\u00e0 i grau superior<\/h3>\n<ul>\n<li>Si has finalitzat abans del curs 2016\/2017 la sol\u00b7licitud del t\u00edtol es fa presencialment al centre, a partir d&#8217;aquest curs acad\u00e8mic es fa <a href=\"https:\/\/accesvalidat.gestioeducativa.gencat.cat\/wayf\/wayf-IDP-IDP.html?entityID=https%3A%2F%2Faccesvalidat.gestioeducativa.gencat.cat%2Fords&amp;return=https%3A%2F%2Faccesvalidat.gestioeducativa.gencat.cat%2FShibboleth.sso%2FLogin%3FSAMLDS%3D1%26target%3Dss%253Amem%253A5536c952df288e5d1ffb1a9cfbd18eb19fe7a7c2e698da39372d880cb1dfd3dd\" target=\"_blank\" rel=\"noopener\"><em>online<\/em><\/a> (requereix eina d&#8217;identificaci\u00f3 digital).<\/li>\n<li>Un cop arribi el t\u00edtol al centre s&#8217;enviar\u00e0 una carta postal per venir a recollir-lo.<\/li>\n<li>Si has perdut el t\u00edtol i el que vols \u00e9s un duplicat, tamb\u00e9 depenent de l&#8217;any de finalitzaci\u00f3, es fa presencialment o <em><a href=\"https:\/\/accesvalidat.gestioeducativa.gencat.cat\/wayf\/wayf-IDP-IDP.html?entityID=https%3A%2F%2Faccesvalidat.gestioeducativa.gencat.cat%2Fords&amp;return=https%3A%2F%2Faccesvalidat.gestioeducativa.gencat.cat%2FShibboleth.sso%2FLogin%3FSAMLDS%3D1%26target%3Dss%253Amem%253A5536c952df288e5d1ffb1a9cfbd18eb19fe7a7c2e698da39372d880cb1dfd3dd\" target=\"_blank\" rel=\"noopener\">online<\/a><\/em> (requereix eina d&#8217;identificaci\u00f3 digital).<\/li>\n<li><a href=\"https:\/\/agora.xtec.cat\/iesesteveterradas\/wp-content\/uploads\/usu855\/S_Guia_sol_titols_alumnat.pdf\" target=\"_blank\" rel=\"noopener\"><em>Guia pas a pas per sol\u00b7licitar un t\u00edtol online<\/em><\/a><\/li>\n<\/ul>\n<h3>Cursos d&#8217;especialitzaci\u00f3<\/h3>\n<ul>\n<li>La sol\u00b7licitud del t\u00edtol es fa <a href=\"https:\/\/accesvalidat.gestioeducativa.gencat.cat\/wayf\/wayf-IDP-IDP.html?entityID=https%3A%2F%2Faccesvalidat.gestioeducativa.gencat.cat%2Fords&amp;return=https%3A%2F%2Faccesvalidat.gestioeducativa.gencat.cat%2FShibboleth.sso%2FLogin%3FSAMLDS%3D1%26target%3Dss%253Amem%253A5536c952df288e5d1ffb1a9cfbd18eb19fe7a7c2e698da39372d880cb1dfd3dd\" target=\"_blank\" rel=\"noopener\"><em>online<\/em><\/a> (requereix eina d&#8217;identificaci\u00f3 digital).<\/li>\n<li>Un cop arribi el t\u00edtol al centre s&#8217;enviar\u00e0 una carta postal per venir a recollir-lo.<\/li>\n<li>Si has perdut el t\u00edtol i el que vols \u00e9s un duplicat, tamb\u00e9 <em><a href=\"https:\/\/accesvalidat.gestioeducativa.gencat.cat\/wayf\/wayf-IDP-IDP.html?entityID=https%3A%2F%2Faccesvalidat.gestioeducativa.gencat.cat%2Fords&amp;return=https%3A%2F%2Faccesvalidat.gestioeducativa.gencat.cat%2FShibboleth.sso%2FLogin%3FSAMLDS%3D1%26target%3Dss%253Amem%253A5536c952df288e5d1ffb1a9cfbd18eb19fe7a7c2e698da39372d880cb1dfd3dd\" target=\"_blank\" rel=\"noopener\">online<\/a><\/em> (requereix eina d&#8217;identificaci\u00f3 digital).<\/li>\n<li><a href=\"https:\/\/agora.xtec.cat\/iesesteveterradas\/wp-content\/uploads\/usu855\/S_Guia_sol_titols_alumnat.pdf\" target=\"_blank\" rel=\"noopener\"><em>Guia pas a pas per sol\u00b7licitar un t\u00edtol online<\/em><\/a><\/li>\n<li><\/li>\n<\/ul>\n<h3><strong>Taxes<\/strong><\/h3>\n<ul>\n<li>Les taxes associades a la petici\u00f3 de t\u00edtols les pots consultar a la web del <em><a href=\"https:\/\/educacio.gencat.cat\/ca\/departament\/normativa\/taxes-preus-publics\/taxes\/#taxa-per-l-expedicio-de-titols-academics-i-professionals\" target=\"_blank\" rel=\"noopener\">Departament d\u2019Educaci\u00f3 i Formaci\u00f3 Professional<\/a><\/em><\/li>\n<li>En el pagament de l\u2019import de totes les taxes i els preus p\u00fablics s\u2019estableixen les\u00a0bonificacions i exempcions generals\u00a0seg\u00fcents:<\/li>\n<\/ul>\n<p><strong>Bonificaci\u00f3 del 50%<\/strong> de l\u2019import\u00a0per a:<\/p>\n<ul>\n<li>membres de fam\u00edlia nombrosa de categoria general i<\/li>\n<li>membres de fam\u00edlies monoparentals.<\/li>\n<\/ul>\n<p><strong>Exempci\u00f3 del 100%<\/strong> del pagament per a:<\/p>\n<ul>\n<li>membres de fam\u00edlia nombrosa de categoria especial,<\/li>\n<li>v\u00edctimes del terrorisme (i els seus c\u00f2njuges i els seus fills),<\/li>\n<li>persones amb discapacitat igual o superior al 33% i<\/li>\n<li>infants o adolescents en acolliment familiar.<\/li>\n<\/ul>\n<h3><strong>Recollida de t\u00edtols acad\u00e8mics<\/strong><\/h3>\n<ul>\n<li>Passar personalment per Secretaria de l\u2019Institut amb el vostre DNI i el <strong>resguard del t\u00edtol<\/strong>.<\/li>\n<li>Si no teniu el resguard del t\u00edtol haureu tamb\u00e9 d\u2019omplir aquest <a href=\"https:\/\/agora.xtec.cat\/iesesteveterradas\/wp-content\/uploads\/usu855\/S_AUTORITZACIO_titol-sense-reguard_F.pdf\" target=\"_blank\" rel=\"noopener\"><em>full<\/em><\/a>.<\/li>\n<li>Si no podeu venir personalment, heu d\u2019omplir <a href=\"https:\/\/agora.xtec.cat\/iesesteveterradas\/wp-content\/uploads\/usu855\/S_AUTORITZACIO_titol_F.pdf\" target=\"_blank\" rel=\"noopener\"><em>aquesta autoritzaci\u00f3<\/em><\/a>, signar-la i adjuntar fotoc\u00f2pia del vostre DNI\/NIE\/Passaport. La persona autoritzada ha de presentar el seu document d\u2019identitat.<\/li>\n<\/ul>\n<h3><strong>Homologaci\u00f3 de t\u00edtols estrangers<\/strong><\/h3>\n<ul>\n<li><em>Normativa i documentaci\u00f3 a la web del <a href=\"http:\/\/queestudiar.gencat.cat\/ca\/homologacio\/\">Departament d\u2019Educaci\u00f3 i Formaci\u00f3 Professional<\/a><\/em><\/li>\n<\/ul>\n","protected":false},"excerpt":{"rendered":"<p>TAULA RESUM<\/p>\n<p>ESTUDI<br \/>\nFINALITZACI\u00d3 abans del curs 2016\/2017<br \/>\nFINALITZACI\u00d3 a partir del curs 2016\/2017<\/p>\n<p>ESO (primera sol\u00b7licitud)<br \/>\nNo has de fer cap tr\u00e0mit, el centre ho sol\u00b7licita d&#8217;ofici<br \/>\nNo has de fer cap tr\u00e0mit, el centre ho sol\u00b7licita d&#8217;ofici<\/p>\n<p>ESO (duplicat)<br \/>\nPresencialment al centre<br \/>\nOnline<\/p>\n<p>BATXILLERAT (primera petici\u00f3)<br \/>\nPresencialment al centre<br \/>\nOnline<\/p>\n<p>BATXILLERAT (duplicat)<br \/>\nPresencialment al centre<br \/>\nOnline<\/p>\n<p>CICLES FORMATIUS DE&hellip;  <a href=\"https:\/\/agora.xtec.cat\/iesesteveterradas\/secretaria\/sollicitud-de-titols\/\" title=\"Read Sol\u00b7licitud de t\u00edtol acad\u00e8mic\">Llegeix m\u00e9s\u00bb<\/a><\/p>\n","protected":false},"author":6,"featured_media":0,"parent":81,"menu_order":422,"comment_status":"closed","ping_status":"closed","template":"page-templates\/side-menu.php","meta":{"_bbp_topic_count":0,"_bbp_reply_count":0,"_bbp_total_topic_count":0,"_bbp_total_reply_count":0,"_bbp_voice_count":0,"_bbp_anonymous_reply_count":0,"_bbp_topic_count_hidden":0,"_bbp_reply_count_hidden":0,"_bbp_forum_subforum_count":0,"footnotes":""},"class_list":["post-17764","page","type-page","status-publish","hentry"],"post_mailing_queue_ids":[],"_links":{"self":[{"href":"https:\/\/agora.xtec.cat\/iesesteveterradas\/wp-json\/wp\/v2\/pages\/17764","targetHints":{"allow":["GET"]}}],"collection":[{"href":"https:\/\/agora.xtec.cat\/iesesteveterradas\/wp-json\/wp\/v2\/pages"}],"about":[{"href":"https:\/\/agora.xtec.cat\/iesesteveterradas\/wp-json\/wp\/v2\/types\/page"}],"author":[{"embeddable":true,"href":"https:\/\/agora.xtec.cat\/iesesteveterradas\/wp-json\/wp\/v2\/users\/6"}],"replies":[{"embeddable":true,"href":"https:\/\/agora.xtec.cat\/iesesteveterradas\/wp-json\/wp\/v2\/comments?post=17764"}],"version-history":[{"count":6,"href":"https:\/\/agora.xtec.cat\/iesesteveterradas\/wp-json\/wp\/v2\/pages\/17764\/revisions"}],"predecessor-version":[{"id":18997,"href":"https:\/\/agora.xtec.cat\/iesesteveterradas\/wp-json\/wp\/v2\/pages\/17764\/revisions\/18997"}],"up":[{"embeddable":true,"href":"https:\/\/agora.xtec.cat\/iesesteveterradas\/wp-json\/wp\/v2\/pages\/81"}],"wp:attachment":[{"href":"https:\/\/agora.xtec.cat\/iesesteveterradas\/wp-json\/wp\/v2\/media?parent=17764"}],"curies":[{"name":"wp","href":"https:\/\/api.w.org\/{rel}","templated":true}]}}