{"id":16134,"date":"2024-10-16T13:05:02","date_gmt":"2024-10-16T11:05:02","guid":{"rendered":"https:\/\/agora.xtec.cat\/iesesteveterradas\/?page_id=16134"},"modified":"2024-10-16T13:08:33","modified_gmt":"2024-10-16T11:08:33","slug":"hiperbaric-challenge-xii","status":"publish","type":"page","link":"https:\/\/agora.xtec.cat\/iesesteveterradas\/hiperbaric-challenge-xii\/","title":{"rendered":"Hiperbaric Challenge XII"},"content":{"rendered":"<h4>Hiperbaric Challenge XII: Necessitem el teu suport!<\/h4>\n<p>Els nostres alumnes de l&#8217;\u00e0mbit de l&#8217;automoci\u00f3 tornen a participar en el Hiperb\u00e0ric Challenge, una competici\u00f3 on dissenyen i construeixen cotxes d&#8217;in\u00e8rcia!<\/p>\n<p>Aquest any, amb encara m\u00e9s il\u00b7lusi\u00f3 i amb l&#8217;objectiu de superar els nostres propis r\u00e8cords, necessitem el teu suport per fer realitat aquest projecte.<\/p>\n<p><img loading=\"lazy\" decoding=\"async\" class=\"wp-image-16140 alignnone\" src=\"https:\/\/agora.xtec.cat\/iesesteveterradas\/wp-content\/uploads\/usu855\/Captura-de-pantalla-de-2024-10-16-12-59-05.png\" alt=\"\" width=\"435\" height=\"358\" srcset=\"https:\/\/agora.xtec.cat\/iesesteveterradas\/wp-content\/uploads\/usu855\/Captura-de-pantalla-de-2024-10-16-12-59-05.png 548w, https:\/\/agora.xtec.cat\/iesesteveterradas\/wp-content\/uploads\/usu855\/Captura-de-pantalla-de-2024-10-16-12-59-05-300x247.png 300w\" sizes=\"auto, (max-width: 435px) 100vw, 435px\" \/> <img loading=\"lazy\" decoding=\"async\" class=\"wp-image-16141 alignnone\" src=\"https:\/\/agora.xtec.cat\/iesesteveterradas\/wp-content\/uploads\/usu855\/Captura-de-pantalla-de-2024-10-16-12-58-23.png\" alt=\"\" width=\"347\" height=\"357\" srcset=\"https:\/\/agora.xtec.cat\/iesesteveterradas\/wp-content\/uploads\/usu855\/Captura-de-pantalla-de-2024-10-16-12-58-23.png 415w, https:\/\/agora.xtec.cat\/iesesteveterradas\/wp-content\/uploads\/usu855\/Captura-de-pantalla-de-2024-10-16-12-58-23-292x300.png 292w\" sizes=\"auto, (max-width: 347px) 100vw, 347px\" \/><\/p>\n<h6><\/h6>\n<h6>Per qu\u00e8 patrocinar-nos?<\/h6>\n<ul>\n<li><strong>Visibilitat de marca:<\/strong> El teu logotip estar\u00e0 present en els nostres vehicles, a la nostra p\u00e0gina web i en tots els materials de comunicaci\u00f3 relacionats amb el projecte.<\/li>\n<li><strong>Responsabilitat social corporativa<\/strong>: Col\u00b7laborar\u00e0s en la formaci\u00f3 de joves talents i en el foment de la innovaci\u00f3.<\/li>\n<li><strong>Networking:<\/strong> Tindr\u00e0s l&#8217;oportunitat de connectar amb professionals del sector i amb els nostres alumnes, els futurs t\u00e8cnics i enginyers del pa\u00eds.<\/li>\n<li><strong>Participaci\u00f3 en esdeveniments:<\/strong> Podr\u00e0s participar en tallers, xerrades o altres activitats organitzades per l&#8217;institut.<\/li>\n<\/ul>\n<h6><span style=\"font-family: inherit; font-size: 1em;\">Com pots ajudar-nos?<\/span><\/h6>\n<ul>\n<li><strong>Aportacions en esp\u00e8cie:<\/strong> Si disposes de materials o serveis relacionats amb la construcci\u00f3 dels vehicles, no dubtis en posar-te en contacte amb nosaltres.<\/li>\n<li><strong>Mentoria<\/strong>: Si ets un professional del sector, la teva experi\u00e8ncia ens ser\u00e0 molt \u00fatil per aconseguir els nostres objectius.<\/li>\n<li><strong>Donacions econ\u00f2miques o descomptes en material:<\/strong> Qualsevol aportaci\u00f3, per petita que sigui, ens ajudar\u00e0 a cobrir les despeses del projecte.<\/li>\n<\/ul>\n<p><img loading=\"lazy\" decoding=\"async\" class=\"size-full wp-image-16146 aligncenter\" src=\"https:\/\/agora.xtec.cat\/iesesteveterradas\/wp-content\/uploads\/usu855\/Captura-de-pantalla-de-2024-10-16-13-03-49.png\" alt=\"\" width=\"622\" height=\"428\" srcset=\"https:\/\/agora.xtec.cat\/iesesteveterradas\/wp-content\/uploads\/usu855\/Captura-de-pantalla-de-2024-10-16-13-03-49.png 622w, https:\/\/agora.xtec.cat\/iesesteveterradas\/wp-content\/uploads\/usu855\/Captura-de-pantalla-de-2024-10-16-13-03-49-300x206.png 300w\" sizes=\"auto, (max-width: 622px) 100vw, 622px\" \/><\/p>\n<h6>Uneix-te a nosaltres i forma part d&#8217;aquesta aventura!<\/h6>\n<p>Si vols col\u00b7laborar amb nosaltres, pots posar-te en contacte amb el Departament de Transports i Manteniment de Vehicle de l\u2019institut Esteve Terradas i Illa o a trav\u00e9s del correu electr\u00f2nic.<br \/>\nProjectes:<\/p>\n<p style=\"text-align: center;\">Gerard Vi\u00f1als <a href=\"mailto:gvinals1@iesesteveterradas.cat\">gvinals1@iesesteveterradas.cat<\/a><br \/>\nFrancisco Castilla <a href=\"mailto:fcasti10@iesesteveterradas.cat\">fcasti10@iesesteveterradas.cat<\/a><br \/>\nAdrian Barroso <a href=\"mailto:abarro4@iesesteveterradas.cat\">abarro4@iesesteveterradas.cat<\/a><br \/>\nDiego Rios <a href=\"mailto:drios1@iesesteveterradas.cat\">drios1@iesesteveterradas.cat<\/a><br \/>\nJesus Alvarez <a href=\"mailto:jalvar49@iesesteveterradas.cat\">jalvar49@iesesteveterradas.cat<\/a><br \/>\nIsidro Garc\u00eda <a href=\"mailto:igarci98@iesesteveterradas.cat\">igarci98@iesesteveterradas.cat<\/a><\/p>\n","protected":false},"excerpt":{"rendered":"<p>Hiperbaric Challenge XII: Necessitem el teu suport!<br \/>\nEls nostres alumnes de l&#8217;\u00e0mbit de l&#8217;automoci\u00f3 tornen a participar en el Hiperb\u00e0ric Challenge, una competici\u00f3 on dissenyen i construeixen cotxes d&#8217;in\u00e8rcia!<br \/>\nAquest any, amb encara m\u00e9s il\u00b7lusi\u00f3 i amb l&#8217;objectiu de superar els nostres propis r\u00e8cords, necessitem el teu&hellip;  <a href=\"https:\/\/agora.xtec.cat\/iesesteveterradas\/hiperbaric-challenge-xii\/\" title=\"Read Hiperbaric Challenge XII\">Llegeix m\u00e9s\u00bb<\/a><\/p>\n","protected":false},"author":45,"featured_media":0,"parent":0,"menu_order":0,"comment_status":"closed","ping_status":"closed","template":"","meta":{"_bbp_topic_count":0,"_bbp_reply_count":0,"_bbp_total_topic_count":0,"_bbp_total_reply_count":0,"_bbp_voice_count":0,"_bbp_anonymous_reply_count":0,"_bbp_topic_count_hidden":0,"_bbp_reply_count_hidden":0,"_bbp_forum_subforum_count":0,"footnotes":""},"class_list":["post-16134","page","type-page","status-publish","hentry"],"post_mailing_queue_ids":[],"_links":{"self":[{"href":"https:\/\/agora.xtec.cat\/iesesteveterradas\/wp-json\/wp\/v2\/pages\/16134","targetHints":{"allow":["GET"]}}],"collection":[{"href":"https:\/\/agora.xtec.cat\/iesesteveterradas\/wp-json\/wp\/v2\/pages"}],"about":[{"href":"https:\/\/agora.xtec.cat\/iesesteveterradas\/wp-json\/wp\/v2\/types\/page"}],"author":[{"embeddable":true,"href":"https:\/\/agora.xtec.cat\/iesesteveterradas\/wp-json\/wp\/v2\/users\/45"}],"replies":[{"embeddable":true,"href":"https:\/\/agora.xtec.cat\/iesesteveterradas\/wp-json\/wp\/v2\/comments?post=16134"}],"version-history":[{"count":6,"href":"https:\/\/agora.xtec.cat\/iesesteveterradas\/wp-json\/wp\/v2\/pages\/16134\/revisions"}],"predecessor-version":[{"id":16147,"href":"https:\/\/agora.xtec.cat\/iesesteveterradas\/wp-json\/wp\/v2\/pages\/16134\/revisions\/16147"}],"wp:attachment":[{"href":"https:\/\/agora.xtec.cat\/iesesteveterradas\/wp-json\/wp\/v2\/media?parent=16134"}],"curies":[{"name":"wp","href":"https:\/\/api.w.org\/{rel}","templated":true}]}}