{"id":1511,"date":"2018-12-12T19:00:57","date_gmt":"2018-12-12T18:00:57","guid":{"rendered":"http:\/\/agora.xtec.cat\/iesesteveterradas\/?page_id=1511"},"modified":"2024-03-14T13:38:43","modified_gmt":"2024-03-14T12:38:43","slug":"cfgm-aum","status":"publish","type":"page","link":"https:\/\/agora.xtec.cat\/iesesteveterradas\/departaments\/departaments-fp\/automocio\/cfgm-aum\/","title":{"rendered":"CFGM Electromec\u00e0nica de vehicles autom\u00f2bils (CFPM TM10)"},"content":{"rendered":"<h2>CFGM Electromec\u00e0nica de vehicles autom\u00f2bils (CFPM TM10)<\/h2>\n<p><strong>Requisits d\u2019acc\u00e9s<\/strong><br \/>\nGraduat en Educaci\u00f3 Secund\u00e0ria Obligat\u00f2ria<br \/>\nCurs espec\u00edfic d\u2019acc\u00e9s als cicles formatius de grau mitj\u00e0<br \/>\nProva d&#8217;acc\u00e9s als cicles formatius de grau mitj\u00e0<\/p>\n<p><strong>Durada dels estudis<\/strong><br \/>\n2.000 hores distribu\u00efdes en dos cursos acad\u00e8mics en modalitat FCT (416h de pr\u00e0ctiques)<br \/>\n2.300 hores m\u00ednim en modalitat dual (1000h de pr\u00e0ctiques remunerades)<\/p>\n<p><strong>Aquest cicle s\u2019ofereix en modalitat dual i FCT<\/strong><br \/>\nLa formaci\u00f3 del m\u00f2dul de s\u00edntesi es fa en alternan\u00e7a entre l\u2019institut i el centre de treball en la modalitat dual. En la modalitat ordin\u00e0ria l\u2019estada a l\u2019empresa (FCT) \u00e9s de 416 h i en dual1000h de pr\u00e0ctiques remunerades.<br \/>\nLa modalitat dual no nom\u00e9s \u00e9s una decisi\u00f3 de l\u2019alumne\/a si no que dep\u00e8n de l\u2019oferta formativa que ens proporcionen les empreses i dels resultats acad\u00e8mics i les capacitatsclau de l\u2019alumnat.<\/p>\n<p><strong>Horari<\/strong><br \/>\nPrimer curs: horari intensiu de mat\u00ed, de 08:00 a 14:30<br \/>\nSegon curs: horari intensiu de tarda, de 15:15 a 21:35<br \/>\nAl mat\u00ed pr\u00e0ctiques FCT o formaci\u00f3 dual en un centre de treball<\/p>\n<p><strong>Sortides professionals<\/strong><br \/>\n1. Mec\u00e0nic\/electricista d&#8217;autom\u00f2bils: turismes, vehicles pesants, maquin\u00e0ria agr\u00edcola, bicicletes, motocicletes i n\u00e0utica<br \/>\n2. Mec\u00e0nic d&#8217;equips di\u00e8sel<br \/>\n3. Recanvista<br \/>\n4. Instal\u00b7lador d&#8217;accessoris<\/p>\n<p><strong>Compet\u00e8ncia general<\/strong><br \/>\nLa compet\u00e8ncia general d&#8217;aquest t\u00edtol consisteix a realitzar les operacions de manteniment, muntatge d&#8217;accessoris i transformacions en les \u00e0rees de mec\u00e0nica, hidr\u00e0ulica, pneum\u00e0tica i electricitat del sector de l&#8217;automoci\u00f3, ajustant-se a procediments i temps establerts i complint amb les especificacions de qualitat, seguretat i protecci\u00f3 ambiental.<\/p>\n<p>&nbsp;<\/p>\n","protected":false},"excerpt":{"rendered":"<p>CFGM Electromec\u00e0nica de vehicles autom\u00f2bils (CFPM TM10)<br \/>\nRequisits d\u2019acc\u00e9s<br \/>\nGraduat en Educaci\u00f3 Secund\u00e0ria Obligat\u00f2ria<br \/>\nCurs espec\u00edfic d\u2019acc\u00e9s als cicles formatius de grau mitj\u00e0<br \/>\nProva d&#8217;acc\u00e9s als cicles formatius de grau mitj\u00e0<br \/>\nDurada dels estudis<br \/>\n2.000 hores distribu\u00efdes en dos cursos acad\u00e8mics en modalitat FCT (416h de pr\u00e0ctiques)<br \/>\n2.300 hores m\u00ednim en modalitat&hellip;  <a href=\"https:\/\/agora.xtec.cat\/iesesteveterradas\/departaments\/departaments-fp\/automocio\/cfgm-aum\/\" title=\"Read CFGM Electromec\u00e0nica de vehicles autom\u00f2bils (CFPM TM10)\">Llegeix m\u00e9s\u00bb<\/a><\/p>\n","protected":false},"author":1,"featured_media":0,"parent":991,"menu_order":0,"comment_status":"closed","ping_status":"closed","template":"page-templates\/side-menu.php","meta":{"_bbp_topic_count":0,"_bbp_reply_count":0,"_bbp_total_topic_count":0,"_bbp_total_reply_count":0,"_bbp_voice_count":0,"_bbp_anonymous_reply_count":0,"_bbp_topic_count_hidden":0,"_bbp_reply_count_hidden":0,"_bbp_forum_subforum_count":0,"footnotes":""},"class_list":["post-1511","page","type-page","status-publish","hentry"],"post_mailing_queue_ids":[],"_links":{"self":[{"href":"https:\/\/agora.xtec.cat\/iesesteveterradas\/wp-json\/wp\/v2\/pages\/1511","targetHints":{"allow":["GET"]}}],"collection":[{"href":"https:\/\/agora.xtec.cat\/iesesteveterradas\/wp-json\/wp\/v2\/pages"}],"about":[{"href":"https:\/\/agora.xtec.cat\/iesesteveterradas\/wp-json\/wp\/v2\/types\/page"}],"author":[{"embeddable":true,"href":"https:\/\/agora.xtec.cat\/iesesteveterradas\/wp-json\/wp\/v2\/users\/1"}],"replies":[{"embeddable":true,"href":"https:\/\/agora.xtec.cat\/iesesteveterradas\/wp-json\/wp\/v2\/comments?post=1511"}],"version-history":[{"count":6,"href":"https:\/\/agora.xtec.cat\/iesesteveterradas\/wp-json\/wp\/v2\/pages\/1511\/revisions"}],"predecessor-version":[{"id":15179,"href":"https:\/\/agora.xtec.cat\/iesesteveterradas\/wp-json\/wp\/v2\/pages\/1511\/revisions\/15179"}],"up":[{"embeddable":true,"href":"https:\/\/agora.xtec.cat\/iesesteveterradas\/wp-json\/wp\/v2\/pages\/991"}],"wp:attachment":[{"href":"https:\/\/agora.xtec.cat\/iesesteveterradas\/wp-json\/wp\/v2\/media?parent=1511"}],"curies":[{"name":"wp","href":"https:\/\/api.w.org\/{rel}","templated":true}]}}