{"id":14083,"date":"2023-09-28T10:58:44","date_gmt":"2023-09-28T08:58:44","guid":{"rendered":"https:\/\/agora.xtec.cat\/iesesteveterradas\/?page_id=14083"},"modified":"2023-10-02T14:10:19","modified_gmt":"2023-10-02T12:10:19","slug":"formulari-de-contacte","status":"publish","type":"page","link":"https:\/\/agora.xtec.cat\/iesesteveterradas\/serveis-2\/mediacio\/formulari-de-contacte\/","title":{"rendered":"Formulari de contacte"},"content":{"rendered":"<p>Necessites el nostre servei?<br \/>\nPots posar-te en contacte mitjan\u00e7ant el nostre correu electr\u00f3nic o clicant el seg\u00fcent enlla\u00e7<\/p>\n<p><a href=\"https:\/\/forms.gle\/6PsXKtGDsPaGAiNi7\">Formulari de contacte<\/a><\/p>\n","protected":false},"excerpt":{"rendered":"<p>Necessites el nostre servei?<br \/>\nPots posar-te en contacte mitjan\u00e7ant el nostre correu electr\u00f3nic o clicant el seg\u00fcent enlla\u00e7<br \/>\n<a href=\"https:\/\/forms.gle\/6PsXKtGDsPaGAiNi7\">Formulari de contacte<\/a><\/p>\n","protected":false},"author":45,"featured_media":0,"parent":14067,"menu_order":0,"comment_status":"closed","ping_status":"closed","template":"page-templates\/side-menu.php","meta":{"_bbp_topic_count":0,"_bbp_reply_count":0,"_bbp_total_topic_count":0,"_bbp_total_reply_count":0,"_bbp_voice_count":0,"_bbp_anonymous_reply_count":0,"_bbp_topic_count_hidden":0,"_bbp_reply_count_hidden":0,"_bbp_forum_subforum_count":0,"footnotes":""},"class_list":["post-14083","page","type-page","status-publish","hentry"],"post_mailing_queue_ids":[],"_links":{"self":[{"href":"https:\/\/agora.xtec.cat\/iesesteveterradas\/wp-json\/wp\/v2\/pages\/14083","targetHints":{"allow":["GET"]}}],"collection":[{"href":"https:\/\/agora.xtec.cat\/iesesteveterradas\/wp-json\/wp\/v2\/pages"}],"about":[{"href":"https:\/\/agora.xtec.cat\/iesesteveterradas\/wp-json\/wp\/v2\/types\/page"}],"author":[{"embeddable":true,"href":"https:\/\/agora.xtec.cat\/iesesteveterradas\/wp-json\/wp\/v2\/users\/45"}],"replies":[{"embeddable":true,"href":"https:\/\/agora.xtec.cat\/iesesteveterradas\/wp-json\/wp\/v2\/comments?post=14083"}],"version-history":[{"count":4,"href":"https:\/\/agora.xtec.cat\/iesesteveterradas\/wp-json\/wp\/v2\/pages\/14083\/revisions"}],"predecessor-version":[{"id":14109,"href":"https:\/\/agora.xtec.cat\/iesesteveterradas\/wp-json\/wp\/v2\/pages\/14083\/revisions\/14109"}],"up":[{"embeddable":true,"href":"https:\/\/agora.xtec.cat\/iesesteveterradas\/wp-json\/wp\/v2\/pages\/14067"}],"wp:attachment":[{"href":"https:\/\/agora.xtec.cat\/iesesteveterradas\/wp-json\/wp\/v2\/media?parent=14083"}],"curies":[{"name":"wp","href":"https:\/\/api.w.org\/{rel}","templated":true}]}}