{"id":14081,"date":"2023-09-28T10:57:56","date_gmt":"2023-09-28T08:57:56","guid":{"rendered":"https:\/\/agora.xtec.cat\/iesesteveterradas\/?page_id=14081"},"modified":"2023-10-02T14:14:10","modified_gmt":"2023-10-02T12:14:10","slug":"cartell","status":"publish","type":"page","link":"https:\/\/agora.xtec.cat\/iesesteveterradas\/serveis-2\/mediacio\/cartell\/","title":{"rendered":"Contacte"},"content":{"rendered":"<p><img loading=\"lazy\" decoding=\"async\" class=\"alignnone wp-image-14087\" src=\"https:\/\/agora.xtec.cat\/iesesteveterradas\/wp-content\/uploads\/usu855\/CARTELL-22_23-1-724x1024.png\" alt=\"\" width=\"298\" height=\"421\" srcset=\"https:\/\/agora.xtec.cat\/iesesteveterradas\/wp-content\/uploads\/usu855\/CARTELL-22_23-1-724x1024.png 724w, https:\/\/agora.xtec.cat\/iesesteveterradas\/wp-content\/uploads\/usu855\/CARTELL-22_23-1-212x300.png 212w, https:\/\/agora.xtec.cat\/iesesteveterradas\/wp-content\/uploads\/usu855\/CARTELL-22_23-1-768x1086.png 768w, https:\/\/agora.xtec.cat\/iesesteveterradas\/wp-content\/uploads\/usu855\/CARTELL-22_23-1-1086x1536.png 1086w, https:\/\/agora.xtec.cat\/iesesteveterradas\/wp-content\/uploads\/usu855\/CARTELL-22_23-1-1448x2048.png 1448w, https:\/\/agora.xtec.cat\/iesesteveterradas\/wp-content\/uploads\/usu855\/CARTELL-22_23-1.png 1587w\" sizes=\"auto, (max-width: 298px) 100vw, 298px\" \/><\/p>\n<p>Necessites el nostre servei?<br \/>\nPots posar-te en contacte mitjan\u00e7ant el correu electronic o clicant el seg\u00fcent enlla\u00e7: <a href=\"https:\/\/forms.gle\/6PsXKtGDsPaGAiNi7\" target=\"_blank\" rel=\"noopener\">Formulari de Contacte<\/a><\/p>\n<p>Estem amb vosaltres!<\/p>\n","protected":false},"excerpt":{"rendered":"<p>Necessites el nostre servei?<br \/>\nPots posar-te en contacte mitjan\u00e7ant el correu electronic o clicant el seg\u00fcent enlla\u00e7: <a href=\"https:\/\/forms.gle\/6PsXKtGDsPaGAiNi7\" target=\"_blank\" rel=\"noopener\">Formulari de Contacte<\/a><br \/>\nEstem amb vosaltres!<\/p>\n","protected":false},"author":45,"featured_media":0,"parent":14067,"menu_order":0,"comment_status":"closed","ping_status":"closed","template":"page-templates\/side-menu.php","meta":{"_bbp_topic_count":0,"_bbp_reply_count":0,"_bbp_total_topic_count":0,"_bbp_total_reply_count":0,"_bbp_voice_count":0,"_bbp_anonymous_reply_count":0,"_bbp_topic_count_hidden":0,"_bbp_reply_count_hidden":0,"_bbp_forum_subforum_count":0,"footnotes":""},"class_list":["post-14081","page","type-page","status-publish","hentry"],"post_mailing_queue_ids":[],"_links":{"self":[{"href":"https:\/\/agora.xtec.cat\/iesesteveterradas\/wp-json\/wp\/v2\/pages\/14081","targetHints":{"allow":["GET"]}}],"collection":[{"href":"https:\/\/agora.xtec.cat\/iesesteveterradas\/wp-json\/wp\/v2\/pages"}],"about":[{"href":"https:\/\/agora.xtec.cat\/iesesteveterradas\/wp-json\/wp\/v2\/types\/page"}],"author":[{"embeddable":true,"href":"https:\/\/agora.xtec.cat\/iesesteveterradas\/wp-json\/wp\/v2\/users\/45"}],"replies":[{"embeddable":true,"href":"https:\/\/agora.xtec.cat\/iesesteveterradas\/wp-json\/wp\/v2\/comments?post=14081"}],"version-history":[{"count":7,"href":"https:\/\/agora.xtec.cat\/iesesteveterradas\/wp-json\/wp\/v2\/pages\/14081\/revisions"}],"predecessor-version":[{"id":14111,"href":"https:\/\/agora.xtec.cat\/iesesteveterradas\/wp-json\/wp\/v2\/pages\/14081\/revisions\/14111"}],"up":[{"embeddable":true,"href":"https:\/\/agora.xtec.cat\/iesesteveterradas\/wp-json\/wp\/v2\/pages\/14067"}],"wp:attachment":[{"href":"https:\/\/agora.xtec.cat\/iesesteveterradas\/wp-json\/wp\/v2\/media?parent=14081"}],"curies":[{"name":"wp","href":"https:\/\/api.w.org\/{rel}","templated":true}]}}