{"id":13726,"date":"2023-06-15T11:37:41","date_gmt":"2023-06-15T09:37:41","guid":{"rendered":"https:\/\/agora.xtec.cat\/iesesteveterradas\/?page_id=13726"},"modified":"2024-03-14T13:39:33","modified_gmt":"2024-03-14T12:39:33","slug":"cfgs-aus","status":"publish","type":"page","link":"https:\/\/agora.xtec.cat\/iesesteveterradas\/departaments\/departaments-fp\/automocio\/cfgs-aus\/","title":{"rendered":"CFGS Automoci\u00f3 (CFPS TMA0)"},"content":{"rendered":"<p><strong>CFGS Automoci\u00f3 (CFPS TMA0)<\/strong><\/p>\n<p><strong>Requisits d\u2019acc\u00e9s<\/strong><br \/>\nT\u00edtol de Batxillerat<br \/>\nCurs espec\u00edfic per a l\u2019acc\u00e9s a cicles de grau superior<br \/>\nProva d\u2019acc\u00e9s a cicles de grau superior<br \/>\nT\u00edtol de T\u00e8cnic de FP<\/p>\n<p><strong>Durada<\/strong><br \/>\n2.000 hores distribu\u00efdes en dos cursos acad\u00e8mics en modalitat FCT (449h de pr\u00e0ctiques)<br \/>\n2.300 hores m\u00ednim en modalitat dual<\/p>\n<p><strong>Aquest cicle s\u2019imparteix en modalitat dual i FCT<\/strong><br \/>\nLa formaci\u00f3 del m\u00f2dul de projecte es fa en alternan\u00e7a en el centre de treball en la dual.<br \/>\nLa modalitat dual no nom\u00e9s dep\u00e8n de l\u2019alumne\/a, dep\u00e8n de l\u2019oferta formativa que ens ofereixen les empreses i dels resultats acad\u00e8mics i les capacitats clau dels alumnes.<\/p>\n<p><strong>Horari<\/strong><br \/>\nPrimer curs: Horari intensiu de mat\u00ed, de 08:00 a 14:30<br \/>\nSegon curs: Horari intensiu de tarda, de 15:15 a 21:35<br \/>\nAl mat\u00ed, pr\u00e0ctiques o formaci\u00f3 dual en un centre de treball<\/p>\n<p><strong>Sortides professionals<\/strong><br \/>\n1. Cap de taller.<br \/>\n2. Receptor\/reparador de vehicles.<br \/>\n3. Responsable de les seccions de mec\u00e0nica, electricitat, planxa i pintura.<br \/>\n4. Encarregat d&#8217;ITV.<br \/>\n5. Encarregat de recanvis i accessoris.<\/p>\n<p><strong>Compet\u00e8ncia general<\/strong><br \/>\nOrganitzar, programar i supervisar l&#8217;execuci\u00f3 de les operacions de manteniment i la seva log\u00edstica en el sector d&#8217;automoci\u00f3, diagnosticant avaries en casos complexos, i garantint el compliment de les especificacions establertes per la normativa i pel fabricant del vehicle.<\/p>\n","protected":false},"excerpt":{"rendered":"<p>CFGS Automoci\u00f3 (CFPS TMA0)<br \/>\nRequisits d\u2019acc\u00e9s<br \/>\nT\u00edtol de Batxillerat<br \/>\nCurs espec\u00edfic per a l\u2019acc\u00e9s a cicles de grau superior<br \/>\nProva d\u2019acc\u00e9s a cicles de grau superior<br \/>\nT\u00edtol de T\u00e8cnic de FP<br \/>\nDurada<br \/>\n2.000 hores distribu\u00efdes en dos cursos acad\u00e8mics en modalitat FCT (449h de pr\u00e0ctiques)<br \/>\n2.300 hores m\u00ednim en modalitat dual<br \/>\nAquest cicle s\u2019imparteix&hellip;  <a href=\"https:\/\/agora.xtec.cat\/iesesteveterradas\/departaments\/departaments-fp\/automocio\/cfgs-aus\/\" title=\"Read CFGS Automoci\u00f3 (CFPS TMA0)\">Llegeix m\u00e9s\u00bb<\/a><\/p>\n","protected":false},"author":45,"featured_media":0,"parent":991,"menu_order":0,"comment_status":"closed","ping_status":"closed","template":"page-templates\/side-menu.php","meta":{"_bbp_topic_count":0,"_bbp_reply_count":0,"_bbp_total_topic_count":0,"_bbp_total_reply_count":0,"_bbp_voice_count":0,"_bbp_anonymous_reply_count":0,"_bbp_topic_count_hidden":0,"_bbp_reply_count_hidden":0,"_bbp_forum_subforum_count":0,"footnotes":""},"class_list":["post-13726","page","type-page","status-publish","hentry"],"post_mailing_queue_ids":[],"_links":{"self":[{"href":"https:\/\/agora.xtec.cat\/iesesteveterradas\/wp-json\/wp\/v2\/pages\/13726","targetHints":{"allow":["GET"]}}],"collection":[{"href":"https:\/\/agora.xtec.cat\/iesesteveterradas\/wp-json\/wp\/v2\/pages"}],"about":[{"href":"https:\/\/agora.xtec.cat\/iesesteveterradas\/wp-json\/wp\/v2\/types\/page"}],"author":[{"embeddable":true,"href":"https:\/\/agora.xtec.cat\/iesesteveterradas\/wp-json\/wp\/v2\/users\/45"}],"replies":[{"embeddable":true,"href":"https:\/\/agora.xtec.cat\/iesesteveterradas\/wp-json\/wp\/v2\/comments?post=13726"}],"version-history":[{"count":7,"href":"https:\/\/agora.xtec.cat\/iesesteveterradas\/wp-json\/wp\/v2\/pages\/13726\/revisions"}],"predecessor-version":[{"id":15181,"href":"https:\/\/agora.xtec.cat\/iesesteveterradas\/wp-json\/wp\/v2\/pages\/13726\/revisions\/15181"}],"up":[{"embeddable":true,"href":"https:\/\/agora.xtec.cat\/iesesteveterradas\/wp-json\/wp\/v2\/pages\/991"}],"wp:attachment":[{"href":"https:\/\/agora.xtec.cat\/iesesteveterradas\/wp-json\/wp\/v2\/media?parent=13726"}],"curies":[{"name":"wp","href":"https:\/\/api.w.org\/{rel}","templated":true}]}}