{"id":13188,"date":"2023-03-15T13:23:01","date_gmt":"2023-03-15T12:23:01","guid":{"rendered":"https:\/\/agora.xtec.cat\/iesesteveterradas\/?page_id=13188"},"modified":"2024-09-05T12:42:13","modified_gmt":"2024-09-05T10:42:13","slug":"sol-licitud-de-mobilitat-erasmus-per-a-docents-de-cfgs-curs-2022-2023","status":"publish","type":"page","link":"https:\/\/agora.xtec.cat\/iesesteveterradas\/serveis-2\/internacional\/sol-licitud-de-mobilitat-erasmus-per-a-docents-de-cfgs-curs-2022-2023\/","title":{"rendered":"Sol.licitud de mobilitat ERASMUS+ per a docents de CC.FF. Curs 2023\/2024"},"content":{"rendered":"<table width=\"798\" cellspacing=\"0\" cellpadding=\"9\">\n<tbody>\n<tr>\n<td width=\"778\" height=\"23\"><span style=\"font-family: Arial, serif;\"><span style=\"font-size: x-large;\"><b>Sol.licitud de mobilitat ERASMUS+ per a docents de CC.FF. Curs 2023\/2024<\/b><\/span><\/span><\/td>\n<\/tr>\n<tr>\n<td width=\"778\" height=\"104\">\n<p align=\"left\"><img loading=\"lazy\" decoding=\"async\" class=\"alignnone size-large wp-image-13174\" src=\"https:\/\/agora.xtec.cat\/iesesteveterradas\/wp-content\/uploads\/usu855\/erasmus-1-1024x200.png\" alt=\"\" width=\"1024\" height=\"200\" srcset=\"https:\/\/agora.xtec.cat\/iesesteveterradas\/wp-content\/uploads\/usu855\/erasmus-1-1024x200.png 1024w, https:\/\/agora.xtec.cat\/iesesteveterradas\/wp-content\/uploads\/usu855\/erasmus-1-300x59.png 300w, https:\/\/agora.xtec.cat\/iesesteveterradas\/wp-content\/uploads\/usu855\/erasmus-1-768x150.png 768w, https:\/\/agora.xtec.cat\/iesesteveterradas\/wp-content\/uploads\/usu855\/erasmus-1.png 1138w\" sizes=\"auto, (max-width: 1024px) 100vw, 1024px\" \/><\/p>\n<p align=\"left\"><span style=\"color: #000000;\"><span style=\"font-family: Arial, serif;\"><span style=\"font-size: medium;\">Des de l\u2019Ag\u00e8ncia Nacional, SEPIE, se\u2019ns han atorgat <span style=\"text-decoration: underline;\"><strong>5 beques de formaci\u00f3 per a professorat de CC.FF.<\/strong><\/span><\/span><\/span><\/span><\/p>\n<p align=\"left\"><span style=\"color: #000000;\"><span style=\"font-family: Arial, serif;\"><span style=\"font-size: medium;\">Les beques s\u00f3n per realitzar una estada de formaci\u00f3 a un pa\u00eds europeu de durada d\u2019una setmana (5 dies). <\/span><\/span><\/span><\/p>\n<p align=\"left\"><span style=\"color: #000000;\"><span style=\"font-family: Arial, serif;\"><span style=\"font-size: medium;\"><b>Requisits de participaci\u00f3:<\/b><\/span><\/span><\/span><\/p>\n<ul>\n<li>\n<p align=\"left\"><span style=\"color: #000000;\"><span style=\"font-family: Arial, serif;\"><span style=\"font-size: medium;\">Estar impartint classes de CF en el curs <\/span><\/span><\/span><span style=\"font-family: Arial, serif;\">23<\/span><span style=\"color: #000000;\"><span style=\"font-family: Arial, serif;\"><span style=\"font-size: medium;\">-2<\/span><\/span><\/span><span style=\"font-family: Arial, serif;\">4.<\/span><\/p>\n<\/li>\n<li>\n<p align=\"left\"><span style=\"color: #000000;\"><span style=\"font-family: Arial, serif;\"><span style=\"font-size: medium;\">Disposar titulaci\u00f3 en angl\u00e8s o llengua estrangera del pa\u00eds de dest\u00ed d\u2019un nivell m\u00ednim de B1 <\/span><\/span><\/span><\/p>\n<\/li>\n<\/ul>\n<p align=\"left\"><span style=\"color: #000000;\"><span style=\"font-family: Arial, serif;\"><span style=\"font-size: medium;\"><b>Descripci\u00f3 de l\u2019estada:<\/b><\/span><\/span><\/span><\/p>\n<p align=\"left\"><span style=\"color: #000000;\"><span style=\"font-family: Arial, serif;\"><span style=\"font-size: medium;\">La formaci\u00f3 a rebre ser\u00e0 un aprenentatge per observaci\u00f3 a l\u2019estranger en una empresa, universitat o qualsevol prove\u00efdor de FP. La formaci\u00f3 caldr\u00e0 que respongui a necessitats que tingueu de la pr\u00f2pia especialitat que impartiu, o de metodologies pedag\u00f2giques i que preveieu que tingui un impacte positiu en les vostres classes, departaments i\/o en el propi centre.<\/span><\/span><\/span><\/p>\n<p align=\"left\"><span style=\"color: #000000;\"><span style=\"font-family: Arial, serif;\"><span style=\"font-size: medium;\">Per tal de participar en la convocat\u00f2ria cal que ompliu el seg\u00fcent formulari on redactareu un petit resum detallant els objectius de l\u2019estada aix\u00ed com l\u2019impacte que preveieu que tingui en el centre o en les vostres classes.<\/span><\/span><\/span><\/p>\n<p align=\"left\"><span style=\"font-family: Arial, serif;\">Caldr\u00e0 afegir un<\/span><span style=\"color: #000000;\"><span style=\"font-family: Arial, serif;\"><span style=\"font-size: medium;\"> contacte del centre, entitat o servei d\u2019acollida; Aquest pot ser una <\/span><\/span><\/span><span style=\"font-family: Arial, serif;\">universitat<\/span><span style=\"color: #000000;\"><span style=\"font-family: Arial, serif;\"><span style=\"font-size: medium;\">, una empresa, o entitat vinculada amb la FP. <\/span><\/span><\/span><span style=\"font-family: Arial, serif;\">En cas de no tenir cap contacte <\/span> <span style=\"font-family: Arial, serif;\">caldr\u00e0 que ens ho comuniqueu per correu electr\u00f2nic <\/span><a href=\"mailto:internacional@iesesteveterradas.cat\"><span style=\"color: #1155cc;\"><span style=\"font-family: Arial, serif;\"><u>internacional@iesesteveterradas.cat<\/u><\/span><\/span><\/a><span style=\"font-family: Arial, serif;\"> i des de <\/span><span style=\"color: #000000;\"><span style=\"font-family: Arial, serif;\"><span style=\"font-size: medium;\"> la Coordinaci\u00f3 de Mobilitat us facilitarem eines per buscar-ne. <\/span><\/span><\/span><\/p>\n<p align=\"left\"><span style=\"font-family: Arial, serif;\">Cal omplir el seg\u00fcent <\/span><a href=\"https:\/\/forms.gle\/o4wgxKJFHGHZmtAq9\"><span style=\"color: #1155cc;\"><span style=\"font-family: Arial, serif;\"><u>formulari<\/u><\/span><\/span><\/a><span style=\"font-family: Arial, serif;\">.<\/span><\/p>\n<p align=\"left\"><span style=\"color: #000000;\"><span style=\"font-family: Arial, serif;\"><span style=\"font-size: medium;\">El barem de la selecci\u00f3 dels participants ser\u00e0 el seg\u00fcent:<\/span><\/span><\/span><\/p>\n<p align=\"center\"><a name=\"_heading=h.30j0zll\"><\/a> <span style=\"color: #000000;\"><span style=\"font-family: Arial, serif;\"><span style=\"font-size: xx-large;\">Barem de la selecci\u00f3 de participants<\/span><\/span><\/span><\/p>\n<table width=\"800\" cellspacing=\"0\" cellpadding=\"8\">\n<tbody>\n<tr valign=\"top\">\n<td width=\"218\"><span style=\"font-family: Arial, serif;\"><b>Indicadors<\/b><\/span><\/td>\n<td width=\"367\"><span style=\"font-family: Arial, serif;\"><b>Justificaci\u00f3 i avaluaci\u00f3 <\/b><\/span><\/td>\n<td width=\"163\"><span style=\"font-family: Arial, serif;\"><b>Puntuaci\u00f3<\/b><\/span><\/td>\n<\/tr>\n<tr valign=\"top\">\n<td width=\"218\"><span style=\"font-family: Arial, serif;\"><span style=\"font-size: medium;\"><b>1. Motivaci\u00f3 <\/b><\/span><\/span><\/td>\n<td width=\"367\"><span style=\"font-family: Arial, serif;\"><span style=\"font-size: medium;\">Motivacions personals per participar en un projecte ERASMUS+<\/span><\/span><\/td>\n<td width=\"163\">\n<p align=\"center\"><span style=\"font-family: Arial, serif;\">10%<\/span><\/p>\n<\/td>\n<\/tr>\n<tr valign=\"top\">\n<td width=\"218\"><span style=\"font-family: Arial, serif;\"><span style=\"font-size: medium;\"><b>2. Impacte del projecte<\/b><\/span><\/span><\/td>\n<td width=\"367\">\n<ul>\n<li><span style=\"font-family: Arial, serif;\"><span style=\"font-size: medium;\">En el formulari caldr\u00e0 escriure un resum del projecte , especificant els principals objectius I l\u2019impacte que podr\u00e0 repercutir en el centre, en el departament i\/o en l\u2019alumnat. (15 punts)<\/span><\/span><\/li>\n<li><span style=\"font-family: Arial, serif;\"><span style=\"font-size: medium;\">Facilitar un contacte de centre d\u2019acollida (15 punts)<\/span><\/span><\/li>\n<\/ul>\n<\/td>\n<td width=\"163\">\n<p align=\"center\"><span style=\"font-family: Arial, serif;\">30%<\/span><\/p>\n<\/td>\n<\/tr>\n<tr valign=\"top\">\n<td width=\"218\"><span style=\"font-family: Arial, serif;\"><span style=\"font-size: medium;\"><b>3. Lleng\u00fces estrangeres <\/b><\/span><\/span><\/td>\n<td width=\"367\">\n<ul>\n<li><span style=\"font-family: Arial, serif;\"><span style=\"font-size: medium;\">Levels of any official EU language<\/span><\/span><\/li>\n<\/ul>\n<p><span style=\"font-family: Arial, serif;\"><span style=\"font-size: medium;\">(foreign):(m\u00e0xim 20 punts)<\/span><\/span><\/p>\n<ul>\n<li><span style=\"font-family: Arial, serif;\"><span style=\"font-size: medium;\">Elemental(A1) +1<\/span><\/span><\/li>\n<li><span style=\"font-family: Arial, serif;\"><span style=\"font-size: medium;\">Basic(A2) +2<\/span><\/span><\/li>\n<li><span style=\"font-family: Arial, serif;\"><span style=\"font-size: medium;\">Intermediate (B1) +3<\/span><\/span><\/li>\n<li><span style=\"font-family: Arial, serif;\"><span style=\"font-size: medium;\">Advance (B2) +4<\/span><\/span><\/li>\n<li><span style=\"font-family: Arial, serif;\"><span style=\"font-size: medium;\">Native (C1\/C2) +5<\/span><\/span><\/li>\n<\/ul>\n<\/td>\n<td width=\"163\">\n<p align=\"center\"><span style=\"font-family: Arial, serif;\">20%<\/span><\/p>\n<\/td>\n<\/tr>\n<tr valign=\"top\">\n<td width=\"218\"><span style=\"font-family: Arial, serif;\"><span style=\"font-size: medium;\"><b>4. Antiguitat<\/b><\/span><\/span><\/td>\n<td width=\"367\">\n<ul>\n<li><span style=\"font-family: Arial, serif;\"><span style=\"font-size: medium;\">Antiguitat en el propi centre: (+5)<\/span><\/span><\/li>\n<\/ul>\n<\/td>\n<td width=\"163\">\n<p align=\"center\"><span style=\"font-family: Arial, serif;\">10%<\/span><\/p>\n<\/td>\n<\/tr>\n<tr valign=\"top\">\n<td width=\"218\"><span style=\"font-family: Arial, serif;\"><span style=\"font-size: medium;\"><b>5. Participaci\u00f3 en projectes internacionals del centre<\/b><\/span><\/span><\/td>\n<td width=\"367\">\n<ul>\n<li><span style=\"font-family: Arial, serif;\"><span style=\"font-size: medium;\">Haver participat en projectes internacionals del propi centre en els \u00faltims 4 anys (0.25pt \/any i projecte)<\/span><\/span><\/li>\n<\/ul>\n<\/td>\n<td width=\"163\">\n<p align=\"center\"><span style=\"font-family: Arial, serif;\">10%<\/span><\/p>\n<\/td>\n<\/tr>\n<tr valign=\"top\">\n<td width=\"218\"><span style=\"font-family: Arial, serif;\"><span style=\"font-size: medium;\"><b>6. C\u00e0rrecs Durant els \u00faltims 4 anys<\/b><\/span><\/span><\/td>\n<td width=\"367\">\n<ul>\n<li><span style=\"font-family: Arial, serif;\"><span style=\"font-size: medium;\">Haver desenvolupat un c\u00e0rrec de tutoria, coordinaci\u00f3 o de l\u2019equip directiu. 0\u201925 punts per any (comptant els \u00faltims 4 anys, ja siguin a aquest centre o a un altre public. <\/span><\/span><\/li>\n<\/ul>\n<\/td>\n<td width=\"163\">\n<p align=\"center\"><span style=\"font-family: Arial, serif;\">10%<\/span><\/p>\n<\/td>\n<\/tr>\n<tr valign=\"top\">\n<td width=\"218\"><span style=\"font-family: Arial, serif;\"><span style=\"font-size: medium;\"><b>7. Necessitats especials<\/b><\/span><\/span><\/td>\n<td width=\"367\"><span style=\"font-family: Arial, serif;\"><span style=\"font-size: medium;\">Disposar d\u2019un certificat de reconeixement de discapacitat <\/span><\/span><\/td>\n<td width=\"163\">\n<p align=\"center\"><span style=\"font-family: Arial, serif;\">10%<\/span><\/p>\n<\/td>\n<\/tr>\n<\/tbody>\n<\/table>\n<p align=\"center\"><span style=\"color: #ff0000;\"><span style=\"font-family: Arial, serif;\"><span style=\"font-size: x-large;\"><b>Data l\u00edmit de lliurament 31 de gener de 2024<\/b><\/span><\/span><\/span><\/p>\n<\/td>\n<\/tr>\n<tr>\n<td width=\"778\" height=\"321\">\n<p align=\"left\"><span style=\"color: #000000;\"><span style=\"font-family: Arial, serif;\"><span style=\"font-size: medium;\"><b>Resultats<\/b><\/span><\/span><\/span><\/p>\n<p><a name=\"_heading=h.1fob9te\"><\/a> <span style=\"font-family: Arial, serif;\">Es publicaran els resultats a la web la setmana del 5 al 9 de febrer i es comunicar\u00e0 per email a les persones que hagin presentat sol\u00b7licitud.<br \/>\n<\/span><\/td>\n<\/tr>\n<\/tbody>\n<\/table>\n<p>&nbsp;<\/p>\n","protected":false},"excerpt":{"rendered":"<p>Sol.licitud de mobilitat ERASMUS+ per a docents de CC.FF. Curs 2023\/2024<\/p>\n<p>Des de l\u2019Ag\u00e8ncia Nacional, SEPIE, se\u2019ns han atorgat 5 beques de formaci\u00f3 per a professorat de CC.FF.<br \/>\nLes beques s\u00f3n per realitzar una estada de formaci\u00f3 a un pa\u00eds europeu de durada d\u2019una setmana (5 dies).&hellip;  <a href=\"https:\/\/agora.xtec.cat\/iesesteveterradas\/serveis-2\/internacional\/sol-licitud-de-mobilitat-erasmus-per-a-docents-de-cfgs-curs-2022-2023\/\" title=\"Read Sol.licitud de mobilitat ERASMUS+ per a docents de CC.FF. Curs 2023\/2024\">Llegeix m\u00e9s\u00bb<\/a><\/p>\n","protected":false},"author":45,"featured_media":0,"parent":1783,"menu_order":0,"comment_status":"closed","ping_status":"closed","template":"page-templates\/side-menu.php","meta":{"_bbp_topic_count":0,"_bbp_reply_count":0,"_bbp_total_topic_count":0,"_bbp_total_reply_count":0,"_bbp_voice_count":0,"_bbp_anonymous_reply_count":0,"_bbp_topic_count_hidden":0,"_bbp_reply_count_hidden":0,"_bbp_forum_subforum_count":0,"footnotes":""},"class_list":["post-13188","page","type-page","status-publish","hentry"],"post_mailing_queue_ids":[],"_links":{"self":[{"href":"https:\/\/agora.xtec.cat\/iesesteveterradas\/wp-json\/wp\/v2\/pages\/13188","targetHints":{"allow":["GET"]}}],"collection":[{"href":"https:\/\/agora.xtec.cat\/iesesteveterradas\/wp-json\/wp\/v2\/pages"}],"about":[{"href":"https:\/\/agora.xtec.cat\/iesesteveterradas\/wp-json\/wp\/v2\/types\/page"}],"author":[{"embeddable":true,"href":"https:\/\/agora.xtec.cat\/iesesteveterradas\/wp-json\/wp\/v2\/users\/45"}],"replies":[{"embeddable":true,"href":"https:\/\/agora.xtec.cat\/iesesteveterradas\/wp-json\/wp\/v2\/comments?post=13188"}],"version-history":[{"count":3,"href":"https:\/\/agora.xtec.cat\/iesesteveterradas\/wp-json\/wp\/v2\/pages\/13188\/revisions"}],"predecessor-version":[{"id":15916,"href":"https:\/\/agora.xtec.cat\/iesesteveterradas\/wp-json\/wp\/v2\/pages\/13188\/revisions\/15916"}],"up":[{"embeddable":true,"href":"https:\/\/agora.xtec.cat\/iesesteveterradas\/wp-json\/wp\/v2\/pages\/1783"}],"wp:attachment":[{"href":"https:\/\/agora.xtec.cat\/iesesteveterradas\/wp-json\/wp\/v2\/media?parent=13188"}],"curies":[{"name":"wp","href":"https:\/\/api.w.org\/{rel}","templated":true}]}}