{"id":13159,"date":"2023-03-11T12:29:28","date_gmt":"2023-03-11T11:29:28","guid":{"rendered":"https:\/\/agora.xtec.cat\/iesesteveterradas\/?page_id=13159"},"modified":"2023-03-17T16:29:37","modified_gmt":"2023-03-17T15:29:37","slug":"taps-de-plastic","status":"publish","type":"page","link":"https:\/\/agora.xtec.cat\/iesesteveterradas\/serveis-2\/qualitat\/medi-ambient\/gestio-de-residus-de-linstitut\/taps-de-plastic\/","title":{"rendered":"Taps de pl\u00e0stic"},"content":{"rendered":"<p>A l&#8217;institut Esteve Terradas es recullen els taps de pl\u00e0stic dels envasos. Aquests taps s\u00f3n donats a <a href=\"https:\/\/agora.xtec.cat\/escolabarkeno\/\" target=\"_blank\" rel=\"noopener\">l&#8217;escola B\u00e0rkeno<\/a> de Barcelona que, alhora, els porta a l&#8217;Hospital Cl\u00ednic. Els beneficis econ\u00f2mics s\u00f3n destinats a la investigaci\u00f3 oncol\u00f2gica.<\/p>\n<p>\u00c9s interessant recollir els taps de pl\u00e0stic per separat perqu\u00e8:<\/p>\n<ul>\n<li>Acostumen a estar nets i, per tant, s\u00f3n f\u00e0cils de gestionar.<\/li>\n<li>Tenen una densitat major a la resta de l&#8217;env\u00e0s i, per tant, \u00e9s d&#8217;un altre tipus de pl\u00e0stic i de m\u00e9s valor econ\u00f2mic.<\/li>\n<li>Facilitem la tasca de triatge si ja els donem separats de la resta de l&#8217;env\u00e0s.<\/li>\n<\/ul>\n<p><img loading=\"lazy\" decoding=\"async\" class=\"alignnone size-large wp-image-13160\" src=\"https:\/\/agora.xtec.cat\/iesesteveterradas\/wp-content\/uploads\/usu855\/IMG_20230131_093007-768x1024.jpg\" alt=\"\" width=\"768\" height=\"1024\" srcset=\"https:\/\/agora.xtec.cat\/iesesteveterradas\/wp-content\/uploads\/usu855\/IMG_20230131_093007-768x1024.jpg 768w, https:\/\/agora.xtec.cat\/iesesteveterradas\/wp-content\/uploads\/usu855\/IMG_20230131_093007-225x300.jpg 225w, https:\/\/agora.xtec.cat\/iesesteveterradas\/wp-content\/uploads\/usu855\/IMG_20230131_093007-1152x1536.jpg 1152w, https:\/\/agora.xtec.cat\/iesesteveterradas\/wp-content\/uploads\/usu855\/IMG_20230131_093007.jpg 1499w\" sizes=\"auto, (max-width: 768px) 100vw, 768px\" \/><\/p>\n","protected":false},"excerpt":{"rendered":"<p>A l&#8217;institut Esteve Terradas es recullen els taps de pl\u00e0stic dels envasos. Aquests taps s\u00f3n donats a <a href=\"https:\/\/agora.xtec.cat\/escolabarkeno\/\" target=\"_blank\" rel=\"noopener\">l&#8217;escola B\u00e0rkeno<\/a> de Barcelona que, alhora, els porta a l&#8217;Hospital Cl\u00ednic. Els beneficis econ\u00f2mics s\u00f3n destinats a la investigaci\u00f3 oncol\u00f2gica.<br \/>\n\u00c9s interessant recollir els taps de&hellip;  <a href=\"https:\/\/agora.xtec.cat\/iesesteveterradas\/serveis-2\/qualitat\/medi-ambient\/gestio-de-residus-de-linstitut\/taps-de-plastic\/\" title=\"Read Taps de pl\u00e0stic\">Llegeix m\u00e9s\u00bb<\/a><\/p>\n","protected":false},"author":33,"featured_media":0,"parent":12414,"menu_order":6,"comment_status":"closed","ping_status":"closed","template":"","meta":{"_bbp_topic_count":0,"_bbp_reply_count":0,"_bbp_total_topic_count":0,"_bbp_total_reply_count":0,"_bbp_voice_count":0,"_bbp_anonymous_reply_count":0,"_bbp_topic_count_hidden":0,"_bbp_reply_count_hidden":0,"_bbp_forum_subforum_count":0,"footnotes":""},"class_list":["post-13159","page","type-page","status-publish","hentry"],"post_mailing_queue_ids":[],"_links":{"self":[{"href":"https:\/\/agora.xtec.cat\/iesesteveterradas\/wp-json\/wp\/v2\/pages\/13159","targetHints":{"allow":["GET"]}}],"collection":[{"href":"https:\/\/agora.xtec.cat\/iesesteveterradas\/wp-json\/wp\/v2\/pages"}],"about":[{"href":"https:\/\/agora.xtec.cat\/iesesteveterradas\/wp-json\/wp\/v2\/types\/page"}],"author":[{"embeddable":true,"href":"https:\/\/agora.xtec.cat\/iesesteveterradas\/wp-json\/wp\/v2\/users\/33"}],"replies":[{"embeddable":true,"href":"https:\/\/agora.xtec.cat\/iesesteveterradas\/wp-json\/wp\/v2\/comments?post=13159"}],"version-history":[{"count":2,"href":"https:\/\/agora.xtec.cat\/iesesteveterradas\/wp-json\/wp\/v2\/pages\/13159\/revisions"}],"predecessor-version":[{"id":13226,"href":"https:\/\/agora.xtec.cat\/iesesteveterradas\/wp-json\/wp\/v2\/pages\/13159\/revisions\/13226"}],"up":[{"embeddable":true,"href":"https:\/\/agora.xtec.cat\/iesesteveterradas\/wp-json\/wp\/v2\/pages\/12414"}],"wp:attachment":[{"href":"https:\/\/agora.xtec.cat\/iesesteveterradas\/wp-json\/wp\/v2\/media?parent=13159"}],"curies":[{"name":"wp","href":"https:\/\/api.w.org\/{rel}","templated":true}]}}