{"id":12660,"date":"2022-11-15T11:33:54","date_gmt":"2022-11-15T10:33:54","guid":{"rendered":"https:\/\/agora.xtec.cat\/iesesteveterradas\/?page_id=12660"},"modified":"2025-10-13T09:45:35","modified_gmt":"2025-10-13T07:45:35","slug":"biblioteca-m-carmen-brito","status":"publish","type":"page","link":"https:\/\/agora.xtec.cat\/iesesteveterradas\/serveis-2\/biblioteca-m-carmen-brito\/","title":{"rendered":"Biblioteca M. Carmen Brito"},"content":{"rendered":"<p><img loading=\"lazy\" decoding=\"async\" class=\"size-large wp-image-12662 alignleft\" src=\"https:\/\/agora.xtec.cat\/iesesteveterradas\/wp-content\/uploads\/usu855\/Biblioteca-M.C.-Brito-1024x333.png\" alt=\"\" width=\"1024\" height=\"333\" srcset=\"https:\/\/agora.xtec.cat\/iesesteveterradas\/wp-content\/uploads\/usu855\/Biblioteca-M.C.-Brito-1024x333.png 1024w, https:\/\/agora.xtec.cat\/iesesteveterradas\/wp-content\/uploads\/usu855\/Biblioteca-M.C.-Brito-300x98.png 300w, https:\/\/agora.xtec.cat\/iesesteveterradas\/wp-content\/uploads\/usu855\/Biblioteca-M.C.-Brito-768x250.png 768w, https:\/\/agora.xtec.cat\/iesesteveterradas\/wp-content\/uploads\/usu855\/Biblioteca-M.C.-Brito-1536x499.png 1536w, https:\/\/agora.xtec.cat\/iesesteveterradas\/wp-content\/uploads\/usu855\/Biblioteca-M.C.-Brito.png 1889w\" sizes=\"auto, (max-width: 1024px) 100vw, 1024px\" \/><\/p>\n<p>La biblioteca de l\u2019Institut Esteve Terradas es tracta d\u2019un espai polivalent, modern i funcional, equipat amb materials moderns i amb \u00faltima tecnologia. Ha estat dissenyada com un servei per facilitar la pr\u00e0ctica docent en el context de l\u2019ensenyament i l\u2019aprenentatge per a tothom, \u00e9s a dir com un recurs educatiu de gran riquesa pedag\u00f2gica i que ha de donar suport al projecte educatiu del centre. No es tracta nom\u00e9s d\u2019un lloc que convida a la lectura i on es consumeix informaci\u00f3, sin\u00f3 d\u2019un lloc on tamb\u00e9 se n\u2019hi crea.<\/p>\n<p>Amb gaireb\u00e9 200 m2, compta amb quatre zones diferenciades que poden ser separades quan sigui necessari per uns panells m\u00f2bils que tamb\u00e9 poden fer la funci\u00f3 de pissarrablanca:<br \/>\n1) Zona d\u2019estudi.<br \/>\n2)<a href=\"https:\/\/agora.xtec.cat\/iesesteveterradas\/serveis\/biblioteca-m-carmen-brito\/aula-ateca\/\"> Aula ATECA.<\/a><br \/>\n3) Espai \u00c0gora.<br \/>\n4) Zona multifuncional (treball per projectes, estudi, reunions de fins a 90 persones, etc.).<\/p>\n<p>Totes les taules compten amb connexi\u00f3 el\u00e8ctrica per treballar amb ordinadors, i excepte a la zona d\u2019estudi, on el mobiliari \u00e9s fix, en la resta de les zones les taules, tamb\u00e9 els puff de l\u2019\u00c0gora, s\u00f3n m\u00f2bils, de manera que l\u2019espai es pot transformar en qualsevol moment.<\/p>\n<p>L\u2019aula ATECA \u00e9s l\u2019espai d\u2019innovaci\u00f3 tecnol\u00f2gica del centre, on es poden realitzar reunions on i off-line i tamb\u00e9 per a activitats del Club de Realitat Virtual.<\/p>\n<p>L\u2019espai porta el nom de Biblioteca M. Carmen Brito en record de M. Carmen Brito Ruiz (1970-2018), qui va ser professora d\u2019inform\u00e0tica a l\u2019Institut Esteve Terradas des de 1998 fins a 2018, ocupant diversos c\u00e0rrecs, com cap del departament d\u2019inform\u00e0tica i subdirectora de Formaci\u00f3 Professional.<\/p>\n<p>Enlla\u00e7os d&#8217;inter\u00e8s:<\/p>\n<ul>\n<li><a href=\"https:\/\/agora.xtec.cat\/iesesteveterradas\/serveis\/biblioteca-m-carmen-brito\/horari-biblioteca\/\">Horari.<\/a><\/li>\n<li><a href=\"https:\/\/agora.xtec.cat\/iesesteveterradas\/serveis\/biblioteca-m-carmen-brito\/aula-ateca\/\">Aula ATECA.<\/a><\/li>\n<li><a href=\"https:\/\/agora.xtec.cat\/iesesteveterradas\/serveis\/biblioteca-m-carmen-brito\/reserva-despais-de-la-biblioteca\/\">Reserva d&#8217;espais.<\/a><\/li>\n<li><a href=\"https:\/\/agora.xtec.cat\/iesesteveterradas\/serveis\/biblioteca-m-carmen-brito\/qui-era-m-carmen-brito\/\">Qui era M. Carmen Brito?<\/a><\/li>\n<\/ul>\n","protected":false},"excerpt":{"rendered":"<p>La biblioteca de l\u2019Institut Esteve Terradas es tracta d\u2019un espai polivalent, modern i funcional, equipat amb materials moderns i amb \u00faltima tecnologia. Ha estat dissenyada com un servei per facilitar la pr\u00e0ctica docent en el context de l\u2019ensenyament i l\u2019aprenentatge per a tothom, \u00e9s a&hellip;  <a href=\"https:\/\/agora.xtec.cat\/iesesteveterradas\/serveis-2\/biblioteca-m-carmen-brito\/\" title=\"Read Biblioteca M. Carmen Brito\">Llegeix m\u00e9s\u00bb<\/a><\/p>\n","protected":false},"author":45,"featured_media":0,"parent":8658,"menu_order":0,"comment_status":"closed","ping_status":"closed","template":"page-templates\/side-menu.php","meta":{"_bbp_topic_count":0,"_bbp_reply_count":0,"_bbp_total_topic_count":0,"_bbp_total_reply_count":0,"_bbp_voice_count":0,"_bbp_anonymous_reply_count":0,"_bbp_topic_count_hidden":0,"_bbp_reply_count_hidden":0,"_bbp_forum_subforum_count":0,"footnotes":""},"class_list":["post-12660","page","type-page","status-publish","hentry"],"post_mailing_queue_ids":[],"_links":{"self":[{"href":"https:\/\/agora.xtec.cat\/iesesteveterradas\/wp-json\/wp\/v2\/pages\/12660","targetHints":{"allow":["GET"]}}],"collection":[{"href":"https:\/\/agora.xtec.cat\/iesesteveterradas\/wp-json\/wp\/v2\/pages"}],"about":[{"href":"https:\/\/agora.xtec.cat\/iesesteveterradas\/wp-json\/wp\/v2\/types\/page"}],"author":[{"embeddable":true,"href":"https:\/\/agora.xtec.cat\/iesesteveterradas\/wp-json\/wp\/v2\/users\/45"}],"replies":[{"embeddable":true,"href":"https:\/\/agora.xtec.cat\/iesesteveterradas\/wp-json\/wp\/v2\/comments?post=12660"}],"version-history":[{"count":3,"href":"https:\/\/agora.xtec.cat\/iesesteveterradas\/wp-json\/wp\/v2\/pages\/12660\/revisions"}],"predecessor-version":[{"id":12724,"href":"https:\/\/agora.xtec.cat\/iesesteveterradas\/wp-json\/wp\/v2\/pages\/12660\/revisions\/12724"}],"up":[{"embeddable":true,"href":"https:\/\/agora.xtec.cat\/iesesteveterradas\/wp-json\/wp\/v2\/pages\/8658"}],"wp:attachment":[{"href":"https:\/\/agora.xtec.cat\/iesesteveterradas\/wp-json\/wp\/v2\/media?parent=12660"}],"curies":[{"name":"wp","href":"https:\/\/api.w.org\/{rel}","templated":true}]}}