{"id":12414,"date":"2022-09-05T14:06:21","date_gmt":"2022-09-05T12:06:21","guid":{"rendered":"https:\/\/agora.xtec.cat\/iesesteveterradas\/?page_id=12414"},"modified":"2023-03-11T12:38:38","modified_gmt":"2023-03-11T11:38:38","slug":"gestio-de-residus-de-linstitut","status":"publish","type":"page","link":"https:\/\/agora.xtec.cat\/iesesteveterradas\/serveis-2\/qualitat\/medi-ambient\/gestio-de-residus-de-linstitut\/","title":{"rendered":"Gesti\u00f3 de residus de l&#8217;institut"},"content":{"rendered":"<p>Al centre es realitza recollida selectiva de les seg\u00fcents fraccions: pl\u00e0stic, paper, piles i oli.<\/p>\n<ul>\n<li>Teniu tot el protocol descrit en aquesta presentaci\u00f3: <a href=\"https:\/\/agora.xtec.cat\/iesesteveterradas\/wp-content\/uploads\/usu855\/Els-residus-a-linstitut-Esteve-Terradas-i-Illa.pptx.pdf\" target=\"_blank\" rel=\"noopener\">Els residus a l\u2019institut Esteve Terradas i Illa.pptx<\/a>.<\/li>\n<li>Tamb\u00e9 us ho expliquem <a href=\"https:\/\/www.youtube.com\/watch?v=-Y1uHrMM75o\" target=\"_blank\" rel=\"noopener\">en aquest v\u00eddeo<\/a> on es realitza el recorregut per l&#8217;instiut.<\/li>\n<\/ul>\n<p>Si teniu dubtes de quin tipus de residu teniu i a quin contenidor ha d&#8217;anar destinat podeu consultar a la web <a href=\"https:\/\/www.residuonvas.cat\/ca\" target=\"_blank\" rel=\"noopener\">residuonvas<\/a>, mirar-vos les seg\u00fcents infografies o contactar amb nosaltres mediambient@iesesteveterradas.cat.<\/p>\n<p><img loading=\"lazy\" decoding=\"async\" class=\"size-full wp-image-12438 aligncenter\" src=\"https:\/\/agora.xtec.cat\/iesesteveterradas\/wp-content\/uploads\/usu855\/Presentacio-sense-titol-1.jpg\" alt=\"\" width=\"540\" height=\"679\" srcset=\"https:\/\/agora.xtec.cat\/iesesteveterradas\/wp-content\/uploads\/usu855\/Presentacio-sense-titol-1.jpg 540w, https:\/\/agora.xtec.cat\/iesesteveterradas\/wp-content\/uploads\/usu855\/Presentacio-sense-titol-1-239x300.jpg 239w\" sizes=\"auto, (max-width: 540px) 100vw, 540px\" \/><\/p>\n<p>A m\u00e9s a m\u00e9s, els residus generats als laboratoris i tallers s\u00f3n gestionats de forma espec\u00edfica.<\/p>\n<p><strong>Tens m\u00e9s dubtes? Clica en cada residu i t&#8217;ho expliquem!<\/strong><\/p>\n<p><strong><a href=\"https:\/\/agora.xtec.cat\/iesesteveterradas\/medi-ambient\/gestio-de-residus-de-linstitut\/paper\/\" target=\"_blank\" rel=\"noopener\">PAPER<\/a>\u00a0 \u00a0 \u00a0 \u00a0 \u00a0 \u00a0<a href=\"https:\/\/agora.xtec.cat\/iesesteveterradas\/medi-ambient\/gestio-de-residus-de-linstitut\/organica\/\" target=\"_blank\" rel=\"noopener\">ORG\u00c0NICA<\/a>\u00a0 \u00a0 \u00a0 \u00a0 \u00a0 \u00a0 \u00a0 <a href=\"https:\/\/agora.xtec.cat\/iesesteveterradas\/medi-ambient\/gestio-de-residus-de-linstitut\/piles\/\" target=\"_blank\" rel=\"noopener\">PILES<\/a>\u00a0 \u00a0 \u00a0 \u00a0 \u00a0 \u00a0 \u00a0<a href=\"https:\/\/agora.xtec.cat\/iesesteveterradas\/medi-ambient\/gestio-de-residus-de-linstitut\/toners\/\" target=\"_blank\" rel=\"noopener\">T\u00d2NERS<\/a>\u00a0 \u00a0 \u00a0 \u00a0 \u00a0 \u00a0 <a href=\"https:\/\/agora.xtec.cat\/iesesteveterradas\/medi-ambient\/gestio-de-residus-de-linstitut\/taps-de-plastic\/\" target=\"_blank\" rel=\"noopener\">TAPS DE PL\u00c0STIC<\/a><\/strong><\/p>\n<p>&nbsp;<\/p>\n","protected":false},"excerpt":{"rendered":"<p>Al centre es realitza recollida selectiva de les seg\u00fcents fraccions: pl\u00e0stic, paper, piles i oli.<\/p>\n<ul>\n<li>Teniu tot el protocol descrit en aquesta presentaci\u00f3: <a href=\"https:\/\/agora.xtec.cat\/iesesteveterradas\/wp-content\/uploads\/usu855\/Els-residus-a-linstitut-Esteve-Terradas-i-Illa.pptx.pdf\" target=\"_blank\" rel=\"noopener\">Els residus a l\u2019institut Esteve Terradas i Illa.pptx<\/a>.<\/li>\n<li>Tamb\u00e9 us ho expliquem <a href=\"https:\/\/www.youtube.com\/watch?v=-Y1uHrMM75o\" target=\"_blank\" rel=\"noopener\">en aquest v\u00eddeo<\/a> on es realitza&hellip;  <a href=\"https:\/\/agora.xtec.cat\/iesesteveterradas\/serveis-2\/qualitat\/medi-ambient\/gestio-de-residus-de-linstitut\/\" title=\"Read Gesti\u00f3 de residus de l&#8217;institut\">Llegeix m\u00e9s\u00bb<\/a><br \/>\n","protected":false},"author":33,"featured_media":0,"parent":1786,"menu_order":0,"comment_status":"closed","ping_status":"closed","template":"","meta":{"_bbp_topic_count":0,"_bbp_reply_count":0,"_bbp_total_topic_count":0,"_bbp_total_reply_count":0,"_bbp_voice_count":0,"_bbp_anonymous_reply_count":0,"_bbp_topic_count_hidden":0,"_bbp_reply_count_hidden":0,"_bbp_forum_subforum_count":0,"footnotes":""},"class_list":["post-12414","page","type-page","status-publish","hentry"],"post_mailing_queue_ids":[],"_links":{"self":[{"href":"https:\/\/agora.xtec.cat\/iesesteveterradas\/wp-json\/wp\/v2\/pages\/12414","targetHints":{"allow":["GET"]}}],"collection":[{"href":"https:\/\/agora.xtec.cat\/iesesteveterradas\/wp-json\/wp\/v2\/pages"}],"about":[{"href":"https:\/\/agora.xtec.cat\/iesesteveterradas\/wp-json\/wp\/v2\/types\/page"}],"author":[{"embeddable":true,"href":"https:\/\/agora.xtec.cat\/iesesteveterradas\/wp-json\/wp\/v2\/users\/33"}],"replies":[{"embeddable":true,"href":"https:\/\/agora.xtec.cat\/iesesteveterradas\/wp-json\/wp\/v2\/comments?post=12414"}],"version-history":[{"count":3,"href":"https:\/\/agora.xtec.cat\/iesesteveterradas\/wp-json\/wp\/v2\/pages\/12414\/revisions"}],"predecessor-version":[{"id":13163,"href":"https:\/\/agora.xtec.cat\/iesesteveterradas\/wp-json\/wp\/v2\/pages\/12414\/revisions\/13163"}],"up":[{"embeddable":true,"href":"https:\/\/agora.xtec.cat\/iesesteveterradas\/wp-json\/wp\/v2\/pages\/1786"}],"wp:attachment":[{"href":"https:\/\/agora.xtec.cat\/iesesteveterradas\/wp-json\/wp\/v2\/media?parent=12414"}],"curies":[{"name":"wp","href":"https:\/\/api.w.org\/{rel}","templated":true}]}}