{"id":1196,"date":"2018-11-09T18:27:46","date_gmt":"2018-11-09T17:27:46","guid":{"rendered":"http:\/\/agora.xtec.cat\/iesesteveterradas\/?page_id=1196"},"modified":"2025-10-23T11:45:23","modified_gmt":"2025-10-23T09:45:23","slug":"hortesteve","status":"publish","type":"page","link":"https:\/\/agora.xtec.cat\/iesesteveterradas\/departaments\/departaments-eso-batxillerat\/hortesteve\/","title":{"rendered":"Hortesteve"},"content":{"rendered":"<h4>L&#8217;hort a l&#8217;escola<\/h4>\n<p style=\"float: right; width: 233px; margin: 15px; padding: 0; text-align: center;\"><a href=\"http:\/\/hortesteve.blogspot.com.es\/\" target=\"_blank\" rel=\"noopener\"><img decoding=\"async\" style=\"width: 233px; height: 186px; border-width: 0px; border-style: solid;\" src=\"https:\/\/agora.xtec.cat\/iesesteveterradas\/wp-content\/uploads\/usu855\/hortesteve_blogHortEsteve.png\" alt=\"Blog Hort Esteve\" \/><br \/>\n<small>Visita el blog de l&#8217;Hortesteve<\/small><\/a><\/p>\n<p style=\"text-align: justify;\">L&#8217;hort, tot i ser una activitat molt important (com moltes d&#8217;altres) ha estat totalment apartada de l&#8217;escola i, si hi entrava, era d&#8217;una manera exclusivament te\u00f2rica. Durant els \u00faltims anys, s&#8217;ha comen\u00e7at a valorar l&#8217;enorme potencial que aquest espai pot oferir a l&#8217;escola, aix\u00ed com de la possibilitat d&#8217;introduir aquest tema a qualsevol \u00e0rea curricular.<\/p>\n<p style=\"text-align: justify;\">L&#8217;hort aporta una s\u00e8rie d&#8217;experi\u00e8ncies gratificants, enriquidores i \u00faniques per a l&#8217;alumnat, per\u00f2 tamb\u00e9 per al professorat, com poden ser cavar, regar, sembrar, observar cucs de terra, etc. adaptades a tots els nivells i interessos dels i les alumnes que, a la vegada, les podem utilitzar com a recurs per a que els nens i les nenes aprenguin continguts curriculars de la gran majoria d&#8217;assignatures (coneixement del medi, llengua, educaci\u00f3 art\u00edstica, matem\u00e0tiques, educaci\u00f3 f\u00edsica, etc).<\/p>\n<p style=\"text-align: justify;\">A banda de l&#8217;aprenentatge conceptual, l&#8217;hort facilita i potencia la intel\u00b7lig\u00e8ncia interpersonal entre l&#8217;alumnat, entre el professorat i entre aquests dos col\u00b7lectius. \u00c9s a dir, ofereix un context idoni per aprendre a pensar, per educar-se emocionalment, per a qu\u00e8 s&#8217;entrenin en el domini de les habilitats socials i aconsegueixin el desenvolupament i creixement moral, i tot aix\u00f2, englobat en un marc pr\u00e0ctic, vivencial i manipulatiu.<\/p>\n<p style=\"text-align: center;\"><img decoding=\"async\" style=\"width: 550px; height: 317px;\" src=\"https:\/\/agora.xtec.cat\/iesesteveterradas\/wp-content\/uploads\/usu855\/hortesteve_img_00010.jpg\" alt=\"L'hort de l'Esteve Terradas\" \/><\/p>\n<h4>L&#8217;experi\u00e8ncia de l&#8217;hort escolar a l&#8217;Ins. Esteve Terrades<\/h4>\n<p style=\"text-align: justify;\">El curs 2014-2015 , a la part oest de l&#8217;edifici del nostre institut hi havia un espai de terreny d&#8217;uns 200 m2, semitancat i ple de terra no f\u00e8rtil i males herbes. Amb el pas del temps, a partir del m\u00e9s de setembre el vam anar arreglant i netejant fins que amb molt bona voluntat, amb molta feina i amb l&#8217;ajut dels alumnes del PFI de jardineria amb qui vam fer germanor des del primer moment, el vam transformar en un terreny de cultiu estructurat, tal i com es troba actualment.<\/p>\n<p style=\"text-align: justify;\">El grup de l&#8217;AO i jo com a responsable del projecte i tutora del grup ens vam entusiasmar des del primer moment, malgrat el &#8220;<em>pico y pala<\/em>&#8221; del comen\u00e7ament.<\/p>\n<p>Llegir m\u00e9s:<strong> <a href=\"https:\/\/agora.xtec.cat\/iesesteveterradas\/wp-content\/uploads\/usu855\/HORTESTEVE_projecte.pdf\" target=\"_blank\" rel=\"noopener\">projecte.pdf<\/a><\/strong><\/p>\n","protected":false},"excerpt":{"rendered":"<p>L&#8217;hort a l&#8217;escola<br \/>\n<a href=\"http:\/\/hortesteve.blogspot.com.es\/\" target=\"_blank\" rel=\"noopener\"><br \/>\nVisita el blog de l&#8217;Hortesteve<\/a><br \/>\nL&#8217;hort, tot i ser una activitat molt important (com moltes d&#8217;altres) ha estat totalment apartada de l&#8217;escola i, si hi entrava, era d&#8217;una manera exclusivament te\u00f2rica. Durant els \u00faltims anys, s&#8217;ha comen\u00e7at a valorar l&#8217;enorme potencial&hellip;  <a href=\"https:\/\/agora.xtec.cat\/iesesteveterradas\/departaments\/departaments-eso-batxillerat\/hortesteve\/\" title=\"Read Hortesteve\">Llegeix m\u00e9s\u00bb<\/a><\/p>\n","protected":false},"author":1,"featured_media":0,"parent":18650,"menu_order":0,"comment_status":"closed","ping_status":"closed","template":"page-templates\/side-menu.php","meta":{"_bbp_topic_count":0,"_bbp_reply_count":0,"_bbp_total_topic_count":0,"_bbp_total_reply_count":0,"_bbp_voice_count":0,"_bbp_anonymous_reply_count":0,"_bbp_topic_count_hidden":0,"_bbp_reply_count_hidden":0,"_bbp_forum_subforum_count":0,"footnotes":""},"class_list":["post-1196","page","type-page","status-publish","hentry"],"post_mailing_queue_ids":[],"_links":{"self":[{"href":"https:\/\/agora.xtec.cat\/iesesteveterradas\/wp-json\/wp\/v2\/pages\/1196","targetHints":{"allow":["GET"]}}],"collection":[{"href":"https:\/\/agora.xtec.cat\/iesesteveterradas\/wp-json\/wp\/v2\/pages"}],"about":[{"href":"https:\/\/agora.xtec.cat\/iesesteveterradas\/wp-json\/wp\/v2\/types\/page"}],"author":[{"embeddable":true,"href":"https:\/\/agora.xtec.cat\/iesesteveterradas\/wp-json\/wp\/v2\/users\/1"}],"replies":[{"embeddable":true,"href":"https:\/\/agora.xtec.cat\/iesesteveterradas\/wp-json\/wp\/v2\/comments?post=1196"}],"version-history":[{"count":4,"href":"https:\/\/agora.xtec.cat\/iesesteveterradas\/wp-json\/wp\/v2\/pages\/1196\/revisions"}],"predecessor-version":[{"id":2091,"href":"https:\/\/agora.xtec.cat\/iesesteveterradas\/wp-json\/wp\/v2\/pages\/1196\/revisions\/2091"}],"up":[{"embeddable":true,"href":"https:\/\/agora.xtec.cat\/iesesteveterradas\/wp-json\/wp\/v2\/pages\/18650"}],"wp:attachment":[{"href":"https:\/\/agora.xtec.cat\/iesesteveterradas\/wp-json\/wp\/v2\/media?parent=1196"}],"curies":[{"name":"wp","href":"https:\/\/api.w.org\/{rel}","templated":true}]}}