{"id":1193,"date":"2018-11-09T18:27:45","date_gmt":"2018-11-09T17:27:45","guid":{"rendered":"http:\/\/agora.xtec.cat\/iesesteveterradas\/?page_id=1193"},"modified":"2025-10-23T11:46:25","modified_gmt":"2025-10-23T09:46:25","slug":"llengues-extrangeres-frances","status":"publish","type":"page","link":"https:\/\/agora.xtec.cat\/iesesteveterradas\/departaments\/departaments-eso-batxillerat\/llengues-extrangeres-frances\/","title":{"rendered":"Lleng\u00fces Extrangeres: Franc\u00e8s"},"content":{"rendered":"<p style=\"width: 275px; padding: 0; margin: 5px 20px 10px 3px; float: left;\"><img decoding=\"async\" style=\"width: 245px; height: 153px; border-width: 0px; border-style: solid;\" src=\"https:\/\/agora.xtec.cat\/iesesteveterradas\/wp-content\/uploads\/usu855\/llengues_frances.jpg\" alt=\"\" \/><\/p>\n<p>Benvinguts a la p\u00e0gina web del seminari de franc\u00e8s de l&#8217;Institut Esteve Terradas. L&#8217;aprenentatge de les lleng\u00fces en el centre es realitza d&#8217;acord amb les indicacions dels curr\u00edculums i lleis vigents. El professorat de lleng\u00fces estrangeres posa \u00e8mfasi en les noves tecnologies i en la millora dels resultats del nostres alumnes. Com a metodologia did\u00e0ctica, seguim el M\u00e8tode 1&#215;1 a l&#8217;ESO. Alguns dels recursos materials i did\u00e0ctics que oferim s\u00f3n:<\/p>\n<ul>\n<li>Laboratori d&#8217;idiomes,<\/li>\n<li>Pissarres digitals a totes les aules de l&#8217;ESO,<\/li>\n<li>Auxiliars de conversa nadius (tamb\u00e9 en angl\u00e8s) assignats pel MECD i el Departament d&#8217;Educaci\u00f3 de la Generalitat de Catalunya,<\/li>\n<li>Viatges ling\u00fc\u00edstic-culturals a Fran\u00e7a.<\/li>\n<\/ul>\n","protected":false},"excerpt":{"rendered":"<p>Benvinguts a la p\u00e0gina web del seminari de franc\u00e8s de l&#8217;Institut Esteve Terradas. L&#8217;aprenentatge de les lleng\u00fces en el centre es realitza d&#8217;acord amb les indicacions dels curr\u00edculums i lleis vigents. El professorat de lleng\u00fces estrangeres posa \u00e8mfasi en les noves tecnologies i en la&hellip;  <a href=\"https:\/\/agora.xtec.cat\/iesesteveterradas\/departaments\/departaments-eso-batxillerat\/llengues-extrangeres-frances\/\" title=\"Read Lleng\u00fces Extrangeres: Franc\u00e8s\">Llegeix m\u00e9s\u00bb<\/a><\/p>\n","protected":false},"author":1,"featured_media":0,"parent":18650,"menu_order":0,"comment_status":"closed","ping_status":"closed","template":"page-templates\/side-menu.php","meta":{"_bbp_topic_count":0,"_bbp_reply_count":0,"_bbp_total_topic_count":0,"_bbp_total_reply_count":0,"_bbp_voice_count":0,"_bbp_anonymous_reply_count":0,"_bbp_topic_count_hidden":0,"_bbp_reply_count_hidden":0,"_bbp_forum_subforum_count":0,"footnotes":""},"class_list":["post-1193","page","type-page","status-publish","hentry"],"post_mailing_queue_ids":[],"_links":{"self":[{"href":"https:\/\/agora.xtec.cat\/iesesteveterradas\/wp-json\/wp\/v2\/pages\/1193","targetHints":{"allow":["GET"]}}],"collection":[{"href":"https:\/\/agora.xtec.cat\/iesesteveterradas\/wp-json\/wp\/v2\/pages"}],"about":[{"href":"https:\/\/agora.xtec.cat\/iesesteveterradas\/wp-json\/wp\/v2\/types\/page"}],"author":[{"embeddable":true,"href":"https:\/\/agora.xtec.cat\/iesesteveterradas\/wp-json\/wp\/v2\/users\/1"}],"replies":[{"embeddable":true,"href":"https:\/\/agora.xtec.cat\/iesesteveterradas\/wp-json\/wp\/v2\/comments?post=1193"}],"version-history":[{"count":2,"href":"https:\/\/agora.xtec.cat\/iesesteveterradas\/wp-json\/wp\/v2\/pages\/1193\/revisions"}],"predecessor-version":[{"id":2079,"href":"https:\/\/agora.xtec.cat\/iesesteveterradas\/wp-json\/wp\/v2\/pages\/1193\/revisions\/2079"}],"up":[{"embeddable":true,"href":"https:\/\/agora.xtec.cat\/iesesteveterradas\/wp-json\/wp\/v2\/pages\/18650"}],"wp:attachment":[{"href":"https:\/\/agora.xtec.cat\/iesesteveterradas\/wp-json\/wp\/v2\/media?parent=1193"}],"curies":[{"name":"wp","href":"https:\/\/api.w.org\/{rel}","templated":true}]}}