{"id":10907,"date":"2021-11-26T11:03:38","date_gmt":"2021-11-26T10:03:38","guid":{"rendered":"https:\/\/agora.xtec.cat\/iesesteveterradas\/?page_id=10907"},"modified":"2021-11-26T12:21:43","modified_gmt":"2021-11-26T11:21:43","slug":"raco-del-cotac-alumnes","status":"publish","type":"page","link":"https:\/\/agora.xtec.cat\/iesesteveterradas\/alumnat-ieti\/alumnat-eso-batx\/raco-del-cotac\/raco-del-cotac-alumnes\/","title":{"rendered":"Rac\u00f3 del COTAC &#8211; alumnes"},"content":{"rendered":"<h5>Formulari d&#8217;incid\u00e8ncies<\/h5>\n<table style=\"border-collapse: collapse; width: 100%;\">\n<tbody>\n<tr>\n<td style=\"width: 100%;\">\n<p dir=\"ltr\">Heu d&#8217;omplir el formulari d&#8217;incid\u00e8ncies en cas que tingueu algun problema amb la configuraci\u00f3 del vostre dispositiu. Tamb\u00e9 el podeu fer servir com a lloc de suggeriments, si teniu alguna petici\u00f3 que creieu que pot ser raonable l&#8217;estudiarem.<\/p>\n<p dir=\"ltr\">Enlla\u00e7 al q\u00fcestionari: <a href=\"https:\/\/forms.gle\/TCegnWTQH6YHxYL87\">https:\/\/forms.gle\/TCegnWTQH6YHxYL87<\/a><\/p>\n<p dir=\"ltr\">Si en tres dies no heu rebut resposta ninguna, aviseu al vostre tutor o tutora. Si heu oblidat el vostre usuari o contrasenya del correu pregunteu al vostre tutor o tutora.<\/p>\n<\/td>\n<\/tr>\n<\/tbody>\n<\/table>\n<hr \/>\n<h5>Tinc problemes amb la WIFI. Qu\u00e8 he de fer?<\/h5>\n<table style=\"border-collapse: collapse; width: 100%;\">\n<tbody>\n<tr>\n<td style=\"width: 100%;\">\n<p dir=\"ltr\">Benvolgut alumnat, \u00e9s bastant freq\u00fcent en el centre que intenteu configurar la WIFI del centre al vostre dispositiu i que no us funcioni. Heu de saber el seg\u00fcent:<\/p>\n<ul>\n<li dir=\"ltr\" aria-level=\"1\">\n<p dir=\"ltr\" role=\"presentation\">Els m\u00f2bils NO es poden connectar a la WIFI del centre. El motiu \u00e9s f\u00e0cil d&#8217;entendre: els dispositius de connexi\u00f3 a la xarxa no s\u00f3n capses m\u00e0giques d&#8217;internet, cada dispositiu que \u00e9s connecta consumeix uns recursos. Al centre tenim molts dispositius de connexi\u00f3 a la WIFI per\u00f2 si tot l&#8217;alumnat es connectes alhora a la WIFI, la xarxa del centre es col\u00b7lapsaria i no hi hauria internet per ning\u00fa.<\/p>\n<\/li>\n<li dir=\"ltr\" aria-level=\"1\">\n<p dir=\"ltr\" role=\"presentation\">Per extensi\u00f3 dels m\u00f2bils, la major part de les tabletes Android, encara que no siguin m\u00f2bils tampoc les reconeix.<\/p>\n<\/li>\n<\/ul>\n<p dir=\"ltr\">El meu port\u00e0til Windows no li funciona la WIFI del centre. Que passa?<\/p>\n<p dir=\"ltr\">Hi ha alguns motius pels quals aix\u00f2 pot passar:<\/p>\n<ul>\n<li dir=\"ltr\" aria-level=\"1\">\n<p dir=\"ltr\" role=\"presentation\">El m\u00e9s habitual \u00e9s que poseu malament l&#8217;usuari i la contrasenya malament. Pregunteu al vostre tutor o tutora l&#8217;usuari i la contrasenya.<\/p>\n<\/li>\n<li dir=\"ltr\" aria-level=\"1\">\n<p dir=\"ltr\" role=\"presentation\">A vegades passa que molts alumnes es connecten alhora i la xarxa no admet a tots els estudiants de la planta. Espera a una altra hora. Si l&#8217;averia persisteix avisa mitjan\u00e7ant el formulari de sota.<\/p>\n<\/li>\n<li dir=\"ltr\" aria-level=\"1\">\n<p dir=\"ltr\" role=\"presentation\">Pot passar que la targeta de xarxa del teu dispositiu no sigui l&#8217;adequada. A vegades alguns fabricants posen targetes de xarxa de m\u00f2bils als port\u00e0tils, i quan el sistema les reconeix es pensa que \u00e9s un m\u00f2bil i les discrimina.<\/p>\n<\/li>\n<\/ul>\n<\/td>\n<\/tr>\n<\/tbody>\n<\/table>\n<p>&nbsp;<\/p>\n","protected":false},"excerpt":{"rendered":"<p>Formulari d&#8217;incid\u00e8ncies<\/p>\n<p>Heu d&#8217;omplir el formulari d&#8217;incid\u00e8ncies en cas que tingueu algun problema amb la configuraci\u00f3 del vostre dispositiu. Tamb\u00e9 el podeu fer servir com a lloc de suggeriments, si teniu alguna petici\u00f3 que creieu que pot ser raonable l&#8217;estudiarem.<br \/>\nEnlla\u00e7 al q\u00fcestionari: <a href=\"https:\/\/forms.gle\/TCegnWTQH6YHxYL87\">https:\/\/forms.gle\/TCegnWTQH6YHxYL87<\/a><br \/>\nSi en tres&hellip;  <a href=\"https:\/\/agora.xtec.cat\/iesesteveterradas\/alumnat-ieti\/alumnat-eso-batx\/raco-del-cotac\/raco-del-cotac-alumnes\/\" title=\"Read Rac\u00f3 del COTAC &#8211; alumnes\">Llegeix m\u00e9s\u00bb<\/a><\/p>\n","protected":false},"author":44,"featured_media":0,"parent":10901,"menu_order":0,"comment_status":"closed","ping_status":"closed","template":"","meta":{"_bbp_topic_count":0,"_bbp_reply_count":0,"_bbp_total_topic_count":0,"_bbp_total_reply_count":0,"_bbp_voice_count":0,"_bbp_anonymous_reply_count":0,"_bbp_topic_count_hidden":0,"_bbp_reply_count_hidden":0,"_bbp_forum_subforum_count":0,"footnotes":""},"class_list":["post-10907","page","type-page","status-publish","hentry"],"post_mailing_queue_ids":[],"_links":{"self":[{"href":"https:\/\/agora.xtec.cat\/iesesteveterradas\/wp-json\/wp\/v2\/pages\/10907","targetHints":{"allow":["GET"]}}],"collection":[{"href":"https:\/\/agora.xtec.cat\/iesesteveterradas\/wp-json\/wp\/v2\/pages"}],"about":[{"href":"https:\/\/agora.xtec.cat\/iesesteveterradas\/wp-json\/wp\/v2\/types\/page"}],"author":[{"embeddable":true,"href":"https:\/\/agora.xtec.cat\/iesesteveterradas\/wp-json\/wp\/v2\/users\/44"}],"replies":[{"embeddable":true,"href":"https:\/\/agora.xtec.cat\/iesesteveterradas\/wp-json\/wp\/v2\/comments?post=10907"}],"version-history":[{"count":3,"href":"https:\/\/agora.xtec.cat\/iesesteveterradas\/wp-json\/wp\/v2\/pages\/10907\/revisions"}],"predecessor-version":[{"id":10914,"href":"https:\/\/agora.xtec.cat\/iesesteveterradas\/wp-json\/wp\/v2\/pages\/10907\/revisions\/10914"}],"up":[{"embeddable":true,"href":"https:\/\/agora.xtec.cat\/iesesteveterradas\/wp-json\/wp\/v2\/pages\/10901"}],"wp:attachment":[{"href":"https:\/\/agora.xtec.cat\/iesesteveterradas\/wp-json\/wp\/v2\/media?parent=10907"}],"curies":[{"name":"wp","href":"https:\/\/api.w.org\/{rel}","templated":true}]}}