{"id":10904,"date":"2021-11-26T12:20:54","date_gmt":"2021-11-26T11:20:54","guid":{"rendered":"https:\/\/agora.xtec.cat\/iesesteveterradas\/?page_id=10904"},"modified":"2021-12-23T17:04:08","modified_gmt":"2021-12-23T16:04:08","slug":"raco-del-cotac-families","status":"publish","type":"page","link":"https:\/\/agora.xtec.cat\/iesesteveterradas\/alumnat-ieti\/alumnat-eso-batx\/raco-del-cotac\/raco-del-cotac-families\/","title":{"rendered":"Rac\u00f3 del COTAC  &#8211; fam\u00edlies"},"content":{"rendered":"<h5>Formularis d&#8217;incid\u00e8ncies<\/h5>\n<p>En cas que la incid\u00e8ncia estigui relacionada amb IEduca<\/p>\n<table style=\"border-collapse: collapse; width: 100%; height: 32px;\">\n<tbody>\n<tr style=\"height: 32px;\">\n<td style=\"width: 100%; height: 32px;\"><a href=\"https:\/\/forms.gle\/QVvDib9B8DsWg74Q7\">Enlla\u00e7 al formulari de recuperaci\u00f3 de l&#8217;IEDUCA<\/a>.<\/td>\n<\/tr>\n<\/tbody>\n<\/table>\n<p>Si teniu alguna incid\u00e8ncia NO relacionada amb IEduca, ompliu el formulari seg\u00fcent:<\/p>\n<table style=\"border-collapse: collapse; width: 100%;\">\n<tbody>\n<tr>\n<td style=\"width: 100%;\"><a href=\"https:\/\/forms.gle\/1U2ZMdSGV8VQzRC77\">Formulari d&#8217;incid\u00e8ncies generals<\/a><\/td>\n<\/tr>\n<\/tbody>\n<\/table>\n<h5>He oblidat o no he rebut la contrasenya del IEducaci\u00f3<\/h5>\n<p>Mireu el v\u00eddeo que hi ha a continuaci\u00f3 per a recuperar la contrasenya de l&#8217;IEduca. El correu electr\u00f2nic que es vincula a l&#8217;IEduca \u00e9s aquell que v\u00e0reu posar al full de matricula. Si no recordeu quin correu v\u00e0reu posar o l&#8217;heu canviat recentment, ompliu ell formulari de sota el v\u00eddeo.<\/p>\n<p><iframe loading=\"lazy\" title=\"YouTube video player\" src=\"\/\/www.youtube.com\/embed\/Qfu52jDoEmE\" width=\"560\" height=\"315\" frameborder=\"0\" allowfullscreen=\"allowfullscreen\"><\/iframe><\/p>\n<p>Si no us ha funcionat el procediment del v\u00eddeo si us plau ompliu el formulari enlla\u00e7at a continuaci\u00f3. Aquest procediment pot durar una setmana.<\/p>\n<h5>Com fer una comanda a Iddink?<\/h5>\n<p><iframe loading=\"lazy\" title=\"vimeo-player\" src=\"https:\/\/player.vimeo.com\/video\/427671538?h=d590e873bf\" width=\"640\" height=\"349\" frameborder=\"0\" allowfullscreen=\"allowfullscreen\"><\/iframe><\/p>\n<h5>Com veure les notes del meu fill o filla?<\/h5>\n<p>Si teniu problemes per veure les notes dels vostres fills consulteu el v\u00eddeo seg\u00fcent on es veu l&#8217;explicaci\u00f3 de com veure-les.<\/p>\n<p><iframe loading=\"lazy\" title=\"YouTube video player\" src=\"\/\/www.youtube.com\/embed\/FI2hzoF8w50\" width=\"560\" height=\"315\" frameborder=\"0\" allowfullscreen=\"allowfullscreen\"><\/iframe><\/p>\n<p>En cas de tenir dos fills al centre a l&#8217;ESO i\/o Batxillerat, recordeu que teniu un desplegable a la part superior on podeu seleccionar la visi\u00f3 del fill que vulgueu.<\/p>\n<p>&nbsp;<\/p>\n<p>&nbsp;<\/p>\n","protected":false},"excerpt":{"rendered":"<p>Formularis d&#8217;incid\u00e8ncies<br \/>\nEn cas que la incid\u00e8ncia estigui relacionada amb IEduca<\/p>\n<p><a href=\"https:\/\/forms.gle\/QVvDib9B8DsWg74Q7\">Enlla\u00e7 al formulari de recuperaci\u00f3 de l&#8217;IEDUCA<\/a>.<\/p>\n<p>Si teniu alguna incid\u00e8ncia NO relacionada amb IEduca, ompliu el formulari seg\u00fcent:<\/p>\n<p><a href=\"https:\/\/forms.gle\/1U2ZMdSGV8VQzRC77\">Formulari d&#8217;incid\u00e8ncies generals<\/a><\/p>\n<p>He oblidat o no he rebut la contrasenya del IEducaci\u00f3<br \/>\nMireu el v\u00eddeo que hi ha&hellip;  <a href=\"https:\/\/agora.xtec.cat\/iesesteveterradas\/alumnat-ieti\/alumnat-eso-batx\/raco-del-cotac\/raco-del-cotac-families\/\" title=\"Read Rac\u00f3 del COTAC  &#8211; fam\u00edlies\">Llegeix m\u00e9s\u00bb<\/a><\/p>\n","protected":false},"author":44,"featured_media":0,"parent":10901,"menu_order":0,"comment_status":"closed","ping_status":"closed","template":"page-templates\/side-menu.php","meta":{"_bbp_topic_count":0,"_bbp_reply_count":0,"_bbp_total_topic_count":0,"_bbp_total_reply_count":0,"_bbp_voice_count":0,"_bbp_anonymous_reply_count":0,"_bbp_topic_count_hidden":0,"_bbp_reply_count_hidden":0,"_bbp_forum_subforum_count":0,"footnotes":""},"class_list":["post-10904","page","type-page","status-publish","hentry"],"post_mailing_queue_ids":[],"_links":{"self":[{"href":"https:\/\/agora.xtec.cat\/iesesteveterradas\/wp-json\/wp\/v2\/pages\/10904","targetHints":{"allow":["GET"]}}],"collection":[{"href":"https:\/\/agora.xtec.cat\/iesesteveterradas\/wp-json\/wp\/v2\/pages"}],"about":[{"href":"https:\/\/agora.xtec.cat\/iesesteveterradas\/wp-json\/wp\/v2\/types\/page"}],"author":[{"embeddable":true,"href":"https:\/\/agora.xtec.cat\/iesesteveterradas\/wp-json\/wp\/v2\/users\/44"}],"replies":[{"embeddable":true,"href":"https:\/\/agora.xtec.cat\/iesesteveterradas\/wp-json\/wp\/v2\/comments?post=10904"}],"version-history":[{"count":3,"href":"https:\/\/agora.xtec.cat\/iesesteveterradas\/wp-json\/wp\/v2\/pages\/10904\/revisions"}],"predecessor-version":[{"id":11062,"href":"https:\/\/agora.xtec.cat\/iesesteveterradas\/wp-json\/wp\/v2\/pages\/10904\/revisions\/11062"}],"up":[{"embeddable":true,"href":"https:\/\/agora.xtec.cat\/iesesteveterradas\/wp-json\/wp\/v2\/pages\/10901"}],"wp:attachment":[{"href":"https:\/\/agora.xtec.cat\/iesesteveterradas\/wp-json\/wp\/v2\/media?parent=10904"}],"curies":[{"name":"wp","href":"https:\/\/api.w.org\/{rel}","templated":true}]}}