{"id":4692,"date":"2026-03-12T13:00:00","date_gmt":"2026-03-12T12:00:00","guid":{"rendered":"https:\/\/agora.xtec.cat\/iesestany\/?page_id=4692"},"modified":"2026-03-23T12:25:02","modified_gmt":"2026-03-23T11:25:02","slug":"ods-1-fi-de-la-pobresa","status":"publish","type":"page","link":"https:\/\/agora.xtec.cat\/iesestany\/articles-ods\/ods-1-fi-de-la-pobresa\/","title":{"rendered":"ODS 1 &#8211; Fi de la pobresa"},"content":{"rendered":"\n<figure class=\"wp-block-image size-large\"><a href=\"https:\/\/agora.xtec.cat\/iesestany\/wp-content\/uploads\/usu1853\/2026\/03\/imatge.png\"><img loading=\"lazy\" decoding=\"async\" width=\"1024\" height=\"241\" src=\"https:\/\/agora.xtec.cat\/iesestany\/wp-content\/uploads\/usu1853\/2026\/03\/imatge-1024x241.png\" alt=\"\" class=\"wp-image-4709\" srcset=\"https:\/\/agora.xtec.cat\/iesestany\/wp-content\/uploads\/usu1853\/2026\/03\/imatge-1024x241.png 1024w, https:\/\/agora.xtec.cat\/iesestany\/wp-content\/uploads\/usu1853\/2026\/03\/imatge-300x71.png 300w, https:\/\/agora.xtec.cat\/iesestany\/wp-content\/uploads\/usu1853\/2026\/03\/imatge-768x181.png 768w, https:\/\/agora.xtec.cat\/iesestany\/wp-content\/uploads\/usu1853\/2026\/03\/imatge.png 1279w\" sizes=\"auto, (max-width: 1024px) 100vw, 1024px\" \/><\/a><\/figure>\n\n\n\n<p>Avui dia, mentre hi ha persones que viuen en condicions de confort i tenen acc\u00e9s a tot el necessari per garantir el seu benestar, n\u2019hi ha moltes altres que cada dia s\u2019enfronten a un nou repte per sobreviure. Sense haver escollit la seva situaci\u00f3, han de lluitar di\u00e0riament per aconseguir necessitats b\u00e0siques com el menjar, l\u2019aigua o l\u2019habitatge per a elles i les seves fam\u00edlies, sense tenir la possibilitat real de sortir d\u2019aquesta situaci\u00f3.<\/p>\n\n\n\n<p>La pobresa extrema es defineix com la situaci\u00f3 de viure amb menys de 2,15 d\u00f2lars (1,86 euros) al dia. Nom\u00e9s l\u2019any 2020, a causa de la pand\u00e8mia de la Covid-19, prop de 90 milions de persones van caure en aquesta situaci\u00f3 de vulnerabilitat extrema. Cal destacar, a m\u00e9s, que aproximadament el 50 % de les persones afectades s\u00f3n menors de 18 anys. I, si aquestes dades ja s\u00f3n impactants, es calcula que l\u2019any 2030 un 7 % de la poblaci\u00f3 mundial (m\u00e9s de 500 milions de persones) continuar\u00e0 patint pobresa extrema, especialment a l\u2019\u00c0frica subsahariana, on viu m\u00e9s del 80 % dels afectats.<\/p>\n\n\n\n<p>La pobresa extrema \u00e9s conseq\u00fc\u00e8ncia de diversos factors. Entre els principals hi trobem l\u2019atur, que augmenta any rere any, la manca d\u2019acc\u00e9s a una educaci\u00f3 de qualitat i les desigualtats econ\u00f2miques i socials, que dificulten que aquestes persones puguin millorar les seves condicions de vida.<\/p>\n\n\n\n<p>Aquesta situaci\u00f3 comporta nombroses dificultats, com ara l\u2019acc\u00e9s a un treball digne. I, fins i tot en el cas de trobar-ne un, sovint no est\u00e0 ben remunerat. Tamb\u00e9 provoca exclusi\u00f3 social, ja que, en moltes ocasions, les persones que m\u00e9s ajuda necessiten s\u00f3n les que menys suport reben. A tot aix\u00f2 s\u2019hi afegeix l\u2019alta vulnerabilitat davant malalties, desastres naturals i altres fen\u00f2mens que impedeixen el desenvolupament d\u2019una activitat social i econ\u00f2mica estable.<\/p>\n\n\n\n<p>En poques paraules, l\u2019Objectiu de Desenvolupament Sostenible n\u00famero 1, \u201cFi de la pobresa\u201d, pret\u00e9n promoure llocs de treball i oportunitats d\u2019ocupaci\u00f3 per a les persones pobres i marginades de la societat. Aix\u00ed mateix, vol garantir que totes les persones del m\u00f3n tinguin els mateixos drets a una vida digna, segura i plena.<\/p>\n\n\n\n<p><strong>Aitana S\u00e1ez<\/strong><br><\/p>\n\n\n\n<div class=\"wp-block-getwid-accordion has-icon-left\" data-active-element=\"none\">\n<div class=\"wp-block-getwid-accordion__header-wrapper\"><span class=\"wp-block-getwid-accordion__header\"><a href=\"#\"><span class=\"wp-block-getwid-accordion__header-title\">Dos pobles, una terra_ arrels i conseq\u00fc\u00e8ncies del conflicte israeli\u00e0-palest\u00ed. Alba Cort\u00e9s (Global)<\/span><span class=\"wp-block-getwid-accordion__icon is-active\"><i class=\"fas fa-plus\"><\/i><\/span><span class=\"wp-block-getwid-accordion__icon is-passive\"><i class=\"fas fa-minus\"><\/i><\/span><\/a><\/span><\/div><div class=\"wp-block-getwid-accordion__content-wrapper\"><div class=\"wp-block-getwid-accordion__content\">\n<div data-wp-interactive=\"core\/file\" class=\"wp-block-file\"><object data-wp-bind--hidden=\"!state.hasPdfPreview\" hidden class=\"wp-block-file__embed\" data=\"https:\/\/agora.xtec.cat\/iesestany\/wp-content\/uploads\/usu1853\/2026\/03\/Dos-pobles-una-terra_-arrels-i-consequencies-del-conflicte-israelia-palesti.-Alba-Cortes-Global-1.pdf\" type=\"application\/pdf\" style=\"width:100%;height:600px\" aria-label=\"Incrustaci\u00f3 del fitxer Dos pobles, una terra_ arrels i conseq\u00fc\u00e8ncies del conflicte israeli\u00e0-palest\u00ed. Alba Cort\u00e9s (Global).\"><\/object><a id=\"wp-block-file--media-24454911-f1f0-4503-88c5-56a6015db82a\" href=\"https:\/\/agora.xtec.cat\/iesestany\/wp-content\/uploads\/usu1853\/2026\/03\/Dos-pobles-una-terra_-arrels-i-consequencies-del-conflicte-israelia-palesti.-Alba-Cortes-Global-1.pdf\">Dos pobles, una terra_ arrels i conseq\u00fc\u00e8ncies del conflicte israeli\u00e0-palest\u00ed. Alba Cort\u00e9s (Global)<\/a><a href=\"https:\/\/agora.xtec.cat\/iesestany\/wp-content\/uploads\/usu1853\/2026\/03\/Dos-pobles-una-terra_-arrels-i-consequencies-del-conflicte-israelia-palesti.-Alba-Cortes-Global-1.pdf\" class=\"wp-block-file__button wp-element-button\" download aria-describedby=\"wp-block-file--media-24454911-f1f0-4503-88c5-56a6015db82a\">Baixa<\/a><\/div>\n\n\n\n<p><\/p>\n<\/div><\/div>\n\n\n\n<div class=\"wp-block-getwid-accordion__header-wrapper\"><span class=\"wp-block-getwid-accordion__header\"><a href=\"#\"><span class=\"wp-block-getwid-accordion__header-title\">Impacte del canvi clim\u00e0tic en les migracions. Jim\u00e9nez, Ra\u00fal. (Global)<\/span><span class=\"wp-block-getwid-accordion__icon is-active\"><i class=\"fas fa-plus\"><\/i><\/span><span class=\"wp-block-getwid-accordion__icon is-passive\"><i class=\"fas fa-minus\"><\/i><\/span><\/a><\/span><\/div><div class=\"wp-block-getwid-accordion__content-wrapper\"><div class=\"wp-block-getwid-accordion__content\">\n<div data-wp-interactive=\"core\/file\" class=\"wp-block-file\"><object data-wp-bind--hidden=\"!state.hasPdfPreview\" hidden class=\"wp-block-file__embed\" data=\"https:\/\/agora.xtec.cat\/iesestany\/wp-content\/uploads\/usu1853\/2026\/03\/Impacte-del-canvi-climatic-en-les-migracions.-Jimenez-Raul.-Global.pdf\" type=\"application\/pdf\" style=\"width:100%;height:600px\" aria-label=\"Incrustaci\u00f3 del fitxer Impacte del canvi clim\u00e0tic en les migracions. Jim\u00e9nez, Ra\u00fal. (Global).\"><\/object><a id=\"wp-block-file--media-d56c5b2a-2b3c-4836-a947-e4bdc3a24113\" href=\"https:\/\/agora.xtec.cat\/iesestany\/wp-content\/uploads\/usu1853\/2026\/03\/Impacte-del-canvi-climatic-en-les-migracions.-Jimenez-Raul.-Global.pdf\">Impacte del canvi clim\u00e0tic en les migracions. Jim\u00e9nez, Ra\u00fal. (Global)<\/a><a href=\"https:\/\/agora.xtec.cat\/iesestany\/wp-content\/uploads\/usu1853\/2026\/03\/Impacte-del-canvi-climatic-en-les-migracions.-Jimenez-Raul.-Global.pdf\" class=\"wp-block-file__button wp-element-button\" download aria-describedby=\"wp-block-file--media-d56c5b2a-2b3c-4836-a947-e4bdc3a24113\">Baixa<\/a><\/div>\n\n\n\n<p><\/p>\n<\/div><\/div>\n\n\n\n<div class=\"wp-block-getwid-accordion__header-wrapper\"><span class=\"wp-block-getwid-accordion__header\"><a href=\"#\"><span class=\"wp-block-getwid-accordion__header-title\">La inf\u00e0ncia atrapada en la pobresa a l&#8217;\u00c0frica. Rodriguez, Claudia (Global)<\/span><span class=\"wp-block-getwid-accordion__icon is-active\"><i class=\"fas fa-plus\"><\/i><\/span><span class=\"wp-block-getwid-accordion__icon is-passive\"><i class=\"fas fa-minus\"><\/i><\/span><\/a><\/span><\/div><div class=\"wp-block-getwid-accordion__content-wrapper\"><div class=\"wp-block-getwid-accordion__content\">\n<div data-wp-interactive=\"core\/file\" class=\"wp-block-file\"><object data-wp-bind--hidden=\"!state.hasPdfPreview\" hidden class=\"wp-block-file__embed\" data=\"https:\/\/agora.xtec.cat\/iesestany\/wp-content\/uploads\/usu1853\/2026\/03\/La-infancia-atrapada-en-la-pobresa-a-lAfrica.-Rodriguez-Claudia-Global.pdf\" type=\"application\/pdf\" style=\"width:100%;height:600px\" aria-label=\"Incrustaci\u00f3 del fitxer La inf\u00e0ncia atrapada en la pobresa a l&#039;\u00c0frica. Rodriguez, Claudia (Global).\"><\/object><a id=\"wp-block-file--media-d0f2c2e5-785d-41db-9b99-62c827f3974a\" href=\"https:\/\/agora.xtec.cat\/iesestany\/wp-content\/uploads\/usu1853\/2026\/03\/La-infancia-atrapada-en-la-pobresa-a-lAfrica.-Rodriguez-Claudia-Global.pdf\">La inf\u00e0ncia atrapada en la pobresa a l&#8217;\u00c0frica. Rodriguez, Claudia (Global)<\/a><a href=\"https:\/\/agora.xtec.cat\/iesestany\/wp-content\/uploads\/usu1853\/2026\/03\/La-infancia-atrapada-en-la-pobresa-a-lAfrica.-Rodriguez-Claudia-Global.pdf\" class=\"wp-block-file__button wp-element-button\" download aria-describedby=\"wp-block-file--media-d0f2c2e5-785d-41db-9b99-62c827f3974a\">Baixa<\/a><\/div>\n\n\n\n<p><\/p>\n<\/div><\/div>\n\n\n\n<div class=\"wp-block-getwid-accordion__header-wrapper\"><span class=\"wp-block-getwid-accordion__header\"><a href=\"#\"><span class=\"wp-block-getwid-accordion__header-title\">La inflaci\u00f3. l\u2019obstacle invisible contra la fi de la pobresa. Jim\u00e9nez. Ra\u00fal. (Global)<\/span><span class=\"wp-block-getwid-accordion__icon is-active\"><i class=\"fas fa-plus\"><\/i><\/span><span class=\"wp-block-getwid-accordion__icon is-passive\"><i class=\"fas fa-minus\"><\/i><\/span><\/a><\/span><\/div><div class=\"wp-block-getwid-accordion__content-wrapper\"><div class=\"wp-block-getwid-accordion__content\">\n<div data-wp-interactive=\"core\/file\" class=\"wp-block-file\"><object data-wp-bind--hidden=\"!state.hasPdfPreview\" hidden class=\"wp-block-file__embed\" data=\"https:\/\/agora.xtec.cat\/iesestany\/wp-content\/uploads\/usu1853\/2026\/03\/La-inflacio.-lobstacle-invisible-contra-la-fi-de-la-pobresa.-Jimenez.-Raul.-Global.pdf\" type=\"application\/pdf\" style=\"width:100%;height:600px\" aria-label=\"Incrustaci\u00f3 del fitxer La inflaci\u00f3. l\u2019obstacle invisible contra la fi de la pobresa. Jim\u00e9nez. Ra\u00fal. (Global).\"><\/object><a id=\"wp-block-file--media-09301ec4-c9ab-4969-ade2-ddfb5c8a49bf\" href=\"https:\/\/agora.xtec.cat\/iesestany\/wp-content\/uploads\/usu1853\/2026\/03\/La-inflacio.-lobstacle-invisible-contra-la-fi-de-la-pobresa.-Jimenez.-Raul.-Global.pdf\">La inflaci\u00f3. l\u2019obstacle invisible contra la fi de la pobresa. Jim\u00e9nez. Ra\u00fal. (Global)<\/a><a href=\"https:\/\/agora.xtec.cat\/iesestany\/wp-content\/uploads\/usu1853\/2026\/03\/La-inflacio.-lobstacle-invisible-contra-la-fi-de-la-pobresa.-Jimenez.-Raul.-Global.pdf\" class=\"wp-block-file__button wp-element-button\" download aria-describedby=\"wp-block-file--media-09301ec4-c9ab-4969-ade2-ddfb5c8a49bf\">Baixa<\/a><\/div>\n\n\n\n<p><\/p>\n<\/div><\/div>\n<\/div>\n\n\n\n<p><br><\/p>\n\n\n\n<p><\/p>\n","protected":false},"excerpt":{"rendered":"<p>Avui dia, mentre hi ha persones que viuen en condicions de confort i tenen acc\u00e9s a tot el necessari per garantir el seu benestar, n\u2019hi ha moltes altres que cada dia s\u2019enfronten a un nou repte per sobreviure. Sense haver escollit la seva situaci\u00f3, han de lluitar di\u00e0riament per aconseguir necessitats b\u00e0siques com el menjar, [&hellip;]<\/p>\n","protected":false},"author":1,"featured_media":0,"parent":4652,"menu_order":1,"comment_status":"closed","ping_status":"closed","template":"","meta":{"_bbp_topic_count":0,"_bbp_reply_count":0,"_bbp_total_topic_count":0,"_bbp_total_reply_count":0,"_bbp_voice_count":0,"_bbp_anonymous_reply_count":0,"_bbp_topic_count_hidden":0,"_bbp_reply_count_hidden":0,"_bbp_forum_subforum_count":0,"site-sidebar-layout":"default","site-content-layout":"","ast-site-content-layout":"default","site-content-style":"default","site-sidebar-style":"default","ast-global-header-display":"","ast-banner-title-visibility":"","ast-main-header-display":"","ast-hfb-above-header-display":"","ast-hfb-below-header-display":"","ast-hfb-mobile-header-display":"","site-post-title":"","ast-breadcrumbs-content":"","ast-featured-img":"","footer-sml-layout":"","theme-transparent-header-meta":"","adv-header-id-meta":"","stick-header-meta":"","header-above-stick-meta":"","header-main-stick-meta":"","header-below-stick-meta":"","astra-migrate-meta-layouts":"set","ast-page-background-enabled":"default","ast-page-background-meta":{"desktop":{"background-color":"var(--ast-global-color-4)","background-image":"","background-repeat":"repeat","background-position":"center center","background-size":"auto","background-attachment":"scroll","background-type":"","background-media":"","overlay-type":"","overlay-color":"","overlay-opacity":"","overlay-gradient":""},"tablet":{"background-color":"","background-image":"","background-repeat":"repeat","background-position":"center center","background-size":"auto","background-attachment":"scroll","background-type":"","background-media":"","overlay-type":"","overlay-color":"","overlay-opacity":"","overlay-gradient":""},"mobile":{"background-color":"","background-image":"","background-repeat":"repeat","background-position":"center center","background-size":"auto","background-attachment":"scroll","background-type":"","background-media":"","overlay-type":"","overlay-color":"","overlay-opacity":"","overlay-gradient":""}},"ast-content-background-meta":{"desktop":{"background-color":"var(--ast-global-color-5)","background-image":"","background-repeat":"repeat","background-position":"center center","background-size":"auto","background-attachment":"scroll","background-type":"","background-media":"","overlay-type":"","overlay-color":"","overlay-opacity":"","overlay-gradient":""},"tablet":{"background-color":"var(--ast-global-color-5)","background-image":"","background-repeat":"repeat","background-position":"center center","background-size":"auto","background-attachment":"scroll","background-type":"","background-media":"","overlay-type":"","overlay-color":"","overlay-opacity":"","overlay-gradient":""},"mobile":{"background-color":"var(--ast-global-color-5)","background-image":"","background-repeat":"repeat","background-position":"center center","background-size":"auto","background-attachment":"scroll","background-type":"","background-media":"","overlay-type":"","overlay-color":"","overlay-opacity":"","overlay-gradient":""}},"footnotes":""},"class_list":["post-4692","page","type-page","status-publish","hentry"],"post_mailing_queue_ids":[],"_links":{"self":[{"href":"https:\/\/agora.xtec.cat\/iesestany\/wp-json\/wp\/v2\/pages\/4692","targetHints":{"allow":["GET"]}}],"collection":[{"href":"https:\/\/agora.xtec.cat\/iesestany\/wp-json\/wp\/v2\/pages"}],"about":[{"href":"https:\/\/agora.xtec.cat\/iesestany\/wp-json\/wp\/v2\/types\/page"}],"author":[{"embeddable":true,"href":"https:\/\/agora.xtec.cat\/iesestany\/wp-json\/wp\/v2\/users\/1"}],"replies":[{"embeddable":true,"href":"https:\/\/agora.xtec.cat\/iesestany\/wp-json\/wp\/v2\/comments?post=4692"}],"version-history":[{"count":5,"href":"https:\/\/agora.xtec.cat\/iesestany\/wp-json\/wp\/v2\/pages\/4692\/revisions"}],"predecessor-version":[{"id":4756,"href":"https:\/\/agora.xtec.cat\/iesestany\/wp-json\/wp\/v2\/pages\/4692\/revisions\/4756"}],"up":[{"embeddable":true,"href":"https:\/\/agora.xtec.cat\/iesestany\/wp-json\/wp\/v2\/pages\/4652"}],"wp:attachment":[{"href":"https:\/\/agora.xtec.cat\/iesestany\/wp-json\/wp\/v2\/media?parent=4692"}],"curies":[{"name":"wp","href":"https:\/\/api.w.org\/{rel}","templated":true}]}}