{"id":4687,"date":"2026-03-12T14:08:41","date_gmt":"2026-03-12T13:08:41","guid":{"rendered":"https:\/\/agora.xtec.cat\/iesestany\/?page_id=4687"},"modified":"2026-04-09T20:42:23","modified_gmt":"2026-04-09T18:42:23","slug":"ods-16-pau-justicia-i-institucions-solides","status":"publish","type":"page","link":"https:\/\/agora.xtec.cat\/iesestany\/articles-ods\/ods-16-pau-justicia-i-institucions-solides\/","title":{"rendered":"ODS 16 &#8211; Pau, just\u00edcia i institucions s\u00f3lides"},"content":{"rendered":"\n<figure class=\"wp-block-image size-full\"><a href=\"https:\/\/agora.xtec.cat\/iesestany\/wp-content\/uploads\/usu1853\/2026\/03\/imatge-15.png\"><img loading=\"lazy\" decoding=\"async\" width=\"768\" height=\"180\" src=\"https:\/\/agora.xtec.cat\/iesestany\/wp-content\/uploads\/usu1853\/2026\/03\/imatge-15.png\" alt=\"\" class=\"wp-image-4741\" srcset=\"https:\/\/agora.xtec.cat\/iesestany\/wp-content\/uploads\/usu1853\/2026\/03\/imatge-15.png 768w, https:\/\/agora.xtec.cat\/iesestany\/wp-content\/uploads\/usu1853\/2026\/03\/imatge-15-300x70.png 300w\" sizes=\"auto, (max-width: 768px) 100vw, 768px\" \/><\/a><\/figure>\n\n\n\n<p>L\u2019ODS 16 (Promoure societats justes, pac\u00edfiques i inclusives) t\u00e9 per objectiu garantir institucions eficaces, transparents i responsables, promoure l\u2019estat de dret i assegurar l\u2019acc\u00e9s a la just\u00edcia per a tot el m\u00f3n. Aquest objectiu s\u2019adre\u00e7a tant als governs i institucions p\u00fabliques com a la ciutadania, la societat civil i tamb\u00e9 el sector privat, ja que tots han de col\u00b7laborar per fer realitat els requisits d\u2019inclusivitat, participaci\u00f3 i rendiment institucional.<\/p>\n\n\n\n<p>La implementaci\u00f3 de l\u2019ODS 16 es duu a terme mitjan\u00e7ant m\u00faltiples accions: desenvolupant pol\u00edtiques que redueixin la viol\u00e8ncia (armes il\u00b7legals, actes criminals, abusos contra infants), refor\u00e7ant mecanismes jur\u00eddics, augmentant la transpar\u00e8ncia i combatre la corrupci\u00f3, i garantint que els processos de presa de decisions siguin representatius i accessibles. L\u2019hora per actuar \u00e9s ara, doncs l\u2019Agenda 2030 fixa l\u2019any 2030 com a data l\u00edmit per assolir aquests objectius.<\/p>\n\n\n\n<p>La seva import\u00e0ncia rau en el fet que sense pau, just\u00edcia i institucions fortes no poden prosperar els altres objectius relacionats amb l\u2019educaci\u00f3, la salut, la igualtat, la sostenibilitat ambiental, etc. Per a la poblaci\u00f3 en general, especialment les persones m\u00e9s vulnerables, \u00e9s fonamental: l\u2019ODS 16 busca que ning\u00fa quedi excl\u00f2s, que tots puguin viure sense por, amb igualtat davant la llei i amb llibertats fonamentals garantides.<\/p>\n\n\n\n<p>Tot i la seva rellev\u00e0ncia, l\u2019Objectiu 16 s\u2019enfronta encara a nombrosos reptes a escala global que dificulten el seu assoliment. Les desigualtats estructurals entre pa\u00efsos, la manca de cooperaci\u00f3 internacional i els interessos pol\u00edtics o econ\u00f2mics de les grans pot\u00e8ncies sovint impedeixen garantir una just\u00edcia realment equitativa i universal. En aquest context, s\u2019identifiquen diverses problem\u00e0tiques que vulneren els principis de pau, just\u00edcia i institucions s\u00f2lides.&nbsp;<\/p>\n\n\n\n<p><strong>Houda El Harrak<\/strong><\/p>\n\n\n\n<div class=\"wp-block-getwid-accordion has-icon-left\" data-active-element=\"none\">\n<div class=\"wp-block-getwid-accordion__header-wrapper\"><span class=\"wp-block-getwid-accordion__header\"><a href=\"#\"><span class=\"wp-block-getwid-accordion__header-title\">Els Estats fallits a \u00c0frica_ La rep\u00fablica democr\u00e0tica del Congo. Gil, \u00c0lex. (Global)<\/span><span class=\"wp-block-getwid-accordion__icon is-active\"><i class=\"fas fa-plus\"><\/i><\/span><span class=\"wp-block-getwid-accordion__icon is-passive\"><i class=\"fas fa-minus\"><\/i><\/span><\/a><\/span><\/div><div class=\"wp-block-getwid-accordion__content-wrapper\"><div class=\"wp-block-getwid-accordion__content\">\n<div data-wp-interactive=\"core\/file\" class=\"wp-block-file\"><object data-wp-bind--hidden=\"!state.hasPdfPreview\" hidden class=\"wp-block-file__embed\" data=\"https:\/\/agora.xtec.cat\/iesestany\/wp-content\/uploads\/usu1853\/2026\/04\/Els-Estats-fallits-a-Africa_-La-republica-democratica-del-Congo.-Gil-Alex.-Global.pdf\" type=\"application\/pdf\" style=\"width:100%;height:600px\" aria-label=\"Incrustaci\u00f3 del fitxer Els Estats fallits a \u00c0frica_ La rep\u00fablica democr\u00e0tica del Congo. Gil, \u00c0lex. (Global).\"><\/object><a id=\"wp-block-file--media-550fce4d-a497-447f-a546-da8796be23f5\" href=\"https:\/\/agora.xtec.cat\/iesestany\/wp-content\/uploads\/usu1853\/2026\/04\/Els-Estats-fallits-a-Africa_-La-republica-democratica-del-Congo.-Gil-Alex.-Global.pdf\">Els Estats fallits a \u00c0frica_ La rep\u00fablica democr\u00e0tica del Congo. Gil, \u00c0lex. (Global)<\/a><a href=\"https:\/\/agora.xtec.cat\/iesestany\/wp-content\/uploads\/usu1853\/2026\/04\/Els-Estats-fallits-a-Africa_-La-republica-democratica-del-Congo.-Gil-Alex.-Global.pdf\" class=\"wp-block-file__button wp-element-button\" download aria-describedby=\"wp-block-file--media-550fce4d-a497-447f-a546-da8796be23f5\">Baixa<\/a><\/div>\n\n\n\n<p><\/p>\n<\/div><\/div>\n\n\n\n<div class=\"wp-block-getwid-accordion__header-wrapper\"><span class=\"wp-block-getwid-accordion__header\"><a href=\"#\"><span class=\"wp-block-getwid-accordion__header-title\">La preocupaci\u00f3 per les infraestructures ferrovi\u00e0ries a Espanya_ l&#8217;accident de Gelida. Gil, \u00c0lex. (Regional)<\/span><span class=\"wp-block-getwid-accordion__icon is-active\"><i class=\"fas fa-plus\"><\/i><\/span><span class=\"wp-block-getwid-accordion__icon is-passive\"><i class=\"fas fa-minus\"><\/i><\/span><\/a><\/span><\/div><div class=\"wp-block-getwid-accordion__content-wrapper\"><div class=\"wp-block-getwid-accordion__content\">\n<div data-wp-interactive=\"core\/file\" class=\"wp-block-file\"><object data-wp-bind--hidden=\"!state.hasPdfPreview\" hidden class=\"wp-block-file__embed\" data=\"https:\/\/agora.xtec.cat\/iesestany\/wp-content\/uploads\/usu1853\/2026\/04\/La-preocupacio-per-les-infraestructures-ferroviaries-a-Espanya_-laccident-de-Gelida.-Gil-Alex.-Regional.pdf\" type=\"application\/pdf\" style=\"width:100%;height:600px\" aria-label=\"Incrustaci\u00f3 del fitxer La preocupaci\u00f3 per les infraestructures ferrovi\u00e0ries a Espanya_ l&#039;accident de Gelida. Gil, \u00c0lex. (Regional).\"><\/object><a id=\"wp-block-file--media-b94b46e6-8075-4982-8a7d-0c3c0ff314e5\" href=\"https:\/\/agora.xtec.cat\/iesestany\/wp-content\/uploads\/usu1853\/2026\/04\/La-preocupacio-per-les-infraestructures-ferroviaries-a-Espanya_-laccident-de-Gelida.-Gil-Alex.-Regional.pdf\">La preocupaci\u00f3 per les infraestructures ferrovi\u00e0ries a Espanya_ l&#8217;accident de Gelida. Gil, \u00c0lex. (Regional)<\/a><a href=\"https:\/\/agora.xtec.cat\/iesestany\/wp-content\/uploads\/usu1853\/2026\/04\/La-preocupacio-per-les-infraestructures-ferroviaries-a-Espanya_-laccident-de-Gelida.-Gil-Alex.-Regional.pdf\" class=\"wp-block-file__button wp-element-button\" download aria-describedby=\"wp-block-file--media-b94b46e6-8075-4982-8a7d-0c3c0ff314e5\">Baixa<\/a><\/div>\n\n\n\n<p><\/p>\n<\/div><\/div>\n\n\n\n<div class=\"wp-block-getwid-accordion__header-wrapper\"><span class=\"wp-block-getwid-accordion__header\"><a href=\"#\"><span class=\"wp-block-getwid-accordion__header-title\">Abusos policials als Estats Units. Rodr\u00edguez, Daniel (Global)<\/span><span class=\"wp-block-getwid-accordion__icon is-active\"><i class=\"fas fa-plus\"><\/i><\/span><span class=\"wp-block-getwid-accordion__icon is-passive\"><i class=\"fas fa-minus\"><\/i><\/span><\/a><\/span><\/div><div class=\"wp-block-getwid-accordion__content-wrapper\"><div class=\"wp-block-getwid-accordion__content\">\n<div data-wp-interactive=\"core\/file\" class=\"wp-block-file\"><object data-wp-bind--hidden=\"!state.hasPdfPreview\" hidden class=\"wp-block-file__embed\" data=\"https:\/\/agora.xtec.cat\/iesestany\/wp-content\/uploads\/usu1853\/2026\/04\/Abusos-policials-als-Estats-Units.-Rodriguez-Daniel-Global.pdf\" type=\"application\/pdf\" style=\"width:100%;height:600px\" aria-label=\"Incrustaci\u00f3 del fitxer Abusos policials als Estats Units. Rodr\u00edguez, Daniel (Global).\"><\/object><a id=\"wp-block-file--media-0f355d61-8c19-45d0-ac83-8f5b8195ed9f\" href=\"https:\/\/agora.xtec.cat\/iesestany\/wp-content\/uploads\/usu1853\/2026\/04\/Abusos-policials-als-Estats-Units.-Rodriguez-Daniel-Global.pdf\">Abusos policials als Estats Units. Rodr\u00edguez, Daniel (Global)<\/a><a href=\"https:\/\/agora.xtec.cat\/iesestany\/wp-content\/uploads\/usu1853\/2026\/04\/Abusos-policials-als-Estats-Units.-Rodriguez-Daniel-Global.pdf\" class=\"wp-block-file__button wp-element-button\" download aria-describedby=\"wp-block-file--media-0f355d61-8c19-45d0-ac83-8f5b8195ed9f\">Baixa<\/a><\/div>\n\n\n\n<p><\/p>\n<\/div><\/div>\n\n\n\n<div class=\"wp-block-getwid-accordion__header-wrapper\"><span class=\"wp-block-getwid-accordion__header\"><a href=\"#\"><span class=\"wp-block-getwid-accordion__header-title\">Accedir a la just\u00edcia_ un privilegi_ Houda El Harrak (Global)<\/span><span class=\"wp-block-getwid-accordion__icon is-active\"><i class=\"fas fa-plus\"><\/i><\/span><span class=\"wp-block-getwid-accordion__icon is-passive\"><i class=\"fas fa-minus\"><\/i><\/span><\/a><\/span><\/div><div class=\"wp-block-getwid-accordion__content-wrapper\"><div class=\"wp-block-getwid-accordion__content\">\n<div data-wp-interactive=\"core\/file\" class=\"wp-block-file\"><object data-wp-bind--hidden=\"!state.hasPdfPreview\" hidden class=\"wp-block-file__embed\" data=\"https:\/\/agora.xtec.cat\/iesestany\/wp-content\/uploads\/usu1853\/2026\/04\/Accedir-a-la-justicia_-un-privilegi_-Houda-El-Harrak-Global.pdf\" type=\"application\/pdf\" style=\"width:100%;height:600px\" aria-label=\"Incrustaci\u00f3 del fitxer Accedir a la just\u00edcia_ un privilegi_ Houda El Harrak (Global).\"><\/object><a id=\"wp-block-file--media-6f4601d9-3826-4e83-a7c1-29ab685ce549\" href=\"https:\/\/agora.xtec.cat\/iesestany\/wp-content\/uploads\/usu1853\/2026\/04\/Accedir-a-la-justicia_-un-privilegi_-Houda-El-Harrak-Global.pdf\">Accedir a la just\u00edcia_ un privilegi_ Houda El Harrak (Global)<\/a><a href=\"https:\/\/agora.xtec.cat\/iesestany\/wp-content\/uploads\/usu1853\/2026\/04\/Accedir-a-la-justicia_-un-privilegi_-Houda-El-Harrak-Global.pdf\" class=\"wp-block-file__button wp-element-button\" download aria-describedby=\"wp-block-file--media-6f4601d9-3826-4e83-a7c1-29ab685ce549\">Baixa<\/a><\/div>\n\n\n\n<p><\/p>\n<\/div><\/div>\n\n\n\n<div class=\"wp-block-getwid-accordion__header-wrapper\"><span class=\"wp-block-getwid-accordion__header\"><a href=\"#\"><span class=\"wp-block-getwid-accordion__header-title\">Just\u00edcia sense fronteres\u2026 o sense for\u00e7a_ Houda El Harrak (Global) <\/span><span class=\"wp-block-getwid-accordion__icon is-active\"><i class=\"fas fa-plus\"><\/i><\/span><span class=\"wp-block-getwid-accordion__icon is-passive\"><i class=\"fas fa-minus\"><\/i><\/span><\/a><\/span><\/div><div class=\"wp-block-getwid-accordion__content-wrapper\"><div class=\"wp-block-getwid-accordion__content\">\n<div data-wp-interactive=\"core\/file\" class=\"wp-block-file\"><object data-wp-bind--hidden=\"!state.hasPdfPreview\" hidden class=\"wp-block-file__embed\" data=\"https:\/\/agora.xtec.cat\/iesestany\/wp-content\/uploads\/usu1853\/2026\/04\/Justicia-sense-fronteres\u2026-o-sense-forca_-Houda-El-Harrak-Global-.pdf\" type=\"application\/pdf\" style=\"width:100%;height:600px\" aria-label=\"Incrustaci\u00f3 del fitxer Just\u00edcia sense fronteres\u2026 o sense for\u00e7a_ Houda El Harrak (Global).\"><\/object><a id=\"wp-block-file--media-083c3559-d277-4371-8ce6-380d23639dfb\" href=\"https:\/\/agora.xtec.cat\/iesestany\/wp-content\/uploads\/usu1853\/2026\/04\/Justicia-sense-fronteres\u2026-o-sense-forca_-Houda-El-Harrak-Global-.pdf\">Just\u00edcia sense fronteres\u2026 o sense for\u00e7a_ Houda El Harrak (Global)<\/a><a href=\"https:\/\/agora.xtec.cat\/iesestany\/wp-content\/uploads\/usu1853\/2026\/04\/Justicia-sense-fronteres\u2026-o-sense-forca_-Houda-El-Harrak-Global-.pdf\" class=\"wp-block-file__button wp-element-button\" download aria-describedby=\"wp-block-file--media-083c3559-d277-4371-8ce6-380d23639dfb\">Baixa<\/a><\/div>\n\n\n\n<p><\/p>\n<\/div><\/div>\n\n\n\n<div class=\"wp-block-getwid-accordion__header-wrapper\"><span class=\"wp-block-getwid-accordion__header\"><a href=\"#\"><span class=\"wp-block-getwid-accordion__header-title\">La policia sota sota escrutini europeu. El Harrak, Houda (Regional)<\/span><span class=\"wp-block-getwid-accordion__icon is-active\"><i class=\"fas fa-plus\"><\/i><\/span><span class=\"wp-block-getwid-accordion__icon is-passive\"><i class=\"fas fa-minus\"><\/i><\/span><\/a><\/span><\/div><div class=\"wp-block-getwid-accordion__content-wrapper\"><div class=\"wp-block-getwid-accordion__content\">\n<div data-wp-interactive=\"core\/file\" class=\"wp-block-file\"><object data-wp-bind--hidden=\"!state.hasPdfPreview\" hidden class=\"wp-block-file__embed\" data=\"https:\/\/agora.xtec.cat\/iesestany\/wp-content\/uploads\/usu1853\/2026\/04\/La-policia-sota-sota-escrutini-europeu.-El-Harrak-Houda-Regional.pdf\" type=\"application\/pdf\" style=\"width:100%;height:600px\" aria-label=\"Incrustaci\u00f3 del fitxer La policia sota sota escrutini europeu. El Harrak, Houda (Regional).\"><\/object><a id=\"wp-block-file--media-05ef253d-4753-4029-ae17-43cda9e7ca66\" href=\"https:\/\/agora.xtec.cat\/iesestany\/wp-content\/uploads\/usu1853\/2026\/04\/La-policia-sota-sota-escrutini-europeu.-El-Harrak-Houda-Regional.pdf\">La policia sota sota escrutini europeu. El Harrak, Houda (Regional)<\/a><a href=\"https:\/\/agora.xtec.cat\/iesestany\/wp-content\/uploads\/usu1853\/2026\/04\/La-policia-sota-sota-escrutini-europeu.-El-Harrak-Houda-Regional.pdf\" class=\"wp-block-file__button wp-element-button\" download aria-describedby=\"wp-block-file--media-05ef253d-4753-4029-ae17-43cda9e7ca66\">Baixa<\/a><\/div>\n\n\n\n<p><\/p>\n<\/div><\/div>\n\n\n\n<div class=\"wp-block-getwid-accordion__header-wrapper\"><span class=\"wp-block-getwid-accordion__header\"><a href=\"#\"><span class=\"wp-block-getwid-accordion__header-title\">La Uni\u00f3 Europea i la seva crisi interna de l\u2019estat de dret. El Harrak, Houda (Regional)<\/span><span class=\"wp-block-getwid-accordion__icon is-active\"><i class=\"fas fa-plus\"><\/i><\/span><span class=\"wp-block-getwid-accordion__icon is-passive\"><i class=\"fas fa-minus\"><\/i><\/span><\/a><\/span><\/div><div class=\"wp-block-getwid-accordion__content-wrapper\"><div class=\"wp-block-getwid-accordion__content\">\n<div data-wp-interactive=\"core\/file\" class=\"wp-block-file\"><object data-wp-bind--hidden=\"!state.hasPdfPreview\" hidden class=\"wp-block-file__embed\" data=\"https:\/\/agora.xtec.cat\/iesestany\/wp-content\/uploads\/usu1853\/2026\/04\/La-Unio-Europea-i-la-seva-crisi-interna-de-lestat-de-dret.-El-Harrak-Houda-Regional.pdf\" type=\"application\/pdf\" style=\"width:100%;height:600px\" aria-label=\"Incrustaci\u00f3 del fitxer La Uni\u00f3 Europea i la seva crisi interna de l\u2019estat de dret. El Harrak, Houda (Regional).\"><\/object><a id=\"wp-block-file--media-9e9d0f06-63e4-44f2-986a-fda8e6e1d84b\" href=\"https:\/\/agora.xtec.cat\/iesestany\/wp-content\/uploads\/usu1853\/2026\/04\/La-Unio-Europea-i-la-seva-crisi-interna-de-lestat-de-dret.-El-Harrak-Houda-Regional.pdf\">La Uni\u00f3 Europea i la seva crisi interna de l\u2019estat de dret. El Harrak, Houda (Regional)<\/a><a href=\"https:\/\/agora.xtec.cat\/iesestany\/wp-content\/uploads\/usu1853\/2026\/04\/La-Unio-Europea-i-la-seva-crisi-interna-de-lestat-de-dret.-El-Harrak-Houda-Regional.pdf\" class=\"wp-block-file__button wp-element-button\" download aria-describedby=\"wp-block-file--media-9e9d0f06-63e4-44f2-986a-fda8e6e1d84b\">Baixa<\/a><\/div>\n\n\n\n<p><\/p>\n<\/div><\/div>\n\n\n\n<div class=\"wp-block-getwid-accordion__header-wrapper\"><span class=\"wp-block-getwid-accordion__header\"><a href=\"#\"><span class=\"wp-block-getwid-accordion__header-title\">Les pr\u00f2rrogues pressupost\u00e0ries generals de l&#8217;Estat espanyol. Gil, \u00c0lex. (Regional)<\/span><span class=\"wp-block-getwid-accordion__icon is-active\"><i class=\"fas fa-plus\"><\/i><\/span><span class=\"wp-block-getwid-accordion__icon is-passive\"><i class=\"fas fa-minus\"><\/i><\/span><\/a><\/span><\/div><div class=\"wp-block-getwid-accordion__content-wrapper\"><div class=\"wp-block-getwid-accordion__content\">\n<div data-wp-interactive=\"core\/file\" class=\"wp-block-file\"><object data-wp-bind--hidden=\"!state.hasPdfPreview\" hidden class=\"wp-block-file__embed\" data=\"https:\/\/agora.xtec.cat\/iesestany\/wp-content\/uploads\/usu1853\/2026\/04\/Les-prorrogues-pressupostaries-generals-de-lEstat-espanyol.-Gil-Alex.-Regional.pdf\" type=\"application\/pdf\" style=\"width:100%;height:600px\" aria-label=\"Incrustaci\u00f3 del fitxer Les pr\u00f2rrogues pressupost\u00e0ries generals de l&#039;Estat espanyol. Gil, \u00c0lex. (Regional).\"><\/object><a id=\"wp-block-file--media-f7f920f0-0ddf-42a9-9578-38d57ecb5e41\" href=\"https:\/\/agora.xtec.cat\/iesestany\/wp-content\/uploads\/usu1853\/2026\/04\/Les-prorrogues-pressupostaries-generals-de-lEstat-espanyol.-Gil-Alex.-Regional.pdf\">Les pr\u00f2rrogues pressupost\u00e0ries generals de l&#8217;Estat espanyol. Gil, \u00c0lex. (Regional)<\/a><a href=\"https:\/\/agora.xtec.cat\/iesestany\/wp-content\/uploads\/usu1853\/2026\/04\/Les-prorrogues-pressupostaries-generals-de-lEstat-espanyol.-Gil-Alex.-Regional.pdf\" class=\"wp-block-file__button wp-element-button\" download aria-describedby=\"wp-block-file--media-f7f920f0-0ddf-42a9-9578-38d57ecb5e41\">Baixa<\/a><\/div>\n\n\n\n<p><\/p>\n<\/div><\/div>\n<\/div>\n","protected":false},"excerpt":{"rendered":"<p>L\u2019ODS 16 (Promoure societats justes, pac\u00edfiques i inclusives) t\u00e9 per objectiu garantir institucions eficaces, transparents i responsables, promoure l\u2019estat de dret i assegurar l\u2019acc\u00e9s a la just\u00edcia per a tot el m\u00f3n. Aquest objectiu s\u2019adre\u00e7a tant als governs i institucions p\u00fabliques com a la ciutadania, la societat civil i tamb\u00e9 el sector privat, ja que [&hellip;]<\/p>\n","protected":false},"author":1,"featured_media":0,"parent":4652,"menu_order":16,"comment_status":"closed","ping_status":"closed","template":"","meta":{"_bbp_topic_count":0,"_bbp_reply_count":0,"_bbp_total_topic_count":0,"_bbp_total_reply_count":0,"_bbp_voice_count":0,"_bbp_anonymous_reply_count":0,"_bbp_topic_count_hidden":0,"_bbp_reply_count_hidden":0,"_bbp_forum_subforum_count":0,"site-sidebar-layout":"default","site-content-layout":"","ast-site-content-layout":"default","site-content-style":"default","site-sidebar-style":"default","ast-global-header-display":"","ast-banner-title-visibility":"","ast-main-header-display":"","ast-hfb-above-header-display":"","ast-hfb-below-header-display":"","ast-hfb-mobile-header-display":"","site-post-title":"","ast-breadcrumbs-content":"","ast-featured-img":"","footer-sml-layout":"","theme-transparent-header-meta":"","adv-header-id-meta":"","stick-header-meta":"","header-above-stick-meta":"","header-main-stick-meta":"","header-below-stick-meta":"","astra-migrate-meta-layouts":"set","ast-page-background-enabled":"default","ast-page-background-meta":{"desktop":{"background-color":"var(--ast-global-color-4)","background-image":"","background-repeat":"repeat","background-position":"center center","background-size":"auto","background-attachment":"scroll","background-type":"","background-media":"","overlay-type":"","overlay-color":"","overlay-opacity":"","overlay-gradient":""},"tablet":{"background-color":"","background-image":"","background-repeat":"repeat","background-position":"center center","background-size":"auto","background-attachment":"scroll","background-type":"","background-media":"","overlay-type":"","overlay-color":"","overlay-opacity":"","overlay-gradient":""},"mobile":{"background-color":"","background-image":"","background-repeat":"repeat","background-position":"center center","background-size":"auto","background-attachment":"scroll","background-type":"","background-media":"","overlay-type":"","overlay-color":"","overlay-opacity":"","overlay-gradient":""}},"ast-content-background-meta":{"desktop":{"background-color":"var(--ast-global-color-5)","background-image":"","background-repeat":"repeat","background-position":"center center","background-size":"auto","background-attachment":"scroll","background-type":"","background-media":"","overlay-type":"","overlay-color":"","overlay-opacity":"","overlay-gradient":""},"tablet":{"background-color":"var(--ast-global-color-5)","background-image":"","background-repeat":"repeat","background-position":"center center","background-size":"auto","background-attachment":"scroll","background-type":"","background-media":"","overlay-type":"","overlay-color":"","overlay-opacity":"","overlay-gradient":""},"mobile":{"background-color":"var(--ast-global-color-5)","background-image":"","background-repeat":"repeat","background-position":"center center","background-size":"auto","background-attachment":"scroll","background-type":"","background-media":"","overlay-type":"","overlay-color":"","overlay-opacity":"","overlay-gradient":""}},"footnotes":""},"class_list":["post-4687","page","type-page","status-publish","hentry"],"post_mailing_queue_ids":[],"_links":{"self":[{"href":"https:\/\/agora.xtec.cat\/iesestany\/wp-json\/wp\/v2\/pages\/4687","targetHints":{"allow":["GET"]}}],"collection":[{"href":"https:\/\/agora.xtec.cat\/iesestany\/wp-json\/wp\/v2\/pages"}],"about":[{"href":"https:\/\/agora.xtec.cat\/iesestany\/wp-json\/wp\/v2\/types\/page"}],"author":[{"embeddable":true,"href":"https:\/\/agora.xtec.cat\/iesestany\/wp-json\/wp\/v2\/users\/1"}],"replies":[{"embeddable":true,"href":"https:\/\/agora.xtec.cat\/iesestany\/wp-json\/wp\/v2\/comments?post=4687"}],"version-history":[{"count":3,"href":"https:\/\/agora.xtec.cat\/iesestany\/wp-json\/wp\/v2\/pages\/4687\/revisions"}],"predecessor-version":[{"id":4856,"href":"https:\/\/agora.xtec.cat\/iesestany\/wp-json\/wp\/v2\/pages\/4687\/revisions\/4856"}],"up":[{"embeddable":true,"href":"https:\/\/agora.xtec.cat\/iesestany\/wp-json\/wp\/v2\/pages\/4652"}],"wp:attachment":[{"href":"https:\/\/agora.xtec.cat\/iesestany\/wp-json\/wp\/v2\/media?parent=4687"}],"curies":[{"name":"wp","href":"https:\/\/api.w.org\/{rel}","templated":true}]}}