{"id":4685,"date":"2026-03-12T14:08:05","date_gmt":"2026-03-12T13:08:05","guid":{"rendered":"https:\/\/agora.xtec.cat\/iesestany\/?page_id=4685"},"modified":"2026-04-09T20:39:00","modified_gmt":"2026-04-09T18:39:00","slug":"ods-15-vida-descosistemes-terrestres","status":"publish","type":"page","link":"https:\/\/agora.xtec.cat\/iesestany\/articles-ods\/ods-15-vida-descosistemes-terrestres\/","title":{"rendered":"ODS 15 &#8211; Vida d&#8217;escosistemes terrestres"},"content":{"rendered":"\n<figure class=\"wp-block-image size-full\"><a href=\"https:\/\/agora.xtec.cat\/iesestany\/wp-content\/uploads\/usu1853\/2026\/03\/imatge-14.png\"><img loading=\"lazy\" decoding=\"async\" width=\"768\" height=\"180\" src=\"https:\/\/agora.xtec.cat\/iesestany\/wp-content\/uploads\/usu1853\/2026\/03\/imatge-14.png\" alt=\"\" class=\"wp-image-4739\" srcset=\"https:\/\/agora.xtec.cat\/iesestany\/wp-content\/uploads\/usu1853\/2026\/03\/imatge-14.png 768w, https:\/\/agora.xtec.cat\/iesestany\/wp-content\/uploads\/usu1853\/2026\/03\/imatge-14-300x70.png 300w\" sizes=\"auto, (max-width: 768px) 100vw, 768px\" \/><\/a><\/figure>\n\n\n\n<p>El Objectiu de Desenvolupament Sostenible 15: Vida d\u2019ecosistemes terrestres busca garantitzar la conservaci\u00f3 i l\u2019\u00fas sostenible dels ecosistemes, fonamentals per a la vida a la Terra. Boscos, muntanyes i zones \u00e0rides proporcionen aliments, aigua i refugi a milions d\u2019esp\u00e8cies, a m\u00e9s de serveis ambientals essencials per a la humanitat. No obstant, aquests ecosistemes es troben sota greus amenaces degut a la desforestaci\u00f3, la desertificaci\u00f3, la degradaci\u00f3 del s\u00f2l i la p\u00e8rdua de biodiversitat. Entre el 2000 i 2020, la proporci\u00f3 de superf\u00edcie forestal va disminuir de 31,9 % al 31,2 %, i la degradaci\u00f3 de les terres continua augmentant, cosa que posa en risc tant la biodiversitat com el benestar hum\u00e0.<\/p>\n\n\n\n<p>Aquest objectiu aspira a protegir la riquesa natural del planeta i a garantir l\u2019\u00fas sostenible dels ecosistemes que fan possible la vida a la Terra. Aquesta meta global promou una acci\u00f3 decidida per frenar la degradaci\u00f3 ambiental, aturar la p\u00e8rdua de biodiversitat i restaurar els entorns naturals que han estat deteriorats per l\u2019activitat humana. Les seves metes inclouen la gesti\u00f3 sostenible dels boscos, la lluita contra la desertificaci\u00f3, la recuperaci\u00f3 de terres degradades i la protecci\u00f3 de les esp\u00e8cies i h\u00e0bitats amena\u00e7ats. Aix\u00ed mateix, impulsa la erradicaci\u00f3 del tr\u00e0fic il\u00b7legal d\u2019esp\u00e8cies silvestres, la utilitzaci\u00f3 justa dels recursos gen\u00e8tics i la integraci\u00f3 del valor ecol\u00f2gic dels ecosistemes en les pol\u00edtiques i estrat\u00e8gies nacionals. En definitiva, l\u2019ODS 15 representa un comprom\u00eds essencial amb el futur del planeta, orientat a preservar l\u2019equilibri ecol\u00f2gic i assegurar que els ecosistemes terrestres continu\u00efn sent font de vida, benestar i sostenibilitat per a les generacions actuals i per a les properes.<\/p>\n\n\n\n<p>La ciutadania t\u00e9 un paper fonamental en la protecci\u00f3 dels ecosistemes terrestres. Podem contribuir coneixent i respectant els animals del nostre entorn, ja que la majoria estan protegits per la llei. Tamb\u00e9 podem fer compostatge casol\u00e0 per enriquir el s\u00f2l, consumir productes de temporada, evitar pesticides i productes t\u00f2xics, i seguir les indicacions sobre esp\u00e8cies invasores. Aquestes accions, tot i ser senzilles, ajuden a preservar la biodiversitat i assegurar ecosistemes saludables per al futur.<\/p>\n\n\n\n<p><strong>Ariadna D\u00f3lera<\/strong><\/p>\n\n\n\n<div class=\"wp-block-getwid-accordion has-icon-left\" data-active-element=\"none\">\n<div class=\"wp-block-getwid-accordion__header-wrapper\"><span class=\"wp-block-getwid-accordion__header\"><a href=\"#\"><span class=\"wp-block-getwid-accordion__header-title\">Disminuci\u00f3 dels pol\u00b7linitzadors a Europa. D\u00f3lera Ariadna (escala regional).pdf<\/span><span class=\"wp-block-getwid-accordion__icon is-active\"><i class=\"fas fa-plus\"><\/i><\/span><span class=\"wp-block-getwid-accordion__icon is-passive\"><i class=\"fas fa-minus\"><\/i><\/span><\/a><\/span><\/div><div class=\"wp-block-getwid-accordion__content-wrapper\"><div class=\"wp-block-getwid-accordion__content\">\n<div data-wp-interactive=\"core\/file\" class=\"wp-block-file\"><object data-wp-bind--hidden=\"!state.hasPdfPreview\" hidden class=\"wp-block-file__embed\" data=\"https:\/\/agora.xtec.cat\/iesestany\/wp-content\/uploads\/usu1853\/2026\/04\/Disminucio-dels-pollinitzadors-a-Europa.-Dolera-Ariadna-escala-regional.pdf\" type=\"application\/pdf\" style=\"width:100%;height:600px\" aria-label=\"Incrustaci\u00f3 del fitxer Disminuci\u00f3 dels pol\u00b7linitzadors a Europa. D\u00f3lera Ariadna (escala regional).\"><\/object><a id=\"wp-block-file--media-c88801ef-63d3-4d2f-8dba-ab0652b9ab41\" href=\"https:\/\/agora.xtec.cat\/iesestany\/wp-content\/uploads\/usu1853\/2026\/04\/Disminucio-dels-pollinitzadors-a-Europa.-Dolera-Ariadna-escala-regional.pdf\">Disminuci\u00f3 dels pol\u00b7linitzadors a Europa. D\u00f3lera Ariadna (escala regional)<\/a><a href=\"https:\/\/agora.xtec.cat\/iesestany\/wp-content\/uploads\/usu1853\/2026\/04\/Disminucio-dels-pollinitzadors-a-Europa.-Dolera-Ariadna-escala-regional.pdf\" class=\"wp-block-file__button wp-element-button\" download aria-describedby=\"wp-block-file--media-c88801ef-63d3-4d2f-8dba-ab0652b9ab41\">Baixa<\/a><\/div>\n\n\n\n<p><\/p>\n<\/div><\/div>\n\n\n\n<div class=\"wp-block-getwid-accordion__header-wrapper\"><span class=\"wp-block-getwid-accordion__header\"><a href=\"#\"><span class=\"wp-block-getwid-accordion__header-title\">El gran problema de les esp\u00e8cies invasores. Retamozo Sergio. (Global)<\/span><span class=\"wp-block-getwid-accordion__icon is-active\"><i class=\"fas fa-plus\"><\/i><\/span><span class=\"wp-block-getwid-accordion__icon is-passive\"><i class=\"fas fa-minus\"><\/i><\/span><\/a><\/span><\/div><div class=\"wp-block-getwid-accordion__content-wrapper\"><div class=\"wp-block-getwid-accordion__content\">\n<div data-wp-interactive=\"core\/file\" class=\"wp-block-file\"><object data-wp-bind--hidden=\"!state.hasPdfPreview\" hidden class=\"wp-block-file__embed\" data=\"https:\/\/agora.xtec.cat\/iesestany\/wp-content\/uploads\/usu1853\/2026\/04\/El-gran-problema-de-les-especies-invasores.-Retamozo-Sergio.-Global.pdf\" type=\"application\/pdf\" style=\"width:100%;height:600px\" aria-label=\"Incrustaci\u00f3 del fitxer El gran problema de les esp\u00e8cies invasores. Retamozo Sergio. (Global).\"><\/object><a id=\"wp-block-file--media-6665946e-783f-4647-9fe2-0f68fdcd79ea\" href=\"https:\/\/agora.xtec.cat\/iesestany\/wp-content\/uploads\/usu1853\/2026\/04\/El-gran-problema-de-les-especies-invasores.-Retamozo-Sergio.-Global.pdf\">El gran problema de les esp\u00e8cies invasores. Retamozo Sergio. (Global)<\/a><a href=\"https:\/\/agora.xtec.cat\/iesestany\/wp-content\/uploads\/usu1853\/2026\/04\/El-gran-problema-de-les-especies-invasores.-Retamozo-Sergio.-Global.pdf\" class=\"wp-block-file__button wp-element-button\" download aria-describedby=\"wp-block-file--media-6665946e-783f-4647-9fe2-0f68fdcd79ea\">Baixa<\/a><\/div>\n\n\n\n<p><\/p>\n<\/div><\/div>\n\n\n\n<div class=\"wp-block-getwid-accordion__header-wrapper\"><span class=\"wp-block-getwid-accordion__header\"><a href=\"#\"><span class=\"wp-block-getwid-accordion__header-title\">Impacte del turisme massiu als Picos de Europa. D\u00f3lera Ariadna (Regional)<\/span><span class=\"wp-block-getwid-accordion__icon is-active\"><i class=\"fas fa-plus\"><\/i><\/span><span class=\"wp-block-getwid-accordion__icon is-passive\"><i class=\"fas fa-minus\"><\/i><\/span><\/a><\/span><\/div><div class=\"wp-block-getwid-accordion__content-wrapper\"><div class=\"wp-block-getwid-accordion__content\">\n<div data-wp-interactive=\"core\/file\" class=\"wp-block-file\"><object data-wp-bind--hidden=\"!state.hasPdfPreview\" hidden class=\"wp-block-file__embed\" data=\"https:\/\/agora.xtec.cat\/iesestany\/wp-content\/uploads\/usu1853\/2026\/04\/Impacte-del-turisme-massiu-als-Picos-de-Europa.-Dolera-Ariadna-Regional.pdf\" type=\"application\/pdf\" style=\"width:100%;height:600px\" aria-label=\"Incrustaci\u00f3 del fitxer Impacte del turisme massiu als Picos de Europa. D\u00f3lera Ariadna (Regional).\"><\/object><a id=\"wp-block-file--media-89e2ad4c-8c6b-4e94-9a3b-c8e067a0e52c\" href=\"https:\/\/agora.xtec.cat\/iesestany\/wp-content\/uploads\/usu1853\/2026\/04\/Impacte-del-turisme-massiu-als-Picos-de-Europa.-Dolera-Ariadna-Regional.pdf\">Impacte del turisme massiu als Picos de Europa. D\u00f3lera Ariadna (Regional)<\/a><a href=\"https:\/\/agora.xtec.cat\/iesestany\/wp-content\/uploads\/usu1853\/2026\/04\/Impacte-del-turisme-massiu-als-Picos-de-Europa.-Dolera-Ariadna-Regional.pdf\" class=\"wp-block-file__button wp-element-button\" download aria-describedby=\"wp-block-file--media-89e2ad4c-8c6b-4e94-9a3b-c8e067a0e52c\">Baixa<\/a><\/div>\n\n\n\n<p><\/p>\n<\/div><\/div>\n\n\n\n<div class=\"wp-block-getwid-accordion__header-wrapper\"><span class=\"wp-block-getwid-accordion__header\"><a href=\"#\"><span class=\"wp-block-getwid-accordion__header-title\">L&#8217;oli de palma i la desforestaci\u00f3 que porta. Retamozo, Sergio. (Global)<\/span><span class=\"wp-block-getwid-accordion__icon is-active\"><i class=\"fas fa-plus\"><\/i><\/span><span class=\"wp-block-getwid-accordion__icon is-passive\"><i class=\"fas fa-minus\"><\/i><\/span><\/a><\/span><\/div><div class=\"wp-block-getwid-accordion__content-wrapper\"><div class=\"wp-block-getwid-accordion__content\">\n<div data-wp-interactive=\"core\/file\" class=\"wp-block-file\"><object data-wp-bind--hidden=\"!state.hasPdfPreview\" hidden class=\"wp-block-file__embed\" data=\"https:\/\/agora.xtec.cat\/iesestany\/wp-content\/uploads\/usu1853\/2026\/04\/Loli-de-palma-i-la-desforestacio-que-porta.-Retamozo-Sergio.-Global.pdf\" type=\"application\/pdf\" style=\"width:100%;height:600px\" aria-label=\"Incrustaci\u00f3 del fitxer L&#039;oli de palma i la desforestaci\u00f3 que porta. Retamozo, Sergio. (Global).\"><\/object><a id=\"wp-block-file--media-3fd70082-19e4-44bf-aa05-451d6e44cfa0\" href=\"https:\/\/agora.xtec.cat\/iesestany\/wp-content\/uploads\/usu1853\/2026\/04\/Loli-de-palma-i-la-desforestacio-que-porta.-Retamozo-Sergio.-Global.pdf\">L&#8217;oli de palma i la desforestaci\u00f3 que porta. Retamozo, Sergio. (Global)<\/a><a href=\"https:\/\/agora.xtec.cat\/iesestany\/wp-content\/uploads\/usu1853\/2026\/04\/Loli-de-palma-i-la-desforestacio-que-porta.-Retamozo-Sergio.-Global.pdf\" class=\"wp-block-file__button wp-element-button\" download aria-describedby=\"wp-block-file--media-3fd70082-19e4-44bf-aa05-451d6e44cfa0\">Baixa<\/a><\/div>\n\n\n\n<p><\/p>\n<\/div><\/div>\n\n\n\n<div class=\"wp-block-getwid-accordion__header-wrapper\"><span class=\"wp-block-getwid-accordion__header\"><a href=\"#\"><span class=\"wp-block-getwid-accordion__header-title\">La desforestaci\u00f3 de l&#8217;Amazones. D\u00f3lera Ariadna. (Global)<\/span><span class=\"wp-block-getwid-accordion__icon is-active\"><i class=\"fas fa-plus\"><\/i><\/span><span class=\"wp-block-getwid-accordion__icon is-passive\"><i class=\"fas fa-minus\"><\/i><\/span><\/a><\/span><\/div><div class=\"wp-block-getwid-accordion__content-wrapper\"><div class=\"wp-block-getwid-accordion__content\">\n<div data-wp-interactive=\"core\/file\" class=\"wp-block-file\"><object data-wp-bind--hidden=\"!state.hasPdfPreview\" hidden class=\"wp-block-file__embed\" data=\"https:\/\/agora.xtec.cat\/iesestany\/wp-content\/uploads\/usu1853\/2026\/04\/La-desforestacio-de-lAmazones.-Dolera-Ariadna.-Global.pdf\" type=\"application\/pdf\" style=\"width:100%;height:600px\" aria-label=\"Incrustaci\u00f3 del fitxer La desforestaci\u00f3 de l&#039;Amazones. D\u00f3lera Ariadna. (Global).\"><\/object><a id=\"wp-block-file--media-eceec78e-21bf-4a63-9739-0e75fa4a2af2\" href=\"https:\/\/agora.xtec.cat\/iesestany\/wp-content\/uploads\/usu1853\/2026\/04\/La-desforestacio-de-lAmazones.-Dolera-Ariadna.-Global.pdf\">La desforestaci\u00f3 de l&#8217;Amazones. D\u00f3lera Ariadna. (Global)<\/a><a href=\"https:\/\/agora.xtec.cat\/iesestany\/wp-content\/uploads\/usu1853\/2026\/04\/La-desforestacio-de-lAmazones.-Dolera-Ariadna.-Global.pdf\" class=\"wp-block-file__button wp-element-button\" download aria-describedby=\"wp-block-file--media-eceec78e-21bf-4a63-9739-0e75fa4a2af2\">Baixa<\/a><\/div>\n\n\n\n<p><\/p>\n<\/div><\/div>\n<\/div>\n\n\n\n<p><\/p>\n","protected":false},"excerpt":{"rendered":"<p>El Objectiu de Desenvolupament Sostenible 15: Vida d\u2019ecosistemes terrestres busca garantitzar la conservaci\u00f3 i l\u2019\u00fas sostenible dels ecosistemes, fonamentals per a la vida a la Terra. Boscos, muntanyes i zones \u00e0rides proporcionen aliments, aigua i refugi a milions d\u2019esp\u00e8cies, a m\u00e9s de serveis ambientals essencials per a la humanitat. No obstant, aquests ecosistemes es troben [&hellip;]<\/p>\n","protected":false},"author":1,"featured_media":0,"parent":4652,"menu_order":15,"comment_status":"closed","ping_status":"closed","template":"","meta":{"_bbp_topic_count":0,"_bbp_reply_count":0,"_bbp_total_topic_count":0,"_bbp_total_reply_count":0,"_bbp_voice_count":0,"_bbp_anonymous_reply_count":0,"_bbp_topic_count_hidden":0,"_bbp_reply_count_hidden":0,"_bbp_forum_subforum_count":0,"site-sidebar-layout":"default","site-content-layout":"","ast-site-content-layout":"default","site-content-style":"default","site-sidebar-style":"default","ast-global-header-display":"","ast-banner-title-visibility":"","ast-main-header-display":"","ast-hfb-above-header-display":"","ast-hfb-below-header-display":"","ast-hfb-mobile-header-display":"","site-post-title":"","ast-breadcrumbs-content":"","ast-featured-img":"","footer-sml-layout":"","theme-transparent-header-meta":"","adv-header-id-meta":"","stick-header-meta":"","header-above-stick-meta":"","header-main-stick-meta":"","header-below-stick-meta":"","astra-migrate-meta-layouts":"set","ast-page-background-enabled":"default","ast-page-background-meta":{"desktop":{"background-color":"var(--ast-global-color-4)","background-image":"","background-repeat":"repeat","background-position":"center center","background-size":"auto","background-attachment":"scroll","background-type":"","background-media":"","overlay-type":"","overlay-color":"","overlay-opacity":"","overlay-gradient":""},"tablet":{"background-color":"","background-image":"","background-repeat":"repeat","background-position":"center center","background-size":"auto","background-attachment":"scroll","background-type":"","background-media":"","overlay-type":"","overlay-color":"","overlay-opacity":"","overlay-gradient":""},"mobile":{"background-color":"","background-image":"","background-repeat":"repeat","background-position":"center center","background-size":"auto","background-attachment":"scroll","background-type":"","background-media":"","overlay-type":"","overlay-color":"","overlay-opacity":"","overlay-gradient":""}},"ast-content-background-meta":{"desktop":{"background-color":"var(--ast-global-color-5)","background-image":"","background-repeat":"repeat","background-position":"center center","background-size":"auto","background-attachment":"scroll","background-type":"","background-media":"","overlay-type":"","overlay-color":"","overlay-opacity":"","overlay-gradient":""},"tablet":{"background-color":"var(--ast-global-color-5)","background-image":"","background-repeat":"repeat","background-position":"center center","background-size":"auto","background-attachment":"scroll","background-type":"","background-media":"","overlay-type":"","overlay-color":"","overlay-opacity":"","overlay-gradient":""},"mobile":{"background-color":"var(--ast-global-color-5)","background-image":"","background-repeat":"repeat","background-position":"center center","background-size":"auto","background-attachment":"scroll","background-type":"","background-media":"","overlay-type":"","overlay-color":"","overlay-opacity":"","overlay-gradient":""}},"footnotes":""},"class_list":["post-4685","page","type-page","status-publish","hentry"],"post_mailing_queue_ids":[],"_links":{"self":[{"href":"https:\/\/agora.xtec.cat\/iesestany\/wp-json\/wp\/v2\/pages\/4685","targetHints":{"allow":["GET"]}}],"collection":[{"href":"https:\/\/agora.xtec.cat\/iesestany\/wp-json\/wp\/v2\/pages"}],"about":[{"href":"https:\/\/agora.xtec.cat\/iesestany\/wp-json\/wp\/v2\/types\/page"}],"author":[{"embeddable":true,"href":"https:\/\/agora.xtec.cat\/iesestany\/wp-json\/wp\/v2\/users\/1"}],"replies":[{"embeddable":true,"href":"https:\/\/agora.xtec.cat\/iesestany\/wp-json\/wp\/v2\/comments?post=4685"}],"version-history":[{"count":3,"href":"https:\/\/agora.xtec.cat\/iesestany\/wp-json\/wp\/v2\/pages\/4685\/revisions"}],"predecessor-version":[{"id":4847,"href":"https:\/\/agora.xtec.cat\/iesestany\/wp-json\/wp\/v2\/pages\/4685\/revisions\/4847"}],"up":[{"embeddable":true,"href":"https:\/\/agora.xtec.cat\/iesestany\/wp-json\/wp\/v2\/pages\/4652"}],"wp:attachment":[{"href":"https:\/\/agora.xtec.cat\/iesestany\/wp-json\/wp\/v2\/media?parent=4685"}],"curies":[{"name":"wp","href":"https:\/\/api.w.org\/{rel}","templated":true}]}}