{"id":4681,"date":"2026-03-12T14:07:22","date_gmt":"2026-03-12T13:07:22","guid":{"rendered":"https:\/\/agora.xtec.cat\/iesestany\/?page_id=4681"},"modified":"2026-04-09T20:32:34","modified_gmt":"2026-04-09T18:32:34","slug":"ods-13-accio-pel-clima","status":"publish","type":"page","link":"https:\/\/agora.xtec.cat\/iesestany\/articles-ods\/ods-13-accio-pel-clima\/","title":{"rendered":"ODS 13 &#8211; Acci\u00f3 pel clima"},"content":{"rendered":"\n<figure class=\"wp-block-image size-full\"><a href=\"https:\/\/agora.xtec.cat\/iesestany\/wp-content\/uploads\/usu1853\/2026\/03\/imatge-12.png\"><img loading=\"lazy\" decoding=\"async\" width=\"768\" height=\"180\" src=\"https:\/\/agora.xtec.cat\/iesestany\/wp-content\/uploads\/usu1853\/2026\/03\/imatge-12.png\" alt=\"\" class=\"wp-image-4735\" srcset=\"https:\/\/agora.xtec.cat\/iesestany\/wp-content\/uploads\/usu1853\/2026\/03\/imatge-12.png 768w, https:\/\/agora.xtec.cat\/iesestany\/wp-content\/uploads\/usu1853\/2026\/03\/imatge-12-300x70.png 300w\" sizes=\"auto, (max-width: 768px) 100vw, 768px\" \/><\/a><\/figure>\n\n\n\n<p>Dins de la llista dels disset ODS (objectius de desenvolupament sostenible) hi ha un ODS, la n\u00famero tretze, anomenada: acci\u00f3 pel clima, assignada el setembre del 2015. Aquest ODS se centra en la necessitat d\u2019adoptar mesures urgents per acabar amb el canvi clim\u00e0tic que afecta a tothom. Segons l&#8217;ONU, els cient\u00edfics dedicats a les q\u00fcestions clim\u00e0tiques ja han demostrat que les persones s\u00f3n responsables de l&#8217;escalfament global dels \u00faltims dos-cents anys.&nbsp; I que el principal objectiu d&#8217;aquest ODS, \u00e9s limitar l&#8217;escalfament global a 1,5\u202f\u00b0C per sobre dels nivells preindustrials, disminuir-les i reduir-les a la meitat para el 2030.&nbsp;<\/p>\n\n\n\n<p>En primer lloc, aquest ODS, es va crear, ja que hi ha un fenomen que afecta a tots els pa\u00efsos i a persones de tot el m\u00f3n: el canvi clim\u00e0tic. Segons l&#8217;ONU, aquest fenomen \u00e9s el major risc sistem\u00e0tic en l&#8217;\u00e0mbit global per a un futur pr\u00f2xim, pel fet que augmenta a un ritmo m\u00e9s accelerat del previst, convertint-se en un dels reptes m\u00e9s grans de la humanitat. L\u2019any 2023, va ser el m\u00e9s calor\u00f3s mai registrat, les temperatures globals van assolir nivells excepcionalment alts, que van arribar a superar els nivells preindustrials en m\u00e9s de 2\u202f\u00b0C.&nbsp;<\/p>\n\n\n\n<p>Tanmateix, si no controlem el canvi clim\u00e0tic, els efectes elevaran la temperatura mitjana mundial per sobre dels 3\u202f\u00b0C i afectaran negativament a tots els ecosistemes. Avui en dia, ja es pot observar com el canvi clim\u00e0tic pots intensificar tempestes i cat\u00e0strofes, com la DANA a Valenci\u00e0, a m\u00e9s a m\u00e9s, de tenir amenaces com l\u2019escassetat d\u2019aliments i aigua es converteixin en realitat i desemboquin en conflictes. Per aix\u00f2, quedar-nos de bra\u00e7os plegats ens costar\u00e0 molt m\u00e9s que si prenen mesures immediates.&nbsp;<\/p>\n\n\n\n<p>Per\u00f2, no est\u00e0 tot perdut, hi ha una manera de solucionar el problema. Principalment, \u00e9s necessari augmentar l\u2019ambici\u00f3 i actuar en tots els nivells per fer front al canvi clim\u00e0tic. Est\u00e0 succeint molts canvis en tot el m\u00f3n, i les inversions en energies renovables s\u2019han disparat. Per aix\u00f2, per limitar l&#8217;augment global de la temperatura molt per sota del 2 \u00b0C, i fins i tot, d&#8217;1,5\u202f\u00b0C, el m\u00f3n ha de transformar els seus sistemes energ\u00e8tics, industrials, de transport, alimentaris, agr\u00edcoles i forestals. Globalment, es va donar el primer pas important en desembre del 2015 amb l\u2019adopci\u00f3 de l&#8217;Acord de Par\u00eds, en el que tots els pa\u00efsos que van firmar es van comprometre a prendre mides per fer front al canvi clim\u00e0tic. Sembla que hem avan\u00e7at molt, per\u00f2 encara es necessiten m\u00e9s mides per complir els objectius, \u00e9s essencial reduir el canvi clim\u00e0tic de forma radical, r\u00e0pida i sostenia les emissions de gasos de l\u2019efecte hivernacle en tots els sectors, i mantenir aquestes mides en el curs de la d\u00e8cada.<\/p>\n\n\n\n<p><strong>Paula Pescador<\/strong><\/p>\n\n\n\n<div class=\"wp-block-getwid-accordion has-icon-left\" data-active-element=\"none\">\n<div class=\"wp-block-getwid-accordion__header-wrapper\"><span class=\"wp-block-getwid-accordion__header\"><a href=\"#\"><span class=\"wp-block-getwid-accordion__header-title\">El desgla\u00e7 dels pols. Paula Pescador (Global)<\/span><span class=\"wp-block-getwid-accordion__icon is-active\"><i class=\"fas fa-plus\"><\/i><\/span><span class=\"wp-block-getwid-accordion__icon is-passive\"><i class=\"fas fa-minus\"><\/i><\/span><\/a><\/span><\/div><div class=\"wp-block-getwid-accordion__content-wrapper\"><div class=\"wp-block-getwid-accordion__content\">\n<div data-wp-interactive=\"core\/file\" class=\"wp-block-file\"><object data-wp-bind--hidden=\"!state.hasPdfPreview\" hidden class=\"wp-block-file__embed\" data=\"https:\/\/agora.xtec.cat\/iesestany\/wp-content\/uploads\/usu1853\/2026\/04\/El-desglac-dels-pols.-Paula-Pescador-Global.pdf\" type=\"application\/pdf\" style=\"width:100%;height:600px\" aria-label=\"Incrustaci\u00f3 del fitxer El desgla\u00e7 dels pols. Paula Pescador (Global).\"><\/object><a id=\"wp-block-file--media-9ba06812-5ea9-4b1d-9e9e-ac4dd3b301e2\" href=\"https:\/\/agora.xtec.cat\/iesestany\/wp-content\/uploads\/usu1853\/2026\/04\/El-desglac-dels-pols.-Paula-Pescador-Global.pdf\">El desgla\u00e7 dels pols. Paula Pescador (Global)<\/a><a href=\"https:\/\/agora.xtec.cat\/iesestany\/wp-content\/uploads\/usu1853\/2026\/04\/El-desglac-dels-pols.-Paula-Pescador-Global.pdf\" class=\"wp-block-file__button wp-element-button\" download aria-describedby=\"wp-block-file--media-9ba06812-5ea9-4b1d-9e9e-ac4dd3b301e2\">Baixa<\/a><\/div>\n\n\n\n<p><\/p>\n<\/div><\/div>\n\n\n\n<div class=\"wp-block-getwid-accordion__header-wrapper\"><span class=\"wp-block-getwid-accordion__header\"><a href=\"#\"><span class=\"wp-block-getwid-accordion__header-title\">Els incendis forestals a Espanya. Paula Pescador (Regional)<\/span><span class=\"wp-block-getwid-accordion__icon is-active\"><i class=\"fas fa-plus\"><\/i><\/span><span class=\"wp-block-getwid-accordion__icon is-passive\"><i class=\"fas fa-minus\"><\/i><\/span><\/a><\/span><\/div><div class=\"wp-block-getwid-accordion__content-wrapper\"><div class=\"wp-block-getwid-accordion__content\">\n<div data-wp-interactive=\"core\/file\" class=\"wp-block-file\"><object data-wp-bind--hidden=\"!state.hasPdfPreview\" hidden class=\"wp-block-file__embed\" data=\"https:\/\/agora.xtec.cat\/iesestany\/wp-content\/uploads\/usu1853\/2026\/04\/Els-incendis-forestals-a-Espanya.-Paula-Pescador-Regional.pdf\" type=\"application\/pdf\" style=\"width:100%;height:600px\" aria-label=\"Incrustaci\u00f3 del fitxer Els incendis forestals a Espanya. Paula Pescador (Regional).\"><\/object><a id=\"wp-block-file--media-9e9e0d51-b625-4b26-9512-5d0a6ee1e38a\" href=\"https:\/\/agora.xtec.cat\/iesestany\/wp-content\/uploads\/usu1853\/2026\/04\/Els-incendis-forestals-a-Espanya.-Paula-Pescador-Regional.pdf\">Els incendis forestals a Espanya. Paula Pescador (Regional)<\/a><a href=\"https:\/\/agora.xtec.cat\/iesestany\/wp-content\/uploads\/usu1853\/2026\/04\/Els-incendis-forestals-a-Espanya.-Paula-Pescador-Regional.pdf\" class=\"wp-block-file__button wp-element-button\" download aria-describedby=\"wp-block-file--media-9e9e0d51-b625-4b26-9512-5d0a6ee1e38a\">Baixa<\/a><\/div>\n\n\n\n<p><\/p>\n<\/div><\/div>\n\n\n\n<div class=\"wp-block-getwid-accordion__header-wrapper\"><span class=\"wp-block-getwid-accordion__header\"><a href=\"#\"><span class=\"wp-block-getwid-accordion__header-title\">La desaparici\u00f3 d&#8217;alguns pa\u00efsos de la Polinesia. Paula Pescador (Global)<\/span><span class=\"wp-block-getwid-accordion__icon is-active\"><i class=\"fas fa-plus\"><\/i><\/span><span class=\"wp-block-getwid-accordion__icon is-passive\"><i class=\"fas fa-minus\"><\/i><\/span><\/a><\/span><\/div><div class=\"wp-block-getwid-accordion__content-wrapper\"><div class=\"wp-block-getwid-accordion__content\">\n<div data-wp-interactive=\"core\/file\" class=\"wp-block-file\"><object data-wp-bind--hidden=\"!state.hasPdfPreview\" hidden class=\"wp-block-file__embed\" data=\"https:\/\/agora.xtec.cat\/iesestany\/wp-content\/uploads\/usu1853\/2026\/04\/La-desaparicio-dalguns-paisos-de-la-Polinesia.-Paula-Pescador-Global.pdf\" type=\"application\/pdf\" style=\"width:100%;height:600px\" aria-label=\"Incrustaci\u00f3 del fitxer La desaparici\u00f3 d&#039;alguns pa\u00efsos de la Polinesia. Paula Pescador (Global).\"><\/object><a id=\"wp-block-file--media-fe6421b2-9efd-433a-ad7e-d9779e2821ab\" href=\"https:\/\/agora.xtec.cat\/iesestany\/wp-content\/uploads\/usu1853\/2026\/04\/La-desaparicio-dalguns-paisos-de-la-Polinesia.-Paula-Pescador-Global.pdf\">La desaparici\u00f3 d&#8217;alguns pa\u00efsos de la Polinesia. Paula Pescador (Global)<\/a><a href=\"https:\/\/agora.xtec.cat\/iesestany\/wp-content\/uploads\/usu1853\/2026\/04\/La-desaparicio-dalguns-paisos-de-la-Polinesia.-Paula-Pescador-Global.pdf\" class=\"wp-block-file__button wp-element-button\" download aria-describedby=\"wp-block-file--media-fe6421b2-9efd-433a-ad7e-d9779e2821ab\">Baixa<\/a><\/div>\n\n\n\n<p><\/p>\n<\/div><\/div>\n\n\n\n<div class=\"wp-block-getwid-accordion__header-wrapper\"><span class=\"wp-block-getwid-accordion__header\"><a href=\"#\"><span class=\"wp-block-getwid-accordion__header-title\">La sequera a Espanya. Paula Pescador (Regional)<\/span><span class=\"wp-block-getwid-accordion__icon is-active\"><i class=\"fas fa-plus\"><\/i><\/span><span class=\"wp-block-getwid-accordion__icon is-passive\"><i class=\"fas fa-minus\"><\/i><\/span><\/a><\/span><\/div><div class=\"wp-block-getwid-accordion__content-wrapper\"><div class=\"wp-block-getwid-accordion__content\">\n<div data-wp-interactive=\"core\/file\" class=\"wp-block-file\"><object data-wp-bind--hidden=\"!state.hasPdfPreview\" hidden class=\"wp-block-file__embed\" data=\"https:\/\/agora.xtec.cat\/iesestany\/wp-content\/uploads\/usu1853\/2026\/04\/La-sequera-a-Espanya.-Paula-Pescador-Regional.pdf\" type=\"application\/pdf\" style=\"width:100%;height:600px\" aria-label=\"Incrustaci\u00f3 del fitxer La sequera a Espanya. Paula Pescador (Regional).\"><\/object><a id=\"wp-block-file--media-d59bb765-f1d9-4cb1-ae00-5d98aa90393d\" href=\"https:\/\/agora.xtec.cat\/iesestany\/wp-content\/uploads\/usu1853\/2026\/04\/La-sequera-a-Espanya.-Paula-Pescador-Regional.pdf\">La sequera a Espanya. Paula Pescador (Regional)<\/a><a href=\"https:\/\/agora.xtec.cat\/iesestany\/wp-content\/uploads\/usu1853\/2026\/04\/La-sequera-a-Espanya.-Paula-Pescador-Regional.pdf\" class=\"wp-block-file__button wp-element-button\" download aria-describedby=\"wp-block-file--media-d59bb765-f1d9-4cb1-ae00-5d98aa90393d\">Baixa<\/a><\/div>\n\n\n\n<p><\/p>\n<\/div><\/div>\n<\/div>\n","protected":false},"excerpt":{"rendered":"<p>Dins de la llista dels disset ODS (objectius de desenvolupament sostenible) hi ha un ODS, la n\u00famero tretze, anomenada: acci\u00f3 pel clima, assignada el setembre del 2015. Aquest ODS se centra en la necessitat d\u2019adoptar mesures urgents per acabar amb el canvi clim\u00e0tic que afecta a tothom. Segons l&#8217;ONU, els cient\u00edfics dedicats a les q\u00fcestions [&hellip;]<\/p>\n","protected":false},"author":1,"featured_media":0,"parent":4652,"menu_order":13,"comment_status":"closed","ping_status":"closed","template":"","meta":{"_bbp_topic_count":0,"_bbp_reply_count":0,"_bbp_total_topic_count":0,"_bbp_total_reply_count":0,"_bbp_voice_count":0,"_bbp_anonymous_reply_count":0,"_bbp_topic_count_hidden":0,"_bbp_reply_count_hidden":0,"_bbp_forum_subforum_count":0,"site-sidebar-layout":"default","site-content-layout":"","ast-site-content-layout":"default","site-content-style":"default","site-sidebar-style":"default","ast-global-header-display":"","ast-banner-title-visibility":"","ast-main-header-display":"","ast-hfb-above-header-display":"","ast-hfb-below-header-display":"","ast-hfb-mobile-header-display":"","site-post-title":"","ast-breadcrumbs-content":"","ast-featured-img":"","footer-sml-layout":"","theme-transparent-header-meta":"","adv-header-id-meta":"","stick-header-meta":"","header-above-stick-meta":"","header-main-stick-meta":"","header-below-stick-meta":"","astra-migrate-meta-layouts":"set","ast-page-background-enabled":"default","ast-page-background-meta":{"desktop":{"background-color":"var(--ast-global-color-4)","background-image":"","background-repeat":"repeat","background-position":"center center","background-size":"auto","background-attachment":"scroll","background-type":"","background-media":"","overlay-type":"","overlay-color":"","overlay-opacity":"","overlay-gradient":""},"tablet":{"background-color":"","background-image":"","background-repeat":"repeat","background-position":"center center","background-size":"auto","background-attachment":"scroll","background-type":"","background-media":"","overlay-type":"","overlay-color":"","overlay-opacity":"","overlay-gradient":""},"mobile":{"background-color":"","background-image":"","background-repeat":"repeat","background-position":"center center","background-size":"auto","background-attachment":"scroll","background-type":"","background-media":"","overlay-type":"","overlay-color":"","overlay-opacity":"","overlay-gradient":""}},"ast-content-background-meta":{"desktop":{"background-color":"var(--ast-global-color-5)","background-image":"","background-repeat":"repeat","background-position":"center center","background-size":"auto","background-attachment":"scroll","background-type":"","background-media":"","overlay-type":"","overlay-color":"","overlay-opacity":"","overlay-gradient":""},"tablet":{"background-color":"var(--ast-global-color-5)","background-image":"","background-repeat":"repeat","background-position":"center center","background-size":"auto","background-attachment":"scroll","background-type":"","background-media":"","overlay-type":"","overlay-color":"","overlay-opacity":"","overlay-gradient":""},"mobile":{"background-color":"var(--ast-global-color-5)","background-image":"","background-repeat":"repeat","background-position":"center center","background-size":"auto","background-attachment":"scroll","background-type":"","background-media":"","overlay-type":"","overlay-color":"","overlay-opacity":"","overlay-gradient":""}},"footnotes":""},"class_list":["post-4681","page","type-page","status-publish","hentry"],"post_mailing_queue_ids":[],"_links":{"self":[{"href":"https:\/\/agora.xtec.cat\/iesestany\/wp-json\/wp\/v2\/pages\/4681","targetHints":{"allow":["GET"]}}],"collection":[{"href":"https:\/\/agora.xtec.cat\/iesestany\/wp-json\/wp\/v2\/pages"}],"about":[{"href":"https:\/\/agora.xtec.cat\/iesestany\/wp-json\/wp\/v2\/types\/page"}],"author":[{"embeddable":true,"href":"https:\/\/agora.xtec.cat\/iesestany\/wp-json\/wp\/v2\/users\/1"}],"replies":[{"embeddable":true,"href":"https:\/\/agora.xtec.cat\/iesestany\/wp-json\/wp\/v2\/comments?post=4681"}],"version-history":[{"count":3,"href":"https:\/\/agora.xtec.cat\/iesestany\/wp-json\/wp\/v2\/pages\/4681\/revisions"}],"predecessor-version":[{"id":4834,"href":"https:\/\/agora.xtec.cat\/iesestany\/wp-json\/wp\/v2\/pages\/4681\/revisions\/4834"}],"up":[{"embeddable":true,"href":"https:\/\/agora.xtec.cat\/iesestany\/wp-json\/wp\/v2\/pages\/4652"}],"wp:attachment":[{"href":"https:\/\/agora.xtec.cat\/iesestany\/wp-json\/wp\/v2\/media?parent=4681"}],"curies":[{"name":"wp","href":"https:\/\/api.w.org\/{rel}","templated":true}]}}