{"id":4679,"date":"2026-03-12T14:07:03","date_gmt":"2026-03-12T13:07:03","guid":{"rendered":"https:\/\/agora.xtec.cat\/iesestany\/?page_id=4679"},"modified":"2026-04-09T20:30:10","modified_gmt":"2026-04-09T18:30:10","slug":"ods-12-produccio-i-consum-responsables","status":"publish","type":"page","link":"https:\/\/agora.xtec.cat\/iesestany\/articles-ods\/ods-12-produccio-i-consum-responsables\/","title":{"rendered":"ODS 12 &#8211; Producci\u00f3 i consum responsables"},"content":{"rendered":"\n<p><\/p>\n\n\n\n<figure class=\"wp-block-image size-full\"><a href=\"https:\/\/agora.xtec.cat\/iesestany\/wp-content\/uploads\/usu1853\/2026\/03\/imatge-11.png\"><img loading=\"lazy\" decoding=\"async\" width=\"768\" height=\"180\" src=\"https:\/\/agora.xtec.cat\/iesestany\/wp-content\/uploads\/usu1853\/2026\/03\/imatge-11.png\" alt=\"\" class=\"wp-image-4733\" srcset=\"https:\/\/agora.xtec.cat\/iesestany\/wp-content\/uploads\/usu1853\/2026\/03\/imatge-11.png 768w, https:\/\/agora.xtec.cat\/iesestany\/wp-content\/uploads\/usu1853\/2026\/03\/imatge-11-300x70.png 300w\" sizes=\"auto, (max-width: 768px) 100vw, 768px\" \/><\/a><\/figure>\n\n\n\n<p>L&#8217;Objectiu de Desenvolupament Sostenible n\u00famero 12 parla de la producci\u00f3 i el consum responsables, dels canvis en els patrons de producci\u00f3 i consum que s&#8217;han de fer per sostenir el planeta.&nbsp;<\/p>\n\n\n\n<p>Aquest objectiu va ser formulat el 2015 per els Nacions Unides juntament amb els altres 17 Objectius de Desenvolupament Sostenible, aprovats per 193 pa\u00efsos membres. Tots ells estan inclosos a l&#8217;Agenda 2030, un pla d&#8217;acci\u00f3 general a tot el m\u00f3n, que t\u00e9 com a objectiu eradicar la pobresa, protegir el planeta i garantir el benestar de tothom.<\/p>\n\n\n\n<p>L\u2019ODS 12 va sorgir com a resposta al consum excessiu i a la sobreexplotaci\u00f3 dels recursos naturals, que estan posant en risc l\u2019equilibri ambiental i la qualitat de vida. Segons les Nacions Unides, si la poblaci\u00f3 mundial continua creixent a ritme actual, l\u2019any 2050 necessitarem gaireb\u00e9 tres planetes per mantenir el nostre estil de vida actual.&nbsp;<\/p>\n\n\n\n<p>Per aix\u00f2, aquest objectiu pret\u00e9n aconseguir patrons sostenibles de producci\u00f3 i consum. Es tracta de l&#8217;\u00fas eficient dels recursos naturals, a m\u00e9s de la reducci\u00f3 dels residus i el malbaratament alimentari, el reciclatge i la promoci\u00f3 de la reutilitzaci\u00f3, o una economia circular, \u00e9s a dir, la vida \u00fatil dels productes despr\u00e9s de la seva fiabilitat. Vol sensibilitzar les empreses, els governs i els ciutadans sobre el consum responsable.&nbsp;<\/p>\n\n\n\n<p>Aquest objectiu s&#8217;aplica globalment, dins de tots els pa\u00efsos, compartint acords i estrat\u00e8gies. En l&#8217;\u00e0mbit regional, per exemple a Europa, la Uni\u00f3 Europea promou iniciatives de reducci\u00f3 de residus mitjan\u00e7ant la sostenibilitat en la producci\u00f3 amb plans com el Pacti Verd Europeu, entre d&#8217;altres. A escala local, ciutats i municipis del baix Llobregat, com llaura el Prat de Llobregat, treballen en plans d&#8217;acci\u00f3 per a millors sistemes de gesti\u00f3 energ\u00e8tica que impliquessin la reducci\u00f3 del consum de recursos i altres h\u00e0bits de sostenibilitat de la poblaci\u00f3.<\/p>\n\n\n\n<p><strong>Carla Cherta<\/strong><\/p>\n\n\n\n<div class=\"wp-block-getwid-accordion has-icon-left\" data-active-element=\"none\">\n<div class=\"wp-block-getwid-accordion__header-wrapper\"><span class=\"wp-block-getwid-accordion__header\"><a href=\"#\"><span class=\"wp-block-getwid-accordion__header-title\">Gesti\u00f3 de productes qu\u00edmics i contaminaci\u00f3 associada. Duran, Izan. (Local.)<\/span><span class=\"wp-block-getwid-accordion__icon is-active\"><i class=\"fas fa-plus\"><\/i><\/span><span class=\"wp-block-getwid-accordion__icon is-passive\"><i class=\"fas fa-minus\"><\/i><\/span><\/a><\/span><\/div><div class=\"wp-block-getwid-accordion__content-wrapper\"><div class=\"wp-block-getwid-accordion__content\">\n<div data-wp-interactive=\"core\/file\" class=\"wp-block-file\"><object data-wp-bind--hidden=\"!state.hasPdfPreview\" hidden class=\"wp-block-file__embed\" data=\"https:\/\/agora.xtec.cat\/iesestany\/wp-content\/uploads\/usu1853\/2026\/04\/Gestio-de-productes-quimics-i-contaminacio-associada.-Duran-Izan.-Local.pdf\" type=\"application\/pdf\" style=\"width:100%;height:600px\" aria-label=\"Incrustaci\u00f3 del fitxer Gesti\u00f3 de productes qu\u00edmics i contaminaci\u00f3 associada. Duran, Izan. (Local.).\"><\/object><a id=\"wp-block-file--media-17c827d1-a4ba-440c-a2f2-58e4831369a2\" href=\"https:\/\/agora.xtec.cat\/iesestany\/wp-content\/uploads\/usu1853\/2026\/04\/Gestio-de-productes-quimics-i-contaminacio-associada.-Duran-Izan.-Local.pdf\">Gesti\u00f3 de productes qu\u00edmics i contaminaci\u00f3 associada. Duran, Izan. (Local.)<\/a><a href=\"https:\/\/agora.xtec.cat\/iesestany\/wp-content\/uploads\/usu1853\/2026\/04\/Gestio-de-productes-quimics-i-contaminacio-associada.-Duran-Izan.-Local.pdf\" class=\"wp-block-file__button wp-element-button\" download aria-describedby=\"wp-block-file--media-17c827d1-a4ba-440c-a2f2-58e4831369a2\">Baixa<\/a><\/div>\n\n\n\n<p><\/p>\n<\/div><\/div>\n\n\n\n<div class=\"wp-block-getwid-accordion__header-wrapper\"><span class=\"wp-block-getwid-accordion__header\"><a href=\"#\"><span class=\"wp-block-getwid-accordion__header-title\">L&#8217;economia regenerativa. Cherta Carla (Regional)<\/span><span class=\"wp-block-getwid-accordion__icon is-active\"><i class=\"fas fa-plus\"><\/i><\/span><span class=\"wp-block-getwid-accordion__icon is-passive\"><i class=\"fas fa-minus\"><\/i><\/span><\/a><\/span><\/div><div class=\"wp-block-getwid-accordion__content-wrapper\"><div class=\"wp-block-getwid-accordion__content\">\n<div data-wp-interactive=\"core\/file\" class=\"wp-block-file\"><object data-wp-bind--hidden=\"!state.hasPdfPreview\" hidden class=\"wp-block-file__embed\" data=\"https:\/\/agora.xtec.cat\/iesestany\/wp-content\/uploads\/usu1853\/2026\/04\/Leconomia-regenerativa.-Cherta-Carla-Regional.pdf\" type=\"application\/pdf\" style=\"width:100%;height:600px\" aria-label=\"Incrustaci\u00f3 del fitxer L&#039;economia regenerativa. Cherta Carla (Regional).\"><\/object><a id=\"wp-block-file--media-9c099060-4929-4180-a2d4-cad174fd2985\" href=\"https:\/\/agora.xtec.cat\/iesestany\/wp-content\/uploads\/usu1853\/2026\/04\/Leconomia-regenerativa.-Cherta-Carla-Regional.pdf\">L&#8217;economia regenerativa. Cherta Carla (Regional)<\/a><a href=\"https:\/\/agora.xtec.cat\/iesestany\/wp-content\/uploads\/usu1853\/2026\/04\/Leconomia-regenerativa.-Cherta-Carla-Regional.pdf\" class=\"wp-block-file__button wp-element-button\" download aria-describedby=\"wp-block-file--media-9c099060-4929-4180-a2d4-cad174fd2985\">Baixa<\/a><\/div>\n\n\n\n<p><\/p>\n<\/div><\/div>\n\n\n\n<div class=\"wp-block-getwid-accordion__header-wrapper\"><span class=\"wp-block-getwid-accordion__header\"><a href=\"#\"><span class=\"wp-block-getwid-accordion__header-title\">La depend\u00e8ncia de la carretera en el transport de mercaderies. Carla Cherta (Regional)<\/span><span class=\"wp-block-getwid-accordion__icon is-active\"><i class=\"fas fa-plus\"><\/i><\/span><span class=\"wp-block-getwid-accordion__icon is-passive\"><i class=\"fas fa-minus\"><\/i><\/span><\/a><\/span><\/div><div class=\"wp-block-getwid-accordion__content-wrapper\"><div class=\"wp-block-getwid-accordion__content\">\n<div data-wp-interactive=\"core\/file\" class=\"wp-block-file\"><object data-wp-bind--hidden=\"!state.hasPdfPreview\" hidden class=\"wp-block-file__embed\" data=\"https:\/\/agora.xtec.cat\/iesestany\/wp-content\/uploads\/usu1853\/2026\/04\/La-dependencia-de-la-carretera-en-el-transport-de-mercaderies.-Carla-Cherta-Regional.pdf\" type=\"application\/pdf\" style=\"width:100%;height:600px\" aria-label=\"Incrustaci\u00f3 del fitxer La depend\u00e8ncia de la carretera en el transport de mercaderies. Carla Cherta (Regional).\"><\/object><a id=\"wp-block-file--media-61421f85-bfe6-47c4-b9ad-abf5aa439304\" href=\"https:\/\/agora.xtec.cat\/iesestany\/wp-content\/uploads\/usu1853\/2026\/04\/La-dependencia-de-la-carretera-en-el-transport-de-mercaderies.-Carla-Cherta-Regional.pdf\">La depend\u00e8ncia de la carretera en el transport de mercaderies. Carla Cherta (Regional)<\/a><a href=\"https:\/\/agora.xtec.cat\/iesestany\/wp-content\/uploads\/usu1853\/2026\/04\/La-dependencia-de-la-carretera-en-el-transport-de-mercaderies.-Carla-Cherta-Regional.pdf\" class=\"wp-block-file__button wp-element-button\" download aria-describedby=\"wp-block-file--media-61421f85-bfe6-47c4-b9ad-abf5aa439304\">Baixa<\/a><\/div>\n\n\n\n<p><\/p>\n<\/div><\/div>\n\n\n\n<div class=\"wp-block-getwid-accordion__header-wrapper\"><span class=\"wp-block-getwid-accordion__header\"><a href=\"#\"><span class=\"wp-block-getwid-accordion__header-title\">La depend\u00e8ncia dels productes de la Xina. Cherta Carla (Global)<\/span><span class=\"wp-block-getwid-accordion__icon is-active\"><i class=\"fas fa-plus\"><\/i><\/span><span class=\"wp-block-getwid-accordion__icon is-passive\"><i class=\"fas fa-minus\"><\/i><\/span><\/a><\/span><\/div><div class=\"wp-block-getwid-accordion__content-wrapper\"><div class=\"wp-block-getwid-accordion__content\">\n<div data-wp-interactive=\"core\/file\" class=\"wp-block-file\"><object data-wp-bind--hidden=\"!state.hasPdfPreview\" hidden class=\"wp-block-file__embed\" data=\"https:\/\/agora.xtec.cat\/iesestany\/wp-content\/uploads\/usu1853\/2026\/04\/La-dependencia-dels-productes-de-la-Xina.-Cherta-Carla-Global.pdf\" type=\"application\/pdf\" style=\"width:100%;height:600px\" aria-label=\"Incrustaci\u00f3 del fitxer La depend\u00e8ncia dels productes de la Xina. Cherta Carla (Global).\"><\/object><a id=\"wp-block-file--media-18b61bab-e2a2-4197-b962-1b0ed030b02d\" href=\"https:\/\/agora.xtec.cat\/iesestany\/wp-content\/uploads\/usu1853\/2026\/04\/La-dependencia-dels-productes-de-la-Xina.-Cherta-Carla-Global.pdf\">La depend\u00e8ncia dels productes de la Xina. Cherta Carla (Global)<\/a><a href=\"https:\/\/agora.xtec.cat\/iesestany\/wp-content\/uploads\/usu1853\/2026\/04\/La-dependencia-dels-productes-de-la-Xina.-Cherta-Carla-Global.pdf\" class=\"wp-block-file__button wp-element-button\" download aria-describedby=\"wp-block-file--media-18b61bab-e2a2-4197-b962-1b0ed030b02d\">Baixa<\/a><\/div>\n\n\n\n<p><\/p>\n<\/div><\/div>\n\n\n\n<div class=\"wp-block-getwid-accordion__header-wrapper\"><span class=\"wp-block-getwid-accordion__header\"><a href=\"#\"><span class=\"wp-block-getwid-accordion__header-title\">Desaprofitament d&#8217;aliments. Duran Izan. (Global.)<\/span><span class=\"wp-block-getwid-accordion__icon is-active\"><i class=\"fas fa-plus\"><\/i><\/span><span class=\"wp-block-getwid-accordion__icon is-passive\"><i class=\"fas fa-minus\"><\/i><\/span><\/a><\/span><\/div><div class=\"wp-block-getwid-accordion__content-wrapper\"><div class=\"wp-block-getwid-accordion__content\">\n<div data-wp-interactive=\"core\/file\" class=\"wp-block-file\"><object data-wp-bind--hidden=\"!state.hasPdfPreview\" hidden class=\"wp-block-file__embed\" data=\"https:\/\/agora.xtec.cat\/iesestany\/wp-content\/uploads\/usu1853\/2026\/04\/Desaprofitament-daliments.-Duran-Izan.-Global.pdf\" type=\"application\/pdf\" style=\"width:100%;height:600px\" aria-label=\"Incrustaci\u00f3 del fitxer Desaprofitament d&#039;aliments. Duran Izan. (Global.).\"><\/object><a id=\"wp-block-file--media-1770c9a6-1b51-4ebf-9cb6-ff84b534d18f\" href=\"https:\/\/agora.xtec.cat\/iesestany\/wp-content\/uploads\/usu1853\/2026\/04\/Desaprofitament-daliments.-Duran-Izan.-Global.pdf\">Desaprofitament d&#8217;aliments. Duran Izan. (Global.)<\/a><a href=\"https:\/\/agora.xtec.cat\/iesestany\/wp-content\/uploads\/usu1853\/2026\/04\/Desaprofitament-daliments.-Duran-Izan.-Global.pdf\" class=\"wp-block-file__button wp-element-button\" download aria-describedby=\"wp-block-file--media-1770c9a6-1b51-4ebf-9cb6-ff84b534d18f\">Baixa<\/a><\/div>\n\n\n\n<p><\/p>\n<\/div><\/div>\n\n\n\n<div class=\"wp-block-getwid-accordion__header-wrapper\"><span class=\"wp-block-getwid-accordion__header\"><a href=\"#\"><span class=\"wp-block-getwid-accordion__header-title\">El turisme massiu. Cherta Carla (Global)<\/span><span class=\"wp-block-getwid-accordion__icon is-active\"><i class=\"fas fa-plus\"><\/i><\/span><span class=\"wp-block-getwid-accordion__icon is-passive\"><i class=\"fas fa-minus\"><\/i><\/span><\/a><\/span><\/div><div class=\"wp-block-getwid-accordion__content-wrapper\"><div class=\"wp-block-getwid-accordion__content\">\n<div data-wp-interactive=\"core\/file\" class=\"wp-block-file\"><object data-wp-bind--hidden=\"!state.hasPdfPreview\" hidden class=\"wp-block-file__embed\" data=\"https:\/\/agora.xtec.cat\/iesestany\/wp-content\/uploads\/usu1853\/2026\/04\/El-turisme-massiu.-Cherta-Carla-Global.pdf\" type=\"application\/pdf\" style=\"width:100%;height:600px\" aria-label=\"Incrustaci\u00f3 del fitxer El turisme massiu. Cherta Carla (Global).\"><\/object><a id=\"wp-block-file--media-7198269e-2585-4793-af16-9b274a453ee1\" href=\"https:\/\/agora.xtec.cat\/iesestany\/wp-content\/uploads\/usu1853\/2026\/04\/El-turisme-massiu.-Cherta-Carla-Global.pdf\">El turisme massiu. Cherta Carla (Global)<\/a><a href=\"https:\/\/agora.xtec.cat\/iesestany\/wp-content\/uploads\/usu1853\/2026\/04\/El-turisme-massiu.-Cherta-Carla-Global.pdf\" class=\"wp-block-file__button wp-element-button\" download aria-describedby=\"wp-block-file--media-7198269e-2585-4793-af16-9b274a453ee1\">Baixa<\/a><\/div>\n\n\n\n<p><\/p>\n<\/div><\/div>\n\n\n\n<div class=\"wp-block-getwid-accordion__header-wrapper\"><span class=\"wp-block-getwid-accordion__header\"><a href=\"#\"><span class=\"wp-block-getwid-accordion__header-title\">Generaci\u00f3 excessiva de residus, productes d&#8217;un sol \u00fas i baixa reutilitzaci\u00f3 de materials. Duran, Izan. (Regional.)<\/span><span class=\"wp-block-getwid-accordion__icon is-active\"><i class=\"fas fa-plus\"><\/i><\/span><span class=\"wp-block-getwid-accordion__icon is-passive\"><i class=\"fas fa-minus\"><\/i><\/span><\/a><\/span><\/div><div class=\"wp-block-getwid-accordion__content-wrapper\"><div class=\"wp-block-getwid-accordion__content\">\n<div data-wp-interactive=\"core\/file\" class=\"wp-block-file\"><object data-wp-bind--hidden=\"!state.hasPdfPreview\" hidden class=\"wp-block-file__embed\" data=\"https:\/\/agora.xtec.cat\/iesestany\/wp-content\/uploads\/usu1853\/2026\/04\/Generacio-excessiva-de-residus-productes-dun-sol-us-i-baixa-reutilitzacio-de-materials.-Duran-Izan.-Regional.pdf\" type=\"application\/pdf\" style=\"width:100%;height:600px\" aria-label=\"Incrustaci\u00f3 del fitxer Generaci\u00f3 excessiva de residus, productes d&#039;un sol \u00fas i baixa reutilitzaci\u00f3 de materials. Duran, Izan. (Regional.).\"><\/object><a id=\"wp-block-file--media-043b7a08-7ed2-49db-9de9-f089f2d01224\" href=\"https:\/\/agora.xtec.cat\/iesestany\/wp-content\/uploads\/usu1853\/2026\/04\/Generacio-excessiva-de-residus-productes-dun-sol-us-i-baixa-reutilitzacio-de-materials.-Duran-Izan.-Regional.pdf\">Generaci\u00f3 excessiva de residus, productes d&#8217;un sol \u00fas i baixa reutilitzaci\u00f3 de materials. Duran, Izan. (Regional.)<\/a><a href=\"https:\/\/agora.xtec.cat\/iesestany\/wp-content\/uploads\/usu1853\/2026\/04\/Generacio-excessiva-de-residus-productes-dun-sol-us-i-baixa-reutilitzacio-de-materials.-Duran-Izan.-Regional.pdf\" class=\"wp-block-file__button wp-element-button\" download aria-describedby=\"wp-block-file--media-043b7a08-7ed2-49db-9de9-f089f2d01224\">Baixa<\/a><\/div>\n\n\n\n<p><\/p>\n<\/div><\/div>\n\n\n\n<div class=\"wp-block-getwid-accordion__header-wrapper\"><span class=\"wp-block-getwid-accordion__header\"><a href=\"#\"><span class=\"wp-block-getwid-accordion__header-title\">\u00das excessiu de recursos naturals. Duran, Izan. (Global.)<\/span><span class=\"wp-block-getwid-accordion__icon is-active\"><i class=\"fas fa-plus\"><\/i><\/span><span class=\"wp-block-getwid-accordion__icon is-passive\"><i class=\"fas fa-minus\"><\/i><\/span><\/a><\/span><\/div><div class=\"wp-block-getwid-accordion__content-wrapper\"><div class=\"wp-block-getwid-accordion__content\">\n<div data-wp-interactive=\"core\/file\" class=\"wp-block-file\"><object data-wp-bind--hidden=\"!state.hasPdfPreview\" hidden class=\"wp-block-file__embed\" data=\"https:\/\/agora.xtec.cat\/iesestany\/wp-content\/uploads\/usu1853\/2026\/04\/Us-excessiu-de-recursos-naturals.-Duran-Izan.-Global.pdf\" type=\"application\/pdf\" style=\"width:100%;height:600px\" aria-label=\"Incrustaci\u00f3 del fitxer \u00das excessiu de recursos naturals. Duran, Izan. (Global.).\"><\/object><a id=\"wp-block-file--media-4ff98090-bb01-4651-90ba-a07e2f4c902f\" href=\"https:\/\/agora.xtec.cat\/iesestany\/wp-content\/uploads\/usu1853\/2026\/04\/Us-excessiu-de-recursos-naturals.-Duran-Izan.-Global.pdf\">\u00das excessiu de recursos naturals. Duran, Izan. (Global.)<\/a><a href=\"https:\/\/agora.xtec.cat\/iesestany\/wp-content\/uploads\/usu1853\/2026\/04\/Us-excessiu-de-recursos-naturals.-Duran-Izan.-Global.pdf\" class=\"wp-block-file__button wp-element-button\" download aria-describedby=\"wp-block-file--media-4ff98090-bb01-4651-90ba-a07e2f4c902f\">Baixa<\/a><\/div>\n\n\n\n<p><\/p>\n<\/div><\/div>\n<\/div>\n\n\n\n<p><\/p>\n","protected":false},"excerpt":{"rendered":"<p>L&#8217;Objectiu de Desenvolupament Sostenible n\u00famero 12 parla de la producci\u00f3 i el consum responsables, dels canvis en els patrons de producci\u00f3 i consum que s&#8217;han de fer per sostenir el planeta.&nbsp; Aquest objectiu va ser formulat el 2015 per els Nacions Unides juntament amb els altres 17 Objectius de Desenvolupament Sostenible, aprovats per 193 pa\u00efsos [&hellip;]<\/p>\n","protected":false},"author":1,"featured_media":0,"parent":4652,"menu_order":12,"comment_status":"closed","ping_status":"closed","template":"","meta":{"_bbp_topic_count":0,"_bbp_reply_count":0,"_bbp_total_topic_count":0,"_bbp_total_reply_count":0,"_bbp_voice_count":0,"_bbp_anonymous_reply_count":0,"_bbp_topic_count_hidden":0,"_bbp_reply_count_hidden":0,"_bbp_forum_subforum_count":0,"site-sidebar-layout":"default","site-content-layout":"","ast-site-content-layout":"default","site-content-style":"default","site-sidebar-style":"default","ast-global-header-display":"","ast-banner-title-visibility":"","ast-main-header-display":"","ast-hfb-above-header-display":"","ast-hfb-below-header-display":"","ast-hfb-mobile-header-display":"","site-post-title":"","ast-breadcrumbs-content":"","ast-featured-img":"","footer-sml-layout":"","theme-transparent-header-meta":"","adv-header-id-meta":"","stick-header-meta":"","header-above-stick-meta":"","header-main-stick-meta":"","header-below-stick-meta":"","astra-migrate-meta-layouts":"set","ast-page-background-enabled":"default","ast-page-background-meta":{"desktop":{"background-color":"var(--ast-global-color-4)","background-image":"","background-repeat":"repeat","background-position":"center center","background-size":"auto","background-attachment":"scroll","background-type":"","background-media":"","overlay-type":"","overlay-color":"","overlay-opacity":"","overlay-gradient":""},"tablet":{"background-color":"","background-image":"","background-repeat":"repeat","background-position":"center center","background-size":"auto","background-attachment":"scroll","background-type":"","background-media":"","overlay-type":"","overlay-color":"","overlay-opacity":"","overlay-gradient":""},"mobile":{"background-color":"","background-image":"","background-repeat":"repeat","background-position":"center center","background-size":"auto","background-attachment":"scroll","background-type":"","background-media":"","overlay-type":"","overlay-color":"","overlay-opacity":"","overlay-gradient":""}},"ast-content-background-meta":{"desktop":{"background-color":"var(--ast-global-color-5)","background-image":"","background-repeat":"repeat","background-position":"center center","background-size":"auto","background-attachment":"scroll","background-type":"","background-media":"","overlay-type":"","overlay-color":"","overlay-opacity":"","overlay-gradient":""},"tablet":{"background-color":"var(--ast-global-color-5)","background-image":"","background-repeat":"repeat","background-position":"center center","background-size":"auto","background-attachment":"scroll","background-type":"","background-media":"","overlay-type":"","overlay-color":"","overlay-opacity":"","overlay-gradient":""},"mobile":{"background-color":"var(--ast-global-color-5)","background-image":"","background-repeat":"repeat","background-position":"center center","background-size":"auto","background-attachment":"scroll","background-type":"","background-media":"","overlay-type":"","overlay-color":"","overlay-opacity":"","overlay-gradient":""}},"footnotes":""},"class_list":["post-4679","page","type-page","status-publish","hentry"],"post_mailing_queue_ids":[],"_links":{"self":[{"href":"https:\/\/agora.xtec.cat\/iesestany\/wp-json\/wp\/v2\/pages\/4679","targetHints":{"allow":["GET"]}}],"collection":[{"href":"https:\/\/agora.xtec.cat\/iesestany\/wp-json\/wp\/v2\/pages"}],"about":[{"href":"https:\/\/agora.xtec.cat\/iesestany\/wp-json\/wp\/v2\/types\/page"}],"author":[{"embeddable":true,"href":"https:\/\/agora.xtec.cat\/iesestany\/wp-json\/wp\/v2\/users\/1"}],"replies":[{"embeddable":true,"href":"https:\/\/agora.xtec.cat\/iesestany\/wp-json\/wp\/v2\/comments?post=4679"}],"version-history":[{"count":3,"href":"https:\/\/agora.xtec.cat\/iesestany\/wp-json\/wp\/v2\/pages\/4679\/revisions"}],"predecessor-version":[{"id":4829,"href":"https:\/\/agora.xtec.cat\/iesestany\/wp-json\/wp\/v2\/pages\/4679\/revisions\/4829"}],"up":[{"embeddable":true,"href":"https:\/\/agora.xtec.cat\/iesestany\/wp-json\/wp\/v2\/pages\/4652"}],"wp:attachment":[{"href":"https:\/\/agora.xtec.cat\/iesestany\/wp-json\/wp\/v2\/media?parent=4679"}],"curies":[{"name":"wp","href":"https:\/\/api.w.org\/{rel}","templated":true}]}}