{"id":4677,"date":"2026-03-12T14:06:39","date_gmt":"2026-03-12T13:06:39","guid":{"rendered":"https:\/\/agora.xtec.cat\/iesestany\/?page_id=4677"},"modified":"2026-04-09T20:26:35","modified_gmt":"2026-04-09T18:26:35","slug":"ods-11-ciutats-i-comunitats-sostenibles","status":"publish","type":"page","link":"https:\/\/agora.xtec.cat\/iesestany\/articles-ods\/ods-11-ciutats-i-comunitats-sostenibles\/","title":{"rendered":"ODS 11 &#8211; Ciutats i comunitats sostenibles"},"content":{"rendered":"\n<figure class=\"wp-block-image size-full\"><a href=\"https:\/\/agora.xtec.cat\/iesestany\/wp-content\/uploads\/usu1853\/2026\/03\/imatge-10.png\"><img loading=\"lazy\" decoding=\"async\" width=\"768\" height=\"180\" src=\"https:\/\/agora.xtec.cat\/iesestany\/wp-content\/uploads\/usu1853\/2026\/03\/imatge-10.png\" alt=\"\" class=\"wp-image-4731\" srcset=\"https:\/\/agora.xtec.cat\/iesestany\/wp-content\/uploads\/usu1853\/2026\/03\/imatge-10.png 768w, https:\/\/agora.xtec.cat\/iesestany\/wp-content\/uploads\/usu1853\/2026\/03\/imatge-10-300x70.png 300w\" sizes=\"auto, (max-width: 768px) 100vw, 768px\" \/><\/a><\/figure>\n\n\n\n<p>Avui en dia, m\u00e9s de la meitat de la poblaci\u00f3 viu en zones urbanes, ja que segons diu l\u2019ONU, al 2022 la poblaci\u00f3 mundial va aconseguir els 8000 milions de persones les quals vivien en zones urbanes. Vist aix\u00f2, es preveu que aquesta xifra augmenti i que per al 2050 s\u2019arribi al 70%. Deguda aquesta expansi\u00f3, s\u2019ha perm\u00e8s que hi hagi un r\u00e0pid progr\u00e9s social i econ\u00f2mic, al voltant del 60% del PIB, per\u00f2, no tot s\u00f3n aspectes positius. Aquest progr\u00e9s comporta una s\u00e8rie de problemes que necessiten una inversi\u00f3 com podria ser el tractament de residus generats, on cada vegada van en augment. Altres problemes provenen de la urbanitzaci\u00f3 i del creixement de la poblaci\u00f3, ja que supera el ritme de construcci\u00f3 de vivendes adequades i sostenibles, cosa que provoca l\u2019augment de barris conflictius.&nbsp;<\/p>\n\n\n\n<p>L\u2019ODS 11 t\u00e9 com a objectiu aconseguir que les ciutats siguin m\u00e9s inclusives, segures, resilients i sostenibles. \u00c9s per aix\u00f2 que es pret\u00e9n que les comunitats i ciutats siguin sostenibles a trav\u00e9s de l\u2019acc\u00e9s de tota la poblaci\u00f3 a vivendes, serveis b\u00e0sics i mitjans de transport adequats, especialment per aquelles persones amb vulnerabilitat i alhora fomentant la sostenibilitat en les ciutats, la reducci\u00f3 de l\u2019impacte mediambiental, les zones verdes i espais p\u00fablics tan segurs com inclusius, un urbanisme sostenible i una millora de les condicions dels barris considerats com a conflictius. Tot seguit, tamb\u00e9 es busca preservar el patrimoni natural i cultural del m\u00f3n, fer front als impactes dels desastres naturals i enfortir el vincle entre zones urbanes i rurals, per a generar un desenvolupament beneficiari per a ambdues.&nbsp;<\/p>\n\n\n\n<p>Martina D\u00f3lera<\/p>\n\n\n\n<div class=\"wp-block-getwid-accordion has-icon-left\" data-active-element=\"none\">\n<div class=\"wp-block-getwid-accordion__header-wrapper\"><span class=\"wp-block-getwid-accordion__header\"><a href=\"#\"><span class=\"wp-block-getwid-accordion__header-title\">Camps de refugiats. Alejandra de la Fuente (Global).pdf<\/span><span class=\"wp-block-getwid-accordion__icon is-active\"><i class=\"fas fa-plus\"><\/i><\/span><span class=\"wp-block-getwid-accordion__icon is-passive\"><i class=\"fas fa-minus\"><\/i><\/span><\/a><\/span><\/div><div class=\"wp-block-getwid-accordion__content-wrapper\"><div class=\"wp-block-getwid-accordion__content\">\n<div data-wp-interactive=\"core\/file\" class=\"wp-block-file\"><object data-wp-bind--hidden=\"!state.hasPdfPreview\" hidden class=\"wp-block-file__embed\" data=\"https:\/\/agora.xtec.cat\/iesestany\/wp-content\/uploads\/usu1853\/2026\/04\/Camps-de-refugiats.-Alejandra-de-la-Fuente-Global.pdf\" type=\"application\/pdf\" style=\"width:100%;height:600px\" aria-label=\"Incrustaci\u00f3 del fitxer Camps de refugiats. Alejandra de la Fuente (Global).\"><\/object><a id=\"wp-block-file--media-d13149cd-5dde-4638-ac7b-b3cf64e17303\" href=\"https:\/\/agora.xtec.cat\/iesestany\/wp-content\/uploads\/usu1853\/2026\/04\/Camps-de-refugiats.-Alejandra-de-la-Fuente-Global.pdf\">Camps de refugiats. Alejandra de la Fuente (Global)<\/a><a href=\"https:\/\/agora.xtec.cat\/iesestany\/wp-content\/uploads\/usu1853\/2026\/04\/Camps-de-refugiats.-Alejandra-de-la-Fuente-Global.pdf\" class=\"wp-block-file__button wp-element-button\" download aria-describedby=\"wp-block-file--media-d13149cd-5dde-4638-ac7b-b3cf64e17303\">Baixa<\/a><\/div>\n\n\n\n<p><\/p>\n<\/div><\/div>\n\n\n\n<div class=\"wp-block-getwid-accordion__header-wrapper\"><span class=\"wp-block-getwid-accordion__header\"><a href=\"#\"><span class=\"wp-block-getwid-accordion__header-title\">Chongqing la ciutat m\u00e9s gran del m\u00f3n. Martina D\u00f3lera (Global)<\/span><span class=\"wp-block-getwid-accordion__icon is-active\"><i class=\"fas fa-plus\"><\/i><\/span><span class=\"wp-block-getwid-accordion__icon is-passive\"><i class=\"fas fa-minus\"><\/i><\/span><\/a><\/span><\/div><div class=\"wp-block-getwid-accordion__content-wrapper\"><div class=\"wp-block-getwid-accordion__content\">\n<div data-wp-interactive=\"core\/file\" class=\"wp-block-file\"><object data-wp-bind--hidden=\"!state.hasPdfPreview\" hidden class=\"wp-block-file__embed\" data=\"https:\/\/agora.xtec.cat\/iesestany\/wp-content\/uploads\/usu1853\/2026\/04\/Chongqing-la-ciutat-mes-gran-del-mon.-Martina-Dolera-Global.pdf\" type=\"application\/pdf\" style=\"width:100%;height:600px\" aria-label=\"Incrustaci\u00f3 del fitxer Chongqing la ciutat m\u00e9s gran del m\u00f3n. Martina D\u00f3lera (Global).\"><\/object><a id=\"wp-block-file--media-ba5f632b-78c0-4fc3-84bb-630ac847f6de\" href=\"https:\/\/agora.xtec.cat\/iesestany\/wp-content\/uploads\/usu1853\/2026\/04\/Chongqing-la-ciutat-mes-gran-del-mon.-Martina-Dolera-Global.pdf\">Chongqing la ciutat m\u00e9s gran del m\u00f3n. Martina D\u00f3lera (Global)<\/a><a href=\"https:\/\/agora.xtec.cat\/iesestany\/wp-content\/uploads\/usu1853\/2026\/04\/Chongqing-la-ciutat-mes-gran-del-mon.-Martina-Dolera-Global.pdf\" class=\"wp-block-file__button wp-element-button\" download aria-describedby=\"wp-block-file--media-ba5f632b-78c0-4fc3-84bb-630ac847f6de\">Baixa<\/a><\/div>\n\n\n\n<p><\/p>\n<\/div><\/div>\n\n\n\n<div class=\"wp-block-getwid-accordion__header-wrapper\"><span class=\"wp-block-getwid-accordion__header\"><a href=\"#\"><span class=\"wp-block-getwid-accordion__header-title\">Turisme de masses a Europa. Alejandra de la Fuente (Regional)<\/span><span class=\"wp-block-getwid-accordion__icon is-active\"><i class=\"fas fa-plus\"><\/i><\/span><span class=\"wp-block-getwid-accordion__icon is-passive\"><i class=\"fas fa-minus\"><\/i><\/span><\/a><\/span><\/div><div class=\"wp-block-getwid-accordion__content-wrapper\"><div class=\"wp-block-getwid-accordion__content\">\n<div data-wp-interactive=\"core\/file\" class=\"wp-block-file\"><object data-wp-bind--hidden=\"!state.hasPdfPreview\" hidden class=\"wp-block-file__embed\" data=\"https:\/\/agora.xtec.cat\/iesestany\/wp-content\/uploads\/usu1853\/2026\/04\/Turisme-de-masses-a-Europa.-Alejandra-de-la-Fuente-Regional.pdf\" type=\"application\/pdf\" style=\"width:100%;height:600px\" aria-label=\"Incrustaci\u00f3 del fitxer Turisme de masses a Europa. Alejandra de la Fuente (Regional).\"><\/object><a id=\"wp-block-file--media-e1a7671e-5748-4201-80db-d610c6ef62ff\" href=\"https:\/\/agora.xtec.cat\/iesestany\/wp-content\/uploads\/usu1853\/2026\/04\/Turisme-de-masses-a-Europa.-Alejandra-de-la-Fuente-Regional.pdf\">Turisme de masses a Europa. Alejandra de la Fuente (Regional)<\/a><a href=\"https:\/\/agora.xtec.cat\/iesestany\/wp-content\/uploads\/usu1853\/2026\/04\/Turisme-de-masses-a-Europa.-Alejandra-de-la-Fuente-Regional.pdf\" class=\"wp-block-file__button wp-element-button\" download aria-describedby=\"wp-block-file--media-e1a7671e-5748-4201-80db-d610c6ef62ff\">Baixa<\/a><\/div>\n\n\n\n<p><\/p>\n<\/div><\/div>\n\n\n\n<div class=\"wp-block-getwid-accordion__header-wrapper\"><span class=\"wp-block-getwid-accordion__header\"><a href=\"#\"><span class=\"wp-block-getwid-accordion__header-title\">M\u00e9s poblaci\u00f3, menys ciutat. El repte de creixement de la urbanitzaci\u00f3 desordenadaL\u00f3pez Adri\u00e0. (Global)<\/span><span class=\"wp-block-getwid-accordion__icon is-active\"><i class=\"fas fa-plus\"><\/i><\/span><span class=\"wp-block-getwid-accordion__icon is-passive\"><i class=\"fas fa-minus\"><\/i><\/span><\/a><\/span><\/div><div class=\"wp-block-getwid-accordion__content-wrapper\"><div class=\"wp-block-getwid-accordion__content\">\n<div data-wp-interactive=\"core\/file\" class=\"wp-block-file\"><object data-wp-bind--hidden=\"!state.hasPdfPreview\" hidden class=\"wp-block-file__embed\" data=\"https:\/\/agora.xtec.cat\/iesestany\/wp-content\/uploads\/usu1853\/2026\/04\/Mes-poblacio-menys-ciutat.-El-repte-de-creixement-de-la-urbanitzacio-desordenadaLopez-Adria.-Global.pdf\" type=\"application\/pdf\" style=\"width:100%;height:600px\" aria-label=\"Incrustaci\u00f3 del fitxer M\u00e9s poblaci\u00f3, menys ciutat. El repte de creixement de la urbanitzaci\u00f3 desordenadaL\u00f3pez Adri\u00e0. (Global).\"><\/object><a id=\"wp-block-file--media-c3f9059d-bb9d-49d2-a99b-772ee9cfc851\" href=\"https:\/\/agora.xtec.cat\/iesestany\/wp-content\/uploads\/usu1853\/2026\/04\/Mes-poblacio-menys-ciutat.-El-repte-de-creixement-de-la-urbanitzacio-desordenadaLopez-Adria.-Global.pdf\">M\u00e9s poblaci\u00f3, menys ciutat. El repte de creixement de la urbanitzaci\u00f3 desordenadaL\u00f3pez Adri\u00e0. (Global)<\/a><a href=\"https:\/\/agora.xtec.cat\/iesestany\/wp-content\/uploads\/usu1853\/2026\/04\/Mes-poblacio-menys-ciutat.-El-repte-de-creixement-de-la-urbanitzacio-desordenadaLopez-Adria.-Global.pdf\" class=\"wp-block-file__button wp-element-button\" download aria-describedby=\"wp-block-file--media-c3f9059d-bb9d-49d2-a99b-772ee9cfc851\">Baixa<\/a><\/div>\n<\/div><\/div>\n\n\n\n<div class=\"wp-block-getwid-accordion__header-wrapper\"><span class=\"wp-block-getwid-accordion__header\"><a href=\"#\"><span class=\"wp-block-getwid-accordion__header-title\">Lloguer impossible_ la gran barrera dels joves a Espanya. Alejandra de la Fuente (Regional)<\/span><span class=\"wp-block-getwid-accordion__icon is-active\"><i class=\"fas fa-plus\"><\/i><\/span><span class=\"wp-block-getwid-accordion__icon is-passive\"><i class=\"fas fa-minus\"><\/i><\/span><\/a><\/span><\/div><div class=\"wp-block-getwid-accordion__content-wrapper\"><div class=\"wp-block-getwid-accordion__content\">\n<div data-wp-interactive=\"core\/file\" class=\"wp-block-file\"><object data-wp-bind--hidden=\"!state.hasPdfPreview\" hidden class=\"wp-block-file__embed\" data=\"https:\/\/agora.xtec.cat\/iesestany\/wp-content\/uploads\/usu1853\/2026\/04\/Lloguer-impossible_-la-gran-barrera-dels-joves-a-Espanya.-Alejandra-de-la-Fuente-Regional.pdf\" type=\"application\/pdf\" style=\"width:100%;height:600px\" aria-label=\"Incrustaci\u00f3 del fitxer Lloguer impossible_ la gran barrera dels joves a Espanya. Alejandra de la Fuente (Regional).\"><\/object><a id=\"wp-block-file--media-1f4f277a-28ca-4803-a6d5-3fab7e0aaf66\" href=\"https:\/\/agora.xtec.cat\/iesestany\/wp-content\/uploads\/usu1853\/2026\/04\/Lloguer-impossible_-la-gran-barrera-dels-joves-a-Espanya.-Alejandra-de-la-Fuente-Regional.pdf\">Lloguer impossible_ la gran barrera dels joves a Espanya. Alejandra de la Fuente (Regional)<\/a><a href=\"https:\/\/agora.xtec.cat\/iesestany\/wp-content\/uploads\/usu1853\/2026\/04\/Lloguer-impossible_-la-gran-barrera-dels-joves-a-Espanya.-Alejandra-de-la-Fuente-Regional.pdf\" class=\"wp-block-file__button wp-element-button\" download aria-describedby=\"wp-block-file--media-1f4f277a-28ca-4803-a6d5-3fab7e0aaf66\">Baixa<\/a><\/div>\n\n\n\n<p><\/p>\n<\/div><\/div>\n\n\n\n<div class=\"wp-block-getwid-accordion__header-wrapper\"><span class=\"wp-block-getwid-accordion__header\"><a href=\"#\"><span class=\"wp-block-getwid-accordion__header-title\">L\u2019aire que ens mata. L\u2019impacte de la contaminaci\u00f3 de l\u2019aire a les ciutats. L\u00f3pez Adri\u00e0 (Global)<\/span><span class=\"wp-block-getwid-accordion__icon is-active\"><i class=\"fas fa-plus\"><\/i><\/span><span class=\"wp-block-getwid-accordion__icon is-passive\"><i class=\"fas fa-minus\"><\/i><\/span><\/a><\/span><\/div><div class=\"wp-block-getwid-accordion__content-wrapper\"><div class=\"wp-block-getwid-accordion__content\">\n<div data-wp-interactive=\"core\/file\" class=\"wp-block-file\"><object data-wp-bind--hidden=\"!state.hasPdfPreview\" hidden class=\"wp-block-file__embed\" data=\"https:\/\/agora.xtec.cat\/iesestany\/wp-content\/uploads\/usu1853\/2026\/04\/Laire-que-ens-mata.-Limpacte-de-la-contaminacio-de-laire-a-les-ciutats.-Lopez-Adria-Global.pdf\" type=\"application\/pdf\" style=\"width:100%;height:600px\" aria-label=\"Incrustaci\u00f3 del fitxer L\u2019aire que ens mata. L\u2019impacte de la contaminaci\u00f3 de l\u2019aire a les ciutats. L\u00f3pez Adri\u00e0 (Global).\"><\/object><a id=\"wp-block-file--media-594de9f6-d91d-4970-bf8d-9eb1a5fde525\" href=\"https:\/\/agora.xtec.cat\/iesestany\/wp-content\/uploads\/usu1853\/2026\/04\/Laire-que-ens-mata.-Limpacte-de-la-contaminacio-de-laire-a-les-ciutats.-Lopez-Adria-Global.pdf\">L\u2019aire que ens mata. L\u2019impacte de la contaminaci\u00f3 de l\u2019aire a les ciutats. L\u00f3pez Adri\u00e0 (Global)<\/a><a href=\"https:\/\/agora.xtec.cat\/iesestany\/wp-content\/uploads\/usu1853\/2026\/04\/Laire-que-ens-mata.-Limpacte-de-la-contaminacio-de-laire-a-les-ciutats.-Lopez-Adria-Global.pdf\" class=\"wp-block-file__button wp-element-button\" download aria-describedby=\"wp-block-file--media-594de9f6-d91d-4970-bf8d-9eb1a5fde525\">Baixa<\/a><\/div>\n\n\n\n<p><\/p>\n<\/div><\/div>\n\n\n\n<div class=\"wp-block-getwid-accordion__header-wrapper\"><span class=\"wp-block-getwid-accordion__header\"><a href=\"#\"><span class=\"wp-block-getwid-accordion__header-title\">Faveles al Brasil. Alejandra de la Fuente (Global)<\/span><span class=\"wp-block-getwid-accordion__icon is-active\"><i class=\"fas fa-plus\"><\/i><\/span><span class=\"wp-block-getwid-accordion__icon is-passive\"><i class=\"fas fa-minus\"><\/i><\/span><\/a><\/span><\/div><div class=\"wp-block-getwid-accordion__content-wrapper\"><div class=\"wp-block-getwid-accordion__content\">\n<div data-wp-interactive=\"core\/file\" class=\"wp-block-file\"><object data-wp-bind--hidden=\"!state.hasPdfPreview\" hidden class=\"wp-block-file__embed\" data=\"https:\/\/agora.xtec.cat\/iesestany\/wp-content\/uploads\/usu1853\/2026\/04\/Faveles-al-Brasil.-Alejandra-de-la-Fuente-Global.pdf\" type=\"application\/pdf\" style=\"width:100%;height:600px\" aria-label=\"Incrustaci\u00f3 del fitxer Faveles al Brasil. Alejandra de la Fuente (Global).\"><\/object><a id=\"wp-block-file--media-ba1deee7-3788-4e26-942b-8c3ebc2dd099\" href=\"https:\/\/agora.xtec.cat\/iesestany\/wp-content\/uploads\/usu1853\/2026\/04\/Faveles-al-Brasil.-Alejandra-de-la-Fuente-Global.pdf\">Faveles al Brasil. Alejandra de la Fuente (Global)<\/a><a href=\"https:\/\/agora.xtec.cat\/iesestany\/wp-content\/uploads\/usu1853\/2026\/04\/Faveles-al-Brasil.-Alejandra-de-la-Fuente-Global.pdf\" class=\"wp-block-file__button wp-element-button\" download aria-describedby=\"wp-block-file--media-ba1deee7-3788-4e26-942b-8c3ebc2dd099\">Baixa<\/a><\/div>\n\n\n\n<p><\/p>\n<\/div><\/div>\n<\/div>\n","protected":false},"excerpt":{"rendered":"<p>Avui en dia, m\u00e9s de la meitat de la poblaci\u00f3 viu en zones urbanes, ja que segons diu l\u2019ONU, al 2022 la poblaci\u00f3 mundial va aconseguir els 8000 milions de persones les quals vivien en zones urbanes. Vist aix\u00f2, es preveu que aquesta xifra augmenti i que per al 2050 s\u2019arribi al 70%. Deguda aquesta [&hellip;]<\/p>\n","protected":false},"author":1,"featured_media":0,"parent":4652,"menu_order":11,"comment_status":"closed","ping_status":"closed","template":"","meta":{"_bbp_topic_count":0,"_bbp_reply_count":0,"_bbp_total_topic_count":0,"_bbp_total_reply_count":0,"_bbp_voice_count":0,"_bbp_anonymous_reply_count":0,"_bbp_topic_count_hidden":0,"_bbp_reply_count_hidden":0,"_bbp_forum_subforum_count":0,"site-sidebar-layout":"default","site-content-layout":"","ast-site-content-layout":"default","site-content-style":"default","site-sidebar-style":"default","ast-global-header-display":"","ast-banner-title-visibility":"","ast-main-header-display":"","ast-hfb-above-header-display":"","ast-hfb-below-header-display":"","ast-hfb-mobile-header-display":"","site-post-title":"","ast-breadcrumbs-content":"","ast-featured-img":"","footer-sml-layout":"","theme-transparent-header-meta":"","adv-header-id-meta":"","stick-header-meta":"","header-above-stick-meta":"","header-main-stick-meta":"","header-below-stick-meta":"","astra-migrate-meta-layouts":"set","ast-page-background-enabled":"default","ast-page-background-meta":{"desktop":{"background-color":"var(--ast-global-color-4)","background-image":"","background-repeat":"repeat","background-position":"center center","background-size":"auto","background-attachment":"scroll","background-type":"","background-media":"","overlay-type":"","overlay-color":"","overlay-opacity":"","overlay-gradient":""},"tablet":{"background-color":"","background-image":"","background-repeat":"repeat","background-position":"center center","background-size":"auto","background-attachment":"scroll","background-type":"","background-media":"","overlay-type":"","overlay-color":"","overlay-opacity":"","overlay-gradient":""},"mobile":{"background-color":"","background-image":"","background-repeat":"repeat","background-position":"center center","background-size":"auto","background-attachment":"scroll","background-type":"","background-media":"","overlay-type":"","overlay-color":"","overlay-opacity":"","overlay-gradient":""}},"ast-content-background-meta":{"desktop":{"background-color":"var(--ast-global-color-5)","background-image":"","background-repeat":"repeat","background-position":"center center","background-size":"auto","background-attachment":"scroll","background-type":"","background-media":"","overlay-type":"","overlay-color":"","overlay-opacity":"","overlay-gradient":""},"tablet":{"background-color":"var(--ast-global-color-5)","background-image":"","background-repeat":"repeat","background-position":"center center","background-size":"auto","background-attachment":"scroll","background-type":"","background-media":"","overlay-type":"","overlay-color":"","overlay-opacity":"","overlay-gradient":""},"mobile":{"background-color":"var(--ast-global-color-5)","background-image":"","background-repeat":"repeat","background-position":"center center","background-size":"auto","background-attachment":"scroll","background-type":"","background-media":"","overlay-type":"","overlay-color":"","overlay-opacity":"","overlay-gradient":""}},"footnotes":""},"class_list":["post-4677","page","type-page","status-publish","hentry"],"post_mailing_queue_ids":[],"_links":{"self":[{"href":"https:\/\/agora.xtec.cat\/iesestany\/wp-json\/wp\/v2\/pages\/4677","targetHints":{"allow":["GET"]}}],"collection":[{"href":"https:\/\/agora.xtec.cat\/iesestany\/wp-json\/wp\/v2\/pages"}],"about":[{"href":"https:\/\/agora.xtec.cat\/iesestany\/wp-json\/wp\/v2\/types\/page"}],"author":[{"embeddable":true,"href":"https:\/\/agora.xtec.cat\/iesestany\/wp-json\/wp\/v2\/users\/1"}],"replies":[{"embeddable":true,"href":"https:\/\/agora.xtec.cat\/iesestany\/wp-json\/wp\/v2\/comments?post=4677"}],"version-history":[{"count":3,"href":"https:\/\/agora.xtec.cat\/iesestany\/wp-json\/wp\/v2\/pages\/4677\/revisions"}],"predecessor-version":[{"id":4820,"href":"https:\/\/agora.xtec.cat\/iesestany\/wp-json\/wp\/v2\/pages\/4677\/revisions\/4820"}],"up":[{"embeddable":true,"href":"https:\/\/agora.xtec.cat\/iesestany\/wp-json\/wp\/v2\/pages\/4652"}],"wp:attachment":[{"href":"https:\/\/agora.xtec.cat\/iesestany\/wp-json\/wp\/v2\/media?parent=4677"}],"curies":[{"name":"wp","href":"https:\/\/api.w.org\/{rel}","templated":true}]}}