{"id":4675,"date":"2026-03-12T14:06:16","date_gmt":"2026-03-12T13:06:16","guid":{"rendered":"https:\/\/agora.xtec.cat\/iesestany\/?page_id=4675"},"modified":"2026-04-09T20:19:21","modified_gmt":"2026-04-09T18:19:21","slug":"ods-10-reduccio-de-les-desigualtats","status":"publish","type":"page","link":"https:\/\/agora.xtec.cat\/iesestany\/articles-ods\/ods-10-reduccio-de-les-desigualtats\/","title":{"rendered":"ODS 10 &#8211; Reducci\u00f3 de les desigualtats"},"content":{"rendered":"\n<figure class=\"wp-block-image size-full\"><a href=\"https:\/\/agora.xtec.cat\/iesestany\/wp-content\/uploads\/usu1853\/2026\/03\/imatge-9.png\"><img loading=\"lazy\" decoding=\"async\" width=\"768\" height=\"180\" src=\"https:\/\/agora.xtec.cat\/iesestany\/wp-content\/uploads\/usu1853\/2026\/03\/imatge-9.png\" alt=\"\" class=\"wp-image-4729\" srcset=\"https:\/\/agora.xtec.cat\/iesestany\/wp-content\/uploads\/usu1853\/2026\/03\/imatge-9.png 768w, https:\/\/agora.xtec.cat\/iesestany\/wp-content\/uploads\/usu1853\/2026\/03\/imatge-9-300x70.png 300w\" sizes=\"auto, (max-width: 768px) 100vw, 768px\" \/><\/a><\/figure>\n\n\n\n<p>L\u2019objectiu de desenvolupament sostenible n\u00famero 10 (ODS 10), que rep el nom de \u2018Reduir les desigualtats dins dels pa\u00efsos i entre ells\u2019, forma part de l\u2019agenda 2030 per al Desenvolupament Sostenible, un pla global aprovat per l\u2019Organitzaci\u00f3 de les Nacions Unides (ONU) el 25 de setembre de 2015 durant l\u2019Assemblea General celebrada a Nova York. En aquesta trobada hist\u00f2rica, 193 pa\u00efsos membres van adoptar els 17 objectius de Desenvolupament Sostenible amb l\u2019objectiu de posar fi a la pobresa, protegir el planeta i garantir la prosperitat a totes les persones abans del 2030.<\/p>\n\n\n\n<p>L\u2019ODS 10 es va crear com una resposta a l\u2019augment de les desigualtats socials, econ\u00f2miques i pol\u00edtiques que continuen afectant milions de persones del m\u00f3n. Tot i que hi ha hagut molts aven\u00e7os, segons l\u2019ONU, les desigualtats \u00e9s un dels problemes m\u00e9s dif\u00edcils per resoldre actualment, ja que les desigualtats dificulten molt el desenvolupament sostenible, la pau mundial i la millora dels drets humans.<\/p>\n\n\n\n<p>Aquest objectiu t\u00e9 l\u2019objectiu de reduir les desigualtats de renda i oportunitats tant dins dels pa\u00efsos com entre ells. Per aconseguir-ho, el que busca \u00e9s la distribuci\u00f3 equitativa dels recursos, invertir en educaci\u00f3, la igualtat d\u2019oportunitats, protecci\u00f3 social per obtenir un sistema comercial m\u00e9s just. Tamb\u00e9 ho vol fer eliminant les lleis que discriminen alguna part de la societat.<\/p>\n\n\n\n<p>A Espanya, l\u2019ODS 10 se centra m\u00e9s a reduir les desigualtats econ\u00f2miques i socials dins del pa\u00eds, especialment en els col\u00b7lectius m\u00e9s vulnerables com les persones amb discapacitat, ja que tenen unes despeses m\u00e9s grans a difer\u00e8ncia de la resta de la societat a causa de les seves necessitats m\u00e9s personals. La Constituci\u00f3 espanyola recull aquest principi d\u2019igualtat en diversos articles com ara l\u20191, que esmenta Espanya com un Estat social i democr\u00e0tic de dret, i el 41, que garanteix un sistema de seguretat social p\u00fablic que protegeixi tots els ciutadans davant de situacions de necessitat.<\/p>\n\n\n\n<p>L\u2019ODS 10 tamb\u00e9 dona import\u00e0ncia als immigrants, un dels grups m\u00e9s afectats per la desigualtat. Tot i que en els \u00faltims anys s\u2019ha aconseguit millorar una migraci\u00f3 segura, encara queden aspectes a millorar per aconseguir una igualtat d\u2019oportunitats. A m\u00e9s, el canvi clim\u00e0tic tamb\u00e9 \u00e9s un factor que augmenta les migracions per causes ambientals.<\/p>\n\n\n\n<p>Les dades m\u00e9s recents indiquen que prop d\u2019una de cada sis persones al m\u00f3n pateixen algun tipus de discriminaci\u00f3, sovint per temes com l\u2019\u00e8tnia, el sexe, la discapacitat, la religi\u00f3 o l\u2019orientaci\u00f3 sexual. Les dones i les persones amb discapacitat continuen sent els col\u00b7lectius que m\u00e9s desigualtat i exclusi\u00f3 reben.&nbsp;<\/p>\n\n\n\n<p><strong>Mireia Muns<\/strong><\/p>\n\n\n\n<div class=\"wp-block-getwid-accordion has-icon-left\" data-active-element=\"none\">\n<div class=\"wp-block-getwid-accordion__header-wrapper\"><span class=\"wp-block-getwid-accordion__header\"><a href=\"#\"><span class=\"wp-block-getwid-accordion__header-title\">Desigualtat econ\u00f2mica a l\u2019Am\u00e8rica Llatina. Ainhoa Corento. (Global.)<\/span><span class=\"wp-block-getwid-accordion__icon is-active\"><i class=\"fas fa-plus\"><\/i><\/span><span class=\"wp-block-getwid-accordion__icon is-passive\"><i class=\"fas fa-minus\"><\/i><\/span><\/a><\/span><\/div><div class=\"wp-block-getwid-accordion__content-wrapper\"><div class=\"wp-block-getwid-accordion__content\">\n<div data-wp-interactive=\"core\/file\" class=\"wp-block-file\"><object data-wp-bind--hidden=\"!state.hasPdfPreview\" hidden class=\"wp-block-file__embed\" data=\"https:\/\/agora.xtec.cat\/iesestany\/wp-content\/uploads\/usu1853\/2026\/04\/Desigualtat-economica-a-lAmerica-Llatina.-Ainhoa-Corento.-Global.pdf\" type=\"application\/pdf\" style=\"width:100%;height:600px\" aria-label=\"Incrustaci\u00f3 del fitxer Desigualtat econ\u00f2mica a l\u2019Am\u00e8rica Llatina. Ainhoa Corento. (Global.).\"><\/object><a id=\"wp-block-file--media-aecda8e5-832d-4035-8b7a-d3c6245801ff\" href=\"https:\/\/agora.xtec.cat\/iesestany\/wp-content\/uploads\/usu1853\/2026\/04\/Desigualtat-economica-a-lAmerica-Llatina.-Ainhoa-Corento.-Global.pdf\">Desigualtat econ\u00f2mica a l\u2019Am\u00e8rica Llatina. Ainhoa Corento. (Global.)<\/a><a href=\"https:\/\/agora.xtec.cat\/iesestany\/wp-content\/uploads\/usu1853\/2026\/04\/Desigualtat-economica-a-lAmerica-Llatina.-Ainhoa-Corento.-Global.pdf\" class=\"wp-block-file__button wp-element-button\" download aria-describedby=\"wp-block-file--media-aecda8e5-832d-4035-8b7a-d3c6245801ff\">Baixa<\/a><\/div>\n\n\n\n<p><\/p>\n<\/div><\/div>\n\n\n\n<div class=\"wp-block-getwid-accordion__header-wrapper\"><span class=\"wp-block-getwid-accordion__header\"><a href=\"#\"><span class=\"wp-block-getwid-accordion__header-title\">Desigualtat i persones amb mobilitat redu\u00efda. Mireia Muns (Regional)<\/span><span class=\"wp-block-getwid-accordion__icon is-active\"><i class=\"fas fa-plus\"><\/i><\/span><span class=\"wp-block-getwid-accordion__icon is-passive\"><i class=\"fas fa-minus\"><\/i><\/span><\/a><\/span><\/div><div class=\"wp-block-getwid-accordion__content-wrapper\"><div class=\"wp-block-getwid-accordion__content\">\n<div data-wp-interactive=\"core\/file\" class=\"wp-block-file\"><object data-wp-bind--hidden=\"!state.hasPdfPreview\" hidden class=\"wp-block-file__embed\" data=\"https:\/\/agora.xtec.cat\/iesestany\/wp-content\/uploads\/usu1853\/2026\/04\/Desigualtat-i-persones-amb-mobilitat-reduida.-Mireia-Muns-Regional.pdf\" type=\"application\/pdf\" style=\"width:100%;height:600px\" aria-label=\"Incrustaci\u00f3 del fitxer Desigualtat i persones amb mobilitat redu\u00efda. Mireia Muns (Regional).\"><\/object><a id=\"wp-block-file--media-66c85f70-ce0c-41a7-b36e-8d35c00ca034\" href=\"https:\/\/agora.xtec.cat\/iesestany\/wp-content\/uploads\/usu1853\/2026\/04\/Desigualtat-i-persones-amb-mobilitat-reduida.-Mireia-Muns-Regional.pdf\">Desigualtat i persones amb mobilitat redu\u00efda. Mireia Muns (Regional)<\/a><a href=\"https:\/\/agora.xtec.cat\/iesestany\/wp-content\/uploads\/usu1853\/2026\/04\/Desigualtat-i-persones-amb-mobilitat-reduida.-Mireia-Muns-Regional.pdf\" class=\"wp-block-file__button wp-element-button\" download aria-describedby=\"wp-block-file--media-66c85f70-ce0c-41a7-b36e-8d35c00ca034\">Baixa<\/a><\/div>\n\n\n\n<p><\/p>\n<\/div><\/div>\n\n\n\n<div class=\"wp-block-getwid-accordion__header-wrapper\"><span class=\"wp-block-getwid-accordion__header\"><a href=\"#\"><span class=\"wp-block-getwid-accordion__header-title\">Desigualtat territorial al mercat laboral Catal\u00e0. Ainhoa Corento. (Regional)<\/span><span class=\"wp-block-getwid-accordion__icon is-active\"><i class=\"fas fa-plus\"><\/i><\/span><span class=\"wp-block-getwid-accordion__icon is-passive\"><i class=\"fas fa-minus\"><\/i><\/span><\/a><\/span><\/div><div class=\"wp-block-getwid-accordion__content-wrapper\"><div class=\"wp-block-getwid-accordion__content\">\n<div data-wp-interactive=\"core\/file\" class=\"wp-block-file\"><object data-wp-bind--hidden=\"!state.hasPdfPreview\" hidden class=\"wp-block-file__embed\" data=\"https:\/\/agora.xtec.cat\/iesestany\/wp-content\/uploads\/usu1853\/2026\/04\/Desigualtat-territorial-al-mercat-laboral-Catala.-Ainhoa-Corento.-Regional.pdf\" type=\"application\/pdf\" style=\"width:100%;height:600px\" aria-label=\"Incrustaci\u00f3 del fitxer Desigualtat territorial al mercat laboral Catal\u00e0. Ainhoa Corento. (Regional.).\"><\/object><a id=\"wp-block-file--media-7a2cb721-dc60-4b63-9dec-f605159e2a53\" href=\"https:\/\/agora.xtec.cat\/iesestany\/wp-content\/uploads\/usu1853\/2026\/04\/Desigualtat-territorial-al-mercat-laboral-Catala.-Ainhoa-Corento.-Regional.pdf\">Desigualtat territorial al mercat laboral Catal\u00e0. Ainhoa Corento. (Regional.)<\/a><a href=\"https:\/\/agora.xtec.cat\/iesestany\/wp-content\/uploads\/usu1853\/2026\/04\/Desigualtat-territorial-al-mercat-laboral-Catala.-Ainhoa-Corento.-Regional.pdf\" class=\"wp-block-file__button wp-element-button\" download aria-describedby=\"wp-block-file--media-7a2cb721-dc60-4b63-9dec-f605159e2a53\">Baixa<\/a><\/div>\n\n\n\n<p><\/p>\n<\/div><\/div>\n\n\n\n<div class=\"wp-block-getwid-accordion__header-wrapper\"><span class=\"wp-block-getwid-accordion__header\"><a href=\"#\"><span class=\"wp-block-getwid-accordion__header-title\">La brexa salarial de g\u00e8nere a Espanya. Gotor Pol (Regional)<\/span><span class=\"wp-block-getwid-accordion__icon is-active\"><i class=\"fas fa-plus\"><\/i><\/span><span class=\"wp-block-getwid-accordion__icon is-passive\"><i class=\"fas fa-minus\"><\/i><\/span><\/a><\/span><\/div><div class=\"wp-block-getwid-accordion__content-wrapper\"><div class=\"wp-block-getwid-accordion__content\">\n<div data-wp-interactive=\"core\/file\" class=\"wp-block-file\"><object data-wp-bind--hidden=\"!state.hasPdfPreview\" hidden class=\"wp-block-file__embed\" data=\"https:\/\/agora.xtec.cat\/iesestany\/wp-content\/uploads\/usu1853\/2026\/04\/La-brexa-salarial-de-genere-a-Espanya.-Gotor-Pol-Regional.pdf\" type=\"application\/pdf\" style=\"width:100%;height:600px\" aria-label=\"Incrustaci\u00f3 del fitxer La brexa salarial de g\u00e8nere a Espanya. Gotor Pol (Regional).\"><\/object><a id=\"wp-block-file--media-c3689f64-3a38-499f-9038-956fe60cc231\" href=\"https:\/\/agora.xtec.cat\/iesestany\/wp-content\/uploads\/usu1853\/2026\/04\/La-brexa-salarial-de-genere-a-Espanya.-Gotor-Pol-Regional.pdf\">La brexa salarial de g\u00e8nere a Espanya. Gotor Pol (Regional)<\/a><a href=\"https:\/\/agora.xtec.cat\/iesestany\/wp-content\/uploads\/usu1853\/2026\/04\/La-brexa-salarial-de-genere-a-Espanya.-Gotor-Pol-Regional.pdf\" class=\"wp-block-file__button wp-element-button\" download aria-describedby=\"wp-block-file--media-c3689f64-3a38-499f-9038-956fe60cc231\">Baixa<\/a><\/div>\n\n\n\n<p><\/p>\n<\/div><\/div>\n\n\n\n<div class=\"wp-block-getwid-accordion__header-wrapper\"><span class=\"wp-block-getwid-accordion__header\"><a href=\"#\"><span class=\"wp-block-getwid-accordion__header-title\">La desigualtat educativa entre l&#8217;escola p\u00fablica i la concertada a Espanya. Mireia Muns (Regional)<\/span><span class=\"wp-block-getwid-accordion__icon is-active\"><i class=\"fas fa-plus\"><\/i><\/span><span class=\"wp-block-getwid-accordion__icon is-passive\"><i class=\"fas fa-minus\"><\/i><\/span><\/a><\/span><\/div><div class=\"wp-block-getwid-accordion__content-wrapper\"><div class=\"wp-block-getwid-accordion__content\">\n<div data-wp-interactive=\"core\/file\" class=\"wp-block-file\"><object data-wp-bind--hidden=\"!state.hasPdfPreview\" hidden class=\"wp-block-file__embed\" data=\"https:\/\/agora.xtec.cat\/iesestany\/wp-content\/uploads\/usu1853\/2026\/04\/La-desigualtat-educativa-entre-lescola-publica-i-la-concertada-a-Espanya.-Mireia-Muns-Regional.pdf\" type=\"application\/pdf\" style=\"width:100%;height:600px\" aria-label=\"Incrustaci\u00f3 del fitxer La desigualtat educativa entre l&#039;escola p\u00fablica i la concertada a Espanya. Mireia Muns (Regional).\"><\/object><a id=\"wp-block-file--media-b01fefd2-0df7-409a-afb1-96238f96fc76\" href=\"https:\/\/agora.xtec.cat\/iesestany\/wp-content\/uploads\/usu1853\/2026\/04\/La-desigualtat-educativa-entre-lescola-publica-i-la-concertada-a-Espanya.-Mireia-Muns-Regional.pdf\">La desigualtat educativa entre l&#8217;escola p\u00fablica i la concertada a Espanya. Mireia Muns (Regional)<\/a><a href=\"https:\/\/agora.xtec.cat\/iesestany\/wp-content\/uploads\/usu1853\/2026\/04\/La-desigualtat-educativa-entre-lescola-publica-i-la-concertada-a-Espanya.-Mireia-Muns-Regional.pdf\" class=\"wp-block-file__button wp-element-button\" download aria-describedby=\"wp-block-file--media-b01fefd2-0df7-409a-afb1-96238f96fc76\">Baixa<\/a><\/div>\n\n\n\n<p><\/p>\n<\/div><\/div>\n\n\n\n<div class=\"wp-block-getwid-accordion__header-wrapper\"><span class=\"wp-block-getwid-accordion__header\"><a href=\"#\"><span class=\"wp-block-getwid-accordion__header-title\">La desigualtat generacional en l\u2019acc\u00e9s a l\u2019habitatge a Espanya. Gotor Pol (Regional)<\/span><span class=\"wp-block-getwid-accordion__icon is-active\"><i class=\"fas fa-plus\"><\/i><\/span><span class=\"wp-block-getwid-accordion__icon is-passive\"><i class=\"fas fa-minus\"><\/i><\/span><\/a><\/span><\/div><div class=\"wp-block-getwid-accordion__content-wrapper\"><div class=\"wp-block-getwid-accordion__content\">\n<div data-wp-interactive=\"core\/file\" class=\"wp-block-file\"><object data-wp-bind--hidden=\"!state.hasPdfPreview\" hidden class=\"wp-block-file__embed\" data=\"https:\/\/agora.xtec.cat\/iesestany\/wp-content\/uploads\/usu1853\/2026\/04\/La-desigualtat-generacional-en-lacces-a-lhabitatge-a-Espanya.-Gotor-Pol-Regional.pdf\" type=\"application\/pdf\" style=\"width:100%;height:600px\" aria-label=\"Incrustaci\u00f3 del fitxer La desigualtat generacional en l\u2019acc\u00e9s a l\u2019habitatge a Espanya. Gotor Pol (Regional).\"><\/object><a id=\"wp-block-file--media-c82d7133-0cf2-4123-a881-7b94d719677e\" href=\"https:\/\/agora.xtec.cat\/iesestany\/wp-content\/uploads\/usu1853\/2026\/04\/La-desigualtat-generacional-en-lacces-a-lhabitatge-a-Espanya.-Gotor-Pol-Regional.pdf\">La desigualtat generacional en l\u2019acc\u00e9s a l\u2019habitatge a Espanya. Gotor Pol (Regional)<\/a><a href=\"https:\/\/agora.xtec.cat\/iesestany\/wp-content\/uploads\/usu1853\/2026\/04\/La-desigualtat-generacional-en-lacces-a-lhabitatge-a-Espanya.-Gotor-Pol-Regional.pdf\" class=\"wp-block-file__button wp-element-button\" download aria-describedby=\"wp-block-file--media-c82d7133-0cf2-4123-a881-7b94d719677e\">Baixa<\/a><\/div>\n\n\n\n<p><\/p>\n<\/div><\/div>\n\n\n\n<div class=\"wp-block-getwid-accordion__header-wrapper\"><span class=\"wp-block-getwid-accordion__header\"><a href=\"#\"><span class=\"wp-block-getwid-accordion__header-title\">La realitat de les persones amb discapacitat a Espanya. Ainhoa Corento. (Regional)<\/span><span class=\"wp-block-getwid-accordion__icon is-active\"><i class=\"fas fa-plus\"><\/i><\/span><span class=\"wp-block-getwid-accordion__icon is-passive\"><i class=\"fas fa-minus\"><\/i><\/span><\/a><\/span><\/div><div class=\"wp-block-getwid-accordion__content-wrapper\"><div class=\"wp-block-getwid-accordion__content\">\n<div data-wp-interactive=\"core\/file\" class=\"wp-block-file\"><object data-wp-bind--hidden=\"!state.hasPdfPreview\" hidden class=\"wp-block-file__embed\" data=\"https:\/\/agora.xtec.cat\/iesestany\/wp-content\/uploads\/usu1853\/2026\/04\/La-realitat-de-les-persones-amb-discapacitat-a-Espanya.-Ainhoa-Corento.-Regional.pdf\" type=\"application\/pdf\" style=\"width:100%;height:600px\" aria-label=\"Incrustaci\u00f3 del fitxer La realitat de les persones amb discapacitat a Espanya. Ainhoa Corento. (Regional.).\"><\/object><a id=\"wp-block-file--media-f0441886-8d7b-4621-858b-6d6d354425ae\" href=\"https:\/\/agora.xtec.cat\/iesestany\/wp-content\/uploads\/usu1853\/2026\/04\/La-realitat-de-les-persones-amb-discapacitat-a-Espanya.-Ainhoa-Corento.-Regional.pdf\">La realitat de les persones amb discapacitat a Espanya. Ainhoa Corento. (Regional.)<\/a><a href=\"https:\/\/agora.xtec.cat\/iesestany\/wp-content\/uploads\/usu1853\/2026\/04\/La-realitat-de-les-persones-amb-discapacitat-a-Espanya.-Ainhoa-Corento.-Regional.pdf\" class=\"wp-block-file__button wp-element-button\" download aria-describedby=\"wp-block-file--media-f0441886-8d7b-4621-858b-6d6d354425ae\">Baixa<\/a><\/div>\n\n\n\n<p><\/p>\n<\/div><\/div>\n\n\n\n<div class=\"wp-block-getwid-accordion__header-wrapper\"><span class=\"wp-block-getwid-accordion__header\"><a href=\"#\"><span class=\"wp-block-getwid-accordion__header-title\">Les migracions Sud a Sud. Gotor Pol (Global)<\/span><span class=\"wp-block-getwid-accordion__icon is-active\"><i class=\"fas fa-plus\"><\/i><\/span><span class=\"wp-block-getwid-accordion__icon is-passive\"><i class=\"fas fa-minus\"><\/i><\/span><\/a><\/span><\/div><div class=\"wp-block-getwid-accordion__content-wrapper\"><div class=\"wp-block-getwid-accordion__content\">\n<div data-wp-interactive=\"core\/file\" class=\"wp-block-file\"><object data-wp-bind--hidden=\"!state.hasPdfPreview\" hidden class=\"wp-block-file__embed\" data=\"https:\/\/agora.xtec.cat\/iesestany\/wp-content\/uploads\/usu1853\/2026\/04\/Les-migracions-Sud-a-Sud.-Gotor-Pol-Global.pdf\" type=\"application\/pdf\" style=\"width:100%;height:600px\" aria-label=\"Incrustaci\u00f3 del fitxer Les migracions Sud a Sud. Gotor Pol (Global).\"><\/object><a id=\"wp-block-file--media-bd319f10-10e0-4f93-8fc0-798321a53b89\" href=\"https:\/\/agora.xtec.cat\/iesestany\/wp-content\/uploads\/usu1853\/2026\/04\/Les-migracions-Sud-a-Sud.-Gotor-Pol-Global.pdf\">Les migracions Sud a Sud. Gotor Pol (Global)<\/a><a href=\"https:\/\/agora.xtec.cat\/iesestany\/wp-content\/uploads\/usu1853\/2026\/04\/Les-migracions-Sud-a-Sud.-Gotor-Pol-Global.pdf\" class=\"wp-block-file__button wp-element-button\" download aria-describedby=\"wp-block-file--media-bd319f10-10e0-4f93-8fc0-798321a53b89\">Baixa<\/a><\/div>\n\n\n\n<p><\/p>\n<\/div><\/div>\n\n\n\n<div class=\"wp-block-getwid-accordion__header-wrapper\"><span class=\"wp-block-getwid-accordion__header\"><a href=\"#\"><span class=\"wp-block-getwid-accordion__header-title\">Migracions clim\u00e0tiques. Mireia Muns (Global)<\/span><span class=\"wp-block-getwid-accordion__icon is-active\"><i class=\"fas fa-plus\"><\/i><\/span><span class=\"wp-block-getwid-accordion__icon is-passive\"><i class=\"fas fa-minus\"><\/i><\/span><\/a><\/span><\/div><div class=\"wp-block-getwid-accordion__content-wrapper\"><div class=\"wp-block-getwid-accordion__content\">\n<div data-wp-interactive=\"core\/file\" class=\"wp-block-file\"><object data-wp-bind--hidden=\"!state.hasPdfPreview\" hidden class=\"wp-block-file__embed\" data=\"https:\/\/agora.xtec.cat\/iesestany\/wp-content\/uploads\/usu1853\/2026\/04\/Migracions-climatiques.-Mireia-Muns-Global.pdf\" type=\"application\/pdf\" style=\"width:100%;height:600px\" aria-label=\"Incrustaci\u00f3 del fitxer Migracions clim\u00e0tiques. Mireia Muns (Global).\"><\/object><a id=\"wp-block-file--media-94096fdd-efeb-43a7-b507-537d526d2cbf\" href=\"https:\/\/agora.xtec.cat\/iesestany\/wp-content\/uploads\/usu1853\/2026\/04\/Migracions-climatiques.-Mireia-Muns-Global.pdf\">Migracions clim\u00e0tiques. Mireia Muns (Global)<\/a><a href=\"https:\/\/agora.xtec.cat\/iesestany\/wp-content\/uploads\/usu1853\/2026\/04\/Migracions-climatiques.-Mireia-Muns-Global.pdf\" class=\"wp-block-file__button wp-element-button\" download aria-describedby=\"wp-block-file--media-94096fdd-efeb-43a7-b507-537d526d2cbf\">Baixa<\/a><\/div>\n\n\n\n<p><\/p>\n<\/div><\/div>\n<\/div>\n","protected":false},"excerpt":{"rendered":"<p>L\u2019objectiu de desenvolupament sostenible n\u00famero 10 (ODS 10), que rep el nom de \u2018Reduir les desigualtats dins dels pa\u00efsos i entre ells\u2019, forma part de l\u2019agenda 2030 per al Desenvolupament Sostenible, un pla global aprovat per l\u2019Organitzaci\u00f3 de les Nacions Unides (ONU) el 25 de setembre de 2015 durant l\u2019Assemblea General celebrada a Nova York. [&hellip;]<\/p>\n","protected":false},"author":1,"featured_media":0,"parent":4652,"menu_order":10,"comment_status":"closed","ping_status":"closed","template":"","meta":{"_bbp_topic_count":0,"_bbp_reply_count":0,"_bbp_total_topic_count":0,"_bbp_total_reply_count":0,"_bbp_voice_count":0,"_bbp_anonymous_reply_count":0,"_bbp_topic_count_hidden":0,"_bbp_reply_count_hidden":0,"_bbp_forum_subforum_count":0,"site-sidebar-layout":"default","site-content-layout":"","ast-site-content-layout":"default","site-content-style":"default","site-sidebar-style":"default","ast-global-header-display":"","ast-banner-title-visibility":"","ast-main-header-display":"","ast-hfb-above-header-display":"","ast-hfb-below-header-display":"","ast-hfb-mobile-header-display":"","site-post-title":"","ast-breadcrumbs-content":"","ast-featured-img":"","footer-sml-layout":"","theme-transparent-header-meta":"","adv-header-id-meta":"","stick-header-meta":"","header-above-stick-meta":"","header-main-stick-meta":"","header-below-stick-meta":"","astra-migrate-meta-layouts":"set","ast-page-background-enabled":"default","ast-page-background-meta":{"desktop":{"background-color":"var(--ast-global-color-4)","background-image":"","background-repeat":"repeat","background-position":"center center","background-size":"auto","background-attachment":"scroll","background-type":"","background-media":"","overlay-type":"","overlay-color":"","overlay-opacity":"","overlay-gradient":""},"tablet":{"background-color":"","background-image":"","background-repeat":"repeat","background-position":"center center","background-size":"auto","background-attachment":"scroll","background-type":"","background-media":"","overlay-type":"","overlay-color":"","overlay-opacity":"","overlay-gradient":""},"mobile":{"background-color":"","background-image":"","background-repeat":"repeat","background-position":"center center","background-size":"auto","background-attachment":"scroll","background-type":"","background-media":"","overlay-type":"","overlay-color":"","overlay-opacity":"","overlay-gradient":""}},"ast-content-background-meta":{"desktop":{"background-color":"var(--ast-global-color-5)","background-image":"","background-repeat":"repeat","background-position":"center center","background-size":"auto","background-attachment":"scroll","background-type":"","background-media":"","overlay-type":"","overlay-color":"","overlay-opacity":"","overlay-gradient":""},"tablet":{"background-color":"var(--ast-global-color-5)","background-image":"","background-repeat":"repeat","background-position":"center center","background-size":"auto","background-attachment":"scroll","background-type":"","background-media":"","overlay-type":"","overlay-color":"","overlay-opacity":"","overlay-gradient":""},"mobile":{"background-color":"var(--ast-global-color-5)","background-image":"","background-repeat":"repeat","background-position":"center center","background-size":"auto","background-attachment":"scroll","background-type":"","background-media":"","overlay-type":"","overlay-color":"","overlay-opacity":"","overlay-gradient":""}},"footnotes":""},"class_list":["post-4675","page","type-page","status-publish","hentry"],"post_mailing_queue_ids":[],"_links":{"self":[{"href":"https:\/\/agora.xtec.cat\/iesestany\/wp-json\/wp\/v2\/pages\/4675","targetHints":{"allow":["GET"]}}],"collection":[{"href":"https:\/\/agora.xtec.cat\/iesestany\/wp-json\/wp\/v2\/pages"}],"about":[{"href":"https:\/\/agora.xtec.cat\/iesestany\/wp-json\/wp\/v2\/types\/page"}],"author":[{"embeddable":true,"href":"https:\/\/agora.xtec.cat\/iesestany\/wp-json\/wp\/v2\/users\/1"}],"replies":[{"embeddable":true,"href":"https:\/\/agora.xtec.cat\/iesestany\/wp-json\/wp\/v2\/comments?post=4675"}],"version-history":[{"count":3,"href":"https:\/\/agora.xtec.cat\/iesestany\/wp-json\/wp\/v2\/pages\/4675\/revisions"}],"predecessor-version":[{"id":4812,"href":"https:\/\/agora.xtec.cat\/iesestany\/wp-json\/wp\/v2\/pages\/4675\/revisions\/4812"}],"up":[{"embeddable":true,"href":"https:\/\/agora.xtec.cat\/iesestany\/wp-json\/wp\/v2\/pages\/4652"}],"wp:attachment":[{"href":"https:\/\/agora.xtec.cat\/iesestany\/wp-json\/wp\/v2\/media?parent=4675"}],"curies":[{"name":"wp","href":"https:\/\/api.w.org\/{rel}","templated":true}]}}