{"id":4673,"date":"2026-03-12T14:05:52","date_gmt":"2026-03-12T13:05:52","guid":{"rendered":"https:\/\/agora.xtec.cat\/iesestany\/?page_id=4673"},"modified":"2026-03-23T12:15:51","modified_gmt":"2026-03-23T11:15:51","slug":"ods-9-industria-innovacio-i-infraestructura","status":"publish","type":"page","link":"https:\/\/agora.xtec.cat\/iesestany\/articles-ods\/ods-9-industria-innovacio-i-infraestructura\/","title":{"rendered":"ODS 9 &#8211; Industria, innovaci\u00f3 i infraestructura"},"content":{"rendered":"\n<figure class=\"wp-block-image size-full\"><a href=\"https:\/\/agora.xtec.cat\/iesestany\/wp-content\/uploads\/usu1853\/2026\/03\/imatge-8.png\"><img loading=\"lazy\" decoding=\"async\" width=\"768\" height=\"180\" src=\"https:\/\/agora.xtec.cat\/iesestany\/wp-content\/uploads\/usu1853\/2026\/03\/imatge-8.png\" alt=\"\" class=\"wp-image-4727\" srcset=\"https:\/\/agora.xtec.cat\/iesestany\/wp-content\/uploads\/usu1853\/2026\/03\/imatge-8.png 768w, https:\/\/agora.xtec.cat\/iesestany\/wp-content\/uploads\/usu1853\/2026\/03\/imatge-8-300x70.png 300w\" sizes=\"auto, (max-width: 768px) 100vw, 768px\" \/><\/a><\/figure>\n\n\n\n<p>L\u2019ODS 9, anomenat \u201cInd\u00fastria, Innovaci\u00f3 i Infraestructura\u201d, busca promoure una industrialitzaci\u00f3 inclusiva i sostenible, fomentar la innovaci\u00f3 i millorar les infraestructures per impulsar el creixement econ\u00f2mic i el benestar de la societat. He escollit aquest ODS perqu\u00e8 considero que la innovaci\u00f3 i la tecnologia s\u00f3n essencials per construir un futur m\u00e9s just, modern i respectu\u00f3s amb el medi ambient.<\/p>\n\n\n\n<p>Cada vegada hi ha m\u00e9s projectes i iniciatives que aposten per la recerca, la innovaci\u00f3 i la digitalitzaci\u00f3 de les empreses. Tamb\u00e9 \u00e9s positiu que existeixin programes p\u00fablics que donen suport a la innovaci\u00f3, com el programa InnoC\u00e1maras, o les pol\u00edtiques de foment de la tecnologia i la sostenibilitat.<\/p>\n\n\n\n<p>Tot i aix\u00ed, hi ha una falta d\u2019inversi\u00f3 suficient en recerca i desenvolupament, especialment en petites i mitjanes empreses. A m\u00e9s, hi ha desigualtats entre territoris: les zones rurals o menys desenvolupades sovint tenen menys acc\u00e9s a infraestructures modernes i oportunitats tecnol\u00f2giques.<\/p>\n\n\n\n<p>Per altra banda, hi ha certes amenaces, les principals estan relacionades amb la compet\u00e8ncia internacional i amb els efectes del canvi clim\u00e0tic, que poden posar en risc infraestructures o sectors industrials sencers si no s\u2019adapten a temps. Tamb\u00e9 \u00e9s una amena\u00e7a la falta de finan\u00e7ament o de pol\u00edtiques estables que garanteixin la continu\u00eftat dels projectes d\u2019innovaci\u00f3.<\/p>\n\n\n\n<p>Finalment, entre les oportunitats, \u00e9s molt important l\u2019impuls de les noves tecnologies, com per exemple la intel\u00b7lig\u00e8ncia artificial, les energies renovables o la digitalitzaci\u00f3. A m\u00e9s a m\u00e9s, tamb\u00e9 s\u00f3n rellevants els fons europeus i els programes de recuperaci\u00f3 econ\u00f2mica, ja que aquests que ofereixen una gran possibilitat per invertir en sectors m\u00e9s sostenibles i innovadors.<\/p>\n\n\n\n<p><strong>Alba Molina<\/strong><\/p>\n","protected":false},"excerpt":{"rendered":"<p>L\u2019ODS 9, anomenat \u201cInd\u00fastria, Innovaci\u00f3 i Infraestructura\u201d, busca promoure una industrialitzaci\u00f3 inclusiva i sostenible, fomentar la innovaci\u00f3 i millorar les infraestructures per impulsar el creixement econ\u00f2mic i el benestar de la societat. He escollit aquest ODS perqu\u00e8 considero que la innovaci\u00f3 i la tecnologia s\u00f3n essencials per construir un futur m\u00e9s just, modern i respectu\u00f3s [&hellip;]<\/p>\n","protected":false},"author":1,"featured_media":0,"parent":4652,"menu_order":9,"comment_status":"closed","ping_status":"closed","template":"","meta":{"_bbp_topic_count":0,"_bbp_reply_count":0,"_bbp_total_topic_count":0,"_bbp_total_reply_count":0,"_bbp_voice_count":0,"_bbp_anonymous_reply_count":0,"_bbp_topic_count_hidden":0,"_bbp_reply_count_hidden":0,"_bbp_forum_subforum_count":0,"site-sidebar-layout":"default","site-content-layout":"","ast-site-content-layout":"default","site-content-style":"default","site-sidebar-style":"default","ast-global-header-display":"","ast-banner-title-visibility":"","ast-main-header-display":"","ast-hfb-above-header-display":"","ast-hfb-below-header-display":"","ast-hfb-mobile-header-display":"","site-post-title":"","ast-breadcrumbs-content":"","ast-featured-img":"","footer-sml-layout":"","theme-transparent-header-meta":"","adv-header-id-meta":"","stick-header-meta":"","header-above-stick-meta":"","header-main-stick-meta":"","header-below-stick-meta":"","astra-migrate-meta-layouts":"set","ast-page-background-enabled":"default","ast-page-background-meta":{"desktop":{"background-color":"var(--ast-global-color-4)","background-image":"","background-repeat":"repeat","background-position":"center center","background-size":"auto","background-attachment":"scroll","background-type":"","background-media":"","overlay-type":"","overlay-color":"","overlay-opacity":"","overlay-gradient":""},"tablet":{"background-color":"","background-image":"","background-repeat":"repeat","background-position":"center center","background-size":"auto","background-attachment":"scroll","background-type":"","background-media":"","overlay-type":"","overlay-color":"","overlay-opacity":"","overlay-gradient":""},"mobile":{"background-color":"","background-image":"","background-repeat":"repeat","background-position":"center center","background-size":"auto","background-attachment":"scroll","background-type":"","background-media":"","overlay-type":"","overlay-color":"","overlay-opacity":"","overlay-gradient":""}},"ast-content-background-meta":{"desktop":{"background-color":"var(--ast-global-color-5)","background-image":"","background-repeat":"repeat","background-position":"center center","background-size":"auto","background-attachment":"scroll","background-type":"","background-media":"","overlay-type":"","overlay-color":"","overlay-opacity":"","overlay-gradient":""},"tablet":{"background-color":"var(--ast-global-color-5)","background-image":"","background-repeat":"repeat","background-position":"center center","background-size":"auto","background-attachment":"scroll","background-type":"","background-media":"","overlay-type":"","overlay-color":"","overlay-opacity":"","overlay-gradient":""},"mobile":{"background-color":"var(--ast-global-color-5)","background-image":"","background-repeat":"repeat","background-position":"center center","background-size":"auto","background-attachment":"scroll","background-type":"","background-media":"","overlay-type":"","overlay-color":"","overlay-opacity":"","overlay-gradient":""}},"footnotes":""},"class_list":["post-4673","page","type-page","status-publish","hentry"],"post_mailing_queue_ids":[],"_links":{"self":[{"href":"https:\/\/agora.xtec.cat\/iesestany\/wp-json\/wp\/v2\/pages\/4673","targetHints":{"allow":["GET"]}}],"collection":[{"href":"https:\/\/agora.xtec.cat\/iesestany\/wp-json\/wp\/v2\/pages"}],"about":[{"href":"https:\/\/agora.xtec.cat\/iesestany\/wp-json\/wp\/v2\/types\/page"}],"author":[{"embeddable":true,"href":"https:\/\/agora.xtec.cat\/iesestany\/wp-json\/wp\/v2\/users\/1"}],"replies":[{"embeddable":true,"href":"https:\/\/agora.xtec.cat\/iesestany\/wp-json\/wp\/v2\/comments?post=4673"}],"version-history":[{"count":2,"href":"https:\/\/agora.xtec.cat\/iesestany\/wp-json\/wp\/v2\/pages\/4673\/revisions"}],"predecessor-version":[{"id":4728,"href":"https:\/\/agora.xtec.cat\/iesestany\/wp-json\/wp\/v2\/pages\/4673\/revisions\/4728"}],"up":[{"embeddable":true,"href":"https:\/\/agora.xtec.cat\/iesestany\/wp-json\/wp\/v2\/pages\/4652"}],"wp:attachment":[{"href":"https:\/\/agora.xtec.cat\/iesestany\/wp-json\/wp\/v2\/media?parent=4673"}],"curies":[{"name":"wp","href":"https:\/\/api.w.org\/{rel}","templated":true}]}}