{"id":4671,"date":"2026-03-12T14:04:54","date_gmt":"2026-03-12T13:04:54","guid":{"rendered":"https:\/\/agora.xtec.cat\/iesestany\/?page_id=4671"},"modified":"2026-04-09T20:13:26","modified_gmt":"2026-04-09T18:13:26","slug":"ods-8-treball-decent-i-creixement-economic","status":"publish","type":"page","link":"https:\/\/agora.xtec.cat\/iesestany\/articles-ods\/ods-8-treball-decent-i-creixement-economic\/","title":{"rendered":"ODS 8 &#8211; Treball decent i creixement econ\u00f2mic"},"content":{"rendered":"\n<figure class=\"wp-block-image size-full\"><a href=\"https:\/\/agora.xtec.cat\/iesestany\/wp-content\/uploads\/usu1853\/2026\/03\/imatge-7.png\"><img loading=\"lazy\" decoding=\"async\" width=\"768\" height=\"180\" src=\"https:\/\/agora.xtec.cat\/iesestany\/wp-content\/uploads\/usu1853\/2026\/03\/imatge-7.png\" alt=\"\" class=\"wp-image-4725\" srcset=\"https:\/\/agora.xtec.cat\/iesestany\/wp-content\/uploads\/usu1853\/2026\/03\/imatge-7.png 768w, https:\/\/agora.xtec.cat\/iesestany\/wp-content\/uploads\/usu1853\/2026\/03\/imatge-7-300x70.png 300w\" sizes=\"auto, (max-width: 768px) 100vw, 768px\" \/><\/a><\/figure>\n\n\n\n<p>L\u2019ODS 8 tracta sobre el treball digne i el creixement econ\u00f2mic per a totes les persones. Aquest objectiu \u00e9s essencial perqu\u00e8 el treball \u00e9s una font de dignitat, seguretat i desenvolupament personal, i perqu\u00e8 tothom pugui viure amb estabilitat i igualtat d\u2019oportunitats. Aquest ODS busca garantir que totes les persones tinguin acc\u00e9s a feines de qualitat, amb sous justos i condicions laborals segures, alhora que es promou el respecte per als drets de cada treballador. Tamb\u00e9 busca reduir l\u2019atur i oferir m\u00e9s oportunitats pels m\u00e9s joves i les persones m\u00e9s vulnerables, impulsant la igualtat al m\u00f3n laboral. A m\u00e9s, aquest objectiu fomenta un creixement econ\u00f2mic sostenible i inclusiu, que no es basi en el benefici, sin\u00f3 en qu\u00e8 millori el benestar i la qualitat de vida. Per poder-ho aconseguir, s\u2019aposta per la formaci\u00f3 professional, innovaci\u00f3 i l\u2019emprenedoria, com les fonts per crear m\u00e9s ocupaci\u00f3 i adaptar-se als canvis tecnol\u00f2gics.&nbsp;<\/p>\n\n\n\n<p>Tot i aix\u00f2, hi ha cr\u00edtiques que diuen que el creixement econ\u00f2mic pot provocar desigualtats o danys ambientals si no es gestiona amb responsabilitat o que les condicions per un treball digne no s\u00f3n les mateixes a tots els pa\u00efsos. Per aix\u00f2, \u00e9s molt important arribar a trobar l&#8217;equilibri entre el progr\u00e9s econ\u00f2mic, la just\u00edcia social i la protecci\u00f3 del planeta. Cal tenir en compte que cr\u00e9ixer econ\u00f2micament no t\u00e9 sentit si no millora la vida de les persones i si no es respecten els l\u00edmits del nostre entorn. Nom\u00e9s d\u2019aquesta manera es pot aconseguir un futur sostenible i just per tots.<\/p>\n\n\n\n<p><strong>Guillermo Paz<\/strong><\/p>\n\n\n\n<div class=\"wp-block-getwid-accordion has-icon-left\" data-active-element=\"none\">\n<div class=\"wp-block-getwid-accordion__header-wrapper\"><span class=\"wp-block-getwid-accordion__header\"><a href=\"#\"><span class=\"wp-block-getwid-accordion__header-title\">La deslocalitzaci\u00f3 als pa\u00efsos no desenvolupats. Paz Gallardo, Guillermo (Global)<\/span><span class=\"wp-block-getwid-accordion__icon is-active\"><i class=\"fas fa-plus\"><\/i><\/span><span class=\"wp-block-getwid-accordion__icon is-passive\"><i class=\"fas fa-minus\"><\/i><\/span><\/a><\/span><\/div><div class=\"wp-block-getwid-accordion__content-wrapper\"><div class=\"wp-block-getwid-accordion__content\">\n<div data-wp-interactive=\"core\/file\" class=\"wp-block-file\"><object data-wp-bind--hidden=\"!state.hasPdfPreview\" hidden class=\"wp-block-file__embed\" data=\"https:\/\/agora.xtec.cat\/iesestany\/wp-content\/uploads\/usu1853\/2026\/04\/La-deslocalitzacio-als-paisos-no-desenvolupats.-Paz-Gallardo-Guillermo-Global.pdf\" type=\"application\/pdf\" style=\"width:100%;height:600px\" aria-label=\"Incrustaci\u00f3 del fitxer La deslocalitzaci\u00f3 als pa\u00efsos no desenvolupats. Paz Gallardo, Guillermo (Global).\"><\/object><a id=\"wp-block-file--media-01284ee3-fd7f-4d18-ab9c-b8a5a50400e9\" href=\"https:\/\/agora.xtec.cat\/iesestany\/wp-content\/uploads\/usu1853\/2026\/04\/La-deslocalitzacio-als-paisos-no-desenvolupats.-Paz-Gallardo-Guillermo-Global.pdf\">La deslocalitzaci\u00f3 als pa\u00efsos no desenvolupats. Paz Gallardo, Guillermo (Global)<\/a><a href=\"https:\/\/agora.xtec.cat\/iesestany\/wp-content\/uploads\/usu1853\/2026\/04\/La-deslocalitzacio-als-paisos-no-desenvolupats.-Paz-Gallardo-Guillermo-Global.pdf\" class=\"wp-block-file__button wp-element-button\" download aria-describedby=\"wp-block-file--media-01284ee3-fd7f-4d18-ab9c-b8a5a50400e9\">Baixa<\/a><\/div>\n\n\n\n<p><\/p>\n<\/div><\/div>\n\n\n\n<div class=\"wp-block-getwid-accordion__header-wrapper\"><span class=\"wp-block-getwid-accordion__header\"><a href=\"#\"><span class=\"wp-block-getwid-accordion__header-title\">La precarietat laboral juvenil a Espanya. Paz Gallardo, Guillermo (Regional)<\/span><span class=\"wp-block-getwid-accordion__icon is-active\"><i class=\"fas fa-plus\"><\/i><\/span><span class=\"wp-block-getwid-accordion__icon is-passive\"><i class=\"fas fa-minus\"><\/i><\/span><\/a><\/span><\/div><div class=\"wp-block-getwid-accordion__content-wrapper\"><div class=\"wp-block-getwid-accordion__content\">\n<div data-wp-interactive=\"core\/file\" class=\"wp-block-file\"><object data-wp-bind--hidden=\"!state.hasPdfPreview\" hidden class=\"wp-block-file__embed\" data=\"https:\/\/agora.xtec.cat\/iesestany\/wp-content\/uploads\/usu1853\/2026\/04\/La-precarietat-laboral-juvenil-a-Espanya.-Paz-Gallardo-Guillermo-Regional.pdf\" type=\"application\/pdf\" style=\"width:100%;height:600px\" aria-label=\"Incrustaci\u00f3 del fitxer La precarietat laboral juvenil a Espanya. Paz Gallardo, Guillermo (Regional).\"><\/object><a id=\"wp-block-file--media-ea5d2410-fcd1-430e-81e4-6b2c26e164a3\" href=\"https:\/\/agora.xtec.cat\/iesestany\/wp-content\/uploads\/usu1853\/2026\/04\/La-precarietat-laboral-juvenil-a-Espanya.-Paz-Gallardo-Guillermo-Regional.pdf\">La precarietat laboral juvenil a Espanya. Paz Gallardo, Guillermo (Regional)<\/a><a href=\"https:\/\/agora.xtec.cat\/iesestany\/wp-content\/uploads\/usu1853\/2026\/04\/La-precarietat-laboral-juvenil-a-Espanya.-Paz-Gallardo-Guillermo-Regional.pdf\" class=\"wp-block-file__button wp-element-button\" download aria-describedby=\"wp-block-file--media-ea5d2410-fcd1-430e-81e4-6b2c26e164a3\">Baixa<\/a><\/div>\n\n\n\n<p><\/p>\n<\/div><\/div>\n\n\n\n<div class=\"wp-block-getwid-accordion__header-wrapper\"><span class=\"wp-block-getwid-accordion__header\"><a href=\"#\"><span class=\"wp-block-getwid-accordion__header-title\">Migraci\u00f3 laboral. Iv\u00e1n D\u00edaz (Regional)<\/span><span class=\"wp-block-getwid-accordion__icon is-active\"><i class=\"fas fa-plus\"><\/i><\/span><span class=\"wp-block-getwid-accordion__icon is-passive\"><i class=\"fas fa-minus\"><\/i><\/span><\/a><\/span><\/div><div class=\"wp-block-getwid-accordion__content-wrapper\"><div class=\"wp-block-getwid-accordion__content\">\n<div data-wp-interactive=\"core\/file\" class=\"wp-block-file\"><object data-wp-bind--hidden=\"!state.hasPdfPreview\" hidden class=\"wp-block-file__embed\" data=\"https:\/\/agora.xtec.cat\/iesestany\/wp-content\/uploads\/usu1853\/2026\/04\/Migracio-laboral.-Ivan-Diaz-Regional.pdf\" type=\"application\/pdf\" style=\"width:100%;height:600px\" aria-label=\"Incrustaci\u00f3 del fitxer Migraci\u00f3 laboral. Iv\u00e1n D\u00edaz (Regional).\"><\/object><a id=\"wp-block-file--media-054aa040-e417-4f0c-9ea0-cdda2741be46\" href=\"https:\/\/agora.xtec.cat\/iesestany\/wp-content\/uploads\/usu1853\/2026\/04\/Migracio-laboral.-Ivan-Diaz-Regional.pdf\">Migraci\u00f3 laboral. Iv\u00e1n D\u00edaz (Regional)<\/a><a href=\"https:\/\/agora.xtec.cat\/iesestany\/wp-content\/uploads\/usu1853\/2026\/04\/Migracio-laboral.-Ivan-Diaz-Regional.pdf\" class=\"wp-block-file__button wp-element-button\" download aria-describedby=\"wp-block-file--media-054aa040-e417-4f0c-9ea0-cdda2741be46\">Baixa<\/a><\/div>\n\n\n\n<p><\/p>\n<\/div><\/div>\n\n\n\n<div class=\"wp-block-getwid-accordion__header-wrapper\"><span class=\"wp-block-getwid-accordion__header\"><a href=\"#\"><span class=\"wp-block-getwid-accordion__header-title\">Problem\u00e0tiques associades al treball als pa\u00efsos desenvolupats. Paz Gallardo, Guillermo (Global)<\/span><span class=\"wp-block-getwid-accordion__icon is-active\"><i class=\"fas fa-plus\"><\/i><\/span><span class=\"wp-block-getwid-accordion__icon is-passive\"><i class=\"fas fa-minus\"><\/i><\/span><\/a><\/span><\/div><div class=\"wp-block-getwid-accordion__content-wrapper\"><div class=\"wp-block-getwid-accordion__content\">\n<div data-wp-interactive=\"core\/file\" class=\"wp-block-file\"><object data-wp-bind--hidden=\"!state.hasPdfPreview\" hidden class=\"wp-block-file__embed\" data=\"https:\/\/agora.xtec.cat\/iesestany\/wp-content\/uploads\/usu1853\/2026\/04\/Problematiques-associades-al-treball-als-paisos-desenvolupats.-Paz-Gallardo-Guillermo-Global.pdf\" type=\"application\/pdf\" style=\"width:100%;height:600px\" aria-label=\"Incrustaci\u00f3 del fitxer Problem\u00e0tiques associades al treball als pa\u00efsos desenvolupats. Paz Gallardo, Guillermo (Global).\"><\/object><a id=\"wp-block-file--media-7fd06c55-ac03-4040-863c-03834e811646\" href=\"https:\/\/agora.xtec.cat\/iesestany\/wp-content\/uploads\/usu1853\/2026\/04\/Problematiques-associades-al-treball-als-paisos-desenvolupats.-Paz-Gallardo-Guillermo-Global.pdf\">Problem\u00e0tiques associades al treball als pa\u00efsos desenvolupats. Paz Gallardo, Guillermo (Global)<\/a><a href=\"https:\/\/agora.xtec.cat\/iesestany\/wp-content\/uploads\/usu1853\/2026\/04\/Problematiques-associades-al-treball-als-paisos-desenvolupats.-Paz-Gallardo-Guillermo-Global.pdf\" class=\"wp-block-file__button wp-element-button\" download aria-describedby=\"wp-block-file--media-7fd06c55-ac03-4040-863c-03834e811646\">Baixa<\/a><\/div>\n\n\n\n<p><\/p>\n<\/div><\/div>\n\n\n\n<div class=\"wp-block-getwid-accordion__header-wrapper\"><span class=\"wp-block-getwid-accordion__header\"><a href=\"#\"><span class=\"wp-block-getwid-accordion__header-title\">Turisme i precarietat. Paz Gallardo, Guillermo (Regional)<\/span><span class=\"wp-block-getwid-accordion__icon is-active\"><i class=\"fas fa-plus\"><\/i><\/span><span class=\"wp-block-getwid-accordion__icon is-passive\"><i class=\"fas fa-minus\"><\/i><\/span><\/a><\/span><\/div><div class=\"wp-block-getwid-accordion__content-wrapper\"><div class=\"wp-block-getwid-accordion__content\">\n<div data-wp-interactive=\"core\/file\" class=\"wp-block-file\"><object data-wp-bind--hidden=\"!state.hasPdfPreview\" hidden class=\"wp-block-file__embed\" data=\"https:\/\/agora.xtec.cat\/iesestany\/wp-content\/uploads\/usu1853\/2026\/04\/Turisme-i-precarietat.-Paz-Gallardo-Guillermo-Regional.pdf\" type=\"application\/pdf\" style=\"width:100%;height:600px\" aria-label=\"Incrustaci\u00f3 del fitxer Turisme i precarietat. Paz Gallardo, Guillermo (Regional).\"><\/object><a id=\"wp-block-file--media-fb0360cd-c816-4143-aaac-2d4a6a685541\" href=\"https:\/\/agora.xtec.cat\/iesestany\/wp-content\/uploads\/usu1853\/2026\/04\/Turisme-i-precarietat.-Paz-Gallardo-Guillermo-Regional.pdf\">Turisme i precarietat. Paz Gallardo, Guillermo (Regional)<\/a><a href=\"https:\/\/agora.xtec.cat\/iesestany\/wp-content\/uploads\/usu1853\/2026\/04\/Turisme-i-precarietat.-Paz-Gallardo-Guillermo-Regional.pdf\" class=\"wp-block-file__button wp-element-button\" download aria-describedby=\"wp-block-file--media-fb0360cd-c816-4143-aaac-2d4a6a685541\">Baixa<\/a><\/div>\n\n\n\n<p><\/p>\n<\/div><\/div>\n<\/div>\n\n\n\n<p><\/p>\n","protected":false},"excerpt":{"rendered":"<p>L\u2019ODS 8 tracta sobre el treball digne i el creixement econ\u00f2mic per a totes les persones. Aquest objectiu \u00e9s essencial perqu\u00e8 el treball \u00e9s una font de dignitat, seguretat i desenvolupament personal, i perqu\u00e8 tothom pugui viure amb estabilitat i igualtat d\u2019oportunitats. Aquest ODS busca garantir que totes les persones tinguin acc\u00e9s a feines de [&hellip;]<\/p>\n","protected":false},"author":1,"featured_media":0,"parent":4652,"menu_order":8,"comment_status":"closed","ping_status":"closed","template":"","meta":{"_bbp_topic_count":0,"_bbp_reply_count":0,"_bbp_total_topic_count":0,"_bbp_total_reply_count":0,"_bbp_voice_count":0,"_bbp_anonymous_reply_count":0,"_bbp_topic_count_hidden":0,"_bbp_reply_count_hidden":0,"_bbp_forum_subforum_count":0,"site-sidebar-layout":"default","site-content-layout":"","ast-site-content-layout":"default","site-content-style":"default","site-sidebar-style":"default","ast-global-header-display":"","ast-banner-title-visibility":"","ast-main-header-display":"","ast-hfb-above-header-display":"","ast-hfb-below-header-display":"","ast-hfb-mobile-header-display":"","site-post-title":"","ast-breadcrumbs-content":"","ast-featured-img":"","footer-sml-layout":"","theme-transparent-header-meta":"","adv-header-id-meta":"","stick-header-meta":"","header-above-stick-meta":"","header-main-stick-meta":"","header-below-stick-meta":"","astra-migrate-meta-layouts":"set","ast-page-background-enabled":"default","ast-page-background-meta":{"desktop":{"background-color":"var(--ast-global-color-4)","background-image":"","background-repeat":"repeat","background-position":"center center","background-size":"auto","background-attachment":"scroll","background-type":"","background-media":"","overlay-type":"","overlay-color":"","overlay-opacity":"","overlay-gradient":""},"tablet":{"background-color":"","background-image":"","background-repeat":"repeat","background-position":"center center","background-size":"auto","background-attachment":"scroll","background-type":"","background-media":"","overlay-type":"","overlay-color":"","overlay-opacity":"","overlay-gradient":""},"mobile":{"background-color":"","background-image":"","background-repeat":"repeat","background-position":"center center","background-size":"auto","background-attachment":"scroll","background-type":"","background-media":"","overlay-type":"","overlay-color":"","overlay-opacity":"","overlay-gradient":""}},"ast-content-background-meta":{"desktop":{"background-color":"var(--ast-global-color-5)","background-image":"","background-repeat":"repeat","background-position":"center center","background-size":"auto","background-attachment":"scroll","background-type":"","background-media":"","overlay-type":"","overlay-color":"","overlay-opacity":"","overlay-gradient":""},"tablet":{"background-color":"var(--ast-global-color-5)","background-image":"","background-repeat":"repeat","background-position":"center center","background-size":"auto","background-attachment":"scroll","background-type":"","background-media":"","overlay-type":"","overlay-color":"","overlay-opacity":"","overlay-gradient":""},"mobile":{"background-color":"var(--ast-global-color-5)","background-image":"","background-repeat":"repeat","background-position":"center center","background-size":"auto","background-attachment":"scroll","background-type":"","background-media":"","overlay-type":"","overlay-color":"","overlay-opacity":"","overlay-gradient":""}},"footnotes":""},"class_list":["post-4671","page","type-page","status-publish","hentry"],"post_mailing_queue_ids":[],"_links":{"self":[{"href":"https:\/\/agora.xtec.cat\/iesestany\/wp-json\/wp\/v2\/pages\/4671","targetHints":{"allow":["GET"]}}],"collection":[{"href":"https:\/\/agora.xtec.cat\/iesestany\/wp-json\/wp\/v2\/pages"}],"about":[{"href":"https:\/\/agora.xtec.cat\/iesestany\/wp-json\/wp\/v2\/types\/page"}],"author":[{"embeddable":true,"href":"https:\/\/agora.xtec.cat\/iesestany\/wp-json\/wp\/v2\/users\/1"}],"replies":[{"embeddable":true,"href":"https:\/\/agora.xtec.cat\/iesestany\/wp-json\/wp\/v2\/comments?post=4671"}],"version-history":[{"count":4,"href":"https:\/\/agora.xtec.cat\/iesestany\/wp-json\/wp\/v2\/pages\/4671\/revisions"}],"predecessor-version":[{"id":4802,"href":"https:\/\/agora.xtec.cat\/iesestany\/wp-json\/wp\/v2\/pages\/4671\/revisions\/4802"}],"up":[{"embeddable":true,"href":"https:\/\/agora.xtec.cat\/iesestany\/wp-json\/wp\/v2\/pages\/4652"}],"wp:attachment":[{"href":"https:\/\/agora.xtec.cat\/iesestany\/wp-json\/wp\/v2\/media?parent=4671"}],"curies":[{"name":"wp","href":"https:\/\/api.w.org\/{rel}","templated":true}]}}