{"id":4664,"date":"2026-03-12T14:01:38","date_gmt":"2026-03-12T13:01:38","guid":{"rendered":"https:\/\/agora.xtec.cat\/iesestany\/?page_id=4664"},"modified":"2026-04-09T20:03:47","modified_gmt":"2026-04-09T18:03:47","slug":"ods-5-igualtat-de-genere","status":"publish","type":"page","link":"https:\/\/agora.xtec.cat\/iesestany\/articles-ods\/ods-5-igualtat-de-genere\/","title":{"rendered":"ODS 5 &#8211; Igualtat de g\u00e8nere"},"content":{"rendered":"\n<figure class=\"wp-block-image size-full\"><a href=\"https:\/\/agora.xtec.cat\/iesestany\/wp-content\/uploads\/usu1853\/2026\/03\/imatge-4.png\"><img loading=\"lazy\" decoding=\"async\" width=\"768\" height=\"180\" src=\"https:\/\/agora.xtec.cat\/iesestany\/wp-content\/uploads\/usu1853\/2026\/03\/imatge-4.png\" alt=\"\" class=\"wp-image-4717\" srcset=\"https:\/\/agora.xtec.cat\/iesestany\/wp-content\/uploads\/usu1853\/2026\/03\/imatge-4.png 768w, https:\/\/agora.xtec.cat\/iesestany\/wp-content\/uploads\/usu1853\/2026\/03\/imatge-4-300x70.png 300w\" sizes=\"auto, (max-width: 768px) 100vw, 768px\" \/><\/a><\/figure>\n\n\n\n<p>Les dones constitueixen la meitat de la poblaci\u00f3 mundial, i per tant tamb\u00e9 la meitat del seu potencial. Malgrat aix\u00f2, la nostra societat no les permet treure-ho a la llum. Segons l\u2019ONU, les dones guanyen un 23% menys que els homes en el mercat laboral mundial i dediquen el triple d\u2019hores al treball dom\u00e8stic. Aquesta \u00e9s una de les moltes dades que ens indiquen que, encara que la igualtat de g\u00e8nere \u00e9s un dret hum\u00e0 fonamental, avui en dia continuem sense respectar-lo en molts aspectes.<\/p>\n\n\n\n<p>L\u2019ODS 5 t\u00e9 com a objectiu revertir aquesta situaci\u00f3 facilitant a les dones i nenes d&#8217;igualtat en l\u2019acc\u00e9s a l&#8217;educaci\u00f3 i a l\u2019atenci\u00f3 m\u00e8dica, a m\u00e9s de proporcionar-les oportunitats per aconseguir un treball digne i aconseguir la seva representaci\u00f3 en decisions pol\u00edtiques i econ\u00f2miques. Gr\u00e0cies a l\u2019establiment d\u2019aquest objectiu, s\u2019ha aconseguit avan\u00e7ar en \u00e0mbits com la reducci\u00f3 de matrimoni infantil i la mutilaci\u00f3 femenina, i la representaci\u00f3 de les dones en la pol\u00edtica \u00e9s ara major que mai.<\/p>\n\n\n\n<p>No obstant aix\u00f2, el ritme en el qual s\u2019estan duent a terme aquests canvis no \u00e9s prou r\u00e0pid. Si es continua a aquest ritme, es tardar\u00e0 300 anys a posar fi al matrimoni infantil, 268 anys en eliminar les lleis discriminat\u00f2ries i 47 en aconseguir la igualtat de representaci\u00f3 en parlaments nacionals. Qu\u00e8 provoca l\u2019estancament del progr\u00e9s? La viol\u00e8ncia, explotacions sexuals i treballs no remunerats s\u00f3n els principals obstacles pel compliment de l&#8217;objectiu.<\/p>\n\n\n\n<p>Lluitar per aconseguir aquest objectiu ens guiar\u00e0 en el cam\u00ed correcte per assolir un m\u00f3n pr\u00f2sper i equitatiu, a m\u00e9s de ser essencial en tots els \u00e0mbits d\u2019una societat sana. No \u00fanicament significar\u00e0 un avan\u00e7 en els drets de les dones, sin\u00f3 que causar\u00e0 un efecte multiplicador en les altres \u00e0rees de desenvolupament.<\/p>\n\n\n\n<p>Mar\u00eda L\u00edndez<\/p>\n\n\n\n<div class=\"wp-block-getwid-accordion has-icon-left\" data-active-element=\"none\">\n<div class=\"wp-block-getwid-accordion__header-wrapper\"><span class=\"wp-block-getwid-accordion__header\"><a href=\"#\"><span class=\"wp-block-getwid-accordion__header-title\">C\u00e0rrega mental_ l\u2019esfor\u00e7 que no es veu per\u00f2 pesa sobre les dones. Lola Molina (Regional)<\/span><span class=\"wp-block-getwid-accordion__icon is-active\"><i class=\"fas fa-plus\"><\/i><\/span><span class=\"wp-block-getwid-accordion__icon is-passive\"><i class=\"fas fa-minus\"><\/i><\/span><\/a><\/span><\/div><div class=\"wp-block-getwid-accordion__content-wrapper\"><div class=\"wp-block-getwid-accordion__content\">\n<div data-wp-interactive=\"core\/file\" class=\"wp-block-file\"><object data-wp-bind--hidden=\"!state.hasPdfPreview\" hidden class=\"wp-block-file__embed\" data=\"https:\/\/agora.xtec.cat\/iesestany\/wp-content\/uploads\/usu1853\/2026\/04\/Carrega-mental_-lesforc-que-no-es-veu-pero-pesa-sobre-les-dones.-Lola-Molina-Regional.pdf\" type=\"application\/pdf\" style=\"width:100%;height:600px\" aria-label=\"Incrustaci\u00f3 del fitxer C\u00e0rrega mental_ l\u2019esfor\u00e7 que no es veu per\u00f2 pesa sobre les dones. Lola Molina (Regional).\"><\/object><a id=\"wp-block-file--media-9035e008-4b07-478e-8672-dd0401355f3f\" href=\"https:\/\/agora.xtec.cat\/iesestany\/wp-content\/uploads\/usu1853\/2026\/04\/Carrega-mental_-lesforc-que-no-es-veu-pero-pesa-sobre-les-dones.-Lola-Molina-Regional.pdf\">C\u00e0rrega mental_ l\u2019esfor\u00e7 que no es veu per\u00f2 pesa sobre les dones. Lola Molina (Regional)<\/a><a href=\"https:\/\/agora.xtec.cat\/iesestany\/wp-content\/uploads\/usu1853\/2026\/04\/Carrega-mental_-lesforc-que-no-es-veu-pero-pesa-sobre-les-dones.-Lola-Molina-Regional.pdf\" class=\"wp-block-file__button wp-element-button\" download aria-describedby=\"wp-block-file--media-9035e008-4b07-478e-8672-dd0401355f3f\">Baixa<\/a><\/div>\n\n\n\n<p><\/p>\n<\/div><\/div>\n\n\n\n<div class=\"wp-block-getwid-accordion__header-wrapper\"><span class=\"wp-block-getwid-accordion__header\"><a href=\"#\"><span class=\"wp-block-getwid-accordion__header-title\">La bretxa salarial i el sostre de vidre a Espanya. L\u00edndez, Mar\u00eda. (Regional)<\/span><span class=\"wp-block-getwid-accordion__icon is-active\"><i class=\"fas fa-plus\"><\/i><\/span><span class=\"wp-block-getwid-accordion__icon is-passive\"><i class=\"fas fa-minus\"><\/i><\/span><\/a><\/span><\/div><div class=\"wp-block-getwid-accordion__content-wrapper\"><div class=\"wp-block-getwid-accordion__content\">\n<div data-wp-interactive=\"core\/file\" class=\"wp-block-file\"><object data-wp-bind--hidden=\"!state.hasPdfPreview\" hidden class=\"wp-block-file__embed\" data=\"https:\/\/agora.xtec.cat\/iesestany\/wp-content\/uploads\/usu1853\/2026\/04\/La-bretxa-salarial-i-el-sostre-de-vidre-a-Espanya.-Lindez-Maria.-Regional.pdf\" type=\"application\/pdf\" style=\"width:100%;height:600px\" aria-label=\"Incrustaci\u00f3 del fitxer La bretxa salarial i el sostre de vidre a Espanya. L\u00edndez, Mar\u00eda. (Regional).\"><\/object><a id=\"wp-block-file--media-44c7ad0b-e0f1-4604-9915-2c929d942dae\" href=\"https:\/\/agora.xtec.cat\/iesestany\/wp-content\/uploads\/usu1853\/2026\/04\/La-bretxa-salarial-i-el-sostre-de-vidre-a-Espanya.-Lindez-Maria.-Regional.pdf\">La bretxa salarial i el sostre de vidre a Espanya. L\u00edndez, Mar\u00eda. (Regional)<\/a><a href=\"https:\/\/agora.xtec.cat\/iesestany\/wp-content\/uploads\/usu1853\/2026\/04\/La-bretxa-salarial-i-el-sostre-de-vidre-a-Espanya.-Lindez-Maria.-Regional.pdf\" class=\"wp-block-file__button wp-element-button\" download aria-describedby=\"wp-block-file--media-44c7ad0b-e0f1-4604-9915-2c929d942dae\">Baixa<\/a><\/div>\n\n\n\n<p><\/p>\n<\/div><\/div>\n\n\n\n<div class=\"wp-block-getwid-accordion__header-wrapper\"><span class=\"wp-block-getwid-accordion__header\"><a href=\"#\"><span class=\"wp-block-getwid-accordion__header-title\">La integraci\u00f3 de les dones migrants a Espanya. L\u00edndez Mar\u00eda. (Regional)<\/span><span class=\"wp-block-getwid-accordion__icon is-active\"><i class=\"fas fa-plus\"><\/i><\/span><span class=\"wp-block-getwid-accordion__icon is-passive\"><i class=\"fas fa-minus\"><\/i><\/span><\/a><\/span><\/div><div class=\"wp-block-getwid-accordion__content-wrapper\"><div class=\"wp-block-getwid-accordion__content\">\n<div data-wp-interactive=\"core\/file\" class=\"wp-block-file\"><object data-wp-bind--hidden=\"!state.hasPdfPreview\" hidden class=\"wp-block-file__embed\" data=\"https:\/\/agora.xtec.cat\/iesestany\/wp-content\/uploads\/usu1853\/2026\/04\/La-integracio-de-les-dones-migrants-a-Espanya.-Lindez-Maria.-Regional.pdf\" type=\"application\/pdf\" style=\"width:100%;height:600px\" aria-label=\"Incrustaci\u00f3 del fitxer La integraci\u00f3 de les dones migrants a Espanya. L\u00edndez Mar\u00eda. (Regional).\"><\/object><a id=\"wp-block-file--media-7b5d7576-7719-42a1-a03b-013bfa74ddb4\" href=\"https:\/\/agora.xtec.cat\/iesestany\/wp-content\/uploads\/usu1853\/2026\/04\/La-integracio-de-les-dones-migrants-a-Espanya.-Lindez-Maria.-Regional.pdf\">La integraci\u00f3 de les dones migrants a Espanya. L\u00edndez Mar\u00eda. (Regional)<\/a><a href=\"https:\/\/agora.xtec.cat\/iesestany\/wp-content\/uploads\/usu1853\/2026\/04\/La-integracio-de-les-dones-migrants-a-Espanya.-Lindez-Maria.-Regional.pdf\" class=\"wp-block-file__button wp-element-button\" download aria-describedby=\"wp-block-file--media-7b5d7576-7719-42a1-a03b-013bfa74ddb4\">Baixa<\/a><\/div>\n\n\n\n<p><\/p>\n<\/div><\/div>\n\n\n\n<div class=\"wp-block-getwid-accordion__header-wrapper\"><span class=\"wp-block-getwid-accordion__header\"><a href=\"#\"><span class=\"wp-block-getwid-accordion__header-title\">Les dones als pa\u00efsos n\u00f2rdics_ el model a seguir. Molina Lola (Global)<\/span><span class=\"wp-block-getwid-accordion__icon is-active\"><i class=\"fas fa-plus\"><\/i><\/span><span class=\"wp-block-getwid-accordion__icon is-passive\"><i class=\"fas fa-minus\"><\/i><\/span><\/a><\/span><\/div><div class=\"wp-block-getwid-accordion__content-wrapper\"><div class=\"wp-block-getwid-accordion__content\">\n<div data-wp-interactive=\"core\/file\" class=\"wp-block-file\"><object data-wp-bind--hidden=\"!state.hasPdfPreview\" hidden class=\"wp-block-file__embed\" data=\"https:\/\/agora.xtec.cat\/iesestany\/wp-content\/uploads\/usu1853\/2026\/04\/Les-dones-als-paisos-nordics_-el-model-a-seguir.-Molina-Lola-Global.pdf\" type=\"application\/pdf\" style=\"width:100%;height:600px\" aria-label=\"Incrustaci\u00f3 del fitxer Les dones als pa\u00efsos n\u00f2rdics_ el model a seguir. Molina Lola (Global).\"><\/object><a id=\"wp-block-file--media-64347ecd-4dce-4910-a4a4-4105d8c595d2\" href=\"https:\/\/agora.xtec.cat\/iesestany\/wp-content\/uploads\/usu1853\/2026\/04\/Les-dones-als-paisos-nordics_-el-model-a-seguir.-Molina-Lola-Global.pdf\">Les dones als pa\u00efsos n\u00f2rdics_ el model a seguir. Molina Lola (Global)<\/a><a href=\"https:\/\/agora.xtec.cat\/iesestany\/wp-content\/uploads\/usu1853\/2026\/04\/Les-dones-als-paisos-nordics_-el-model-a-seguir.-Molina-Lola-Global.pdf\" class=\"wp-block-file__button wp-element-button\" download aria-describedby=\"wp-block-file--media-64347ecd-4dce-4910-a4a4-4105d8c595d2\">Baixa<\/a><\/div>\n\n\n\n<p><\/p>\n<\/div><\/div>\n\n\n\n<div class=\"wp-block-getwid-accordion__header-wrapper\"><span class=\"wp-block-getwid-accordion__header\"><a href=\"#\"><span class=\"wp-block-getwid-accordion__header-title\">Matrimoni infantil als Estats Units. L\u00edndez, Mar\u00eda. (Global)<\/span><span class=\"wp-block-getwid-accordion__icon is-active\"><i class=\"fas fa-plus\"><\/i><\/span><span class=\"wp-block-getwid-accordion__icon is-passive\"><i class=\"fas fa-minus\"><\/i><\/span><\/a><\/span><\/div><div class=\"wp-block-getwid-accordion__content-wrapper\"><div class=\"wp-block-getwid-accordion__content\">\n<div data-wp-interactive=\"core\/file\" class=\"wp-block-file\"><object data-wp-bind--hidden=\"!state.hasPdfPreview\" hidden class=\"wp-block-file__embed\" data=\"https:\/\/agora.xtec.cat\/iesestany\/wp-content\/uploads\/usu1853\/2026\/04\/Matrimoni-infantil-als-Estats-Units.-Lindez-Maria.-Global.pdf\" type=\"application\/pdf\" style=\"width:100%;height:600px\" aria-label=\"Incrustaci\u00f3 del fitxer Matrimoni infantil als Estats Units. L\u00edndez, Mar\u00eda. (Global).\"><\/object><a id=\"wp-block-file--media-1d6e2b29-c735-46d4-95b7-4b39e6e6ebf3\" href=\"https:\/\/agora.xtec.cat\/iesestany\/wp-content\/uploads\/usu1853\/2026\/04\/Matrimoni-infantil-als-Estats-Units.-Lindez-Maria.-Global.pdf\">Matrimoni infantil als Estats Units. L\u00edndez, Mar\u00eda. (Global)<\/a><a href=\"https:\/\/agora.xtec.cat\/iesestany\/wp-content\/uploads\/usu1853\/2026\/04\/Matrimoni-infantil-als-Estats-Units.-Lindez-Maria.-Global.pdf\" class=\"wp-block-file__button wp-element-button\" download aria-describedby=\"wp-block-file--media-1d6e2b29-c735-46d4-95b7-4b39e6e6ebf3\">Baixa<\/a><\/div>\n\n\n\n<p><\/p>\n<\/div><\/div>\n\n\n\n<div class=\"wp-block-getwid-accordion__header-wrapper\"><span class=\"wp-block-getwid-accordion__header\"><a href=\"#\"><span class=\"wp-block-getwid-accordion__header-title\">Quan el g\u00e8nere marca el dest\u00ed_ dones a l\u2019Ar\u00e0bia Saudita i l\u2019Afganistan. Lola Molina (Global)<\/span><span class=\"wp-block-getwid-accordion__icon is-active\"><i class=\"fas fa-plus\"><\/i><\/span><span class=\"wp-block-getwid-accordion__icon is-passive\"><i class=\"fas fa-minus\"><\/i><\/span><\/a><\/span><\/div><div class=\"wp-block-getwid-accordion__content-wrapper\"><div class=\"wp-block-getwid-accordion__content\">\n<div data-wp-interactive=\"core\/file\" class=\"wp-block-file\"><object data-wp-bind--hidden=\"!state.hasPdfPreview\" hidden class=\"wp-block-file__embed\" data=\"https:\/\/agora.xtec.cat\/iesestany\/wp-content\/uploads\/usu1853\/2026\/04\/Quan-el-genere-marca-el-desti_-dones-a-lArabia-Saudita-i-lAfganistan.-Lola-Molina-Global.pdf\" type=\"application\/pdf\" style=\"width:100%;height:600px\" aria-label=\"Incrustaci\u00f3 del fitxer Quan el g\u00e8nere marca el dest\u00ed_ dones a l\u2019Ar\u00e0bia Saudita i l\u2019Afganistan. Lola Molina (Global).\"><\/object><a id=\"wp-block-file--media-1752d532-3c8d-4b53-85c4-2a09630bee7e\" href=\"https:\/\/agora.xtec.cat\/iesestany\/wp-content\/uploads\/usu1853\/2026\/04\/Quan-el-genere-marca-el-desti_-dones-a-lArabia-Saudita-i-lAfganistan.-Lola-Molina-Global.pdf\">Quan el g\u00e8nere marca el dest\u00ed_ dones a l\u2019Ar\u00e0bia Saudita i l\u2019Afganistan. Lola Molina (Global)<\/a><a href=\"https:\/\/agora.xtec.cat\/iesestany\/wp-content\/uploads\/usu1853\/2026\/04\/Quan-el-genere-marca-el-desti_-dones-a-lArabia-Saudita-i-lAfganistan.-Lola-Molina-Global.pdf\" class=\"wp-block-file__button wp-element-button\" download aria-describedby=\"wp-block-file--media-1752d532-3c8d-4b53-85c4-2a09630bee7e\">Baixa<\/a><\/div>\n\n\n\n<p><\/p>\n<\/div><\/div>\n\n\n\n<div class=\"wp-block-getwid-accordion__header-wrapper\"><span class=\"wp-block-getwid-accordion__header\"><a href=\"#\"><span class=\"wp-block-getwid-accordion__header-title\">Un veritable malson_ la mutilaci\u00f3 genital femenina a l&#8217;\u00c0frica. L\u00edndez Mar\u00eda. (Global)<\/span><span class=\"wp-block-getwid-accordion__icon is-active\"><i class=\"fas fa-plus\"><\/i><\/span><span class=\"wp-block-getwid-accordion__icon is-passive\"><i class=\"fas fa-minus\"><\/i><\/span><\/a><\/span><\/div><div class=\"wp-block-getwid-accordion__content-wrapper\"><div class=\"wp-block-getwid-accordion__content\">\n<div data-wp-interactive=\"core\/file\" class=\"wp-block-file\"><object data-wp-bind--hidden=\"!state.hasPdfPreview\" hidden class=\"wp-block-file__embed\" data=\"https:\/\/agora.xtec.cat\/iesestany\/wp-content\/uploads\/usu1853\/2026\/04\/Un-veritable-malson_-la-mutilacio-genital-femenina-a-lAfrica.-Lindez-Maria.-Global.pdf\" type=\"application\/pdf\" style=\"width:100%;height:600px\" aria-label=\"Incrustaci\u00f3 del fitxer Un veritable malson_ la mutilaci\u00f3 genital femenina a l&#039;\u00c0frica. L\u00edndez Mar\u00eda. (Global).\"><\/object><a id=\"wp-block-file--media-be64f7d0-c6e2-46e2-b6af-52cbfe00cbe8\" href=\"https:\/\/agora.xtec.cat\/iesestany\/wp-content\/uploads\/usu1853\/2026\/04\/Un-veritable-malson_-la-mutilacio-genital-femenina-a-lAfrica.-Lindez-Maria.-Global.pdf\">Un veritable malson_ la mutilaci\u00f3 genital femenina a l&#8217;\u00c0frica. L\u00edndez Mar\u00eda. (Global)<\/a><a href=\"https:\/\/agora.xtec.cat\/iesestany\/wp-content\/uploads\/usu1853\/2026\/04\/Un-veritable-malson_-la-mutilacio-genital-femenina-a-lAfrica.-Lindez-Maria.-Global.pdf\" class=\"wp-block-file__button wp-element-button\" download aria-describedby=\"wp-block-file--media-be64f7d0-c6e2-46e2-b6af-52cbfe00cbe8\">Baixa<\/a><\/div>\n\n\n\n<p><\/p>\n<\/div><\/div>\n\n\n\n<div class=\"wp-block-getwid-accordion__header-wrapper\"><span class=\"wp-block-getwid-accordion__header\"><a href=\"#\"><span class=\"wp-block-getwid-accordion__header-title\">Una Barcelona que no dorm_ l\u2019assetjament al transport p\u00fablic. Lola Molina (Regional)<\/span><span class=\"wp-block-getwid-accordion__icon is-active\"><i class=\"fas fa-plus\"><\/i><\/span><span class=\"wp-block-getwid-accordion__icon is-passive\"><i class=\"fas fa-minus\"><\/i><\/span><\/a><\/span><\/div><div class=\"wp-block-getwid-accordion__content-wrapper\"><div class=\"wp-block-getwid-accordion__content\">\n<div data-wp-interactive=\"core\/file\" class=\"wp-block-file\"><object data-wp-bind--hidden=\"!state.hasPdfPreview\" hidden class=\"wp-block-file__embed\" data=\"https:\/\/agora.xtec.cat\/iesestany\/wp-content\/uploads\/usu1853\/2026\/04\/Una-Barcelona-que-no-dorm_-lassetjament-al-transport-public.-Lola-Molina-Regional.pdf\" type=\"application\/pdf\" style=\"width:100%;height:600px\" aria-label=\"Incrustaci\u00f3 del fitxer Una Barcelona que no dorm_ l\u2019assetjament al transport p\u00fablic. Lola Molina (Regional).\"><\/object><a id=\"wp-block-file--media-241a99d6-f22c-4c48-ae20-320ecd8b4cd2\" href=\"https:\/\/agora.xtec.cat\/iesestany\/wp-content\/uploads\/usu1853\/2026\/04\/Una-Barcelona-que-no-dorm_-lassetjament-al-transport-public.-Lola-Molina-Regional.pdf\">Una Barcelona que no dorm_ l\u2019assetjament al transport p\u00fablic. Lola Molina (Regional)<\/a><a href=\"https:\/\/agora.xtec.cat\/iesestany\/wp-content\/uploads\/usu1853\/2026\/04\/Una-Barcelona-que-no-dorm_-lassetjament-al-transport-public.-Lola-Molina-Regional.pdf\" class=\"wp-block-file__button wp-element-button\" download aria-describedby=\"wp-block-file--media-241a99d6-f22c-4c48-ae20-320ecd8b4cd2\">Baixa<\/a><\/div>\n\n\n\n<p><\/p>\n<\/div><\/div>\n\n\n\n<div class=\"wp-block-getwid-accordion__header-wrapper\"><span class=\"wp-block-getwid-accordion__header\"><a href=\"#\"><span class=\"wp-block-getwid-accordion__header-title\">Wokisme a Espanya, Feminisme en Conflicte i Transformaci\u00f3 Zoyo Carla (Regional)<\/span><span class=\"wp-block-getwid-accordion__icon is-active\"><i class=\"fas fa-plus\"><\/i><\/span><span class=\"wp-block-getwid-accordion__icon is-passive\"><i class=\"fas fa-minus\"><\/i><\/span><\/a><\/span><\/div><div class=\"wp-block-getwid-accordion__content-wrapper\"><div class=\"wp-block-getwid-accordion__content\">\n\n\n<p><\/p>\n<\/div><\/div>\n<\/div>\n","protected":false},"excerpt":{"rendered":"<p>Les dones constitueixen la meitat de la poblaci\u00f3 mundial, i per tant tamb\u00e9 la meitat del seu potencial. Malgrat aix\u00f2, la nostra societat no les permet treure-ho a la llum. Segons l\u2019ONU, les dones guanyen un 23% menys que els homes en el mercat laboral mundial i dediquen el triple d\u2019hores al treball dom\u00e8stic. Aquesta [&hellip;]<\/p>\n","protected":false},"author":1,"featured_media":0,"parent":4652,"menu_order":5,"comment_status":"closed","ping_status":"closed","template":"","meta":{"_bbp_topic_count":0,"_bbp_reply_count":0,"_bbp_total_topic_count":0,"_bbp_total_reply_count":0,"_bbp_voice_count":0,"_bbp_anonymous_reply_count":0,"_bbp_topic_count_hidden":0,"_bbp_reply_count_hidden":0,"_bbp_forum_subforum_count":0,"site-sidebar-layout":"default","site-content-layout":"","ast-site-content-layout":"default","site-content-style":"default","site-sidebar-style":"default","ast-global-header-display":"","ast-banner-title-visibility":"","ast-main-header-display":"","ast-hfb-above-header-display":"","ast-hfb-below-header-display":"","ast-hfb-mobile-header-display":"","site-post-title":"","ast-breadcrumbs-content":"","ast-featured-img":"","footer-sml-layout":"","theme-transparent-header-meta":"","adv-header-id-meta":"","stick-header-meta":"","header-above-stick-meta":"","header-main-stick-meta":"","header-below-stick-meta":"","astra-migrate-meta-layouts":"set","ast-page-background-enabled":"default","ast-page-background-meta":{"desktop":{"background-color":"var(--ast-global-color-4)","background-image":"","background-repeat":"repeat","background-position":"center center","background-size":"auto","background-attachment":"scroll","background-type":"","background-media":"","overlay-type":"","overlay-color":"","overlay-opacity":"","overlay-gradient":""},"tablet":{"background-color":"","background-image":"","background-repeat":"repeat","background-position":"center center","background-size":"auto","background-attachment":"scroll","background-type":"","background-media":"","overlay-type":"","overlay-color":"","overlay-opacity":"","overlay-gradient":""},"mobile":{"background-color":"","background-image":"","background-repeat":"repeat","background-position":"center center","background-size":"auto","background-attachment":"scroll","background-type":"","background-media":"","overlay-type":"","overlay-color":"","overlay-opacity":"","overlay-gradient":""}},"ast-content-background-meta":{"desktop":{"background-color":"var(--ast-global-color-5)","background-image":"","background-repeat":"repeat","background-position":"center center","background-size":"auto","background-attachment":"scroll","background-type":"","background-media":"","overlay-type":"","overlay-color":"","overlay-opacity":"","overlay-gradient":""},"tablet":{"background-color":"var(--ast-global-color-5)","background-image":"","background-repeat":"repeat","background-position":"center center","background-size":"auto","background-attachment":"scroll","background-type":"","background-media":"","overlay-type":"","overlay-color":"","overlay-opacity":"","overlay-gradient":""},"mobile":{"background-color":"var(--ast-global-color-5)","background-image":"","background-repeat":"repeat","background-position":"center center","background-size":"auto","background-attachment":"scroll","background-type":"","background-media":"","overlay-type":"","overlay-color":"","overlay-opacity":"","overlay-gradient":""}},"footnotes":""},"class_list":["post-4664","page","type-page","status-publish","hentry"],"post_mailing_queue_ids":[],"_links":{"self":[{"href":"https:\/\/agora.xtec.cat\/iesestany\/wp-json\/wp\/v2\/pages\/4664","targetHints":{"allow":["GET"]}}],"collection":[{"href":"https:\/\/agora.xtec.cat\/iesestany\/wp-json\/wp\/v2\/pages"}],"about":[{"href":"https:\/\/agora.xtec.cat\/iesestany\/wp-json\/wp\/v2\/types\/page"}],"author":[{"embeddable":true,"href":"https:\/\/agora.xtec.cat\/iesestany\/wp-json\/wp\/v2\/users\/1"}],"replies":[{"embeddable":true,"href":"https:\/\/agora.xtec.cat\/iesestany\/wp-json\/wp\/v2\/comments?post=4664"}],"version-history":[{"count":3,"href":"https:\/\/agora.xtec.cat\/iesestany\/wp-json\/wp\/v2\/pages\/4664\/revisions"}],"predecessor-version":[{"id":4794,"href":"https:\/\/agora.xtec.cat\/iesestany\/wp-json\/wp\/v2\/pages\/4664\/revisions\/4794"}],"up":[{"embeddable":true,"href":"https:\/\/agora.xtec.cat\/iesestany\/wp-json\/wp\/v2\/pages\/4652"}],"wp:attachment":[{"href":"https:\/\/agora.xtec.cat\/iesestany\/wp-json\/wp\/v2\/media?parent=4664"}],"curies":[{"name":"wp","href":"https:\/\/api.w.org\/{rel}","templated":true}]}}