{"id":4662,"date":"2026-03-12T14:01:22","date_gmt":"2026-03-12T13:01:22","guid":{"rendered":"https:\/\/agora.xtec.cat\/iesestany\/?page_id=4662"},"modified":"2026-04-09T19:55:43","modified_gmt":"2026-04-09T17:55:43","slug":"ods-4-educacio-de-qualitat","status":"publish","type":"page","link":"https:\/\/agora.xtec.cat\/iesestany\/articles-ods\/ods-4-educacio-de-qualitat\/","title":{"rendered":"ODS 4 &#8211; Educaci\u00f3 de qualitat"},"content":{"rendered":"\n<figure class=\"wp-block-image size-full\"><a href=\"https:\/\/agora.xtec.cat\/iesestany\/wp-content\/uploads\/usu1853\/2026\/03\/imatge-3.png\"><img loading=\"lazy\" decoding=\"async\" width=\"768\" height=\"180\" src=\"https:\/\/agora.xtec.cat\/iesestany\/wp-content\/uploads\/usu1853\/2026\/03\/imatge-3.png\" alt=\"\" class=\"wp-image-4715\" srcset=\"https:\/\/agora.xtec.cat\/iesestany\/wp-content\/uploads\/usu1853\/2026\/03\/imatge-3.png 768w, https:\/\/agora.xtec.cat\/iesestany\/wp-content\/uploads\/usu1853\/2026\/03\/imatge-3-300x70.png 300w\" sizes=\"auto, (max-width: 768px) 100vw, 768px\" \/><\/a><\/figure>\n\n\n\n<p>En aquest apartat tractarem l&#8217;ODS 4. Aquest ODS t\u00e9 com a objectiu principal garantir que tothom tingui acc\u00e9s a una educaci\u00f3 de qualitat, inclusiva i equitativa, i que pugui aprendre durant tota la vida. Aquest objectiu \u00e9s molt important, ja que l\u2019educaci\u00f3 \u00e9s la base per tal de poder progressar tant en l&#8217;\u00e0mbit personal com social. Aquesta ens ajuda a entendre el m\u00f3n, a conviure amb els altres i a tenir m\u00e9s oportunitats en el futur. A m\u00e9s, una bona educaci\u00f3 pot reduir les desigualtats i millorar molts altres aspectes de la societat, com la salut, la feina o la igualtat de g\u00e8nere.&nbsp;<\/p>\n\n\n\n<p>Tot i aix\u00f2, encara ens trobem amb moltes dificultats que ens impedeixen aconseguir que aquest objectiu es compleixi. En molts pa\u00efsos, sobretot en els que tenen menys recursos, l\u2019educaci\u00f3 no arriba a tothom i moltes escoles no tenen prou materials, professors ben formats o infraestructures adequades. Tamb\u00e9 existeixen grans difer\u00e8ncies entre zones rurals i urbanes, i encara hi ha nens i nenes que no poden anar a l\u2019escola per motius econ\u00f2mics, socials o culturals. A m\u00e9s, hi ha casos en els quals tot i que hi hagui un acc\u00e9s a l&#8217;ensenyament, la qualitat d&#8217;aquest no sempre \u00e9s bona, ja que, molts alumnes acaben l\u2019etapa escolar sense haver apr\u00e8s compet\u00e8ncies b\u00e0siques com llegir o fer c\u00e0lculs.&nbsp;<\/p>\n\n\n\n<p>La pand\u00e8mia de la COVID-19 va demostrar les grans desigualtats educatives que, sobretot pel tema de la bretxa digital. Molts estudiants no tenien acc\u00e9s a internet o a dispositius per seguir les classes en l\u00ednia, cosa que va fer que una part de l\u2019alumnat qued\u00e9s enrere i no poguessin continuar estudiant i adquirint coneixements. Aquesta situaci\u00f3 va demostrar que encara fa falta molt de treball per tal de poder garantir una educaci\u00f3 realment equitativa i accessible per a tothom.<\/p>\n\n\n\n<p>Tot i aquestes debilitats, l\u2019ODS 4 tamb\u00e9 t\u00e9 molts punts forts. Primer de tot hem de destacar que \u00e9s un objectiu global, compartit per la majoria dels pa\u00efsos del m\u00f3n, i aix\u00f2 genera un comprom\u00eds com\u00fa per millorar l\u2019educaci\u00f3. Tamb\u00e9 promou una visi\u00f3 m\u00e9s \u00e0mplia, ja que no es tracta nom\u00e9s d\u2019anar a l\u2019escola, sin\u00f3 d\u2019aprendre coses \u00fatils i importants per a la vida, com el respecte, la sostenibilitat o la conviv\u00e8ncia. A m\u00e9s, l\u2019ODS 4 dona molta import\u00e0ncia a la inclusi\u00f3, \u00e9s a dir, que ning\u00fa quedi enrere per motius de g\u00e8nere, discapacitat o situaci\u00f3 econ\u00f2mica.<\/p>\n\n\n\n<p><strong>Daniela Barquero<\/strong><\/p>\n\n\n\n<div class=\"wp-block-getwid-accordion has-icon-left\" data-active-element=\"none\">\n<div class=\"wp-block-getwid-accordion__header-wrapper\"><span class=\"wp-block-getwid-accordion__header\"><a href=\"#\"><span class=\"wp-block-getwid-accordion__header-title\">Abandonament escolar. Barquero, Daniela (Global)<\/span><span class=\"wp-block-getwid-accordion__icon is-active\"><i class=\"fas fa-plus\"><\/i><\/span><span class=\"wp-block-getwid-accordion__icon is-passive\"><i class=\"fas fa-minus\"><\/i><\/span><\/a><\/span><\/div><div class=\"wp-block-getwid-accordion__content-wrapper\"><div class=\"wp-block-getwid-accordion__content\">\n<div data-wp-interactive=\"core\/file\" class=\"wp-block-file\"><object data-wp-bind--hidden=\"!state.hasPdfPreview\" hidden class=\"wp-block-file__embed\" data=\"https:\/\/agora.xtec.cat\/iesestany\/wp-content\/uploads\/usu1853\/2026\/04\/Abandonament-escolar.-Barquero-Daniela-Global.pdf\" type=\"application\/pdf\" style=\"width:100%;height:600px\" aria-label=\"Incrustaci\u00f3 del fitxer Abandonament escolar. Barquero, Daniela (Global).\"><\/object><a id=\"wp-block-file--media-8d539fbe-ebef-4ad5-acfd-7775ba3e6fc2\" href=\"https:\/\/agora.xtec.cat\/iesestany\/wp-content\/uploads\/usu1853\/2026\/04\/Abandonament-escolar.-Barquero-Daniela-Global.pdf\">Abandonament escolar. Barquero, Daniela (Global)<\/a><a href=\"https:\/\/agora.xtec.cat\/iesestany\/wp-content\/uploads\/usu1853\/2026\/04\/Abandonament-escolar.-Barquero-Daniela-Global.pdf\" class=\"wp-block-file__button wp-element-button\" download aria-describedby=\"wp-block-file--media-8d539fbe-ebef-4ad5-acfd-7775ba3e6fc2\">Baixa<\/a><\/div>\n\n\n\n<p><\/p>\n<\/div><\/div>\n\n\n\n<div class=\"wp-block-getwid-accordion__header-wrapper\"><span class=\"wp-block-getwid-accordion__header\"><a href=\"#\"><span class=\"wp-block-getwid-accordion__header-title\">Alemanya i la bretxa escolar. Chac\u00f3n Aitana (Regional)<\/span><span class=\"wp-block-getwid-accordion__icon is-active\"><i class=\"fas fa-plus\"><\/i><\/span><span class=\"wp-block-getwid-accordion__icon is-passive\"><i class=\"fas fa-minus\"><\/i><\/span><\/a><\/span><\/div><div class=\"wp-block-getwid-accordion__content-wrapper\"><div class=\"wp-block-getwid-accordion__content\">\n<div data-wp-interactive=\"core\/file\" class=\"wp-block-file\"><object data-wp-bind--hidden=\"!state.hasPdfPreview\" hidden class=\"wp-block-file__embed\" data=\"https:\/\/agora.xtec.cat\/iesestany\/wp-content\/uploads\/usu1853\/2026\/04\/Alemanya-i-la-bretxa-escolar.-Chacon-Aitana-Regional.pdf\" type=\"application\/pdf\" style=\"width:100%;height:600px\" aria-label=\"Incrustaci\u00f3 del fitxer Alemanya i la bretxa escolar. Chac\u00f3n Aitana (Regional).\"><\/object><a id=\"wp-block-file--media-9c32860f-e9fc-4499-aa9a-cb59d5914bb6\" href=\"https:\/\/agora.xtec.cat\/iesestany\/wp-content\/uploads\/usu1853\/2026\/04\/Alemanya-i-la-bretxa-escolar.-Chacon-Aitana-Regional.pdf\">Alemanya i la bretxa escolar. Chac\u00f3n Aitana (Regional)<\/a><a href=\"https:\/\/agora.xtec.cat\/iesestany\/wp-content\/uploads\/usu1853\/2026\/04\/Alemanya-i-la-bretxa-escolar.-Chacon-Aitana-Regional.pdf\" class=\"wp-block-file__button wp-element-button\" download aria-describedby=\"wp-block-file--media-9c32860f-e9fc-4499-aa9a-cb59d5914bb6\">Baixa<\/a><\/div>\n\n\n\n<p><\/p>\n<\/div><\/div>\n\n\n\n<div class=\"wp-block-getwid-accordion__header-wrapper\"><span class=\"wp-block-getwid-accordion__header\"><a href=\"#\"><span class=\"wp-block-getwid-accordion__header-title\">La desigualtat en l\u2019acc\u00e9s a l\u2019educaci\u00f3 als pa\u00efsos en via de desenvolupament. Garc\u00eda, Aroa (global)<\/span><span class=\"wp-block-getwid-accordion__icon is-active\"><i class=\"fas fa-plus\"><\/i><\/span><span class=\"wp-block-getwid-accordion__icon is-passive\"><i class=\"fas fa-minus\"><\/i><\/span><\/a><\/span><\/div><div class=\"wp-block-getwid-accordion__content-wrapper\"><div class=\"wp-block-getwid-accordion__content\">\n<div data-wp-interactive=\"core\/file\" class=\"wp-block-file\"><object data-wp-bind--hidden=\"!state.hasPdfPreview\" hidden class=\"wp-block-file__embed\" data=\"https:\/\/agora.xtec.cat\/iesestany\/wp-content\/uploads\/usu1853\/2026\/04\/La-desigualtat-en-lacces-a-leducacio-als-paisos-en-via-de-desenvolupament.-Garcia-Aroa-global.pdf\" type=\"application\/pdf\" style=\"width:100%;height:600px\" aria-label=\"Incrustaci\u00f3 del fitxer La desigualtat en l\u2019acc\u00e9s a l\u2019educaci\u00f3 als pa\u00efsos en via de desenvolupament. Garc\u00eda, Aroa (global).\"><\/object><a id=\"wp-block-file--media-9e9f0f8e-acca-4ae4-b924-79887ae56252\" href=\"https:\/\/agora.xtec.cat\/iesestany\/wp-content\/uploads\/usu1853\/2026\/04\/La-desigualtat-en-lacces-a-leducacio-als-paisos-en-via-de-desenvolupament.-Garcia-Aroa-global.pdf\">La desigualtat en l\u2019acc\u00e9s a l\u2019educaci\u00f3 als pa\u00efsos en via de desenvolupament. Garc\u00eda, Aroa (global)<\/a><a href=\"https:\/\/agora.xtec.cat\/iesestany\/wp-content\/uploads\/usu1853\/2026\/04\/La-desigualtat-en-lacces-a-leducacio-als-paisos-en-via-de-desenvolupament.-Garcia-Aroa-global.pdf\" class=\"wp-block-file__button wp-element-button\" download aria-describedby=\"wp-block-file--media-9e9f0f8e-acca-4ae4-b924-79887ae56252\">Baixa<\/a><\/div>\n\n\n\n<p><\/p>\n<\/div><\/div>\n\n\n\n<div class=\"wp-block-getwid-accordion__header-wrapper\"><span class=\"wp-block-getwid-accordion__header\"><a href=\"#\"><span class=\"wp-block-getwid-accordion__header-title\">La pressi\u00f3 acad\u00e8mica als sistemes educatius de la Xina i Corea del Sud. Garc\u00eda, Aroa (global)<\/span><span class=\"wp-block-getwid-accordion__icon is-active\"><i class=\"fas fa-plus\"><\/i><\/span><span class=\"wp-block-getwid-accordion__icon is-passive\"><i class=\"fas fa-minus\"><\/i><\/span><\/a><\/span><\/div><div class=\"wp-block-getwid-accordion__content-wrapper\"><div class=\"wp-block-getwid-accordion__content\">\n<div data-wp-interactive=\"core\/file\" class=\"wp-block-file\"><object data-wp-bind--hidden=\"!state.hasPdfPreview\" hidden class=\"wp-block-file__embed\" data=\"https:\/\/agora.xtec.cat\/iesestany\/wp-content\/uploads\/usu1853\/2026\/04\/La-pressio-academica-als-sistemes-educatius-de-la-Xina-i-Corea-del-Sud.-Garcia-Aroa-global.pdf\" type=\"application\/pdf\" style=\"width:100%;height:600px\" aria-label=\"Incrustaci\u00f3 del fitxer La pressi\u00f3 acad\u00e8mica als sistemes educatius de la Xina i Corea del Sud. Garc\u00eda, Aroa (global).\"><\/object><a id=\"wp-block-file--media-7543ba2a-fb0f-449a-aaa3-eb658c19db5d\" href=\"https:\/\/agora.xtec.cat\/iesestany\/wp-content\/uploads\/usu1853\/2026\/04\/La-pressio-academica-als-sistemes-educatius-de-la-Xina-i-Corea-del-Sud.-Garcia-Aroa-global.pdf\">La pressi\u00f3 acad\u00e8mica als sistemes educatius de la Xina i Corea del Sud. Garc\u00eda, Aroa (global)<\/a><a href=\"https:\/\/agora.xtec.cat\/iesestany\/wp-content\/uploads\/usu1853\/2026\/04\/La-pressio-academica-als-sistemes-educatius-de-la-Xina-i-Corea-del-Sud.-Garcia-Aroa-global.pdf\" class=\"wp-block-file__button wp-element-button\" download aria-describedby=\"wp-block-file--media-7543ba2a-fb0f-449a-aaa3-eb658c19db5d\">Baixa<\/a><\/div>\n\n\n\n<p><\/p>\n<\/div><\/div>\n\n\n\n<div class=\"wp-block-getwid-accordion__header-wrapper\"><span class=\"wp-block-getwid-accordion__header\"><a href=\"#\"><span class=\"wp-block-getwid-accordion__header-title\">Protegir el dret a l\u2019educaci\u00f3 de tots els afganesos. Chac\u00f3n Aitana (Global)<\/span><span class=\"wp-block-getwid-accordion__icon is-active\"><i class=\"fas fa-plus\"><\/i><\/span><span class=\"wp-block-getwid-accordion__icon is-passive\"><i class=\"fas fa-minus\"><\/i><\/span><\/a><\/span><\/div><div class=\"wp-block-getwid-accordion__content-wrapper\"><div class=\"wp-block-getwid-accordion__content\">\n<div data-wp-interactive=\"core\/file\" class=\"wp-block-file\"><object data-wp-bind--hidden=\"!state.hasPdfPreview\" hidden class=\"wp-block-file__embed\" data=\"https:\/\/agora.xtec.cat\/iesestany\/wp-content\/uploads\/usu1853\/2026\/04\/Protegir-el-dret-a-leducacio-de-tots-els-afganesos.-Chacon-Aitana-Global.pdf\" type=\"application\/pdf\" style=\"width:100%;height:600px\" aria-label=\"Incrustaci\u00f3 del fitxer Protegir el dret a l\u2019educaci\u00f3 de tots els afganesos. Chac\u00f3n Aitana (Global).\"><\/object><a id=\"wp-block-file--media-e4324c22-3e3d-4b9b-9e00-da8cf1d52157\" href=\"https:\/\/agora.xtec.cat\/iesestany\/wp-content\/uploads\/usu1853\/2026\/04\/Protegir-el-dret-a-leducacio-de-tots-els-afganesos.-Chacon-Aitana-Global.pdf\">Protegir el dret a l\u2019educaci\u00f3 de tots els afganesos. Chac\u00f3n Aitana (Global)<\/a><a href=\"https:\/\/agora.xtec.cat\/iesestany\/wp-content\/uploads\/usu1853\/2026\/04\/Protegir-el-dret-a-leducacio-de-tots-els-afganesos.-Chacon-Aitana-Global.pdf\" class=\"wp-block-file__button wp-element-button\" download aria-describedby=\"wp-block-file--media-e4324c22-3e3d-4b9b-9e00-da8cf1d52157\">Baixa<\/a><\/div>\n\n\n\n<p><\/p>\n<\/div><\/div>\n<\/div>\n","protected":false},"excerpt":{"rendered":"<p>En aquest apartat tractarem l&#8217;ODS 4. Aquest ODS t\u00e9 com a objectiu principal garantir que tothom tingui acc\u00e9s a una educaci\u00f3 de qualitat, inclusiva i equitativa, i que pugui aprendre durant tota la vida. Aquest objectiu \u00e9s molt important, ja que l\u2019educaci\u00f3 \u00e9s la base per tal de poder progressar tant en l&#8217;\u00e0mbit personal com [&hellip;]<\/p>\n","protected":false},"author":1,"featured_media":0,"parent":4652,"menu_order":4,"comment_status":"closed","ping_status":"closed","template":"","meta":{"_bbp_topic_count":0,"_bbp_reply_count":0,"_bbp_total_topic_count":0,"_bbp_total_reply_count":0,"_bbp_voice_count":0,"_bbp_anonymous_reply_count":0,"_bbp_topic_count_hidden":0,"_bbp_reply_count_hidden":0,"_bbp_forum_subforum_count":0,"site-sidebar-layout":"default","site-content-layout":"","ast-site-content-layout":"default","site-content-style":"default","site-sidebar-style":"default","ast-global-header-display":"","ast-banner-title-visibility":"","ast-main-header-display":"","ast-hfb-above-header-display":"","ast-hfb-below-header-display":"","ast-hfb-mobile-header-display":"","site-post-title":"","ast-breadcrumbs-content":"","ast-featured-img":"","footer-sml-layout":"","theme-transparent-header-meta":"","adv-header-id-meta":"","stick-header-meta":"","header-above-stick-meta":"","header-main-stick-meta":"","header-below-stick-meta":"","astra-migrate-meta-layouts":"set","ast-page-background-enabled":"default","ast-page-background-meta":{"desktop":{"background-color":"var(--ast-global-color-4)","background-image":"","background-repeat":"repeat","background-position":"center center","background-size":"auto","background-attachment":"scroll","background-type":"","background-media":"","overlay-type":"","overlay-color":"","overlay-opacity":"","overlay-gradient":""},"tablet":{"background-color":"","background-image":"","background-repeat":"repeat","background-position":"center center","background-size":"auto","background-attachment":"scroll","background-type":"","background-media":"","overlay-type":"","overlay-color":"","overlay-opacity":"","overlay-gradient":""},"mobile":{"background-color":"","background-image":"","background-repeat":"repeat","background-position":"center center","background-size":"auto","background-attachment":"scroll","background-type":"","background-media":"","overlay-type":"","overlay-color":"","overlay-opacity":"","overlay-gradient":""}},"ast-content-background-meta":{"desktop":{"background-color":"var(--ast-global-color-5)","background-image":"","background-repeat":"repeat","background-position":"center center","background-size":"auto","background-attachment":"scroll","background-type":"","background-media":"","overlay-type":"","overlay-color":"","overlay-opacity":"","overlay-gradient":""},"tablet":{"background-color":"var(--ast-global-color-5)","background-image":"","background-repeat":"repeat","background-position":"center center","background-size":"auto","background-attachment":"scroll","background-type":"","background-media":"","overlay-type":"","overlay-color":"","overlay-opacity":"","overlay-gradient":""},"mobile":{"background-color":"var(--ast-global-color-5)","background-image":"","background-repeat":"repeat","background-position":"center center","background-size":"auto","background-attachment":"scroll","background-type":"","background-media":"","overlay-type":"","overlay-color":"","overlay-opacity":"","overlay-gradient":""}},"footnotes":""},"class_list":["post-4662","page","type-page","status-publish","hentry"],"post_mailing_queue_ids":[],"_links":{"self":[{"href":"https:\/\/agora.xtec.cat\/iesestany\/wp-json\/wp\/v2\/pages\/4662","targetHints":{"allow":["GET"]}}],"collection":[{"href":"https:\/\/agora.xtec.cat\/iesestany\/wp-json\/wp\/v2\/pages"}],"about":[{"href":"https:\/\/agora.xtec.cat\/iesestany\/wp-json\/wp\/v2\/types\/page"}],"author":[{"embeddable":true,"href":"https:\/\/agora.xtec.cat\/iesestany\/wp-json\/wp\/v2\/users\/1"}],"replies":[{"embeddable":true,"href":"https:\/\/agora.xtec.cat\/iesestany\/wp-json\/wp\/v2\/comments?post=4662"}],"version-history":[{"count":3,"href":"https:\/\/agora.xtec.cat\/iesestany\/wp-json\/wp\/v2\/pages\/4662\/revisions"}],"predecessor-version":[{"id":4784,"href":"https:\/\/agora.xtec.cat\/iesestany\/wp-json\/wp\/v2\/pages\/4662\/revisions\/4784"}],"up":[{"embeddable":true,"href":"https:\/\/agora.xtec.cat\/iesestany\/wp-json\/wp\/v2\/pages\/4652"}],"wp:attachment":[{"href":"https:\/\/agora.xtec.cat\/iesestany\/wp-json\/wp\/v2\/media?parent=4662"}],"curies":[{"name":"wp","href":"https:\/\/api.w.org\/{rel}","templated":true}]}}