{"id":4660,"date":"2026-03-12T14:00:38","date_gmt":"2026-03-12T13:00:38","guid":{"rendered":"https:\/\/agora.xtec.cat\/iesestany\/?page_id=4660"},"modified":"2026-04-09T19:50:54","modified_gmt":"2026-04-09T17:50:54","slug":"ods-3-salut-i-benestar","status":"publish","type":"page","link":"https:\/\/agora.xtec.cat\/iesestany\/articles-ods\/ods-3-salut-i-benestar\/","title":{"rendered":"ODS 3 &#8211; Salut i benestar"},"content":{"rendered":"\n<figure class=\"wp-block-image size-full\"><a href=\"https:\/\/agora.xtec.cat\/iesestany\/wp-content\/uploads\/usu1853\/2026\/03\/imatge-2.png\"><img loading=\"lazy\" decoding=\"async\" width=\"768\" height=\"180\" src=\"https:\/\/agora.xtec.cat\/iesestany\/wp-content\/uploads\/usu1853\/2026\/03\/imatge-2.png\" alt=\"\" class=\"wp-image-4713\" srcset=\"https:\/\/agora.xtec.cat\/iesestany\/wp-content\/uploads\/usu1853\/2026\/03\/imatge-2.png 768w, https:\/\/agora.xtec.cat\/iesestany\/wp-content\/uploads\/usu1853\/2026\/03\/imatge-2-300x70.png 300w\" sizes=\"auto, (max-width: 768px) 100vw, 768px\" \/><\/a><\/figure>\n\n\n\n<p>L\u2019Objectiu de Desenvolupament Sostenible n\u00famero 3 t\u00e9 com a finalitat garantir una vida sana i promoure el benestar per a tothom, sense importar l\u2019edat ni el lloc on visquin. Forma part de l\u2019Agenda 2030 de les Nacions Unides, que reconeix que la salut \u00e9s un dret fonamental i una pe\u00e7a clau per al desenvolupament hum\u00e0 i econ\u00f2mic.<\/p>\n\n\n\n<p>Aquest objectiu pret\u00e9n reduir la mortalitat materna i infantil, combatre malalties com la SIDA, la mal\u00e0ria o la tuberculosi, i refor\u00e7ar la prevenci\u00f3 i el tractament de les malalties no transmissibles, com les cardiovasculars o la diabetis. Alhora, vol garantir que tothom tingui acc\u00e9s a una bona atenci\u00f3 sanit\u00e0ria, a medicaments assequibles i a programes de vacunaci\u00f3, aix\u00ed com fomentar la salut mental, la seguretat vi\u00e0ria i la reducci\u00f3 del consum de subst\u00e0ncies perjudicials.<\/p>\n\n\n\n<p>Tot i els aven\u00e7os aconseguits, encara existeixen dificultats importants. Les desigualtats en l\u2019acc\u00e9s a la salut continuen sent un gran repte, sobretot en zones rurals o empobrides on falten hospitals, equipaments i personal sanitari. Molts sistemes depenen de pressupostos insuficients, i aix\u00f2 limita la seva capacitat per fer front a malalties infeccioses i cr\u00f2niques que segueixen afectant milions de persones.<\/p>\n\n\n\n<p>Malgrat aquests problemes, tamb\u00e9 hi ha aspectes positius. En els darrers anys ha augmentat la consci\u00e8ncia global sobre la import\u00e0ncia de la salut i el benestar, i el progr\u00e9s cient\u00edfic i tecnol\u00f2gic ha perm\u00e8s grans millores en medicina i salut p\u00fablica. Gr\u00e0cies a organismes internacionals com l\u2019OMS, l\u2019ONU o UNICEF, s\u2019han impulsat programes de vacunaci\u00f3, prevenci\u00f3 i cooperaci\u00f3 entre pa\u00efsos, sobretot en situacions d\u2019emerg\u00e8ncia com les pand\u00e8mies.<\/p>\n\n\n\n<p>Tanmateix, hi ha amenaces que poden frenar el progr\u00e9s. Les pand\u00e8mies globals, com la COVID-19, han posat a prova la resist\u00e8ncia dels sistemes sanitaris. El canvi clim\u00e0tic tamb\u00e9 afecta la salut, amb l\u2019augment de malalties transmeses per la contaminaci\u00f3 i les onades de calor. A m\u00e9s, els conflictes armats, la desinformaci\u00f3 i la desconfian\u00e7a en les institucions compliquen encara m\u00e9s la protecci\u00f3 sanit\u00e0ria. Tamb\u00e9 cal destacar l\u2019augment dels problemes de salut mental i els estils de vida poc saludables, que s\u2019han convertit en un desafiament global.<\/p>\n\n\n\n<p>Finalment, hi ha moltes oportunitats per continuar avan\u00e7ant. La inversi\u00f3 en recerca biom\u00e8dica i tecnologies de salut digital pot millorar molt la detecci\u00f3 i el tractament de malalties. Tamb\u00e9 \u00e9s essencial promoure h\u00e0bits saludables i programes d\u2019educaci\u00f3 sanit\u00e0ria, aix\u00ed com impulsar sistemes de salut universals, sostenibles i accessibles per a tothom. La col\u00b7laboraci\u00f3 internacional i la integraci\u00f3 de la salut mental i el benestar emocional dins les pol\u00edtiques p\u00fabliques s\u00f3n claus per aconseguir una societat m\u00e9s sana i equilibrada.<\/p>\n\n\n\n<p><strong>Claudia Cid<\/strong><\/p>\n\n\n\n<div class=\"wp-block-getwid-accordion has-icon-left\" data-active-element=\"none\">\n<div class=\"wp-block-getwid-accordion__header-wrapper\"><span class=\"wp-block-getwid-accordion__header\"><a href=\"#\"><span class=\"wp-block-getwid-accordion__header-title\">Alimentaci\u00f3 deficient als Estats Units. Diaz, Eric ( Global)<\/span><span class=\"wp-block-getwid-accordion__icon is-active\"><i class=\"fas fa-plus\"><\/i><\/span><span class=\"wp-block-getwid-accordion__icon is-passive\"><i class=\"fas fa-minus\"><\/i><\/span><\/a><\/span><\/div><div class=\"wp-block-getwid-accordion__content-wrapper\"><div class=\"wp-block-getwid-accordion__content\">\n<div data-wp-interactive=\"core\/file\" class=\"wp-block-file\"><object data-wp-bind--hidden=\"!state.hasPdfPreview\" hidden class=\"wp-block-file__embed\" data=\"https:\/\/agora.xtec.cat\/iesestany\/wp-content\/uploads\/usu1853\/2026\/04\/Alimentacio-deficient-als-Estats-Units.-Diaz-Eric-Global.pdf\" type=\"application\/pdf\" style=\"width:100%;height:600px\" aria-label=\"Incrustaci\u00f3 del fitxer Alimentaci\u00f3 deficient als Estats Units. Diaz, Eric ( Global).\"><\/object><a id=\"wp-block-file--media-78b07c77-d899-496b-b820-fa7d1e86caf2\" href=\"https:\/\/agora.xtec.cat\/iesestany\/wp-content\/uploads\/usu1853\/2026\/04\/Alimentacio-deficient-als-Estats-Units.-Diaz-Eric-Global.pdf\">Alimentaci\u00f3 deficient als Estats Units. Diaz, Eric ( Global)<\/a><a href=\"https:\/\/agora.xtec.cat\/iesestany\/wp-content\/uploads\/usu1853\/2026\/04\/Alimentacio-deficient-als-Estats-Units.-Diaz-Eric-Global.pdf\" class=\"wp-block-file__button wp-element-button\" download aria-describedby=\"wp-block-file--media-78b07c77-d899-496b-b820-fa7d1e86caf2\">Baixa<\/a><\/div>\n\n\n\n<p><\/p>\n<\/div><\/div>\n\n\n\n<div class=\"wp-block-getwid-accordion__header-wrapper\"><span class=\"wp-block-getwid-accordion__header\"><a href=\"#\"><span class=\"wp-block-getwid-accordion__header-title\">El fenomen del hikikomori al Jap\u00f3. Una crisi de salut mental. Cid, Claudia (Global)<\/span><span class=\"wp-block-getwid-accordion__icon is-active\"><i class=\"fas fa-plus\"><\/i><\/span><span class=\"wp-block-getwid-accordion__icon is-passive\"><i class=\"fas fa-minus\"><\/i><\/span><\/a><\/span><\/div><div class=\"wp-block-getwid-accordion__content-wrapper\"><div class=\"wp-block-getwid-accordion__content\">\n<div data-wp-interactive=\"core\/file\" class=\"wp-block-file\"><object data-wp-bind--hidden=\"!state.hasPdfPreview\" hidden class=\"wp-block-file__embed\" data=\"https:\/\/agora.xtec.cat\/iesestany\/wp-content\/uploads\/usu1853\/2026\/04\/El-fenomen-del-hikikomori-al-Japo.-Una-crisi-de-salut-mental.-Cid-Claudia-Global.pdf\" type=\"application\/pdf\" style=\"width:100%;height:600px\" aria-label=\"Incrustaci\u00f3 del fitxer El fenomen del hikikomori al Jap\u00f3. Una crisi de salut mental. Cid, Claudia (Global).\"><\/object><a id=\"wp-block-file--media-fa816a84-857b-4e0b-bcfb-3f4e3ea30130\" href=\"https:\/\/agora.xtec.cat\/iesestany\/wp-content\/uploads\/usu1853\/2026\/04\/El-fenomen-del-hikikomori-al-Japo.-Una-crisi-de-salut-mental.-Cid-Claudia-Global.pdf\">El fenomen del hikikomori al Jap\u00f3. Una crisi de salut mental. Cid, Claudia (Global)<\/a><a href=\"https:\/\/agora.xtec.cat\/iesestany\/wp-content\/uploads\/usu1853\/2026\/04\/El-fenomen-del-hikikomori-al-Japo.-Una-crisi-de-salut-mental.-Cid-Claudia-Global.pdf\" class=\"wp-block-file__button wp-element-button\" download aria-describedby=\"wp-block-file--media-fa816a84-857b-4e0b-bcfb-3f4e3ea30130\">Baixa<\/a><\/div>\n<\/div><\/div>\n\n\n\n<div class=\"wp-block-getwid-accordion__header-wrapper\"><span class=\"wp-block-getwid-accordion__header\"><a href=\"#\"><span class=\"wp-block-getwid-accordion__header-title\">El rebuig a la vacunaci\u00f3 als Estats Units. Diaz, Eric (Global) <\/span><span class=\"wp-block-getwid-accordion__icon is-active\"><i class=\"fas fa-plus\"><\/i><\/span><span class=\"wp-block-getwid-accordion__icon is-passive\"><i class=\"fas fa-minus\"><\/i><\/span><\/a><\/span><\/div><div class=\"wp-block-getwid-accordion__content-wrapper\"><div class=\"wp-block-getwid-accordion__content\">\n<div data-wp-interactive=\"core\/file\" class=\"wp-block-file\"><object data-wp-bind--hidden=\"!state.hasPdfPreview\" hidden class=\"wp-block-file__embed\" data=\"https:\/\/agora.xtec.cat\/iesestany\/wp-content\/uploads\/usu1853\/2026\/04\/El-rebuig-a-la-vacunacio-als-Estats-Units.-Diaz-Eric-Global-.pdf\" type=\"application\/pdf\" style=\"width:100%;height:600px\" aria-label=\"Incrustaci\u00f3 del fitxer El rebuig a la vacunaci\u00f3 als Estats Units. Diaz, Eric (Global).\"><\/object><a id=\"wp-block-file--media-c7e86940-b953-48d2-8d9b-b791aaa5b965\" href=\"https:\/\/agora.xtec.cat\/iesestany\/wp-content\/uploads\/usu1853\/2026\/04\/El-rebuig-a-la-vacunacio-als-Estats-Units.-Diaz-Eric-Global-.pdf\">El rebuig a la vacunaci\u00f3 als Estats Units. Diaz, Eric (Global)<\/a><a href=\"https:\/\/agora.xtec.cat\/iesestany\/wp-content\/uploads\/usu1853\/2026\/04\/El-rebuig-a-la-vacunacio-als-Estats-Units.-Diaz-Eric-Global-.pdf\" class=\"wp-block-file__button wp-element-button\" download aria-describedby=\"wp-block-file--media-c7e86940-b953-48d2-8d9b-b791aaa5b965\">Baixa<\/a><\/div>\n\n\n\n<p><\/p>\n<\/div><\/div>\n\n\n\n<div class=\"wp-block-getwid-accordion__header-wrapper\"><span class=\"wp-block-getwid-accordion__header\"><a href=\"#\"><span class=\"wp-block-getwid-accordion__header-title\">El VIH i la SIDA com a repte de salut p\u00fablica en el marc de l&#8217;ODS 3. Paz Maria (Global)<\/span><span class=\"wp-block-getwid-accordion__icon is-active\"><i class=\"fas fa-plus\"><\/i><\/span><span class=\"wp-block-getwid-accordion__icon is-passive\"><i class=\"fas fa-minus\"><\/i><\/span><\/a><\/span><\/div><div class=\"wp-block-getwid-accordion__content-wrapper\"><div class=\"wp-block-getwid-accordion__content\">\n<div data-wp-interactive=\"core\/file\" class=\"wp-block-file\"><object data-wp-bind--hidden=\"!state.hasPdfPreview\" hidden class=\"wp-block-file__embed\" data=\"https:\/\/agora.xtec.cat\/iesestany\/wp-content\/uploads\/usu1853\/2026\/04\/El-VIH-i-la-SIDA-com-a-repte-de-salut-publica-en-el-marc-de-lODS-3.-Paz-Maria-Global.pdf\" type=\"application\/pdf\" style=\"width:100%;height:600px\" aria-label=\"Incrustaci\u00f3 del fitxer El VIH i la SIDA com a repte de salut p\u00fablica en el marc de l&#039;ODS 3. Paz Maria (Global).\"><\/object><a id=\"wp-block-file--media-fa60d75b-40bb-45e8-ae4e-b38a3b0094d1\" href=\"https:\/\/agora.xtec.cat\/iesestany\/wp-content\/uploads\/usu1853\/2026\/04\/El-VIH-i-la-SIDA-com-a-repte-de-salut-publica-en-el-marc-de-lODS-3.-Paz-Maria-Global.pdf\">El VIH i la SIDA com a repte de salut p\u00fablica en el marc de l&#8217;ODS 3. Paz Maria (Global)<\/a><a href=\"https:\/\/agora.xtec.cat\/iesestany\/wp-content\/uploads\/usu1853\/2026\/04\/El-VIH-i-la-SIDA-com-a-repte-de-salut-publica-en-el-marc-de-lODS-3.-Paz-Maria-Global.pdf\" class=\"wp-block-file__button wp-element-button\" download aria-describedby=\"wp-block-file--media-fa60d75b-40bb-45e8-ae4e-b38a3b0094d1\">Baixa<\/a><\/div>\n<\/div><\/div>\n\n\n\n<div class=\"wp-block-getwid-accordion__header-wrapper\"><span class=\"wp-block-getwid-accordion__header\"><a href=\"#\"><span class=\"wp-block-getwid-accordion__header-title\">Envelliment de la poblaci\u00f3 a Espanya. Reptes per a la salut i el benestar. Cid, Claudia (Regional)<\/span><span class=\"wp-block-getwid-accordion__icon is-active\"><i class=\"fas fa-plus\"><\/i><\/span><span class=\"wp-block-getwid-accordion__icon is-passive\"><i class=\"fas fa-minus\"><\/i><\/span><\/a><\/span><\/div><div class=\"wp-block-getwid-accordion__content-wrapper\"><div class=\"wp-block-getwid-accordion__content\">\n<div data-wp-interactive=\"core\/file\" class=\"wp-block-file\"><object data-wp-bind--hidden=\"!state.hasPdfPreview\" hidden class=\"wp-block-file__embed\" data=\"https:\/\/agora.xtec.cat\/iesestany\/wp-content\/uploads\/usu1853\/2026\/04\/Envelliment-de-la-poblacio-a-Espanya.-Reptes-per-a-la-salut-i-el-benestar.-Cid-Claudia-Regional.pdf\" type=\"application\/pdf\" style=\"width:100%;height:600px\" aria-label=\"Incrustaci\u00f3 del fitxer Envelliment de la poblaci\u00f3 a Espanya. Reptes per a la salut i el benestar. Cid, Claudia (Regional).\"><\/object><a id=\"wp-block-file--media-db619217-b026-4bd1-996a-0547d2776af6\" href=\"https:\/\/agora.xtec.cat\/iesestany\/wp-content\/uploads\/usu1853\/2026\/04\/Envelliment-de-la-poblacio-a-Espanya.-Reptes-per-a-la-salut-i-el-benestar.-Cid-Claudia-Regional.pdf\">Envelliment de la poblaci\u00f3 a Espanya. Reptes per a la salut i el benestar. Cid, Claudia (Regional)<\/a><a href=\"https:\/\/agora.xtec.cat\/iesestany\/wp-content\/uploads\/usu1853\/2026\/04\/Envelliment-de-la-poblacio-a-Espanya.-Reptes-per-a-la-salut-i-el-benestar.-Cid-Claudia-Regional.pdf\" class=\"wp-block-file__button wp-element-button\" download aria-describedby=\"wp-block-file--media-db619217-b026-4bd1-996a-0547d2776af6\">Baixa<\/a><\/div>\n\n\n\n<p><\/p>\n<\/div><\/div>\n\n\n\n<div class=\"wp-block-getwid-accordion__header-wrapper\"><span class=\"wp-block-getwid-accordion__header\"><a href=\"#\"><span class=\"wp-block-getwid-accordion__header-title\">L\u2019atenci\u00f3 m\u00e8dica com a luxe. La crisi global de la sanitat. Cid, Claudia (Global)<\/span><span class=\"wp-block-getwid-accordion__icon is-active\"><i class=\"fas fa-plus\"><\/i><\/span><span class=\"wp-block-getwid-accordion__icon is-passive\"><i class=\"fas fa-minus\"><\/i><\/span><\/a><\/span><\/div><div class=\"wp-block-getwid-accordion__content-wrapper\"><div class=\"wp-block-getwid-accordion__content\">\n<div data-wp-interactive=\"core\/file\" class=\"wp-block-file\"><object data-wp-bind--hidden=\"!state.hasPdfPreview\" hidden class=\"wp-block-file__embed\" data=\"https:\/\/agora.xtec.cat\/iesestany\/wp-content\/uploads\/usu1853\/2026\/04\/Latencio-medica-com-a-luxe.-La-crisi-global-de-la-sanitat.-Cid-Claudia-Global.pdf\" type=\"application\/pdf\" style=\"width:100%;height:600px\" aria-label=\"Incrustaci\u00f3 del fitxer L\u2019atenci\u00f3 m\u00e8dica com a luxe. La crisi global de la sanitat. Cid, Claudia (Global).\"><\/object><a id=\"wp-block-file--media-cf0759e0-5c58-4547-8cb9-b6d4a92e9ebf\" href=\"https:\/\/agora.xtec.cat\/iesestany\/wp-content\/uploads\/usu1853\/2026\/04\/Latencio-medica-com-a-luxe.-La-crisi-global-de-la-sanitat.-Cid-Claudia-Global.pdf\">L\u2019atenci\u00f3 m\u00e8dica com a luxe. La crisi global de la sanitat. Cid, Claudia (Global)<\/a><a href=\"https:\/\/agora.xtec.cat\/iesestany\/wp-content\/uploads\/usu1853\/2026\/04\/Latencio-medica-com-a-luxe.-La-crisi-global-de-la-sanitat.-Cid-Claudia-Global.pdf\" class=\"wp-block-file__button wp-element-button\" download aria-describedby=\"wp-block-file--media-cf0759e0-5c58-4547-8cb9-b6d4a92e9ebf\">Baixa<\/a><\/div>\n\n\n\n<p><\/p>\n<\/div><\/div>\n\n\n\n<div class=\"wp-block-getwid-accordion__header-wrapper\"><span class=\"wp-block-getwid-accordion__header\"><a href=\"#\"><span class=\"wp-block-getwid-accordion__header-title\">La depressi\u00f3 com a repte de salut p\u00fablica en el Marc de l\u2019ODS 3. Paz, Maria (Regional)<\/span><span class=\"wp-block-getwid-accordion__icon is-active\"><i class=\"fas fa-plus\"><\/i><\/span><span class=\"wp-block-getwid-accordion__icon is-passive\"><i class=\"fas fa-minus\"><\/i><\/span><\/a><\/span><\/div><div class=\"wp-block-getwid-accordion__content-wrapper\"><div class=\"wp-block-getwid-accordion__content\">\n<div data-wp-interactive=\"core\/file\" class=\"wp-block-file\"><object data-wp-bind--hidden=\"!state.hasPdfPreview\" hidden class=\"wp-block-file__embed\" data=\"https:\/\/agora.xtec.cat\/iesestany\/wp-content\/uploads\/usu1853\/2026\/04\/La-depressio-com-a-repte-de-salut-publica-en-el-Marc-de-lODS-3.-Paz-Maria-Regional.pdf\" type=\"application\/pdf\" style=\"width:100%;height:600px\" aria-label=\"Incrustaci\u00f3 del fitxer La depressi\u00f3 com a repte de salut p\u00fablica en el Marc de l\u2019ODS 3. Paz, Maria (Regional).\"><\/object><a id=\"wp-block-file--media-7fabce78-647c-4c60-981c-b28b9a37f045\" href=\"https:\/\/agora.xtec.cat\/iesestany\/wp-content\/uploads\/usu1853\/2026\/04\/La-depressio-com-a-repte-de-salut-publica-en-el-Marc-de-lODS-3.-Paz-Maria-Regional.pdf\">La depressi\u00f3 com a repte de salut p\u00fablica en el Marc de l\u2019ODS 3. Paz, Maria (Regional)<\/a><a href=\"https:\/\/agora.xtec.cat\/iesestany\/wp-content\/uploads\/usu1853\/2026\/04\/La-depressio-com-a-repte-de-salut-publica-en-el-Marc-de-lODS-3.-Paz-Maria-Regional.pdf\" class=\"wp-block-file__button wp-element-button\" download aria-describedby=\"wp-block-file--media-7fabce78-647c-4c60-981c-b28b9a37f045\">Baixa<\/a><\/div>\n\n\n\n<p><\/p>\n<\/div><\/div>\n\n\n\n<div class=\"wp-block-getwid-accordion__header-wrapper\"><span class=\"wp-block-getwid-accordion__header\"><a href=\"#\"><span class=\"wp-block-getwid-accordion__header-title\">La viol\u00e8ncia de g\u00e8nere com a repte de salut p\u00fablica en el marc de l&#8217;ODS 3. Paz Maria (Regional)<\/span><span class=\"wp-block-getwid-accordion__icon is-active\"><i class=\"fas fa-plus\"><\/i><\/span><span class=\"wp-block-getwid-accordion__icon is-passive\"><i class=\"fas fa-minus\"><\/i><\/span><\/a><\/span><\/div><div class=\"wp-block-getwid-accordion__content-wrapper\"><div class=\"wp-block-getwid-accordion__content\">\n<div data-wp-interactive=\"core\/file\" class=\"wp-block-file\"><object data-wp-bind--hidden=\"!state.hasPdfPreview\" hidden class=\"wp-block-file__embed\" data=\"https:\/\/agora.xtec.cat\/iesestany\/wp-content\/uploads\/usu1853\/2026\/04\/La-violencia-de-genere-com-a-repte-de-salut-publica-en-el-marc-de-lODS-3.-Paz-Maria-Regional.pdf\" type=\"application\/pdf\" style=\"width:100%;height:600px\" aria-label=\"Incrustaci\u00f3 del fitxer La viol\u00e8ncia de g\u00e8nere com a repte de salut p\u00fablica en el marc de l&#039;ODS 3. Paz Maria (Regional).\"><\/object><a id=\"wp-block-file--media-7c23ba10-be81-4a42-a419-ea1997544734\" href=\"https:\/\/agora.xtec.cat\/iesestany\/wp-content\/uploads\/usu1853\/2026\/04\/La-violencia-de-genere-com-a-repte-de-salut-publica-en-el-marc-de-lODS-3.-Paz-Maria-Regional.pdf\">La viol\u00e8ncia de g\u00e8nere com a repte de salut p\u00fablica en el marc de l&#8217;ODS 3. Paz Maria (Regional)<\/a><a href=\"https:\/\/agora.xtec.cat\/iesestany\/wp-content\/uploads\/usu1853\/2026\/04\/La-violencia-de-genere-com-a-repte-de-salut-publica-en-el-marc-de-lODS-3.-Paz-Maria-Regional.pdf\" class=\"wp-block-file__button wp-element-button\" download aria-describedby=\"wp-block-file--media-7c23ba10-be81-4a42-a419-ea1997544734\">Baixa<\/a><\/div>\n\n\n\n<p><\/p>\n<\/div><\/div>\n<\/div>\n","protected":false},"excerpt":{"rendered":"<p>L\u2019Objectiu de Desenvolupament Sostenible n\u00famero 3 t\u00e9 com a finalitat garantir una vida sana i promoure el benestar per a tothom, sense importar l\u2019edat ni el lloc on visquin. Forma part de l\u2019Agenda 2030 de les Nacions Unides, que reconeix que la salut \u00e9s un dret fonamental i una pe\u00e7a clau per al desenvolupament hum\u00e0 [&hellip;]<\/p>\n","protected":false},"author":1,"featured_media":0,"parent":4652,"menu_order":3,"comment_status":"closed","ping_status":"closed","template":"","meta":{"_bbp_topic_count":0,"_bbp_reply_count":0,"_bbp_total_topic_count":0,"_bbp_total_reply_count":0,"_bbp_voice_count":0,"_bbp_anonymous_reply_count":0,"_bbp_topic_count_hidden":0,"_bbp_reply_count_hidden":0,"_bbp_forum_subforum_count":0,"site-sidebar-layout":"default","site-content-layout":"","ast-site-content-layout":"default","site-content-style":"default","site-sidebar-style":"default","ast-global-header-display":"","ast-banner-title-visibility":"","ast-main-header-display":"","ast-hfb-above-header-display":"","ast-hfb-below-header-display":"","ast-hfb-mobile-header-display":"","site-post-title":"","ast-breadcrumbs-content":"","ast-featured-img":"","footer-sml-layout":"","theme-transparent-header-meta":"","adv-header-id-meta":"","stick-header-meta":"","header-above-stick-meta":"","header-main-stick-meta":"","header-below-stick-meta":"","astra-migrate-meta-layouts":"set","ast-page-background-enabled":"default","ast-page-background-meta":{"desktop":{"background-color":"var(--ast-global-color-4)","background-image":"","background-repeat":"repeat","background-position":"center center","background-size":"auto","background-attachment":"scroll","background-type":"","background-media":"","overlay-type":"","overlay-color":"","overlay-opacity":"","overlay-gradient":""},"tablet":{"background-color":"","background-image":"","background-repeat":"repeat","background-position":"center center","background-size":"auto","background-attachment":"scroll","background-type":"","background-media":"","overlay-type":"","overlay-color":"","overlay-opacity":"","overlay-gradient":""},"mobile":{"background-color":"","background-image":"","background-repeat":"repeat","background-position":"center center","background-size":"auto","background-attachment":"scroll","background-type":"","background-media":"","overlay-type":"","overlay-color":"","overlay-opacity":"","overlay-gradient":""}},"ast-content-background-meta":{"desktop":{"background-color":"var(--ast-global-color-5)","background-image":"","background-repeat":"repeat","background-position":"center center","background-size":"auto","background-attachment":"scroll","background-type":"","background-media":"","overlay-type":"","overlay-color":"","overlay-opacity":"","overlay-gradient":""},"tablet":{"background-color":"var(--ast-global-color-5)","background-image":"","background-repeat":"repeat","background-position":"center center","background-size":"auto","background-attachment":"scroll","background-type":"","background-media":"","overlay-type":"","overlay-color":"","overlay-opacity":"","overlay-gradient":""},"mobile":{"background-color":"var(--ast-global-color-5)","background-image":"","background-repeat":"repeat","background-position":"center center","background-size":"auto","background-attachment":"scroll","background-type":"","background-media":"","overlay-type":"","overlay-color":"","overlay-opacity":"","overlay-gradient":""}},"footnotes":""},"class_list":["post-4660","page","type-page","status-publish","hentry"],"post_mailing_queue_ids":[],"_links":{"self":[{"href":"https:\/\/agora.xtec.cat\/iesestany\/wp-json\/wp\/v2\/pages\/4660","targetHints":{"allow":["GET"]}}],"collection":[{"href":"https:\/\/agora.xtec.cat\/iesestany\/wp-json\/wp\/v2\/pages"}],"about":[{"href":"https:\/\/agora.xtec.cat\/iesestany\/wp-json\/wp\/v2\/types\/page"}],"author":[{"embeddable":true,"href":"https:\/\/agora.xtec.cat\/iesestany\/wp-json\/wp\/v2\/users\/1"}],"replies":[{"embeddable":true,"href":"https:\/\/agora.xtec.cat\/iesestany\/wp-json\/wp\/v2\/comments?post=4660"}],"version-history":[{"count":3,"href":"https:\/\/agora.xtec.cat\/iesestany\/wp-json\/wp\/v2\/pages\/4660\/revisions"}],"predecessor-version":[{"id":4778,"href":"https:\/\/agora.xtec.cat\/iesestany\/wp-json\/wp\/v2\/pages\/4660\/revisions\/4778"}],"up":[{"embeddable":true,"href":"https:\/\/agora.xtec.cat\/iesestany\/wp-json\/wp\/v2\/pages\/4652"}],"wp:attachment":[{"href":"https:\/\/agora.xtec.cat\/iesestany\/wp-json\/wp\/v2\/media?parent=4660"}],"curies":[{"name":"wp","href":"https:\/\/api.w.org\/{rel}","templated":true}]}}