{"id":4656,"date":"2026-03-12T13:53:38","date_gmt":"2026-03-12T12:53:38","guid":{"rendered":"https:\/\/agora.xtec.cat\/iesestany\/?page_id=4656"},"modified":"2026-04-09T19:43:51","modified_gmt":"2026-04-09T17:43:51","slug":"ods-2","status":"publish","type":"page","link":"https:\/\/agora.xtec.cat\/iesestany\/articles-ods\/ods-2\/","title":{"rendered":"ODS 2 &#8211; Fam zero"},"content":{"rendered":"\n<figure class=\"wp-block-image size-large\"><a href=\"https:\/\/agora.xtec.cat\/iesestany\/wp-content\/uploads\/usu1853\/2026\/03\/imatge-1.png\"><img loading=\"lazy\" decoding=\"async\" width=\"1024\" height=\"240\" src=\"https:\/\/agora.xtec.cat\/iesestany\/wp-content\/uploads\/usu1853\/2026\/03\/imatge-1-1024x240.png\" alt=\"\" class=\"wp-image-4711\" srcset=\"https:\/\/agora.xtec.cat\/iesestany\/wp-content\/uploads\/usu1853\/2026\/03\/imatge-1-1024x240.png 1024w, https:\/\/agora.xtec.cat\/iesestany\/wp-content\/uploads\/usu1853\/2026\/03\/imatge-1-300x70.png 300w, https:\/\/agora.xtec.cat\/iesestany\/wp-content\/uploads\/usu1853\/2026\/03\/imatge-1-768x180.png 768w, https:\/\/agora.xtec.cat\/iesestany\/wp-content\/uploads\/usu1853\/2026\/03\/imatge-1.png 1215w\" sizes=\"auto, (max-width: 1024px) 100vw, 1024px\" \/><\/a><\/figure>\n\n\n\n<p>L\u2019objectiu de desenvolupament sostenible 2, conegut com a \u201cfam zero\u201d, busca eradicar la fam, garantir la seguretat aliment\u00e0ria i promoure l\u2019agricultura sostenible per al 2030. Aquest objectiu \u00e9s fonamental perqu\u00e8 totes les persones, especialment les m\u00e9s vulnerables, puguin accedir a una alimentaci\u00f3 sana i nutritiva durant tot l\u2019any. Actualment, m\u00e9s de 735 milions de persones pateixen fam cr\u00f2nica i 2.000 milions m\u00e9s pateixen nutrici\u00f3 oculta, \u00e9s a dir, no tenen els nutrients essencials per a la seva salut. A m\u00e9s, factors com el canvi clim\u00e0tic, les sequeres, les inundacions i els conflictes armats agreugen la situaci\u00f3, afectant la producci\u00f3 d\u2019aliments i augmentant la inseguretat alimentaria.&nbsp;<\/p>\n\n\n\n<p>Un exemple recent \u00e9s la guerra entre R\u00fassia i Ucra\u00efna, que ha interromput l\u2019exportaci\u00f3 d\u2019olis vegetals i de cereals, elevant els preus i afectant especialment a pa\u00efsos dependents d\u2019aquestes importacions. Per assolir l\u2019ODS 2, cal transformar els sistemes alimentaris, recolzant als petits productors, promovent pr\u00e0ctiques agr\u00edcoles sostenibles i reduint el malbaratament d\u2019aliments. Cada acci\u00f3 compta, des de consumir productes locals fins conscienciar sobre la import\u00e0ncia d\u2019una alimentaci\u00f3 equilibrada, perqu\u00e8 nom\u00e9s amb un esfor\u00e7 conjunt podrem garantir un futur sense gana per tothom.&nbsp;<\/p>\n\n\n\n<p><strong>Marwa Takni<\/strong><\/p>\n\n\n\n<div class=\"wp-block-getwid-accordion has-icon-left\" data-active-element=\"none\">\n<div class=\"wp-block-getwid-accordion__header-wrapper\"><span class=\"wp-block-getwid-accordion__header\"><a href=\"#\"><span class=\"wp-block-getwid-accordion__header-title\">El crit de fam d&#8217;\u00c0frica. Marwa Takni (Global)<\/span><span class=\"wp-block-getwid-accordion__icon is-active\"><i class=\"fas fa-plus\"><\/i><\/span><span class=\"wp-block-getwid-accordion__icon is-passive\"><i class=\"fas fa-minus\"><\/i><\/span><\/a><\/span><\/div><div class=\"wp-block-getwid-accordion__content-wrapper\"><div class=\"wp-block-getwid-accordion__content\">\n<p><\/p>\n\n\n\n<div data-wp-interactive=\"core\/file\" class=\"wp-block-file\"><object data-wp-bind--hidden=\"!state.hasPdfPreview\" hidden class=\"wp-block-file__embed\" data=\"https:\/\/agora.xtec.cat\/iesestany\/wp-content\/uploads\/usu1853\/2026\/04\/El-crit-de-fam-dAfrica.-Marwa-Takni-Global-1.pdf\" type=\"application\/pdf\" style=\"width:100%;height:600px\" aria-label=\"Incrustaci\u00f3 del fitxer El crit de fam d&#039;\u00c0frica. Marwa Takni (Global).\"><\/object><a id=\"wp-block-file--media-391681d5-f3f0-4897-98de-ea9dfa269c6f\" href=\"https:\/\/agora.xtec.cat\/iesestany\/wp-content\/uploads\/usu1853\/2026\/04\/El-crit-de-fam-dAfrica.-Marwa-Takni-Global-1.pdf\">El crit de fam d&#8217;\u00c0frica. Marwa Takni (Global)<\/a><a href=\"https:\/\/agora.xtec.cat\/iesestany\/wp-content\/uploads\/usu1853\/2026\/04\/El-crit-de-fam-dAfrica.-Marwa-Takni-Global-1.pdf\" class=\"wp-block-file__button wp-element-button\" download aria-describedby=\"wp-block-file--media-391681d5-f3f0-4897-98de-ea9dfa269c6f\">Baixa<\/a><\/div>\n<\/div><\/div>\n\n\n\n<div class=\"wp-block-getwid-accordion__header-wrapper\"><span class=\"wp-block-getwid-accordion__header\"><a href=\"#\"><span class=\"wp-block-getwid-accordion__header-title\">El malbaratament alimentari posa en risc la fam zero. Marwa Takni (Regional)<\/span><span class=\"wp-block-getwid-accordion__icon is-active\"><i class=\"fas fa-plus\"><\/i><\/span><span class=\"wp-block-getwid-accordion__icon is-passive\"><i class=\"fas fa-minus\"><\/i><\/span><\/a><\/span><\/div><div class=\"wp-block-getwid-accordion__content-wrapper\"><div class=\"wp-block-getwid-accordion__content\">\n<div data-wp-interactive=\"core\/file\" class=\"wp-block-file\"><object data-wp-bind--hidden=\"!state.hasPdfPreview\" hidden class=\"wp-block-file__embed\" data=\"https:\/\/agora.xtec.cat\/iesestany\/wp-content\/uploads\/usu1853\/2026\/04\/El-malbaratament-alimentari-posa-en-risc-la-fam-zero.-Marwa-Takni-Regional.pdf\" type=\"application\/pdf\" style=\"width:100%;height:600px\" aria-label=\"Incrustaci\u00f3 del fitxer El malbaratament alimentari posa en risc la fam zero. Marwa Takni (Regional).\"><\/object><a id=\"wp-block-file--media-e0c9aa0a-79bf-49e9-9744-7f5ca15f6dd2\" href=\"https:\/\/agora.xtec.cat\/iesestany\/wp-content\/uploads\/usu1853\/2026\/04\/El-malbaratament-alimentari-posa-en-risc-la-fam-zero.-Marwa-Takni-Regional.pdf\">El malbaratament alimentari posa en risc la fam zero. Marwa Takni (Regional)<\/a><a href=\"https:\/\/agora.xtec.cat\/iesestany\/wp-content\/uploads\/usu1853\/2026\/04\/El-malbaratament-alimentari-posa-en-risc-la-fam-zero.-Marwa-Takni-Regional.pdf\" class=\"wp-block-file__button wp-element-button\" download aria-describedby=\"wp-block-file--media-e0c9aa0a-79bf-49e9-9744-7f5ca15f6dd2\">Baixa<\/a><\/div>\n\n\n\n<p><\/p>\n<\/div><\/div>\n\n\n\n<div class=\"wp-block-getwid-accordion__header-wrapper\"><span class=\"wp-block-getwid-accordion__header\"><a href=\"#\"><span class=\"wp-block-getwid-accordion__header-title\">Desnutrici\u00f3 infantil a Guatemala. Pol Rold\u00e1n (Global)<\/span><span class=\"wp-block-getwid-accordion__icon is-active\"><i class=\"fas fa-plus\"><\/i><\/span><span class=\"wp-block-getwid-accordion__icon is-passive\"><i class=\"fas fa-minus\"><\/i><\/span><\/a><\/span><\/div><div class=\"wp-block-getwid-accordion__content-wrapper\"><div class=\"wp-block-getwid-accordion__content\">\n<div data-wp-interactive=\"core\/file\" class=\"wp-block-file\"><object data-wp-bind--hidden=\"!state.hasPdfPreview\" hidden class=\"wp-block-file__embed\" data=\"https:\/\/agora.xtec.cat\/iesestany\/wp-content\/uploads\/usu1853\/2026\/04\/Desnutricio-infantil-a-Guatemala.-Pol-Roldan-Global-1.pdf\" type=\"application\/pdf\" style=\"width:100%;height:600px\" aria-label=\"Incrustaci\u00f3 del fitxer Desnutrici\u00f3 infantil a Guatemala. Pol Rold\u00e1n (Global)-1.\"><\/object><a id=\"wp-block-file--media-97598d80-c72f-44a2-923b-7ff71a8470a5\" href=\"https:\/\/agora.xtec.cat\/iesestany\/wp-content\/uploads\/usu1853\/2026\/04\/Desnutricio-infantil-a-Guatemala.-Pol-Roldan-Global-1.pdf\">Desnutrici\u00f3 infantil a Guatemala. Pol Rold\u00e1n (Global)-1<\/a><a href=\"https:\/\/agora.xtec.cat\/iesestany\/wp-content\/uploads\/usu1853\/2026\/04\/Desnutricio-infantil-a-Guatemala.-Pol-Roldan-Global-1.pdf\" class=\"wp-block-file__button wp-element-button\" download aria-describedby=\"wp-block-file--media-97598d80-c72f-44a2-923b-7ff71a8470a5\">Baixa<\/a><\/div>\n\n\n\n<p><\/p>\n<\/div><\/div>\n\n\n\n<div class=\"wp-block-getwid-accordion__header-wrapper\"><span class=\"wp-block-getwid-accordion__header\"><a href=\"#\"><span class=\"wp-block-getwid-accordion__header-title\">La fam com a eina de poder. Ajtirah Sara. (Global.)<\/span><span class=\"wp-block-getwid-accordion__icon is-active\"><i class=\"fas fa-plus\"><\/i><\/span><span class=\"wp-block-getwid-accordion__icon is-passive\"><i class=\"fas fa-minus\"><\/i><\/span><\/a><\/span><\/div><div class=\"wp-block-getwid-accordion__content-wrapper\"><div class=\"wp-block-getwid-accordion__content\">\n<div data-wp-interactive=\"core\/file\" class=\"wp-block-file\"><object data-wp-bind--hidden=\"!state.hasPdfPreview\" hidden class=\"wp-block-file__embed\" data=\"https:\/\/agora.xtec.cat\/iesestany\/wp-content\/uploads\/usu1853\/2026\/04\/La-fam-com-a-eina-de-poder.-Ajtirah-Sara.-Global.pdf\" type=\"application\/pdf\" style=\"width:100%;height:600px\" aria-label=\"Incrustaci\u00f3 del fitxer La fam com a eina de poder. Ajtirah Sara. (Global.).\"><\/object><a id=\"wp-block-file--media-f7e5afc2-8636-4244-b5d7-6193a94663b7\" href=\"https:\/\/agora.xtec.cat\/iesestany\/wp-content\/uploads\/usu1853\/2026\/04\/La-fam-com-a-eina-de-poder.-Ajtirah-Sara.-Global.pdf\">La fam com a eina de poder. Ajtirah Sara. (Global.)<\/a><a href=\"https:\/\/agora.xtec.cat\/iesestany\/wp-content\/uploads\/usu1853\/2026\/04\/La-fam-com-a-eina-de-poder.-Ajtirah-Sara.-Global.pdf\" class=\"wp-block-file__button wp-element-button\" download aria-describedby=\"wp-block-file--media-f7e5afc2-8636-4244-b5d7-6193a94663b7\">Baixa<\/a><\/div>\n\n\n\n<p><\/p>\n<\/div><\/div>\n\n\n\n<div class=\"wp-block-getwid-accordion__header-wrapper\"><span class=\"wp-block-getwid-accordion__header\"><a href=\"#\"><span class=\"wp-block-getwid-accordion__header-title\">La utilitzaci\u00f3 de la fam com a eina de guerra. Marwa Takni (Global)<\/span><span class=\"wp-block-getwid-accordion__icon is-active\"><i class=\"fas fa-plus\"><\/i><\/span><span class=\"wp-block-getwid-accordion__icon is-passive\"><i class=\"fas fa-minus\"><\/i><\/span><\/a><\/span><\/div><div class=\"wp-block-getwid-accordion__content-wrapper\"><div class=\"wp-block-getwid-accordion__content\">\n<div data-wp-interactive=\"core\/file\" class=\"wp-block-file\"><object data-wp-bind--hidden=\"!state.hasPdfPreview\" hidden class=\"wp-block-file__embed\" data=\"https:\/\/agora.xtec.cat\/iesestany\/wp-content\/uploads\/usu1853\/2026\/04\/La-utilitzacio-de-la-fam-com-a-eina-de-guerra.-Marwa-Takni-Global.pdf\" type=\"application\/pdf\" style=\"width:100%;height:600px\" aria-label=\"Incrustaci\u00f3 del fitxer La utilitzaci\u00f3 de la fam com a eina de guerra. Marwa Takni (Global).\"><\/object><a id=\"wp-block-file--media-abeedae4-6a4a-4230-be6a-5e748c03ce67\" href=\"https:\/\/agora.xtec.cat\/iesestany\/wp-content\/uploads\/usu1853\/2026\/04\/La-utilitzacio-de-la-fam-com-a-eina-de-guerra.-Marwa-Takni-Global.pdf\">La utilitzaci\u00f3 de la fam com a eina de guerra. Marwa Takni (Global)<\/a><a href=\"https:\/\/agora.xtec.cat\/iesestany\/wp-content\/uploads\/usu1853\/2026\/04\/La-utilitzacio-de-la-fam-com-a-eina-de-guerra.-Marwa-Takni-Global.pdf\" class=\"wp-block-file__button wp-element-button\" download aria-describedby=\"wp-block-file--media-abeedae4-6a4a-4230-be6a-5e748c03ce67\">Baixa<\/a><\/div>\n\n\n\n<p><\/p>\n<\/div><\/div>\n\n\n\n<div class=\"wp-block-getwid-accordion__header-wrapper\"><span class=\"wp-block-getwid-accordion__header\"><a href=\"#\"><span class=\"wp-block-getwid-accordion__header-title\">Malbaratament de pa a Espanya. Pol Rold\u00e1n (Regional)<\/span><span class=\"wp-block-getwid-accordion__icon is-active\"><i class=\"fas fa-plus\"><\/i><\/span><span class=\"wp-block-getwid-accordion__icon is-passive\"><i class=\"fas fa-minus\"><\/i><\/span><\/a><\/span><\/div><div class=\"wp-block-getwid-accordion__content-wrapper\"><div class=\"wp-block-getwid-accordion__content\">\n<p><\/p>\n\n\n\n<div data-wp-interactive=\"core\/file\" class=\"wp-block-file\"><object data-wp-bind--hidden=\"!state.hasPdfPreview\" hidden class=\"wp-block-file__embed\" data=\"https:\/\/agora.xtec.cat\/iesestany\/wp-content\/uploads\/usu1853\/2026\/04\/Malbaratament-de-pa-a-Espanya.-Pol-Roldan-Regional.pdf\" type=\"application\/pdf\" style=\"width:100%;height:600px\" aria-label=\"Incrustaci\u00f3 del fitxer Malbaratament de pa a Espanya. Pol Rold\u00e1n (Regional).\"><\/object><a id=\"wp-block-file--media-8f52faa4-b9bf-4491-b4af-5d5fe227a7b0\" href=\"https:\/\/agora.xtec.cat\/iesestany\/wp-content\/uploads\/usu1853\/2026\/04\/Malbaratament-de-pa-a-Espanya.-Pol-Roldan-Regional.pdf\">Malbaratament de pa a Espanya. Pol Rold\u00e1n (Regional)<\/a><a href=\"https:\/\/agora.xtec.cat\/iesestany\/wp-content\/uploads\/usu1853\/2026\/04\/Malbaratament-de-pa-a-Espanya.-Pol-Roldan-Regional.pdf\" class=\"wp-block-file__button wp-element-button\" download aria-describedby=\"wp-block-file--media-8f52faa4-b9bf-4491-b4af-5d5fe227a7b0\">Baixa<\/a><\/div>\n<\/div><\/div>\n\n\n\n<div class=\"wp-block-getwid-accordion__header-wrapper\"><span class=\"wp-block-getwid-accordion__header\"><a href=\"#\"><span class=\"wp-block-getwid-accordion__header-title\">Menjar b\u00e9, un luxe creixent_ l&#8217;augment dels preus amena\u00e7a la seguretat aliment\u00e0ria. Marwa Takni (Regional)<\/span><span class=\"wp-block-getwid-accordion__icon is-active\"><i class=\"fas fa-plus\"><\/i><\/span><span class=\"wp-block-getwid-accordion__icon is-passive\"><i class=\"fas fa-minus\"><\/i><\/span><\/a><\/span><\/div><div class=\"wp-block-getwid-accordion__content-wrapper\"><div class=\"wp-block-getwid-accordion__content\">\n<div data-wp-interactive=\"core\/file\" class=\"wp-block-file\"><object data-wp-bind--hidden=\"!state.hasPdfPreview\" hidden class=\"wp-block-file__embed\" data=\"https:\/\/agora.xtec.cat\/iesestany\/wp-content\/uploads\/usu1853\/2026\/04\/Menjar-be-un-luxe-creixent_-laugment-dels-preus-amenaca-la-seguretat-alimentaria.-Marwa-Takni-Regional.pdf\" type=\"application\/pdf\" style=\"width:100%;height:600px\" aria-label=\"Incrustaci\u00f3 del fitxer Menjar b\u00e9, un luxe creixent_ l&#039;augment dels preus amena\u00e7a la seguretat aliment\u00e0ria. Marwa Takni (Regional).\"><\/object><a id=\"wp-block-file--media-65e53d7a-ded4-4e86-955d-63768893387d\" href=\"https:\/\/agora.xtec.cat\/iesestany\/wp-content\/uploads\/usu1853\/2026\/04\/Menjar-be-un-luxe-creixent_-laugment-dels-preus-amenaca-la-seguretat-alimentaria.-Marwa-Takni-Regional.pdf\">Menjar b\u00e9, un luxe creixent_ l&#8217;augment dels preus amena\u00e7a la seguretat aliment\u00e0ria. Marwa Takni (Regional)<\/a><a href=\"https:\/\/agora.xtec.cat\/iesestany\/wp-content\/uploads\/usu1853\/2026\/04\/Menjar-be-un-luxe-creixent_-laugment-dels-preus-amenaca-la-seguretat-alimentaria.-Marwa-Takni-Regional.pdf\" class=\"wp-block-file__button wp-element-button\" download aria-describedby=\"wp-block-file--media-65e53d7a-ded4-4e86-955d-63768893387d\">Baixa<\/a><\/div>\n<\/div><\/div>\n\n\n\n<div class=\"wp-block-getwid-accordion__header-wrapper\"><span class=\"wp-block-getwid-accordion__header\"><a href=\"#\"><span class=\"wp-block-getwid-accordion__header-title\">Zones rurals amb limitacions d&#8217;acc\u00e9s a aliments. Pol Rold\u00e1n (Regional)<\/span><span class=\"wp-block-getwid-accordion__icon is-active\"><i class=\"fas fa-plus\"><\/i><\/span><span class=\"wp-block-getwid-accordion__icon is-passive\"><i class=\"fas fa-minus\"><\/i><\/span><\/a><\/span><\/div><div class=\"wp-block-getwid-accordion__content-wrapper\"><div class=\"wp-block-getwid-accordion__content\">\n\n\n<p><\/p>\n<\/div><\/div>\n<\/div>\n\n\n\n<p><\/p>\n","protected":false},"excerpt":{"rendered":"<p>L\u2019objectiu de desenvolupament sostenible 2, conegut com a \u201cfam zero\u201d, busca eradicar la fam, garantir la seguretat aliment\u00e0ria i promoure l\u2019agricultura sostenible per al 2030. Aquest objectiu \u00e9s fonamental perqu\u00e8 totes les persones, especialment les m\u00e9s vulnerables, puguin accedir a una alimentaci\u00f3 sana i nutritiva durant tot l\u2019any. Actualment, m\u00e9s de 735 milions de persones [&hellip;]<\/p>\n","protected":false},"author":1,"featured_media":0,"parent":4652,"menu_order":2,"comment_status":"closed","ping_status":"closed","template":"","meta":{"_bbp_topic_count":0,"_bbp_reply_count":0,"_bbp_total_topic_count":0,"_bbp_total_reply_count":0,"_bbp_voice_count":0,"_bbp_anonymous_reply_count":0,"_bbp_topic_count_hidden":0,"_bbp_reply_count_hidden":0,"_bbp_forum_subforum_count":0,"site-sidebar-layout":"default","site-content-layout":"","ast-site-content-layout":"default","site-content-style":"default","site-sidebar-style":"default","ast-global-header-display":"","ast-banner-title-visibility":"","ast-main-header-display":"","ast-hfb-above-header-display":"","ast-hfb-below-header-display":"","ast-hfb-mobile-header-display":"","site-post-title":"","ast-breadcrumbs-content":"","ast-featured-img":"","footer-sml-layout":"","theme-transparent-header-meta":"","adv-header-id-meta":"","stick-header-meta":"","header-above-stick-meta":"","header-main-stick-meta":"","header-below-stick-meta":"","astra-migrate-meta-layouts":"set","ast-page-background-enabled":"default","ast-page-background-meta":{"desktop":{"background-color":"var(--ast-global-color-4)","background-image":"","background-repeat":"repeat","background-position":"center center","background-size":"auto","background-attachment":"scroll","background-type":"","background-media":"","overlay-type":"","overlay-color":"","overlay-opacity":"","overlay-gradient":""},"tablet":{"background-color":"","background-image":"","background-repeat":"repeat","background-position":"center center","background-size":"auto","background-attachment":"scroll","background-type":"","background-media":"","overlay-type":"","overlay-color":"","overlay-opacity":"","overlay-gradient":""},"mobile":{"background-color":"","background-image":"","background-repeat":"repeat","background-position":"center center","background-size":"auto","background-attachment":"scroll","background-type":"","background-media":"","overlay-type":"","overlay-color":"","overlay-opacity":"","overlay-gradient":""}},"ast-content-background-meta":{"desktop":{"background-color":"var(--ast-global-color-5)","background-image":"","background-repeat":"repeat","background-position":"center center","background-size":"auto","background-attachment":"scroll","background-type":"","background-media":"","overlay-type":"","overlay-color":"","overlay-opacity":"","overlay-gradient":""},"tablet":{"background-color":"var(--ast-global-color-5)","background-image":"","background-repeat":"repeat","background-position":"center center","background-size":"auto","background-attachment":"scroll","background-type":"","background-media":"","overlay-type":"","overlay-color":"","overlay-opacity":"","overlay-gradient":""},"mobile":{"background-color":"var(--ast-global-color-5)","background-image":"","background-repeat":"repeat","background-position":"center center","background-size":"auto","background-attachment":"scroll","background-type":"","background-media":"","overlay-type":"","overlay-color":"","overlay-opacity":"","overlay-gradient":""}},"footnotes":""},"class_list":["post-4656","page","type-page","status-publish","hentry"],"post_mailing_queue_ids":[],"_links":{"self":[{"href":"https:\/\/agora.xtec.cat\/iesestany\/wp-json\/wp\/v2\/pages\/4656","targetHints":{"allow":["GET"]}}],"collection":[{"href":"https:\/\/agora.xtec.cat\/iesestany\/wp-json\/wp\/v2\/pages"}],"about":[{"href":"https:\/\/agora.xtec.cat\/iesestany\/wp-json\/wp\/v2\/types\/page"}],"author":[{"embeddable":true,"href":"https:\/\/agora.xtec.cat\/iesestany\/wp-json\/wp\/v2\/users\/1"}],"replies":[{"embeddable":true,"href":"https:\/\/agora.xtec.cat\/iesestany\/wp-json\/wp\/v2\/comments?post=4656"}],"version-history":[{"count":4,"href":"https:\/\/agora.xtec.cat\/iesestany\/wp-json\/wp\/v2\/pages\/4656\/revisions"}],"predecessor-version":[{"id":4769,"href":"https:\/\/agora.xtec.cat\/iesestany\/wp-json\/wp\/v2\/pages\/4656\/revisions\/4769"}],"up":[{"embeddable":true,"href":"https:\/\/agora.xtec.cat\/iesestany\/wp-json\/wp\/v2\/pages\/4652"}],"wp:attachment":[{"href":"https:\/\/agora.xtec.cat\/iesestany\/wp-json\/wp\/v2\/media?parent=4656"}],"curies":[{"name":"wp","href":"https:\/\/api.w.org\/{rel}","templated":true}]}}